{"id":90,"date":"2011-03-11T08:28:27","date_gmt":"2011-03-11T08:28:27","guid":{"rendered":"http:\/\/www.chpuye.com\/?page_id=90"},"modified":"2011-03-11T08:28:27","modified_gmt":"2011-03-11T08:28:27","slug":"can-atakli-chp","status":"publish","type":"page","link":"https:\/\/www.chpuye.com\/?page_id=90","title":{"rendered":"BASINDAN"},"content":{"rendered":"<p>Bu b\u00f6l\u00fcmde<br \/>\nPartimizle ilgili bas\u0131nda \u00e7\u0131kan yaz\u0131lar ve baz\u0131 gazetecilerin g\u00f6r\u00fc\u015fleri, okunmas\u0131nda yarar g\u00f6rd\u00fc\u011f\u00fcm\u00fcz yaz\u0131lar yer alacak<br \/>\nAma\u00e7, g\u00fcncel meseleleri iyi g\u00f6rmemizi sa\u011flayacak, bizleri bilgilendiren, g\u00f6r\u00fc\u015flere yer vermektir. G\u00f6r\u00fc\u015flerine yer verdi\u011fimiz ki\u015filerle her konuda ayn\u0131 g\u00f6r\u00fc\u015fte oldu\u011fumuz anlam\u0131 \u00e7\u0131kar\u0131lmamal\u0131. Ulusal kurtulu\u015f savas\u0131 sonras\u0131 kurulan cumhuriyetimize sahip \u00e7\u0131kan, T\u00fcrk milletinin \u00e7\u0131karlar\u0131n\u0131 d\u00fc\u015f\u00fcnen milletimizin yarar\u0131na \u00e7al\u0131\u015fmalar yapan, bilgili \u00e7al\u0131\u015fkan insanlar\u0131na sahip \u00e7\u0131kmak onlardan yararlanmak bizler i\u00e7in g\u00f6rev olmal\u0131d\u0131r.<br \/>\nchpuye.com<\/p>\n","protected":false},"excerpt":{"rendered":"<p>Bu b\u00f6l\u00fcmde Partimizle ilgili bas\u0131nda \u00e7\u0131kan yaz\u0131lar ve baz\u0131 gazetecilerin g\u00f6r\u00fc\u015fleri, okunmas\u0131nda yarar g\u00f6rd\u00fc\u011f\u00fcm\u00fcz yaz\u0131lar yer alacak Ama\u00e7, g\u00fcncel meseleleri iyi g\u00f6rmemizi sa\u011flayacak, bizleri bilgilendiren, g\u00f6r\u00fc\u015flere yer vermektir. G\u00f6r\u00fc\u015flerine yer verdi\u011fimiz ki\u015filerle her konuda ayn\u0131 g\u00f6r\u00fc\u015fte oldu\u011fumuz anlam\u0131 \u00e7\u0131kar\u0131lmamal\u0131. Ulusal &hellip; <a href=\"https:\/\/www.chpuye.com\/?page_id=90\">Okumaya devam et <span class=\"meta-nav\">&rarr;<\/span><\/a><\/p>\n","protected":false},"author":1,"featured_media":0,"parent":0,"menu_order":0,"comment_status":"closed","ping_status":"open","template":"","meta":[],"_links":{"self":[{"href":"https:\/\/www.chpuye.com\/index.php?rest_route=\/wp\/v2\/pages\/90"}],"collection":[{"href":"https:\/\/www.chpuye.com\/index.php?rest_route=\/wp\/v2\/pages"}],"about":[{"href":"https:\/\/www.chpuye.com\/index.php?rest_route=\/wp\/v2\/types\/page"}],"author":[{"embeddable":true,"href":"https:\/\/www.chpuye.com\/index.php?rest_route=\/wp\/v2\/users\/1"}],"replies":[{"embeddable":true,"href":"https:\/\/www.chpuye.com\/index.php?rest_route=%2Fwp%2Fv2%2Fcomments&post=90"}],"version-history":[{"count":0,"href":"https:\/\/www.chpuye.com\/index.php?rest_route=\/wp\/v2\/pages\/90\/revisions"}],"wp:attachment":[{"href":"https:\/\/www.chpuye.com\/index.php?rest_route=%2Fwp%2Fv2%2Fmedia&parent=90"}],"curies":[{"name":"wp","href":"https:\/\/api.w.org\/{rel}","templated":true}]}}