{"id":852,"date":"2011-12-06T22:50:34","date_gmt":"2011-12-06T22:50:34","guid":{"rendered":"http:\/\/www.chpuye.com\/?page_id=852"},"modified":"2011-12-06T22:50:34","modified_gmt":"2011-12-06T22:50:34","slug":"genelgeler","status":"publish","type":"page","link":"https:\/\/www.chpuye.com\/?page_id=852","title":{"rendered":"GENELGELER"},"content":{"rendered":"<p><span style=\"color: #ff0000;\">Konu: T\u00fcz\u00fck ve programa ayk\u0131r\u0131 eylem ve s\u00f6ylemi disiplin kuruluna \u015fikayet etme.<br \/>\n<\/span>\u00d6ncelikle t\u00fcz\u00fc\u011f\u00fcn 67-76. maddeleri okunmal\u0131. Disiplin kurullar\u0131 partinin ba\u011f\u0131ms\u0131z organlar\u0131d\u0131r. Bu nedenle&nbsp; \u0130l ve y\u00fcksek disiplin kurulu ayr\u0131 bir liste ile se\u00e7ilirler. Hukuk d\u0131\u015f\u0131 partiyi y\u00f6netenler 68. maddeye koyduklar\u0131,<br \/>\nPM\u2019nin, MYK\u2019n\u0131n istemi \u00fczerine Y\u00fcksek Disiplin Kurulu\u2019nca, il y\u00f6netim kurulunun istemi ile il disiplin kurulunca karar ba\u011flan\u0131r diyerek ba\u011f\u0131ms\u0131z organ\u0131 kendilerine ba\u011flam\u0131\u015flar. Bu nedenle dilek\u00e7eler disiplin kuruluna ula\u015fmaz. \u0130l yada genel merkeze hitaben yaz\u0131lm\u0131\u015f disiplin konulu dilek\u00e7e, y\u00f6netimler i\u00e7in hi\u00e7 bir i\u015flem yapmayaca\u011f\u0131 ideal bir dilek\u00e7edir.<br \/>\n68. maddede kimler i\u00e7in hangi disiplin kuruluna dilek\u00e7e verilece\u011fi yaz\u0131l\u0131d\u0131r.<br \/>\nHer \u00fcye partide e\u015fit haklara sahiptir. Partideki faaliyetleri Anayasa, SPK, dernekler kanunu,&nbsp; medeni kanunun g\u00fcvencesi alt\u0131ndad\u0131r. Disiplin kurullar\u0131 parti i\u00e7i mahkemelerdir. T\u00fcz\u00fc\u011f\u00fcn ilgili maddeleri okunmal\u0131, ona g\u00f6re yaz\u0131lacak dilek\u00e7eyi destekleyici belge ve bilgilerle birlikte ilgili kurula verilmelidir. \u00d6rne\u011fin il\u00e7ede belediye ba\u015fkan\u0131 hari\u00e7 ilce y\u00f6netimi dahil her \u00fcye i\u00e7in&nbsp; il disiplin kuruluna dilek\u00e7e verilmelidir. Disiplin i\u00e7in il\u00e7elere verilen dilek\u00e7elerin bir anlam\u0131 yoktur. Disiplin kurullar\u0131 ba\u011f\u0131ms\u0131z organ olduklar\u0131ndan dilek\u00e7eler direkt \u0130l disiplin kuruluna, CHP Y\u00fcksek disiplin kuruluna hitaben yaz\u0131lmal\u0131d\u0131r. Hitab\u0131n\u0131za bulundu\u011funuz ilin ismini ilave edebilirsiniz. \u0130l disiplin kuruluna yaz\u0131lan dilek\u00e7eler il ba\u015fkanl\u0131\u011f\u0131na, y\u00fcksek disiplin kuruluna yaz\u0131lan da&nbsp; genel merkeze teslim edilmelidir. \u0130l ve genel merkezde gelen giden evraklar kay\u0131t alt\u0131ndad\u0131r. 2 adet yazd\u0131\u011f\u0131n\u0131z dilek\u00e7enin sizde kalacak k\u0131sm\u0131na&nbsp; m\u00fch\u00fcr yada yaz\u0131 ile ilgili bilgileri yaz\u0131p yada m\u00fch\u00fcr vurarak size vereceklerdir. Al\u0131nd\u0131 belgesi alm\u0131\u015f olacaks\u0131z.<br \/>\nBunun d\u0131\u015f\u0131nda \u0131srarla takip edilmelidir. Bir \u015fey \u00e7\u0131kmazsa siz g\u00f6revinizi yapm\u0131\u015f, y\u00f6neticiler g\u00f6revini yapmam\u0131\u015f olur. Her \u015feyi \u00fcyelerle payla\u015f\u0131p her kim t\u00fcz\u00fc\u011fe uymaz de\u011fi\u015ftirmek i\u00e7in g\u00f6revinizi yapmaya devam edeceksiniz. Biraz ilgilenen her \u00fcye t\u00fcz\u00fck ve kanunlar\u0131 anlar ve gere\u011fini yapar. Takip edilse,&nbsp; her \u00fcye neler yapar, su \u00f6rne\u011fi verelim.<br \/>\n<strong>Medeni kanun 75. maddesini bilen her \u00fcye, ilce yada il y\u00f6netimi g\u00f6revden al\u0131nm\u0131\u015fsa,&nbsp; <\/strong><strong>Sulh Hukuk Mahkemesine,verecekleri \u015fikayet dilek\u00e7elerine<\/strong><strong> kay yum i\u00e7in de isimler vererek kongre yap\u0131lmas\u0131n\u0131 sa\u011flard\u0131<\/strong>.<br \/>\nG\u00f6revden&nbsp; al\u0131nan bir avukatsa&nbsp; \u00e7o\u011fu yerde bunu yaparak kongre yapt\u0131rd\u0131. Maalesef parti \u00fcyesi avukatlar\u0131n \u00e7o\u011fu partinin de\u011fil hak hukuk tan\u0131mayan y\u00f6neticilerin avukatl\u0131\u011f\u0131n\u0131 yapmaktad\u0131r. Parti \u00fcyesi avukatlar hukuk\u00e7u oldu\u011funu id da ediyorlarsa partinin t\u00fcz\u00fck ve programa ayk\u0131r\u0131 hareket edenlere kars\u0131 Parti hukukunu korumal\u0131d\u0131rlar.<\/p>\n<p><span style=\"color: #ff0000;\">Konu:\u0130lce y\u00f6netimi g\u00f6revden al\u0131nm\u0131\u015fsa ne yapmal\u0131:<\/span><\/p>\n<p><strong>&nbsp;&#8220;<\/strong>\u0130l\u00e7e ba\u015fkan\u0131 ve il\u00e7e y\u00f6netim kurulu birlikte veya yaln\u0131z il\u00e7e y\u00f6netim kurulu g\u00f6revden al\u0131nm\u0131\u015fsa il y\u00f6netim kurulu, ba\u015fkan dahil (5) ki\u015filik bir ge\u00e7ici kurul atar.\u0130l\u00e7e ge\u00e7ici kurulu, (30) g\u00fcn i\u00e7inde se\u00e7imleri yapmak \u00fczere ola\u011fan\u00fcst\u00fc il\u00e7e kongresini toplar.&#8221; Madde- 44 \/ C<br \/>\nKongre yap\u0131lmam\u0131\u015fsa tek yol derhal mahkeme karar\u0131yla kongre yap\u0131lmas\u0131n\u0131 sa\u011flamakt\u0131r.\u00fcyeler yada g\u00f6revden al\u0131nan ba\u015fkan ve y\u00f6netim kurulu \u00fcyeleri <strong>&nbsp;Sulh Hukuk Mahkemesine<\/strong> verecekleri&nbsp; dilek\u00e7elerine, kayyum i\u00e7in isimler vererek kongre yap\u0131lmas\u0131n\u0131 sa\u011flamal\u0131d\u0131r.\u00dcyeler,&nbsp; partiye, hukuk m\u00fccadelesi verenlere sahip \u00e7\u0131kmal\u0131d\u0131r.<\/p>\n<p><strong>&nbsp;<\/strong><span style=\"color: #ff0000;\">Konu:il y\u00f6netiminin g\u00f6revden al\u0131nmas\u0131,&nbsp; ne yapmal\u0131;<\/span><\/p>\n<p>&#8220;\u0130l ba\u015fkan\u0131 ve il y\u00f6netim kurulu birlikte veya yaln\u0131z il y\u00f6netim kurulu&nbsp;g\u00f6revden al\u0131nm\u0131\u015fsa Merkez Y\u00f6netim Kurulu, ba\u015fkan dahil (7) ki\u015filik bir ge\u00e7ici kurul atar. \u0130l ge\u00e7ici kurulu (45) g\u00fcn i\u00e7inde se\u00e7imleri yapmak \u00fczere ola\u011fan\u00fcst\u00fc il kongresini toplar.&#8221;&nbsp;Madde- 44 \/ B<br \/>\nkongre yap\u0131lmam\u0131\u015fsa MYK,PM ve atad\u0131klar\u0131 su\u00e7 islemeye devam ediyor demektir.Tek yol derhal mahkeme karar\u0131yla kongre yap\u0131lmas\u0131n\u0131 sa\u011flamakt\u0131r.\u00fcyeler yada g\u00f6revden al\u0131nan ba\u015fkan ve y\u00f6netim kurulu \u00fcyeleri, <strong>&nbsp;Sulh Hukuk Mahkemesine,<\/strong><strong>verecekleri \u015fikayet dilek\u00e7elerine<\/strong> kayyum i\u00e7in de isimler vererek kongre yap\u0131lmas\u0131n\u0131 sa\u011flamal\u0131d\u0131r.<\/p>\n<p><span style=\"color: #ff0000;\">&nbsp;Konu:il ve ilce ba\u015fkanlar\u0131n\u0131n istifa etmesi, g\u00f6revden al\u0131nmas\u0131.<\/span><\/p>\n<p>&nbsp;\u201cY\u00f6netim kurullar\u0131 kendi i\u00e7inden&nbsp; yada&nbsp; herhangi bir \u00fcyeyi \u00fcye tam say\u0131s\u0131n\u0131n salt \u00e7o\u011funlu\u011fuyla geciktirilmeden se\u00e7er,\u201d Madde-42\/D 44 \/A<br \/>\n\u00dcyeler yap\u0131lanlar\u0131n, t\u00fcz\u00fc\u011fe uyup uymad\u0131klar\u0131n\u0131 kontrol edecek, partinin hukukuna uyan y\u00f6netimlerini destekleyecektir<\/p>\n<p><span style=\"color: #ff0000;\">Konu:Parti hukukuna uymayanlarla m\u00fccadelesinde, \u00fcyeler ne yapmal\u0131<strong>:<\/strong><\/span><\/p>\n<p><span style=\"color: #ff0000;\"><strong>&nbsp;<\/strong><\/span>M\u00fccadele partinin hukukuna uyanlarla, uymanlar aras\u0131nda olmal\u0131d\u0131r.<br \/>\nPartinin hukukuna uymayanlar partiden hukuk yolu ile uzakla\u015ft\u0131r\u0131lmal\u0131d\u0131r<br \/>\n\u00dcyeler hukuka uymayanlar\u0131 de\u011fil, hukuk m\u00fccadelesi verenleri destekleyecek kendi hukukuna sahip \u00e7\u0131kacakt\u0131r.\u00dcyelerin hak ve hukuklar\u0131n\u0131n g\u00fcvencesi, t\u00fcz\u00fck ve ona uyan y\u00f6neticilerdir.\u00dcyeler parti bar\u0131\u015f\u0131n\u0131 da bu yolla korumu\u015f olacakt\u0131r.&nbsp;<\/p>\n<p><span style=\"color: #ff0000;\">Konu:T\u00fcz\u00fck ve programa ayk\u0131r\u0131 harekete,parti sucuna kars\u0131&nbsp; ne yap\u0131lmal\u0131.<\/span><\/p>\n<p><span style=\"color: #ff0000;\">&nbsp;<\/span><\/p>\n<p><span style=\"color: #000000;\">\u201cParti su\u00e7lar\u0131nda yaz\u0131l\u0131 olan, tutum,davran\u0131\u015f ve eylemler ile bunlar\u0131n yap\u0131lmas\u0131n\u0131 desteklemek, kolayla\u015ft\u0131rmak ve \u00f6vmek parti su\u00e7udur.\u201d Madde-70<br \/>\n<\/span>\u00dcyeler, t\u00fcz\u00fck ve programa ayk\u0131r\u0131 eylem ve s\u00f6ylem varsa,derhal disiplin kurullar\u0131na dilek\u00e7e verecek gere\u011fini yapacakt\u0131r.Parti sucu isleyenlere yardim etmek ve g\u00f6z yumman\u0131n da parti sucu oldu\u011funu unutmayacakt\u0131r.Partinin hukukuna uymayanlar\u0131n \u00fclke y\u00f6netimine geldiklerinde,Anayasa ve kanunlara da uymayacaklar\u0131 bilinmelidir.Partinin ve \u00fclkenin yarar\u0131 i\u00e7in hukuksuzlu\u011fa asla mu sade edilmeyecektir.<\/p>\n<p><span style=\"color: #ff0000;\">Konu: \u00c7ALI\u015eMA \u0130LKELER\u0130, \u00dcyelerin titizlikle uyaca\u011f\u0131 rehberidir.<\/span><\/p>\n<p>&nbsp;\u201cPartililer toplum hayat\u0131n\u0131n ve parti g\u00f6revlerinin gerektirdi\u011fi yetenekleri kazanmak; sorumluluk yerlerine, partinin ba\u015far\u0131l\u0131, bilgili ve yetenekli \u00fcyelerinin se\u00e7ilmelerini sa\u011flamak i\u00e7in s\u00fcrekli \u00e7aba harcarlar.<br \/>\nSiyasal ya\u015famda; erdemlili\u011fe, \u00fcretkenli\u011fe, yetene\u011fe ve eme\u011fe uygun y\u00fckselmek esast\u0131r. Partililer, bu ilkelere uymakla, parti y\u00f6neticileri de bu ilkeleri uygulamakla y\u00fck\u00fcml\u00fc ve sorumludurlar.\u201d Madde-5<br \/>\nYukar\u0131daki niteliklere uymayan hi\u00e7 kimse partinin y\u00f6netim kademelerine getirilemez.Atamayla gelenlerin, g\u00f6revleri bitti\u011finde partinin kap\u0131s\u0131n\u0131n \u00f6n\u00fcnden bile ge\u00e7medikleri,hatta aleyhine \u00e7al\u0131\u015ft\u0131klar\u0131 y\u00fczlerce \u00f6rnekle g\u00f6r\u00fclm\u00fc\u015ft\u00fcr.<\/p>\n","protected":false},"excerpt":{"rendered":"<p>Konu: T\u00fcz\u00fck ve programa ayk\u0131r\u0131 eylem ve s\u00f6ylemi disiplin kuruluna \u015fikayet etme. \u00d6ncelikle t\u00fcz\u00fc\u011f\u00fcn 67-76. maddeleri okunmal\u0131. Disiplin kurullar\u0131 partinin ba\u011f\u0131ms\u0131z organlar\u0131d\u0131r. Bu nedenle&nbsp; \u0130l ve y\u00fcksek disiplin kurulu ayr\u0131 bir liste ile se\u00e7ilirler. Hukuk d\u0131\u015f\u0131 partiyi y\u00f6netenler 68. maddeye &hellip; <a href=\"https:\/\/www.chpuye.com\/?page_id=852\">Okumaya devam et <span class=\"meta-nav\">&rarr;<\/span><\/a><\/p>\n","protected":false},"author":1,"featured_media":0,"parent":0,"menu_order":0,"comment_status":"closed","ping_status":"open","template":"","meta":[],"_links":{"self":[{"href":"https:\/\/www.chpuye.com\/index.php?rest_route=\/wp\/v2\/pages\/852"}],"collection":[{"href":"https:\/\/www.chpuye.com\/index.php?rest_route=\/wp\/v2\/pages"}],"about":[{"href":"https:\/\/www.chpuye.com\/index.php?rest_route=\/wp\/v2\/types\/page"}],"author":[{"embeddable":true,"href":"https:\/\/www.chpuye.com\/index.php?rest_route=\/wp\/v2\/users\/1"}],"replies":[{"embeddable":true,"href":"https:\/\/www.chpuye.com\/index.php?rest_route=%2Fwp%2Fv2%2Fcomments&post=852"}],"version-history":[{"count":0,"href":"https:\/\/www.chpuye.com\/index.php?rest_route=\/wp\/v2\/pages\/852\/revisions"}],"wp:attachment":[{"href":"https:\/\/www.chpuye.com\/index.php?rest_route=%2Fwp%2Fv2%2Fmedia&parent=852"}],"curies":[{"name":"wp","href":"https:\/\/api.w.org\/{rel}","templated":true}]}}