{"id":833,"date":"2011-12-02T10:18:59","date_gmt":"2011-12-02T10:18:59","guid":{"rendered":"http:\/\/www.chpuye.com\/?page_id=833"},"modified":"2011-12-02T10:18:59","modified_gmt":"2011-12-02T10:18:59","slug":"uyelere-uyarilar","status":"publish","type":"page","link":"https:\/\/www.chpuye.com\/?page_id=833","title":{"rendered":"\u00dcyelere, Uyar\u0131lar"},"content":{"rendered":"<p>Sevgili CHPliler<br \/>\nA\u015fa\u011f\u0131daki g\u00f6r\u00fc\u015f \u201cAtat\u00fcrk Bizi Mandalardan Kurtard\u0131 Ama, As\u0131l \u0130\u00e7imizdeki Mandalar\u0131 Unutmu\u015f.\u201dbasl\u0131\u011f\u0131yla yaz\u0131ld\u0131. Yazar ve yaz\u0131n\u0131n yay\u0131nland\u0131\u011f\u0131 yay\u0131n organ\u0131 Atat\u00fcrk \u00fcn yolundan gitti\u011fini s\u00f6ylemektedir.<br \/>\nAra\u015ft\u0131r\u0131n bakal\u0131m, s\u00f6z\u00fc edilen \u00fclkelerde b\u00f6yle bir cezaland\u0131rma var m\u0131 ?Varsa, hangi tarihlerde taslanarak insanlar cezaland\u0131r\u0131lm\u0131\u015ft\u0131r.Irak, ABD ve \u0130ngiltere \u00f6nc\u00fcl\u00fc\u011f\u00fcnde i\u015fgal edildi.Di\u011fer \u00fclkelerinde kimin hedefinde oldu\u011funu d\u00fc\u015f\u00fcnerek yaz\u0131y\u0131 okuyun.Bu yaz\u0131 kimin isine yarar? D\u00fc\u015f\u00fcn\u00fcn;<br \/>\n<strong>\u201c<\/strong>G\u00f6zleri bile g\u00f6r\u00fcnmeyen, \u0130ranl\u0131, Libyal\u0131 ve M\u0131s\u0131rl\u0131 Kad\u0131nlar\u0131, Su\u00e7luya cezas\u0131n\u0131 kanun gere\u011fi de\u011fil de topra\u011fa g\u00f6m\u00fclerek insanlar\u0131 ta\u015flayarak \u00f6ld\u00fcren \u0130ran\u2019\u0131 ve Saddam H\u00fcseyin\u201d Hakan S\u00f6nmez 01 Aral\u0131k 2011 \u0130lk Kur\u015fun Gazetesi.<br \/>\n<strong><a href=\"http:\/\/www.ilk-kursun.com\/haber\/88438Gazi\">http:\/\/www.ilk-kursun.com\/haber\/88438<\/a><br \/>\n<strong>Gazi <\/strong>Mustafa Kemal Atat\u00fcrk \u00fcn yolundan gidenler s\u00f6ylem ve eylemlerine\u00a0<\/strong><strong> <\/strong><strong>dikkat etmek zorundad\u0131r.Dostlar\u0131m\u0131z\u0131 uyarmak g\u00f6revimizdir.<br \/>\n<\/strong>Bilmemek de\u011fil,\u00f6\u011frenmemek ay\u0131p derler.\u00d6rne\u011fin ben Iran\u0131n secim sistemini bilmiyorum. Cahil miyim ?<br \/>\nYoksa yalan yanl\u0131\u015f bilgilerle, iste molla deyip k\u00f6t\u00fclemek mi, cahilliktir? Bunu bilerek yaparsam bana ne dersiniz?<br \/>\n<strong>\u0130lk Kur\u015fun Gazetesi. hepimizden daha dikkatli olmak zorundad\u0131r.<br \/>\n<\/strong><strong>Herkes s\u00f6ylemine, kiminle oldu\u011funa dikkat etmelidir.Bu uyar\u0131y\u0131 da sorgulay\u0131n,ara\u015ft\u0131r\u0131n Atam\u0131z\u0131n yolundan emin ad\u0131mlarla y\u00fcr\u00fcy\u00fcn.<br \/>\n<\/strong>Sayg\u0131lar\u0131mla\u00a0\u00a0 chpuye<\/p>\n<p>Sevgili CHPliler\u00a0\u00a0\u00a0\u00a0\u00a0\u00a0 <span style=\"color: #ff0000;\">Uyar\u0131 2<\/span><br \/>\nIran ve Suriye ile en son ne zaman sava\u015f yapt\u0131k. Gazi Mustafa Kemal Atat\u00fcrk Suriye\u2019de kime kars\u0131 sava\u015ft\u0131?Iran ile Osmanl\u0131 ve Cumhuriyet d\u00f6nemindeki ili\u015fkilere bakin.B\u00f6l\u00fcc\u00fc ter\u00f6r \u00f6rg\u00fct\u00fc ne zamandan beri kuzey \u0131raktad\u0131r.AKP iktidar\u0131 d\u00f6neminde Suriye de midir ki iktidar bi uyar\u0131da bile bulunmam\u0131\u015f? Ara\u015ft\u0131r\u0131n; D\u00fc\u015f\u00fcn\u00fcn;<br \/>\n\u201cSuriye ve \u0130ran dururken, ABD ve \u0130srail ile dost olmaya \u00e7al\u0131\u015fmak. Kald\u0131 ki bize ne<strong> \u0130ran\u2019<\/strong>dan, ne <strong>Suriye\u2019<\/strong>den, ne<strong> ABD\u2019<\/strong>den, nede <strong>\u0130srail<\/strong> den zaten dost olmaz, Olmad\u0131 da\u201d<br \/>\n\u201cD\u00fcne kadar topraklar\u0131nda PKK\u2019l\u0131 ter\u00f6ristleri bar\u0131nd\u0131ran Suriye\u2019ye en ufak bir uyar\u0131da bulunmaktan haciz olan Say\u0131n AKP \u0130ktidar\u0131,\u201d<br \/>\nHakan S\u00f6nmez\u00a0 \u0130lk Kur\u015fun Gazetesi\u00a0 29 Kas\u0131m 2011<br \/>\n<a href=\"http:\/\/www.ilk-kursun.com\/haber\/88324\">http:\/\/www.ilk-kursun.com\/haber\/88324<br \/>\nBunlar<\/a> Atat\u00fcrk\u2019\u00fcn\u00a0 yolundan gitti\u011fini idda eden bir yay\u0131n organ\u0131nda yaz\u0131ld\u0131.<br \/>\nHatay\u0131 vatan topra\u011f\u0131na katarken Atat\u00fcrk \u0130ngiliz,ABD, \u0130talyan genel kurmay ba\u015fkanlar\u0131n\u0131 mi Fransa\u2019n\u0131n kars\u0131s\u0131nda durdu?<br \/>\nBen buna kom\u015fuyu, Atat\u00fcrk\u2019\u00fc arkadan vurma derim.T\u00fcrkiye.\u0130ran ve Suriye kimin hedefindedir? Atat\u00fcrk Libya da, \u0130talyanlara kars\u0131 sava\u015f\u0131rken,kafas\u0131na at\u0131lan, Frans\u0131z, \u0130talyan ABD (NATO) bombalar\u0131 de\u011fil miydi? Maalesef Atam\u0131z\u0131n partisinin y\u00f6netim ve vekilleri de buna destek verdi?<br \/>\nIrak\u2019\u0131n i\u015fgaline kars\u0131 g\u00f6sterdi\u011fi tavr\u0131 g\u00f6sterip hay\u0131r demedi?<br \/>\nPir sultanin dedi\u011fi gibi\u00a0 bu sava\u015fta Libya\u2019ya,Suriye\u2019ye,\u0130ran g\u00fcl bile atmak zalimlere hizmettir.<br \/>\nRusya diye diye \u00fclkemiz kimin kontrol\u00fcne girdi\u011fini d\u00fc\u015f\u00fcn\u00fcn.<br \/>\n\u0130ran diye diye hangi M\u00fcsl\u00fcmanlar\u0131n(Asl\u0131nda M\u00fcsl\u00fcmanl\u0131kla ili\u015fkileri yok) \u00fclkeyi y\u00f6netti\u011fine bi bak\u0131n.ihra\u00e7 edilen din ve rejim \u0130ran\u2019dan m\u0131, ba\u015fka bir \u00fclkeden mi ihra\u00e7 edildi: D\u00fc\u015f\u00fcn\u00fcn<br \/>\n<strong>Gazi Mustafa Kemal Atat\u00fcrk \u00fcn yolundan gidenler s\u00f6ylem ve eylemlerine dikkat etmek zorundad\u0131r. \u0130lk Kur\u015fun, <\/strong>hepimizden daha dikkatli olmal\u0131d\u0131r<br \/>\n<strong>Herkes s\u00f6ylemine, kiminle oldu\u011funa dikkat etmelidir.Bu uyar\u0131y\u0131 da sorgulay\u0131n,ara\u015ft\u0131r\u0131n Atam\u0131z\u0131n yolundan emin ad\u0131mlarla y\u00fcr\u00fcy\u00fcn.<br \/>\n<\/strong><strong>Sayg\u0131lar\u0131mla\u00a0\u00a0 chpuye<\/strong><\/p>\n","protected":false},"excerpt":{"rendered":"<p>Sevgili CHPliler A\u015fa\u011f\u0131daki g\u00f6r\u00fc\u015f \u201cAtat\u00fcrk Bizi Mandalardan Kurtard\u0131 Ama, As\u0131l \u0130\u00e7imizdeki Mandalar\u0131 Unutmu\u015f.\u201dbasl\u0131\u011f\u0131yla yaz\u0131ld\u0131. Yazar ve yaz\u0131n\u0131n yay\u0131nland\u0131\u011f\u0131 yay\u0131n organ\u0131 Atat\u00fcrk \u00fcn yolundan gitti\u011fini s\u00f6ylemektedir. Ara\u015ft\u0131r\u0131n bakal\u0131m, s\u00f6z\u00fc edilen \u00fclkelerde b\u00f6yle bir cezaland\u0131rma var m\u0131 ?Varsa, hangi tarihlerde taslanarak insanlar &hellip; <a href=\"https:\/\/www.chpuye.com\/?page_id=833\">Okumaya devam et <span class=\"meta-nav\">&rarr;<\/span><\/a><\/p>\n","protected":false},"author":1,"featured_media":0,"parent":623,"menu_order":0,"comment_status":"open","ping_status":"open","template":"","meta":[],"_links":{"self":[{"href":"https:\/\/www.chpuye.com\/index.php?rest_route=\/wp\/v2\/pages\/833"}],"collection":[{"href":"https:\/\/www.chpuye.com\/index.php?rest_route=\/wp\/v2\/pages"}],"about":[{"href":"https:\/\/www.chpuye.com\/index.php?rest_route=\/wp\/v2\/types\/page"}],"author":[{"embeddable":true,"href":"https:\/\/www.chpuye.com\/index.php?rest_route=\/wp\/v2\/users\/1"}],"replies":[{"embeddable":true,"href":"https:\/\/www.chpuye.com\/index.php?rest_route=%2Fwp%2Fv2%2Fcomments&post=833"}],"version-history":[{"count":0,"href":"https:\/\/www.chpuye.com\/index.php?rest_route=\/wp\/v2\/pages\/833\/revisions"}],"up":[{"embeddable":true,"href":"https:\/\/www.chpuye.com\/index.php?rest_route=\/wp\/v2\/pages\/623"}],"wp:attachment":[{"href":"https:\/\/www.chpuye.com\/index.php?rest_route=%2Fwp%2Fv2%2Fmedia&parent=833"}],"curies":[{"name":"wp","href":"https:\/\/api.w.org\/{rel}","templated":true}]}}