{"id":830,"date":"2011-11-29T16:23:20","date_gmt":"2011-11-29T16:23:20","guid":{"rendered":"http:\/\/www.chpuye.com\/?page_id=830"},"modified":"2021-04-17T06:55:28","modified_gmt":"2021-04-17T06:55:28","slug":"bilgiler","status":"publish","type":"page","link":"https:\/\/www.chpuye.com\/?page_id=830","title":{"rendered":"BILGILER"},"content":{"rendered":"<p>\u00c7al\u0131\u015ftaya ho\u015f geldiniz. <span style=\"color: #ff0000;\">\u00d6yle kafay\u0131 uzat\u0131p ka\u00e7mak yok.<\/span><br \/>\nCHPli iseniz, parti ile olup bitenlerle ilgileniyorsan\u0131z biraz zaman\u0131n\u0131z\u0131 ay\u0131rmak zorundas\u0131n\u0131z. Parti bilgili \u00fcyeleri sayesinde var olacak, g\u00f6reve getirecekleri program ve t\u00fcz\u00fc\u011f\u00fcne uyan y\u00f6neticiler sayesinde de halk\u0131m\u0131z\u0131n umudu olacakt\u0131r.<br \/>\nProgram ve t\u00fcz\u00fc\u011fe ayk\u0131r\u0131 hareket, g\u00f6z yummak parti sucudur.T\u00fcz\u00fck Mad.70.<br \/>\nParti sucuna ortak olmamak, \u00fcyeleri uyarmak g\u00f6revdir. Partili program ve t\u00fcz\u00fc\u011fe uyand\u0131r. CHP, parti ile ilgisi olmayanlar\u0131, hak hukuk tan\u0131mayanlar\u0131 partide tutarak korunmaz.<br \/>\nHukuk yoksa Partide bar\u0131\u015f olmayaca\u011f\u0131 herkes taraf\u0131ndan bilinmelidir.<br \/>\nChpuye bir haber sayfas\u0131 de\u011fildir. Partiye hukuk hakim olur, Atat\u00fcrk\u2019\u00fcn yolundan giden y\u00f6neticiler taraf\u0131ndan y\u00f6netilinceye kadar yaz\u0131lanlar g\u00fcncelli\u011fini koruyacakt\u0131r. Zaman bulduk\u00e7a \u00f6ncelikle bilgi sahibi oldu\u011funuz konularla ilgili yaz\u0131lar\u0131 okuyun. Ondan sonra Al\u0131n\u00a0 elinize t\u00fcz\u00fc\u011f\u00fc kendiniz g\u00f6r\u00fcn. Esas olan her \u00fcyenin olup biteni kendisinin g\u00f6rmesidir.\u00a0 Payla\u015farak \u00a0da di\u011fer \u00fcyelerin g\u00f6rmesini sa\u011flayaca\u011f\u0131z. \u00c7al\u0131\u015ftaydaki bilgileri payla\u015fman\u0131n d\u0131\u015f\u0131nda ne yapmal\u0131y\u0131z.<br \/>\nPM, milletvekilleri, il ve ilce y\u00f6netimlerinin, Genel ba\u015fkan, MYK\u2019nun s\u00f6ylemlerine yapt\u0131klar\u0131na ve atanlara bak\u0131lmal\u0131d\u0131r. \u00d6rne\u011fin ilcenizde g\u00f6revden almalar, atananlar t\u00fcz\u00fc\u011f\u00fcn 5, 42, 43, 44, 54 maddelerine uyuyor mu?\u00a0 \u015eayet varsa hukuksuzluk yapanlar\u0131 ve g\u00f6z yumanlar\u0131 de\u011fi\u015ftirmek i\u00e7in\u00a0 gerekeni yapmak her CHPlinin g\u00f6revidir.<\/p>\n<p><strong>1-Yaz\u0131lar\u0131n tamam\u0131 her zaman E-Posta ile ilgililere yollanm\u0131\u015ft\u0131r. (E-Posta kullanan CHP millet vekilleri dahil)\u00a0<\/strong><strong><br \/>\n<\/strong>2-Genel ba\u015fkan, MYK, PM (E-Postas\u0131 olan) \u00fcyelerine yollanm\u0131\u015ft\u0131r.<br \/>\n23.d\u00f6nem 101 M. vekilinin %75 ne ula\u015fm\u0131\u015f 20 civar\u0131nda vekilimiz de\u00a0 E-postalar\u0131 geri d\u00f6nm\u00fc\u015ft\u00fcr. Bu d\u00f6nem\u00a06\u00a0 ki\u015finin E-posta adresine gitmiyor.<br \/>\n3-CHP Ey\u00fcp il\u00e7e \u00f6rg\u00fct\u00fcne, baz\u0131 il ve ilce \u00f6rg\u00fctlerine yollanmaktad\u0131r.<br \/>\n4-CHPli gazetecilere ve baz\u0131 CHPlilere\u00a0 yollanmaktad\u0131r.<\/p>\n<p>Not:<br \/>\nBir s\u00fcre sonra Parti y\u00f6netimine, vekillere elektronik posta atmay\u0131 b\u0131rakt\u0131m. Bo\u015funa zaman kayb\u0131yd\u0131. Kad\u0131y\u0131 kad\u0131ya \u015fik\u00e2yet etmenin anlam\u0131 yoktu. Hedef hak hukuk tan\u0131maz Parti y\u00f6netimini de\u011fi\u015ftirmek, CHP\u2019yi ulusa rehberlik edecek hala getirmekti. \u00a0\u00dcyeler birlikte hareket ederek bunu yapabilir. \u00dcye kurultay\u0131 bizi dikkate almayanlar\u0131 bizim dikkate almam\u0131z do\u011fru bir davran\u0131\u015f olmaz. CHP&#8217;li olmayanlara benim Parti ile ilgili konular\u0131 iletmen de do\u011fru bir davran\u0131\u015f olmazd\u0131. Ki\u015filerin adi ge\u00e7iyorsa arkas\u0131ndan konu\u015fulmaz diyerek ilgili ki\u015fiye yaz\u0131y\u0131 ilettim.<\/p>\n<p>CHP \u00f6rg\u00fctlerinden isteyenler, E-Posta adreslerini yollarlarsa yollan\u0131r.<br \/>\nYaz\u0131l\u0131 dilek\u00e7elerimin okunmadan dosyalara kondu\u011funu g\u00f6rm\u00fc\u015f biriyim.<br \/>\nE- Postalar\u0131nda % 95 inin okunmad\u0131\u011f\u0131n\u0131 san\u0131yorum.<br \/>\nBu nedenle <a href=\"http:\/\/www.chpuye.com\/\">www.chpuye.com<\/a> adl\u0131 siteyi olu\u015fturdum.<br \/>\nKald\u0131 ki MYK\u2019nun kimseyi dinledi\u011fi ve dikkate ald\u0131\u011f\u0131 yok.<br \/>\nChpuye.com sayesinde kimse g\u00f6rmedim okumad\u0131m diyemeyecek.<br \/>\nBu \u00e7al\u0131\u015ftaya kat\u0131lacak \u00fcyelerin g\u00f6r\u00fc\u015fleri de herkes taraf\u0131ndan bilinecektir.<\/p>\n<p>Amac\u0131m\u0131z partimizi ulusa \u00f6nderlik edecek hale getirmektir. Burada yapt\u0131\u011f\u0131m\u0131z \u00e7al\u0131\u015fmalar\u0131, \u00fcyelerin tamam\u0131n\u0131n bilmesi ve il\u00e7elerinde de bu g\u00f6r\u00fc\u015flere g\u00f6re hareket etmesini sa\u011flamak hepimizin g\u00f6revidir.\u00a0 \u00dcyelerin sesini \u00fclkenin t\u00fcm il\u00e7e te\u015fkilatlar\u0131nda Mahallesi&#8217;nde duyulmas\u0131n\u0131 ve uygulanmas\u0131na sa\u011flamakt\u0131r. G\u00f6rev hepimizindir. G\u00f6rev yap\u0131lmadan partiye sahip \u00e7\u0131k\u0131lmaz.<\/p>\n<p>Genel yay\u0131n y\u00f6netmeni Mazlum Vural<br \/>\n<a href=\"mailto:mazlumvural@hotmail.de\">mazlumvural@hotmail.de<\/a><\/p>\n","protected":false},"excerpt":{"rendered":"<p>\u00c7al\u0131\u015ftaya ho\u015f geldiniz. \u00d6yle kafay\u0131 uzat\u0131p ka\u00e7mak yok. CHPli iseniz, parti ile olup bitenlerle ilgileniyorsan\u0131z biraz zaman\u0131n\u0131z\u0131 ay\u0131rmak zorundas\u0131n\u0131z. Parti bilgili \u00fcyeleri sayesinde var olacak, g\u00f6reve getirecekleri program ve t\u00fcz\u00fc\u011f\u00fcne uyan y\u00f6neticiler sayesinde de halk\u0131m\u0131z\u0131n umudu olacakt\u0131r. Program ve t\u00fcz\u00fc\u011fe &hellip; <a href=\"https:\/\/www.chpuye.com\/?page_id=830\">Okumaya devam et <span class=\"meta-nav\">&rarr;<\/span><\/a><\/p>\n","protected":false},"author":1,"featured_media":0,"parent":0,"menu_order":0,"comment_status":"closed","ping_status":"open","template":"","meta":[],"_links":{"self":[{"href":"https:\/\/www.chpuye.com\/index.php?rest_route=\/wp\/v2\/pages\/830"}],"collection":[{"href":"https:\/\/www.chpuye.com\/index.php?rest_route=\/wp\/v2\/pages"}],"about":[{"href":"https:\/\/www.chpuye.com\/index.php?rest_route=\/wp\/v2\/types\/page"}],"author":[{"embeddable":true,"href":"https:\/\/www.chpuye.com\/index.php?rest_route=\/wp\/v2\/users\/1"}],"replies":[{"embeddable":true,"href":"https:\/\/www.chpuye.com\/index.php?rest_route=%2Fwp%2Fv2%2Fcomments&post=830"}],"version-history":[{"count":2,"href":"https:\/\/www.chpuye.com\/index.php?rest_route=\/wp\/v2\/pages\/830\/revisions"}],"predecessor-version":[{"id":2863,"href":"https:\/\/www.chpuye.com\/index.php?rest_route=\/wp\/v2\/pages\/830\/revisions\/2863"}],"wp:attachment":[{"href":"https:\/\/www.chpuye.com\/index.php?rest_route=%2Fwp%2Fv2%2Fmedia&parent=830"}],"curies":[{"name":"wp","href":"https:\/\/api.w.org\/{rel}","templated":true}]}}