{"id":629,"date":"2011-05-19T15:41:33","date_gmt":"2011-05-19T15:41:33","guid":{"rendered":"http:\/\/www.chpuye.com\/?page_id=629"},"modified":"2011-05-19T15:41:33","modified_gmt":"2011-05-19T15:41:33","slug":"orgutumuzle-birlikte-mucadeleye-baslayin","status":"publish","type":"page","link":"https:\/\/www.chpuye.com\/?page_id=629","title":{"rendered":"\u00f6rg\u00fct\u00fcm\u00fczle birlikte m\u00fccadeleye ba\u015flay\u0131n."},"content":{"rendered":"<p>Say\u0131n milletvekilim<br \/>\nAnayasa sucu islemi\u015f parti\u00a0 Cumhuriyetin kurumlar\u0131n\u0131 y\u0131kmaya devam ediyor.<br \/>\nT\u00fcm kurumlarda tasfiye operasyonu t\u00fcm\u00a0 sald\u0131r\u0131lar\u0131yla devam etmektedir.<br \/>\nHYSK \u00fcyelerinin onay\u0131 ile \u00d6zel mahkemelerde kadrola\u015fm\u0131\u015ft\u0131r.<br \/>\nBu mahkemelerle \u00f6zellikle ordumuzun yurtsever insanlar\u0131n\u0131 tutsak alm\u0131\u015ft\u0131r.<br \/>\nYurtsever ayd\u0131nlar\u0131m\u0131z, gazetecilerimiz ayni y\u00f6ntemle tutsak al\u0131nm\u0131\u015ft\u0131r.<br \/>\n&#8220;hukuk ad\u0131na hukuksuzluklara sayg\u0131 g\u00f6sterilmez&#8221; dedikten sonra \u0131\u015f\u0131k olsun, bun kars\u0131 sessiz kal\u0131nmas\u0131n, tav\u0131r alinsin diye Ali Tatar bunlara isyan ate\u015fini yakt\u0131.sessiz mi kalal\u0131m ?<br \/>\nSava\u015f abd ci dincilerle Atat\u00fcrk \u00fcn yolunda tam ba\u011f\u0131ms\u0131z bir \u00fclkeden yana olanlar\u0131n savas\u0131d\u0131r<br \/>\nAKP iktidar\u0131 CHP li belediyeleri de basmakta onlar\u0131 tutsak almaktad\u0131r.<br \/>\nDaha d\u00fcn Sar\u0131yer\u00a0 belediyesi bas\u0131ld\u0131.<br \/>\nGenel ba\u015fkan\u0131m\u0131z Deniz Baykal ve y\u00f6netimi sayesinde yolsuzluk dosyalar\u0131 olan birini ba\u015fbakan yapt\u0131.\u00a0 Bunu yapt\u0131ktan sonra dokunulmazl\u0131ktan\u00a0 bahsetmek laftan \u00f6te bir anlam ifade eder mi. Erdemli olmakta var m\u0131 hem sab\u0131kal\u0131 hem de yarg\u0131lanmas\u0131 gereken birini ba\u015fbakan yapmak. Bundan dolay\u0131 partimiz \u00f6z\u00fcr dilemelidir.<br \/>\nSizler bu gibi davran\u0131\u015flara ne kadar daha sessiz kalacaks\u0131n\u0131z.<br \/>\nYanda\u015f deyip Cumhuriyetin kurumlar\u0131na her g\u00fcn sald\u0131ran zaman gazetesini ziyaret ederek, bu sald\u0131r\u0131lar durdurula bilinir mi?<br \/>\nBak\u0131n CHP nin program\u0131nda\u00a0 Yeni anayasa yapma hedefi yoktur. Buna ra\u011fmen MYK \u00fcyemiz yeni Anayasa komisyonu\u00a0 kurduklar\u0131n\u0131 s\u00f6ylemi\u015ftir.Neden\u00a0 sald\u0131r\u0131ya u\u011frayan belediyelerimiz i\u00e7in komisyon kurulmaz.iktidar belediyelerini denetleyen komisyon kurulmaz.<br \/>\nAnkara \u0130l B. Ali Y\u0131ld\u0131zl\u0131 <strong>&#8221;Bu \u00e7abalar, rica boyutlar\u0131n\u0131 a\u015farak il y\u00f6netim kurulu \u00fcyelerimize manen taciz, y\u0131ld\u0131rma ve tedirgin etme boyutlar\u0131na kadar vard\u0131r\u0131lm\u0131\u015ft\u0131r.dedi. <\/strong><strong>\u00a0komisyon kurup\u00a0 dinlediniz mi.<\/strong><strong><br \/>\n<\/strong>K\u0131l\u0131\u00e7daro\u011flu, &#8220;<strong>fig\u00fcran m<\/strong>\u0131<strong> olal\u0131m &#8220;<\/strong>dedikten sonra komisyona \u00fcye vermekte neyin nesi.<br \/>\nTBMM gurubumuz toplan\u0131p neler yapmas\u0131 gerekti\u011fini belirlemelidir.<br \/>\nYap\u0131lmas\u0131 gerekenler \u00f6rg\u00fctlerimizde harekete ge\u00e7irerek yap\u0131lmal\u0131d\u0131r.<br \/>\nDerhal Parti Meclisimize, t\u00fcm \u00fcyelerin kat\u0131ld\u0131\u011f\u0131 \u00f6nse\u00e7im karar\u0131 almas\u0131 i\u00e7in \u00e7a\u011fr\u0131 yap\u0131lmal\u0131d\u0131r.<br \/>\nBak\u0131n \u00e7ok satan bir market\u00a0 her hafta reklam yapar.Yapacaklar\u0131n\u0131z sistemli ve s\u00fcrekli olmal\u0131.<br \/>\nKonu\u015farak tepki vermeyi vatanda\u015flar da yapmaktad\u0131r. Sizler Atat\u00fcrk \u00fcn partisinin\u00a0 de\u011ferli milletvekillerisiniz \u00f6rg\u00fct\u00fcm\u00fczle birlikte m\u00fccadeleye ba\u015flay\u0131n.<br \/>\nSald\u0131r\u0131lara dur deyip , tutsaklar derhal\u00a0 serbest b\u0131rak\u0131lmas\u0131 i\u00e7in gerekenler yap\u0131lmal\u0131d\u0131r.<br \/>\n\u00d6rg\u00fct\u00fcm\u00fcz\u00fc harekete ge\u00e7irecek, partimizi iktidara getirecek yol budur.<br \/>\nSevgi ve sayg\u0131lar\u0131mla<br \/>\n18.02.2011<br \/>\nMazlum\u00a0 Vural<br \/>\n\u0130stanbul \/ Ey\u00fcp il\u00e7esi \u00fcyesi<\/p>\n","protected":false},"excerpt":{"rendered":"<p>Say\u0131n milletvekilim Anayasa sucu islemi\u015f parti\u00a0 Cumhuriyetin kurumlar\u0131n\u0131 y\u0131kmaya devam ediyor. T\u00fcm kurumlarda tasfiye operasyonu t\u00fcm\u00a0 sald\u0131r\u0131lar\u0131yla devam etmektedir. HYSK \u00fcyelerinin onay\u0131 ile \u00d6zel mahkemelerde kadrola\u015fm\u0131\u015ft\u0131r. Bu mahkemelerle \u00f6zellikle ordumuzun yurtsever insanlar\u0131n\u0131 tutsak alm\u0131\u015ft\u0131r. Yurtsever ayd\u0131nlar\u0131m\u0131z, gazetecilerimiz ayni y\u00f6ntemle tutsak &hellip; <a href=\"https:\/\/www.chpuye.com\/?page_id=629\">Okumaya devam et <span class=\"meta-nav\">&rarr;<\/span><\/a><\/p>\n","protected":false},"author":1,"featured_media":0,"parent":503,"menu_order":0,"comment_status":"open","ping_status":"open","template":"","meta":[],"_links":{"self":[{"href":"https:\/\/www.chpuye.com\/index.php?rest_route=\/wp\/v2\/pages\/629"}],"collection":[{"href":"https:\/\/www.chpuye.com\/index.php?rest_route=\/wp\/v2\/pages"}],"about":[{"href":"https:\/\/www.chpuye.com\/index.php?rest_route=\/wp\/v2\/types\/page"}],"author":[{"embeddable":true,"href":"https:\/\/www.chpuye.com\/index.php?rest_route=\/wp\/v2\/users\/1"}],"replies":[{"embeddable":true,"href":"https:\/\/www.chpuye.com\/index.php?rest_route=%2Fwp%2Fv2%2Fcomments&post=629"}],"version-history":[{"count":0,"href":"https:\/\/www.chpuye.com\/index.php?rest_route=\/wp\/v2\/pages\/629\/revisions"}],"up":[{"embeddable":true,"href":"https:\/\/www.chpuye.com\/index.php?rest_route=\/wp\/v2\/pages\/503"}],"wp:attachment":[{"href":"https:\/\/www.chpuye.com\/index.php?rest_route=%2Fwp%2Fv2%2Fmedia&parent=629"}],"curies":[{"name":"wp","href":"https:\/\/api.w.org\/{rel}","templated":true}]}}