{"id":559,"date":"2011-04-07T05:46:41","date_gmt":"2011-04-07T05:46:41","guid":{"rendered":"http:\/\/www.chpuye.com\/?page_id=559"},"modified":"2011-04-07T05:46:41","modified_gmt":"2011-04-07T05:46:41","slug":"chp-li-uyeler-ne-yapmali","status":"publish","type":"page","link":"https:\/\/www.chpuye.com\/?page_id=559","title":{"rendered":"\u00d6NSECIM  NE YAPMALI"},"content":{"rendered":"<p><span style=\"color: #ff0000;\">\u00d6N SECIM diyen CHP li \u00fcyeler NE YAPMALI<\/span><br \/>\n\u201cDa\u011f fareye k\u00fcsm\u00fc\u015f farenin haberi yokmu\u015f\u201d<br \/>\nOturdu\u011funuz yerde konu\u015fmay\u0131 b\u0131rak\u0131n.<br \/>\nHayk\u0131r\u0131n aday\u0131m\u0131 ben se\u00e7mek istiyorum diye.<br \/>\nYaz\u0131l\u0131 olarak s\u00f6yleyin.<br \/>\nDilek\u00e7eler yaz\u0131n \u00f6ncelikle genel merkeze, il\u00e7enize, ilinize,<br \/>\nOy verip milletvekili yapaca\u011f\u0131m adaylar\u0131 ben se\u00e7mek istiyorum deyin.<br \/>\nBu bizim hakk\u0131m\u0131z. Hakk\u0131m\u0131z\u0131 kullanmay\u0131 asla d\u00fc\u015f\u00fcnmeyin.<br \/>\nDerhal \u00fcyelerin kat\u0131laca\u011f\u0131 \u00f6nse\u00e7im karar\u0131 <strong>al\u0131n<\/strong>, diye hayk\u0131r\u0131n yaz\u0131n.<br \/>\nchpuye<\/p>\n","protected":false},"excerpt":{"rendered":"<p>\u00d6N SECIM diyen CHP li \u00fcyeler NE YAPMALI \u201cDa\u011f fareye k\u00fcsm\u00fc\u015f farenin haberi yokmu\u015f\u201d Oturdu\u011funuz yerde konu\u015fmay\u0131 b\u0131rak\u0131n. Hayk\u0131r\u0131n aday\u0131m\u0131 ben se\u00e7mek istiyorum diye. Yaz\u0131l\u0131 olarak s\u00f6yleyin. Dilek\u00e7eler yaz\u0131n \u00f6ncelikle genel merkeze, il\u00e7enize, ilinize, Oy verip milletvekili yapaca\u011f\u0131m adaylar\u0131 ben &hellip; <a href=\"https:\/\/www.chpuye.com\/?page_id=559\">Okumaya devam et <span class=\"meta-nav\">&rarr;<\/span><\/a><\/p>\n","protected":false},"author":1,"featured_media":0,"parent":623,"menu_order":0,"comment_status":"open","ping_status":"open","template":"","meta":[],"_links":{"self":[{"href":"https:\/\/www.chpuye.com\/index.php?rest_route=\/wp\/v2\/pages\/559"}],"collection":[{"href":"https:\/\/www.chpuye.com\/index.php?rest_route=\/wp\/v2\/pages"}],"about":[{"href":"https:\/\/www.chpuye.com\/index.php?rest_route=\/wp\/v2\/types\/page"}],"author":[{"embeddable":true,"href":"https:\/\/www.chpuye.com\/index.php?rest_route=\/wp\/v2\/users\/1"}],"replies":[{"embeddable":true,"href":"https:\/\/www.chpuye.com\/index.php?rest_route=%2Fwp%2Fv2%2Fcomments&post=559"}],"version-history":[{"count":0,"href":"https:\/\/www.chpuye.com\/index.php?rest_route=\/wp\/v2\/pages\/559\/revisions"}],"up":[{"embeddable":true,"href":"https:\/\/www.chpuye.com\/index.php?rest_route=\/wp\/v2\/pages\/623"}],"wp:attachment":[{"href":"https:\/\/www.chpuye.com\/index.php?rest_route=%2Fwp%2Fv2%2Fmedia&parent=559"}],"curies":[{"name":"wp","href":"https:\/\/api.w.org\/{rel}","templated":true}]}}