{"id":54,"date":"2011-03-10T10:39:03","date_gmt":"2011-03-10T10:39:03","guid":{"rendered":"http:\/\/www.chpuye.com\/?page_id=53"},"modified":"2011-03-10T10:39:03","modified_gmt":"2011-03-10T10:39:03","slug":"chp-myk-ya","status":"publish","type":"page","link":"https:\/\/www.chpuye.com\/?page_id=54","title":{"rendered":"G.Ba\u015f. MYK ya"},"content":{"rendered":"<h4><span style=\"color: #ff0000;\">Cumhuriyet Halk Partisi Merkez Y\u00f6netim Kuruluna<\/span><\/h4>\n<h4><strong>Konu: <span style=\"color: #333333;\">\u0130stanbul il y\u00f6netimi-ne yapmal\u0131<\/span><\/strong><\/h4>\n<h4>Problem nas\u0131l \u00e7\u00f6z\u00fcl\u00fcr Hukuksuzluk nas\u0131l d\u00fczeltilir.<br \/>\nAtam\u0131\u015f oldu\u011funuz il y\u00f6netimini derhal g\u00f6revden al\u0131n.<br \/>\nProf. Dr. Nurettin S\u00f6zen ba\u015fkanl\u0131\u011f\u0131nda bir heyet g\u00f6revlendirin.<br \/>\n3 hafta i\u00e7inde il kongresi toplanarak g\u00f6revlerini yaps\u0131n.<br \/>\n<strong>\u201cIstanbulda il ba\u015fkanl\u0131\u011f\u0131 yapacak 20 bin ki\u015fi vard\u0131r\u201d <\/strong>GBY. G\u00fcrsel Tekin<br \/>\nPartiyi atayarak y\u00f6netmeye son verin.<br \/>\nB\u0131rak\u0131n \u00f6rg\u00fct\u00fcm\u00fcz bu g\u00f6revi yaps\u0131n.<br \/>\nDerhal parti meclisinden b\u00fct\u00fcn illerde \u00fcyelerin kat\u0131laca\u011f\u0131 \u00f6nse\u00e7im karar\u0131 alin.<br \/>\nVekil atama yok,herkes gitsin kendi b\u00f6lgesinde b\u00fct\u00fcn \u00fcyelerle secim \u00e7al\u0131\u015fmalar\u0131na baslas\u0131n.<\/h4>\n<h4>Gere\u011finin yap\u0131lmas\u0131n\u0131 arz ederim<\/h4>\n<h4>10.03.2011<br \/>\nCHP \u0130stanbul\/Ey\u00fcp il\u00e7esi \u00fcyesi<br \/>\nMazlum Vural<\/h4>\n<h1>2. s\u00f6z programa ayk\u0131r\u0131 \u00e7\u0131kar\u0131lmal\u0131<\/h1>\n<h1>Cumhuriyet Halk Partisi Genel&nbsp; Ba\u015fkanl\u0131\u011f\u0131na<\/h1>\n<p>Partimizin&nbsp; verdi\u011fi 41 s\u00f6z\u00fcn 2. si sudur:<br \/>\n\u201c<strong>Hak ve \u00f6zg\u00fcrl\u00fckleri&nbsp; g\u00fcvence alt\u0131na alan ve geni\u015fleten<\/strong><strong>&nbsp;<\/strong><strong>yeni<\/strong><strong>&nbsp;<\/strong><strong>bir Anayasa;\u015feffaf, kat\u0131l\u0131mc\u0131 ve uzla\u015fmac\u0131 bir s\u00fcre\u00e7le hayata<\/strong><strong>&nbsp;<\/strong><strong>ge\u00e7irilecek.\u201d<\/strong><strong><br \/>\n<\/strong>Partimiz bu s\u00f6z\u00fc veremez.<br \/>\nParti program\u0131m\u0131zda yeni anayasa yapma s\u00f6z\u00fc&nbsp; yoktur.<br \/>\n<strong>Bu konu programda DEMOKRAT\u0130K HUKUK DEVLET\u0130&nbsp; b\u00f6l\u00fcm\u00fcnde<\/strong><strong><br \/>\n<strong>Anayasan\u0131n, evrensel hukuk devleti normlar\u0131 ile uyu\u015fmayan maddeleri de\u011fi\u015ftirilecek\u201d&nbsp; s\u00f6z\u00fc vard\u0131r.sayfa 33<\/strong><br \/>\n<\/strong>Parti y\u00f6neticileri program ve t\u00fcz\u00fc\u011fe g\u00f6re hareket etmek, bun g\u00f6re de s\u00f6z vermek&nbsp; zorundad\u0131r.<br \/>\nPrograma ve T\u00fcz\u00fck kurallar\u0131na, kurultay ve yetkili organ kararlar\u0131na&nbsp;ayk\u0131r\u0131 davranmak, ile bunlar\u0131n yap\u0131lmas\u0131n\u0131 desteklemek, kolayla\u015ft\u0131rmak ve \u00f6vmek&nbsp;parti su\u00e7udur.<br \/>\nT\u00fcz\u00fck madde 70\/A\/a<br \/>\nBu nedenle&nbsp;2. s\u00f6z 41 s\u00f6z\u00fcn i\u00e7inden \u00e7\u0131kar\u0131larak programdaki gibi s\u00f6z verilmelidir<br \/>\nBilginize sunar gere\u011finin yap\u0131lmas\u0131n\u0131 arz ederim<br \/>\n31.03.2011<br \/>\nMazlum Vural<br \/>\nCHP \u0130stanbul\/Ey\u00fcp il\u00e7esi \u00fcyesi<\/p>\n<h1>CHP 25. s\u00f6z\u00fc vermemeli.<\/h1>\n<p>Cumhuriyet Halk Partisi Genel&nbsp; Ba\u015fkanl\u0131\u011f\u0131na<\/p>\n<p>Partimiz a\u00e7\u0131klad\u0131\u011f\u0131 bildiride T\u00dcRK\u0130YE\u2019YE&nbsp;&nbsp; 41 S\u00d6Z&nbsp; vermi\u015ftir.<br \/>\n25. s\u00f6z &nbsp;<strong>\u201cSiyasi Partiler Yasas\u0131 demokratikle\u015ftirilecek, lider sultas\u0131na sonverilecek.\u201d<\/strong>&nbsp;Dir.<br \/>\nBu s\u00f6z\u00fc veren y\u00f6neticilerimiz&nbsp; SPK nu bilmedikleri anla\u015f\u0131l\u0131yor.<br \/>\nKanunu bilmedikleri gibi partileri&nbsp; de bilmiyorlar.<br \/>\nHedef,&nbsp; SPK nu de\u011fi\u015ftirerek, ileri lider suntas\u0131na ge\u00e7mek midir?<br \/>\nBu s\u00f6zle, kanunlar\u0131 bilmeyenler inanabilir. Peki bilenler i\u00e7in ne hedeflenmektedir.<br \/>\n<strong>\u201cMevcut Siyasi Partiler Kanunu Kanun ile siyasi partilerin siyaset yapma alan\u0131 anti-demokratik \u015fekilde s\u0131n\u0131rland\u0131r\u0131lm\u0131\u015ft\u0131r.\u201d<\/strong><strong><br \/>\n<\/strong>Bu tespit yanl\u0131\u015ft\u0131r. Siyasi partiler \u00fclkenin Anayasas\u0131n\u0131,kurulu\u015f felsefesini, de\u011ferlerini, par\u00e7alanmas\u0131n\u0131 tart\u0131\u015fmakta ve f\u0131rsat bulduk\u00e7a da uygulamalarda bunu g\u00f6stermektedir.<br \/>\n<strong>\u201cKanun lider sultas\u0131n\u0131n geli\u015fmesine de temel olu\u015fturmaktad\u0131r.\u201d<\/strong><strong><br \/>\n<\/strong>Bu kocaman bir yaland\u0131r.&nbsp;Genel ba\u015fkan MYK nu tek bas\u0131na atad\u0131, PM sini tek bas\u0131na yapt\u0131.&nbsp; SPK&nbsp; bunu mu&nbsp; s\u00f6yl\u00fcyor.Genel ba\u015fkan,il ve ilce ba\u015fkan\u0131 aday\u0131 olmak i\u00e7in \u00d6nceden \u00fcyelerin %10 \u2018un \u00f6nerisi yeterken %20 ye \u00e7\u0131karmak kanunda var m\u0131 ?Ola\u011fan \u00fcst\u00fc kongre i\u00e7in noter \u015fart\u0131,k\u00fcrs\u00fc \u00f6n\u00fcnde imza atmak kanunda var m\u0131?Bilmeden Lider suntas\u0131n\u0131 SPK na dayand\u0131rmak&nbsp; cahilliktir.<br \/>\n<strong>\u201cKanun ile siyasi partilerin \u00f6zg\u00fcrl\u00fck alanlar\u0131 s\u0131n\u0131rland\u0131r\u0131lm\u0131\u015f ve partiler tek tiple\u015ftirilmi\u015ftir.\u201d<\/strong><strong><br \/>\n<\/strong>Dernekler kanunu da tek tiptir derneklerin hepsi ayn\u0131 m\u0131?, Bas\u0131n kanunu da&nbsp; tektir. Bas\u0131n ve gazeteciler hepsi bir m\u0131?&nbsp;\u00d6yle ya su bas\u0131n bu bas\u0131n derken neyi kastediyorsunuz ? Tek tip olduklar\u0131 i\u00e7in mi anayasa oylamas\u0131nda akla kara gibi evet ve hay\u0131r diye 2 ye ayr\u0131ld\u0131lar.<br \/>\nSPK\u2018unda var m\u0131 rakip partinin t\u00fcz\u00fc\u011f\u00fcnden kopya \u00e7ekmek.<br \/>\nGenel ba\u015fkan\u0131n MYK nu istedi\u011fi gibi se\u00e7mesi.<br \/>\nKanun de\u011fil sanki b\u00fcy\u00fc, ne hikmetse sadece parti y\u00f6netici olanlar\u0131 etkileyerek partilerin tek tip olmas\u0131n\u0131 sa\u011fl\u0131yor. Yerseniz.<br \/>\n<strong>\u201cSiyasi partilerin kapat\u0131lmas\u0131 \u00e7ok istisnai durumlarda ve son \u00e7are olarak m\u00fcmk\u00fcn olacakt\u0131r.\u201d<\/strong>&nbsp;Bu konuda de\u011fi\u015fiklikler yap\u0131lm\u0131\u015f Anayasa sucu islemi\u015f parti kapat\u0131lmam\u0131\u015ft\u0131r. Bunun ilerisini mi istiyorsunuz.<br \/>\nAnayasal d\u00fczeni de\u011fi\u015ftiren partiler kapat\u0131lmas\u0131n m\u0131 diyoruz?<br \/>\n<strong>\u201cParti i\u00e7i demokrasi koruma alt\u0131na al\u0131nacakt\u0131r.<\/strong>\u201d<br \/>\nPartiler y\u00f6neticiler Anayasaya, kanunlara&nbsp; uymuyor. Parti y\u00f6neticileri program ve T\u00fcz\u00fc\u011fe ayk\u0131r\u0131 hareket ediyor.Yeterince kanun var. Bunlara uymayan, \u00e7\u0131kan kanunlara niye uysun ki.Hukuka uymayanlar parti i\u00e7i demokrasiyi korumayanlard\u0131r.<br \/>\nHukuka uymayanlar partilerden uzakla\u015ft\u0131rmadan parti i\u00e7i demokrasi olabilir mi?<br \/>\n<strong>\u201cPartilere geni\u015f \u00f6zg\u00fcrl\u00fck alanlar\u0131 tan\u0131nacakt\u0131r.\u201d<\/strong><strong><br \/>\n<\/strong>Daha d\u00fcn partiler,Yurtta Bar\u0131\u015f D\u00fcnyada bar\u0131\u015f ilkesini savunan emperyalizme kars\u0131 sava\u015fm\u0131\u015f \u00fclkemizi,&nbsp; i\u015fgalci g\u00fc\u00e7lerle sava\u015fa soktu.<br \/>\nDaha neyin \u00f6zg\u00fcrl\u00fc\u011f\u00fcn\u00fc vaat ediyor partimiz.<br \/>\n<strong>\u201cPartiler, \u00fcyelerinin demokratik haklar\u0131na zarar vermedikleri s\u00fcrece, i\u00e7 i\u015fleyi\u015flerine \u00f6zg\u00fcrce karar verebileceklerdir. \u201c<\/strong><br \/>\nSPK, partilerin i\u00e7 islerine kar\u0131\u015f\u0131yor demekte kocaman bi yaland\u0131r.<br \/>\nBak\u0131n bakal\u0131m kanunda bunlar var m\u0131?<br \/>\nT\u00fcz\u00fc\u011f\u00fc istedi\u011fin zaman de\u011fi\u015ftirmek.<br \/>\nParti y\u00f6netimi Milletvekili,belediye ba\u015fkan\u0131 meclis \u00fcyeleri<br \/>\nadaylar\u0131n\u0131 merkezden atar.Aday listelerinde s\u0131ralamay\u0131 istedi\u011fi gibi yapar.<br \/>\nIL ve ilce \u00f6rg\u00fctlerini atar. Be\u011fenmedi\u011fini g\u00f6revden al\u0131r.<br \/>\nGenel ba\u015fkanlar istedi\u011fi ki\u015fiyi \u00fcye yap\u0131p, istedi\u011fi g\u00f6reve atar.<br \/>\nBunlara itiraz edenleri, g\u00f6revden al\u0131p disiplin kuruluna bile verebilir.<br \/>\nMilletvekili listelerini tek bas\u0131na yapar, kendisini istedi\u011fi yere yazar.<br \/>\nPartiyi genelgelerle y\u00f6netir.<br \/>\nKendi yapt\u0131\u011f\u0131 t\u00fcz\u00fc\u011fe can\u0131 istedi\u011finde uymaz.<br \/>\nGenel ba\u015fkanlar\u0131n atayarak vekil yapt\u0131klar\u0131, istifa edip&nbsp; parti de\u011fi\u015ftirebilir. Bundan sorumlu tutulamazlar.<br \/>\nParti y\u00f6netimlerinin, bunun gibi \u00f6zg\u00fcrce yapt\u0131klar\u0131 onlarca \u00f6rek verebiliriz.<br \/>\nElbet deki Partileri y\u00f6netenler bunlar\u0131 yaparken,\u00fcyelerinin demokratik haklar\u0131na hi\u00e7 bir zaman zarar vermez.<br \/>\nKa\u011f\u0131t \u00fczerinde listelerde sadece isimleri yaz\u0131l\u0131 olan \u00fcyelere zarar vermek imkans\u0131zd\u0131r zaten.<br \/>\n\u00dcyeler&nbsp; sadece parti i\u00e7i demokrasi istiyor. Bu da ancak \u00fcyelerin kendi haklar\u0131na sahip \u00e7\u0131k\u0131p m\u00fccadele ettiklerinde m\u00fcmk\u00fcnd\u00fcr.<br \/>\n\u00dclkede&nbsp; ileri demokrasi ve&nbsp; \u0130leri parti i\u00e7i demokrasi istemiyoruz.<br \/>\n<strong>25. s\u00f6z verilmemeli, bildiriden \u00e7\u0131kar\u0131lmal\u0131d\u0131r.<\/strong><strong><br \/>\n<\/strong>Partimiz bunun yerine, kamu yarar\u0131 g\u00f6zetmeden hukuka ayk\u0131r\u0131 yap\u0131lan \u00f6zelle\u015ftirmeler konusunda s\u00f6z verebilir.<br \/>\nGere\u011finin yap\u0131lmas\u0131n\u0131 arz ederim<br \/>\n30.03.2011<br \/>\nMazlum Vural<br \/>\nCHP \u0130stanbul\/Ey\u00fcp il\u00e7esi \u00fcyesi<\/p>\n<h1>Partililer bilgileri kendi kayna\u011f\u0131ndan almal\u0131lar.<\/h1>\n<p>Cumhuriyet Halk Partisi Genel Ba\u015fkanl\u0131\u011f\u0131na,<\/p>\n<p>Genel ba\u015fkan\u0131m\u0131z deniz Baykal kars\u0131 iftira ev yanlardan olu\u015fan bir sald\u0131r\u0131 s\u00f6z konusudur.Sald\u0131r\u0131 onun sahs\u0131nda CHP sine kars\u0131da yap\u0131lmaktad\u0131r..Tart\u0131\u015fmalara girmeden parti y\u00f6netiminden 3-4 c\u00fcmlelik bir resmi a\u00e7\u0131klama g\u00f6rmek isterdim. Maalesef Medyada sadece gazetecilerin sorular\u0131na verilen yan\u0131tlar\u0131 g\u00f6rmekteyiz.<br \/>\nKaset komplosunun hesabi sorulmad\u0131, a\u00e7\u0131\u011fa \u00e7\u0131kmad\u0131.<br \/>\nPartimiz elbette ki b\u00fct\u00fcn enerjisini \u00fclkenin problemlerine \u00e7\u00f6z\u00fcm \u00fcretmeye harcamal\u0131d\u0131r. Ancak komploya kars\u0131 koyamayan bir parti, \u00fclkenin problemlerini de \u00e7\u00f6zmede zafiyet g\u00f6sterir. Kamuoyunda tart\u0131\u015f\u0131lan konularla ilgili partimin resmi g\u00f6r\u00fcs\u00fcn\u00fc, chp.org.tr sitesinde yaz\u0131l\u0131 yapmal\u0131d\u0131r.<br \/>\nPartililer bilgileri kendi kayna\u011f\u0131ndan almal\u0131lar.<br \/>\nGere\u011finin yap\u0131lmas\u0131n\u0131 arz ederim<\/p>\n<p>11.03.2011<br \/>\nCHP \u0130stanbul\/Ey\u00fcp il\u00e7esi \u00fcyesi<br \/>\nMazlum Vural<br \/>\nEkte: say\u0131n Batuma yollad\u0131\u011f\u0131m yaz\u0131<\/p>\n<p>Cumhuriyet Halk Partisi Genel Sekreterli\u011fine<\/p>\n<p>Say\u0131n genel sekreterim ittifak ile ilgili cevab\u0131n\u0131z\u0131n medyaya nas\u0131l yans\u0131d\u0131\u011f\u0131n\u0131 hep birlikte g\u00f6rd\u00fck.Medyada buna benzer sapt\u0131rmalar ve tamam\u0131 yalan olan \u00e7ok haber yap\u0131lmaktad\u0131r. Bunlar\u0131n yalan oldu\u011funu, ger\u00e7ek bilgileri ba\u015fka \u0130nternet sitelerinde mi okuyup \u00f6\u011frenece\u011fiz?<br \/>\nBir \u00fcye olarak genel sekreterimin ger\u00e7ekte ne s\u00f6yledi\u011fini farkl\u0131 bir siteden mi \u00f6\u011frenece\u011fim? \u00dcyesi olmad\u0131\u011f\u0131m&nbsp; siteye bunun i\u00e7in \u00fcyemi olmal\u0131y\u0131m?<br \/>\nBu durum, bir \u00fcye olarak beni son derece rahats\u0131z etti.<br \/>\nCHP li \u00fcyeler partisiyle ilgili t\u00fcm bilgileri onun resmi sitesinden \u00f6\u011frenmeliler.<br \/>\n\u201cileti\u015fimin eksik oldu\u011fu yerde \u00e7at\u0131\u015fma \u00e7\u0131kar\u201d.partimizin ve \u00fclkemizin yalan yanl\u0131\u015f s\u00f6zlerle harcayaca\u011f\u0131 zaman\u0131 yoktur.<br \/>\nPartimle ilgili t\u00fcm bilgileri partimin chp.org.tr sitesinden \u00f6\u011frenmek istiyorum.<br \/>\nSay\u0131n sekreterim bundan b\u00f6yle MYK,PM \u00fcyeleri ile millet vekillerinin kamuoyunda tart\u0131\u015f\u0131lan g\u00f6r\u00fc\u015flerini&nbsp; kendi sitemize koyun ki \u00fcye olarak bilgiyi direkt kayna\u011f\u0131ndan alal\u0131m.<br \/>\n\u00c7al\u0131\u015fmalar\u0131n\u0131zda basar\u0131lar dilerim<br \/>\nGere\u011finin yap\u0131lmas\u0131n\u0131 arz ederim.<br \/>\nSevgi ve sayg\u0131lar\u0131mla<\/p>\n<p>22.11.2010 CHP \u0130stanbul\/Ey\u00fcp il\u00e7esi \u00fcyesi Mazlum Vural<\/p>\n<p>Not- L\u00fctfen genel sekreterime ka\u011f\u0131t \u00e7\u0131k\u0131s\u0131 alarak iletin Sevgi ve sayg\u0131lar\u0131mla<\/p>\n<h1>Say\u0131n Genel ba\u015fkan\u0131m \u00d6nse\u00e7im tart\u0131\u015f\u0131lmaz yap\u0131l\u0131r<\/h1>\n<p>Say\u0131n Genel ba\u015fkan\u0131m<\/p>\n<p>Genel Ba\u015fkan Yard\u0131mc\u0131s\u0131 Tekin Egedesons\u00f6z\u2019e konu\u015ftu: 28 \u015eubat 2011<br \/>\n\u00d6nse\u00e7im i\u00e7in ne dedi?<br \/>\n\u201cMevcut \u00fcye sisteminde parti i\u00e7i demokrasiden s\u00f6z etmek do\u011fru olmaz\u201d<br \/>\nAtamamayla, delege sistemiyle,sokak da&nbsp; \u00fcye yapmakla,(MYK karar\u0131yla \u00fcye yapanlar\u0131 bilemem)&nbsp;<strong>25 e yak\u0131n \u00fcyenin partilinin olmad\u0131\u011f\u0131 atanm\u0131\u015f PM ile do\u011fru olur mu?<\/strong><strong><br \/>\n<\/strong>\u201cParti i\u00e7i demokrasinin sa\u011fl\u0131kl\u0131 i\u015flemesi i\u00e7in mutlaka siyasi partiler yasas\u0131n\u0131n de\u011fi\u015fmesi gerekiyor.\u201d<br \/>\nSPK nun da&nbsp; bunu yapmaya engel yoktur. S\u00f6yleyen yalan s\u00f6ylemektedir<br \/>\nPM sini dikkate almayan, MYK y\u0131 tek bas\u0131na se\u00e7en, ilce y\u00f6netimini dahi atayan Genel ba\u015fkan ve MYK olunca m\u0131 demokrasi oluyor.SPK &nbsp;b\u00f6yle mi diyor<br \/>\n\u201c\u00d6b\u00fcr t\u00fcrl\u00fc demokrasiyi i\u015fletmek zor. \u00dcyelik sisteminin de\u011fi\u015fmesi gerekiyor.\u201d<br \/>\nDe\u011fi\u015fim t\u00fcz\u00fc\u011fe&nbsp; ayk\u0131r\u0131 sokakta \u00fcye yapmak midir<br \/>\n\u201cAvrupa Birli\u011fi diyoruz. Avrupa \u00fclkeleri nas\u0131l se\u00e7iyor.Vatanda\u015f oyunu kullan\u0131r, kullan\u0131rken de kimleri milletvekili g\u00f6rmek istiyorsa onu i\u015faretler\u201d<br \/>\n<strong>AB de vatanda\u015f&nbsp; Millet vekili adaylar\u0131n\u0131n belirlenmesinde oy kullanmaz.&nbsp; Asla buna kar\u0131\u015fmaz buna partinin \u00fcyeleri kar\u0131\u015f\u0131r.<\/strong><br \/>\nBurada vatanda\u015f milletvekili se\u00e7iminde&nbsp; oyunu atarken tercihini kullan\u0131r Ba\u011f\u0131ms\u0131z adaylar da oy verebilir.<br \/>\n<strong>Aday belirleme farkl\u0131d\u0131r- se\u00e7imlerde o adaylar\u0131 se\u00e7mek farkl\u0131d\u0131r.<\/strong>&nbsp;Her \u00f6n secim sorusunda SPK&nbsp; demek konuyu bilmeyen insanlar\u0131 kek yerine koymakt\u0131r.<br \/>\n<strong>\u00d6nse\u00e7im tart\u0131\u015f\u0131lacak bir \u015fey de\u011fildir<\/strong>. Bir an evvel Uygulanmas\u0131 gereken aday belirleme y\u00f6ntemidir.<br \/>\nOy verip se\u00e7ece\u011fi&nbsp;&nbsp; insanlar\u0131 belirleme hakk\u0131 \u00fcyenin olmayacakta sizin mi olacak.<br \/>\nBu sa\u00e7mal\u0131klar\u0131 dinleyerek zaman ge\u00e7irilmesini istemiyoruz.<br \/>\n\u00dcyeleri hi\u00e7e sayan bu davran\u0131\u015flar\u0131 k\u0131n\u0131yorum.<br \/>\nAdaylar\u0131 oylar\u0131m\u0131zla vekil se\u00e7en \u00fcyeler de\u011fil mi.?<br \/>\n\u00dcyeler halk\u0131n ta kendisi de\u011fil mi?<br \/>\n\u00dcyelerin se\u00e7menlerin a\u015fa\u011f\u0131lanmas\u0131na&nbsp; mu sade etmeyin<br \/>\nGenel Ba\u015fkan Yard\u0131mc\u0131s\u0131 G\u00fcrsel Tekin derhal istifa etmeli yada g\u00f6revinden al\u0131nmal\u0131d\u0131r.<br \/>\nBuna seyirci kalmak onaylamakt\u0131r,<br \/>\n<strong>\u00dcyelerden ( se\u00e7menlerden) ka\u00e7an onlar\u0131n onay\u0131n\u0131 almayan hi\u00e7 kimsenin milletvekili olmaya hakk\u0131 olmaz.<\/strong><br \/>\nDevrimci gibi davran\u0131n&nbsp; \u00fcyelere oylar\u0131yla adaylar\u0131n\u0131 se\u00e7me hakk\u0131n\u0131 onlar verin.<br \/>\n<strong>PM sinden derhal T\u00fcm T\u00fcrkiye\u2019de \u00f6nse\u00e7im karar\u0131 ald\u0131r\u0131n<\/strong><\/p>\n<p>4.3.11<br \/>\nMazlum&nbsp; Vural<br \/>\n\u0130stanbul \/ Ey\u00fcp il\u00e7esi \u00fcyesi<\/p>\n<h1>SPK na ayk\u0131r\u0131 hareket etmeyin<\/h1>\n<p><strong>Cumhuriyet Halk Partisi Genel&nbsp; Ba\u015fkanl\u0131\u011f\u0131na<\/strong><\/p>\n<p><strong>Konu: SPK na ayk\u0131r\u0131 hareket<\/strong><\/p>\n<p><strong>&nbsp;PM 27 ilde \u00f6nse\u00e7im,2 ilde de aday yoklamas\u0131yla aday tespiti yapm\u0131\u015ft\u0131r.Tespit edilen aday \u015fayisi 125 d\u0131r.<\/strong><strong><br \/>\n<strong>Bu illerin 8 inde&nbsp;&nbsp; kont ezandan aday g\u00f6sterilece\u011fi karar\u0131 al\u0131nm\u0131\u015ft\u0131r.<\/strong><br \/>\n<strong>Oysa Siyasi Partiler Kanunu\u2018na g\u00f6re bu say\u0131 6 olmas\u0131 gerekir.<\/strong><br \/>\n<strong>SPK (Ek: 31\/7\/1998 \u2013 4381\/7 md.)<\/strong><\/strong>&nbsp;Siyasi partiler, \u00f6n se\u00e7im ya da aday yoklamas\u0131 yapt\u0131klar\u0131 se\u00e7im \u00e7evrelerinde, toplam olarak T\u00fcrkiye B\u00fcy\u00fck Millet Meclisi \u00fcye tamsay\u0131s\u0131n\u0131n % 5\u2019ini a\u015fmamak \u00fczere, ilini, se\u00e7im \u00e7evresini, aday listesindeki s\u0131ras\u0131n\u0131, \u00f6n se\u00e7im veya aday yoklamas\u0131 tarihinden en az on g\u00fcn \u00f6nce Y\u00fcksek Se\u00e7im Kuruluna bildirmek ko\u015fuluyla merkez aday\u0131 g\u00f6sterebilirler.\u201d<br \/>\n550 tamsay\u0131s\u0131na d\u00fcsen rakam 27 d\u0131r.<br \/>\nB\u00fct\u00fcn illerde \u00f6nse\u00e7im yap\u0131lsayd\u0131 en fazla 27 ki\u015fiyi kontezandan listelere koyabilirdiniz.<br \/>\nSadece \u0130stanbul da \u00f6n secim yap\u0131lsayd\u0131 27 ki\u015fiyi kontezandan listelere koyabilir miydiniz. \u0130zmir yada Ankara da g\u00f6sterebilirmi\u015fsiniz.<br \/>\n\u00d6nse\u00e7im yap\u0131lan illerde en fazla 6 ki\u015fiyi kont ezandan listelere koymak zorundas\u0131n\u0131z.<br \/>\nFazlas\u0131 SPK na ayk\u0131r\u0131 hareket etmektir.<br \/>\nKurultayda PM listelerinde uymad\u0131\u011f\u0131n\u0131z kad\u0131n kotas\u0131 hatas\u0131n\u0131 burada yapmay\u0131n.<br \/>\nBir \u015fey \u00e7\u0131kmaz mant\u0131\u011f\u0131 kabul edilemez.<br \/>\nAdaylar\u0131n %90 inin merkez yoklamas\u0131yla belirlenen secimde&nbsp;\u00f6nse\u00e7im yap\u0131lan yerlere 2 ki\u015fi daha atayaca\u011f\u0131m diye hukuku \u00e7i\u011fnemeyin.<br \/>\nGere\u011finin yap\u0131lmas\u0131n\u0131 arz ederim<br \/>\n04.04.2011<br \/>\nMazlum Vural<br \/>\nCHP \u0130stanbul\/Ey\u00fcp il\u00e7esi \u00fcyesi<\/p>\n<h1>Tanr\u0131 kulu ve G\u00fcrsel Tekini derhal g\u00f6revinden al\u0131n.<\/h1>\n<p><strong>Cumhuriyet Halk Partisi Genel Ba\u015fkanl\u0131\u011f\u0131na<\/strong><\/p>\n<p>Say\u0131n k\u0131l\u0131\u00e7daro\u011flu<br \/>\nSizi kamuoyunda tart\u0131\u015fma konusu yap\u0131lanlar\u0131 MYK ya almay\u0131n diye uyarm\u0131\u015ft\u0131m.<br \/>\nYard\u0131mc\u0131n\u0131z Tekin&nbsp; Esfender Korkmaz\u2019 i\u00e7in,&nbsp;<strong>\u201cTombaladan vekil\u201d<\/strong>&nbsp;dedi.<br \/>\nNecla Arat i\u00e7inde ayni ifadeyi kullanm\u0131\u015ft\u0131.<br \/>\nSezgin Tanr\u0131kulu,&nbsp; PM \u00fcyeli\u011fi Mehmet Fara\u00e7\u2019\u0131 tehdit etti.Arkas\u0131ndan Tekinde tehdit etti.Bunlar parti sucudur.<br \/>\nParti hukukuna ayk\u0131r\u0131 davran\u0131\u015flar disiplin mekanizmas\u0131 isletilerek, ki\u015finin disiplin kuruluna verilmesi s\u00fcrecinde konu\u015fulur. Partili olan bunu yapard\u0131.<br \/>\nMedya arac\u0131l\u0131\u011f\u0131 ile parti \u00fcyesi tehdit edilmi\u015f, millet velimizi k\u00fc\u00e7\u00fclt\u00fcc\u00fc ifadeler kullan\u0131lm\u0131\u015ft\u0131r.Kamuoyuna CHP liler birbirine girdi&nbsp; diye yans\u0131d\u0131.<br \/>\nSiz sadece izleyecekmi\u015fsiniz. G\u00f6revinizi yapmak i\u00e7in ne bekliyorsunuz?<br \/>\nSiz partinin genel ba\u015fkan\u0131 de\u011fil misiniz?<br \/>\nBu g\u00f6revlere siz atamad\u0131n\u0131z mi?<br \/>\nTombaladan vekil s\u00f6z\u00fc ile, sizi de a\u015fa\u011f\u0131lam\u0131\u015f olmuyor mu ?<br \/>\nEsfender Korkmaz kibarl\u0131k edip&nbsp; Tekini istifaya davet etti.<br \/>\nYanl\u0131\u015f yapt\u0131 sorumlusu sizsiniz. Bunlara seyirci kalamazs\u0131n\u0131z.<br \/>\nDaha neyi bekliyorsunuz. Susmak onaylamakt\u0131r<br \/>\nSezgin Tanr\u0131 kulu ve G\u00fcrsel Tekini&nbsp; derhal&nbsp; g\u00f6revinden al\u0131n.<br \/>\nParti hukuku gere\u011fi disipline verilmelidir<br \/>\nGere\u011finin yap\u0131lmas\u0131n\u0131 arz ederim<br \/>\n26.03.2011<br \/>\nMazlum&nbsp; Vural<br \/>\n\u0130stanbul \/ Ey\u00fcp il\u00e7esi \u00fcyesi<\/p>\n<p>&nbsp;<\/p>\n","protected":false},"excerpt":{"rendered":"<p>Cumhuriyet Halk Partisi Merkez Y\u00f6netim Kuruluna Konu: \u0130stanbul il y\u00f6netimi-ne yapmal\u0131 Problem nas\u0131l \u00e7\u00f6z\u00fcl\u00fcr Hukuksuzluk nas\u0131l d\u00fczeltilir. Atam\u0131\u015f oldu\u011funuz il y\u00f6netimini derhal g\u00f6revden al\u0131n. Prof. Dr. Nurettin S\u00f6zen ba\u015fkanl\u0131\u011f\u0131nda bir heyet g\u00f6revlendirin. 3 hafta i\u00e7inde il kongresi toplanarak g\u00f6revlerini yaps\u0131n. &hellip; <a href=\"https:\/\/www.chpuye.com\/?page_id=54\">Okumaya devam et <span class=\"meta-nav\">&rarr;<\/span><\/a><\/p>\n","protected":false},"author":1,"featured_media":0,"parent":0,"menu_order":0,"comment_status":"closed","ping_status":"open","template":"","meta":[],"_links":{"self":[{"href":"https:\/\/www.chpuye.com\/index.php?rest_route=\/wp\/v2\/pages\/54"}],"collection":[{"href":"https:\/\/www.chpuye.com\/index.php?rest_route=\/wp\/v2\/pages"}],"about":[{"href":"https:\/\/www.chpuye.com\/index.php?rest_route=\/wp\/v2\/types\/page"}],"author":[{"embeddable":true,"href":"https:\/\/www.chpuye.com\/index.php?rest_route=\/wp\/v2\/users\/1"}],"replies":[{"embeddable":true,"href":"https:\/\/www.chpuye.com\/index.php?rest_route=%2Fwp%2Fv2%2Fcomments&post=54"}],"version-history":[{"count":0,"href":"https:\/\/www.chpuye.com\/index.php?rest_route=\/wp\/v2\/pages\/54\/revisions"}],"wp:attachment":[{"href":"https:\/\/www.chpuye.com\/index.php?rest_route=%2Fwp%2Fv2%2Fmedia&parent=54"}],"curies":[{"name":"wp","href":"https:\/\/api.w.org\/{rel}","templated":true}]}}