{"id":53,"date":"2011-03-09T21:21:21","date_gmt":"2011-03-09T21:21:21","guid":{"rendered":"http:\/\/www.chpuye.com\/?page_id=14"},"modified":"2021-04-17T06:33:22","modified_gmt":"2021-04-17T06:33:22","slug":"neden-chpuye","status":"publish","type":"page","link":"https:\/\/www.chpuye.com\/?page_id=53","title":{"rendered":"Neden CHP \u00dcye"},"content":{"rendered":"<p style=\"text-align: left;\">\u00dcye ne i\u015fe yarar ?<br \/>\n\u00dcyeler suskun. Medya onlar\u0131n g\u00f6revini yapmaya soyunmu\u015f.<br \/>\nMedya partimde istedi\u011fi insani y\u00f6netici yapmaya \u00e7al\u0131\u015f\u0131rken izleyici mi olaca\u011f\u0131z.<br \/>\nParti y\u00f6neticilerinden biri bile \u00e7\u0131k\u0131p, partinin yetkili organlar\u0131na kimlerin se\u00e7ilece\u011fi \u00fcyelerin g\u00f6revidir dememi\u015ftir.<br \/>\nParti g\u00f6revlerinin gerektirdi\u011fi yetenekleri kazanmak; sorumluluk yerlerine, partinin ba\u015far\u0131l\u0131, bilgili ve yetenekli \u00fcyelerinin se\u00e7ilmelerini sa\u011flamak \u00fcyelerin g\u00f6revidir. G\u00f6rev en iyi \u015fekilde yap\u0131lmaya \u00e7al\u0131\u015f\u0131ld\u0131\u011f\u0131nda,<br \/>\n\u00dcye ne ise yarar\u0131n cevab\u0131\u00a0 verilmi\u015f olacakt\u0131r.<br \/>\nChpuye.com, g\u00f6revinin bilincinde olan, \u00fcyelik haklar\u0131n\u0131 kullanan b\u00fct\u00fcn \u00fcyelerin \u00e7al\u0131\u015ftay\u0131 olacakt\u0131r. Art\u0131k hi\u00e7 bir \u00fcyenin d\u00fc\u015f\u00fcncesi, \u00f6nerisi \u00e7\u00f6pe at\u0131lmayacakt\u0131r.<br \/>\nBu g\u00fcn geldi\u011fimiz noktada parti y\u00f6netimi dahi kimsenin akl\u0131na \u00fcye gelmiyor. \u00dcye olmay\u0131nca parti olur mu\u00a0? Peki ka\u011f\u0131t \u00fcst\u00fcnde \u00fcye g\u00f6z\u00fckmek yeterli mi\u00a0? CHPli \u00fcyeler 15 y\u0131ld\u0131r sadece kendi mahallesinde, ilce kongresine k\u0131smen delege se\u00e7ebilmektedir. Atamalarla parti y\u00f6netilmektedir.<\/p>\n<p style=\"text-align: left;\">Belediye kadrolar\u0131n\u0131, milletvekili adaylar\u0131n\u0131 belirleme haklar\u0131 genel merkez taraf\u0131ndan kullan\u0131lm\u0131\u015ft\u0131r. Partiler belediyeleri ve \u00fclkeyi y\u00f6netmek i\u00e7in varlar. \u00dclkeyi y\u00f6netecek kadrolar\u0131 se\u00e7mede \u00fcyenin bir rol\u00fc var m\u0131? Bu g\u00fcn delegeler bile\u00a0 parti y\u00f6neticilerini se\u00e7me g\u00f6revlerini yapamaz duruma gelmi\u015ftir, getirilmistir.<br \/>\nParti y\u00f6netimimiz, ilce ba\u015fkan\u0131 ve y\u00f6netimini bile t\u00fcz\u00fc\u011fe ek madde koyarak Ankara\u2019dan atayarak de\u011fi\u015ftirme yetkisine sahiptir.<\/p>\n<p style=\"text-align: left;\">Oysa ben \u00fcye olarak \u00e7al\u0131\u015fmalar\u0131mda sadece il\u00e7emi d\u00fc\u015f\u00fcn\u00fcyordum. \u0130l\u00e7emde partimiz belediye ba\u015fkanl\u0131\u011f\u0131n\u0131 nas\u0131l kazan\u0131r diye d\u00fc\u015f\u00fcn\u00fcr ona g\u00f6re hareket ederdim. \u0130l y\u00f6netimi ve genel merkez y\u00f6netimi de kendi g\u00f6revlerini yapacakt\u0131. \u0130l kongresine 2 defa izleyici olarak kat\u0131lman\u0131n d\u0131\u015f\u0131nda parti ici secimlerinde bir tercihte bulunmad\u0131m.<br \/>\nBu g\u00fcn geldi\u011fim notada bunun eksiklik oldu\u011funu g\u00f6rmekteyim. T\u00fcz\u00fc\u011fe imza att\u0131\u011f\u0131m ilk g\u00fcnden itibaren parti i\u00e7i gruplulardan de\u011fil parti hukukundan yana oldum. Parti i\u00e7inde bar\u0131\u015f olacaksa, basar\u0131 olacaksa\u00a0 parti hukukuna uymakla m\u00fcmk\u00fcn olaca\u011f\u0131na inand\u0131m.<\/p>\n<p style=\"text-align: left;\">Parti 1995 ten itibaren Genel Ba\u015fkan Deniz Baykal ve Baykalc\u0131 kadrolar taraf\u0131ndan y\u00f6netilmi\u015ftir.<br \/>\nBu kadrolar \u0130stanbul belediye ba\u015fkanl\u0131\u011f\u0131 yapm\u0131\u015f Nurettin S\u00f6zen\u2019in oy kulland\u0131\u011f\u0131 sand\u0131kta delege olma hakk\u0131n\u0131 bile gasp etme c\u00fcretini g\u00f6stermi\u015fti. S\u00f6zen ilce secim kuruluna itiraz\u0131 sonucu hakim karar\u0131yla delege olabilmi\u015fti. Bu y\u00f6ntemlerin kullan\u0131lmas\u0131yla yap\u0131lan 2. kongreden sonra itiraz edecek \u00fcyede kalmamd\u0131.<br \/>\nAtamalarla ilce ve il ba\u015fkanlar\u0131 belirlenmeye ba\u015fland\u0131. Onlar\u0131n ba\u015fkanl\u0131klar\u0131nda yap\u0131lan kongrelerle Baykalc\u0131lar tamamen partiye hakim oldu. Baykal kar\u015f\u0131tlar\u0131n\u0131 g\u00f6r\u00fcnce\u00a0 genel ba\u015fkan\u0131m\u0131za izlemekle\u00a0 hak bile verdim.\u00a0 \u0130lce y\u00f6netimini bile se\u00e7emedi\u011fini g\u00f6ren \u00fcyeler pasif halde izleyici konuma d\u00fc\u015ft\u00fc. Parti i\u00e7i se\u00e7imlerde 2. bir aday \u00e7\u0131kamaz olmu\u015ftu. Buna ra\u011fmen\u00a0 parti y\u00f6netimi t\u00fcz\u00fc\u011fe koydu\u011fu antidemokratik maddelerle merkez y\u00f6netimini g\u00fc\u00e7lendirme\u00a0 yoluna gitmi\u015ftir. Aday aday\u0131 olmada % 20\u00a0 \u015fart\u0131, noter \u015fart\u0131 t\u00fcm sesleri k\u0131s\u0131tlam\u0131\u015ft\u0131r. \u00dcyelerin aday olma haklari gasp edilmisti.<\/p>\n<p style=\"text-align: left;\">\u201cSusma \u201cs\u0131ra sana gelecek\u201d s\u0131ra herkese gelmi\u015ftir. \u00dcyeler etkisiz hale gelmi\u015f, delegeler etkisiz hale gelmi\u015f, il ve ilce y\u00f6netimlerini se\u00e7emez hale gelmi\u015f, en son\u00a0 parti meclisi MYK yi se\u00e7emez hale gelmi\u015ftir. Genel ba\u015fkan Deniz Baykal ve kadrolar\u0131n\u0131n\u00a0 son t\u00fcz\u00fck de\u011fi\u015fikli\u011fi de 18 aral\u0131k 2010 da uygulanm\u0131\u015ft\u0131r. Genel ba\u015fkan tek bas\u0131na PM listesini yapm\u0131\u015f onun i\u00e7inden de MYK yi olu\u015fturmu\u015ftur. Bunlar halk diye diye, demokrasi diye diye yap\u0131lm\u0131\u015ft\u0131r. Ola\u011fan \u00fcst\u00fc yetkilerle donat\u0131lm\u0131\u015f genel ba\u015fkan ve onun se\u00e7ti\u011fi MYK partiyi y\u00f6netmektedir. Lider suntas\u0131ndan rahats\u0131z olanlar,\u00a0 olanlar\u0131 alk\u0131\u015flamaktad\u0131r.<\/p>\n<p style=\"text-align: left;\">Geldi\u011fim noktada, sadece il\u00e7emde de\u011fil, T\u00fcm T\u00fcrkiyedeki \u00f6rg\u00fct y\u00f6netimleri, genel merkez y\u00f6netimini kimsenin insaf\u0131na b\u0131rak\u0131lmamas\u0131 gerekti\u011fini d\u00fc\u015f\u00fcn\u00fcyorum. Parti, \u00fcyeleri, kurumlar\u0131yla vard\u0131r. Biz \u00fcyelerin g\u00f6revi her kademedeki organlar\u0131m\u0131za yard\u0131mc\u0131 olmakt\u0131r.<\/p>\n<p style=\"text-align: left;\">Bu g\u00fcnden itibaren \u00fclkemin her yerindeki parti organlar\u0131ma yard\u0131mc\u0131 olaca\u011f\u0131m. Hukuksuzlu\u011fa, parti hukukunu\u00a0 \u00e7i\u011fneyip\u00a0 parti bar\u0131\u015f\u0131n\u0131n bozulmas\u0131na mu sade etmeyece\u011fim g\u00f6z yummayaca\u011f\u0131m. Parti i\u00e7i demokrasinin, \u00fcyelerin\u00a0 aktif olarak g\u00f6revlerini yapt\u0131\u011f\u0131nda m\u00fcmk\u00fcn olaca\u011f\u0131n\u0131 d\u00fc\u015f\u00fcn\u00fcyorum .<\/p>\n<p style=\"text-align: left;\">CHP\u2019nin amac\u0131 Atat\u00fcrk\u00e7\u00fc ve devrimci ilkeleriyle, gelenekleriyle, evrensel insan haklari anlay\u0131\u015f\u0131yla, toplumumuzu, devletimizi, yenile\u015ftirmektir. Hedefimiz tam ba\u011f\u0131ms\u0131z T\u00fcrkiyedir.<br \/>\nHukuk devletinin savunucusu partimde\u00a0 hukuksuzlu\u011fa asla izin verilemez, g\u00f6z yumulamaz.\u00a0\u00a0\u00a0\u00a0 vermeyece\u011fim\u00a0 vermeyece\u011fiz<\/p>\n<p style=\"text-align: left;\">Mazlum Vural \u00a0\u00a0<b>09 Mart 2011<\/b><\/p>\n","protected":false},"excerpt":{"rendered":"<p>\u00dcye ne i\u015fe yarar ? \u00dcyeler suskun. Medya onlar\u0131n g\u00f6revini yapmaya soyunmu\u015f. Medya partimde istedi\u011fi insani y\u00f6netici yapmaya \u00e7al\u0131\u015f\u0131rken izleyici mi olaca\u011f\u0131z. Parti y\u00f6neticilerinden biri bile \u00e7\u0131k\u0131p, partinin yetkili organlar\u0131na kimlerin se\u00e7ilece\u011fi \u00fcyelerin g\u00f6revidir dememi\u015ftir. Parti g\u00f6revlerinin gerektirdi\u011fi yetenekleri kazanmak; &hellip; <a href=\"https:\/\/www.chpuye.com\/?page_id=53\">Okumaya devam et <span class=\"meta-nav\">&rarr;<\/span><\/a><\/p>\n","protected":false},"author":1,"featured_media":0,"parent":0,"menu_order":0,"comment_status":"closed","ping_status":"open","template":"","meta":[],"_links":{"self":[{"href":"https:\/\/www.chpuye.com\/index.php?rest_route=\/wp\/v2\/pages\/53"}],"collection":[{"href":"https:\/\/www.chpuye.com\/index.php?rest_route=\/wp\/v2\/pages"}],"about":[{"href":"https:\/\/www.chpuye.com\/index.php?rest_route=\/wp\/v2\/types\/page"}],"author":[{"embeddable":true,"href":"https:\/\/www.chpuye.com\/index.php?rest_route=\/wp\/v2\/users\/1"}],"replies":[{"embeddable":true,"href":"https:\/\/www.chpuye.com\/index.php?rest_route=%2Fwp%2Fv2%2Fcomments&post=53"}],"version-history":[{"count":1,"href":"https:\/\/www.chpuye.com\/index.php?rest_route=\/wp\/v2\/pages\/53\/revisions"}],"predecessor-version":[{"id":2861,"href":"https:\/\/www.chpuye.com\/index.php?rest_route=\/wp\/v2\/pages\/53\/revisions\/2861"}],"wp:attachment":[{"href":"https:\/\/www.chpuye.com\/index.php?rest_route=%2Fwp%2Fv2%2Fmedia&parent=53"}],"curies":[{"name":"wp","href":"https:\/\/api.w.org\/{rel}","templated":true}]}}