{"id":52,"date":"2011-03-09T19:12:12","date_gmt":"2011-03-09T19:12:12","guid":{"rendered":"http:\/\/www.chpuye.com\/?page_id=2"},"modified":"2011-03-09T19:12:12","modified_gmt":"2011-03-09T19:12:12","slug":"ornek-sayfa","status":"publish","type":"page","link":"https:\/\/www.chpuye.com\/?page_id=52","title":{"rendered":"ilkelerimiz"},"content":{"rendered":"<p><strong><span style=\"color: #ff0000;\">\u00c7ALI\u015eMA \u0130LKELER\u0130 <\/span><br \/>\n<\/strong>\u00c7al\u0131\u015ftay da\u00a0 \u00f6ncelikle partimizin T\u00fcz\u00fck ve program\u0131n\u0131, kadrolar\u0131n\u0131 konu\u015faca\u011f\u0131z, buralardaki eksikliklerimizi d\u00fczeltece\u011fiz. Amac\u0131m\u0131z parti y\u00f6netimlerimize, TBMM grubumuza, belediye kadrolar\u0131na yard\u0131mc\u0131 olmakt\u0131r.<\/p>\n<p>Parti i\u00e7inde demokrasi yoksa \u00fclkede olmas\u0131 m\u00fcmk\u00fcn de\u011fildir.Bu da \u00fcyelerin parti y\u00f6netimine, karar ve \u00e7al\u0131\u015fmalar\u0131na kat\u0131l\u0131m\u0131yla m\u00fcmk\u00fcnd\u00fcr.<\/p>\n<p>T\u00fcz\u00fc\u011f\u00fcm\u00fcz. \u201cPartinin b\u00fct\u00fcn g\u00f6revleri, t\u00fcz\u00fck kurallar\u0131 i\u00e7inde, partililerin t\u00fcm\u00fcne a\u00e7\u0131kt\u0131r.\u201dder. Partide herkes e\u015fit haklara sahiptir. Her \u00fcye ve y\u00f6netici g\u00f6revini yapacak partinin ba\u015far\u0131s\u0131 i\u00e7in \u00e7al\u0131\u015facakt\u0131r, der. Bunu nas\u0131l yapaca\u011f\u0131z?<\/p>\n<p>Partinin her kademedeki y\u00f6netilicilerini denetleme ihtiyac\u0131 vard\u0131r. Se\u00e7menlerin vekillerini, \u00fcyelerin y\u00f6neticilerini, denetlemek zorundad\u0131r. Cal\u0131\u015ftay bu g\u00f6revi en iyi \u015fekilde yapmay\u0131 ama\u00e7 edinir.<\/p>\n<p>il, il\u00e7e kongresinde, kurultayda delegelerin yapt\u0131\u011f\u0131 denetlemeyi, \u00fcyeler olarak s\u00fcrekli yapaca\u011f\u0131z. Delegelerin denetleme g\u00f6revlerini yeterince yap\u0131p yapmad\u0131klar\u0131 bir yana denetleme s\u00fcrekli yap\u0131lmas\u0131 gereken bir g\u00f6rev olmal\u0131d\u0131r. Kongre ya da kurultay temsilcilerinin bu g\u00f6revlerini yaparken de onlara yard\u0131mc\u0131 olaca\u011f\u0131z.<\/p>\n<p>\u00dcye oldu\u011fumda 2 partilinin \u00f6nerisi al\u0131nd\u0131, \u00dcyeli\u011fime itiraz\u0131 olan var m\u0131 diye aday \u00fcye listesi il\u00e7enin panosuna as\u0131ld\u0131. \u00dcye olurken il\u00e7e y\u00f6netiminin ve \u00fcyelerinin denetiminden ge\u00e7tikten sonra 6. aydan sonra \u00fcye olmaya hak kazand\u0131m. \u00dcye i\u00e7in bu denetlemeyi yapan parti il, il\u00e7e ve genel merkez y\u00f6neticileri i\u00e7in bunu yap\u0131yor mu? B\u00f6yle bir adaletsizlik e\u015fitsizlik olabilir mi?Biz \u00fcyeler bu e\u015fitsizli\u011fi ortadan kald\u0131rmay\u0131 \u00e7al\u0131\u015faca\u011f\u0131z.<\/p>\n<p>Her kademedeki parti y\u00f6neticilerini, belediye kadrolar\u0131n\u0131 milletvekili kadrolar\u0131n\u0131 denetleyece\u011fiz. Parti hukukuna g\u00f6re se\u00e7ilmemi\u015f, parti hukukuna uymayanlar\u0131 bulunduklar\u0131 yerlerden uzakla\u015ft\u0131rmaya \u00e7al\u0131\u015faca\u011f\u0131z.<\/p>\n<p>Parti kadrolar\u0131 bir g\u00fcnde yeti\u015fmiyor. Bizlerin g\u00f6revi bilgili yetenekli erdemli kadrolar\u0131\u00a0 \u00e7o\u011faltmak olacakt\u0131r. Bu bilin\u00e7le hi\u00e7 kimseye haks\u0131zl\u0131k yapmadan ele\u015ftiri \u00f6zele\u015ftiri davran\u0131\u015f\u0131 i\u00e7inde denetleme g\u00f6revimizi yapaca\u011f\u0131z.<\/p>\n<p>Siyasal ya\u015famda; erdemlili\u011fe, \u00fcretkenli\u011fe, yetene\u011fe ve eme\u011fe uygun y\u00fckselmek esast\u0131r ilkesine g\u00f6re hareket edece\u011fiz.<\/p>\n<p>Partinin ilkelerini, program\u0131n\u0131, kurultay bildirgelerini ve kararlar\u0131n\u0131, se\u00e7im bildirgelerini, partinin genel ve yerel politikalar\u0131 ile hizmetleri hakk\u0131nda g\u00f6r\u00fc\u015flerimizle katk\u0131da bulunaca\u011f\u0131z. Bu g\u00f6r\u00fc\u015flerin yurtta\u015flara duyurmak da g\u00f6revimiz ve amac\u0131m\u0131z olacakt\u0131r<\/p>\n<p>Yurtta\u015flar\u0131n \u00fclke ve y\u00f6re sorunlar\u0131 ile ilgili g\u00f6r\u00fc\u015flerini partinin yetkili organlar\u0131na aktarmaya \u00e7al\u0131\u015faca\u011f\u0131z.<\/p>\n<p>Her T\u00fcrk vatanda\u015f\u0131 \u00fclke sorunlar\u0131yla ilgili g\u00f6r\u00fcs\u00fcn\u00fc\u00a0 s\u00f6yleme hakk\u0131 vard\u0131r. \u00dcye olarak, sorunlar ve g\u00fcndemdeki konularla ilgili fikirlerimizi s\u00f6yleyece\u011fiz.<\/p>\n<p>Her\u00a0 vatanda\u015f t\u00fcm partilerle ilgili olumlu yada olumsuz g\u00f6r\u00fc\u015f bildirme hakk\u0131na sahiptir. Haks\u0131zl\u0131k yapmadan \u00f6ncelikle\u00a0 kendi partimizden ba\u015flayarak bu hakk\u0131m\u0131z\u0131 \u00f6zg\u00fcrce kullanaca\u011f\u0131z.<\/p>\n<p>\u201cPartinin b\u00fct\u00fcn g\u00f6revleri, t\u00fcz\u00fck kurallar\u0131 i\u00e7inde, partililerin t\u00fcm\u00fcne a\u00e7\u0131kt\u0131r.Partili i\u00e7in ba\u015far\u0131, Partinin ba\u015far\u0131s\u0131d\u0131r. Siyasal eylem Partinin eylemidir.<\/p>\n<p>Partililer; \u00f6zel ya\u015famlar\u0131nda, g\u00f6revlerinde, i\u015flerinde ve \u00fcyesi bulunduklar\u0131 kurulu\u015flarda, Partinin ilkelerine ve do\u011frultusuna uygun davran\u0131rlar ve \u00e7al\u0131\u015f\u0131rlar.<\/p>\n<p>Partililer toplum hayat\u0131n\u0131n ve parti g\u00f6revlerinin gerektirdi\u011fi yetenekleri kazanmak; sorumluluk yerlerine, <strong>partinin ba\u015far\u0131l\u0131, bilgili ve yetenekli \u00fcyelerinin <\/strong>se\u00e7ilmelerini sa\u011flamak i\u00e7in s\u00fcrekli \u00e7aba harcarlar.<\/p>\n<p>Siyasal ya\u015famda; <strong>erdemlili\u011fe, \u00fcretkenli\u011fe, yetene\u011fe ve eme\u011fe uygun <\/strong><strong>y\u00fckselmek esast\u0131r.<\/strong> Partililer, bu ilkelere uymakla, parti y\u00f6neticileri de bu ilkeleri uygulamakla y\u00fck\u00fcml\u00fc ve sorumludurlar.\u201d<strong> T\u00fcz\u00fck Madde-5<\/strong><\/p>\n","protected":false},"excerpt":{"rendered":"<p>\u00c7ALI\u015eMA \u0130LKELER\u0130 \u00c7al\u0131\u015ftay da\u00a0 \u00f6ncelikle partimizin T\u00fcz\u00fck ve program\u0131n\u0131, kadrolar\u0131n\u0131 konu\u015faca\u011f\u0131z, buralardaki eksikliklerimizi d\u00fczeltece\u011fiz. Amac\u0131m\u0131z parti y\u00f6netimlerimize, TBMM grubumuza, belediye kadrolar\u0131na yard\u0131mc\u0131 olmakt\u0131r. Parti i\u00e7inde demokrasi yoksa \u00fclkede olmas\u0131 m\u00fcmk\u00fcn de\u011fildir.Bu da \u00fcyelerin parti y\u00f6netimine, karar ve \u00e7al\u0131\u015fmalar\u0131na kat\u0131l\u0131m\u0131yla m\u00fcmk\u00fcnd\u00fcr. &hellip; <a href=\"https:\/\/www.chpuye.com\/?page_id=52\">Okumaya devam et <span class=\"meta-nav\">&rarr;<\/span><\/a><\/p>\n","protected":false},"author":1,"featured_media":0,"parent":0,"menu_order":0,"comment_status":"open","ping_status":"open","template":"","meta":[],"_links":{"self":[{"href":"https:\/\/www.chpuye.com\/index.php?rest_route=\/wp\/v2\/pages\/52"}],"collection":[{"href":"https:\/\/www.chpuye.com\/index.php?rest_route=\/wp\/v2\/pages"}],"about":[{"href":"https:\/\/www.chpuye.com\/index.php?rest_route=\/wp\/v2\/types\/page"}],"author":[{"embeddable":true,"href":"https:\/\/www.chpuye.com\/index.php?rest_route=\/wp\/v2\/users\/1"}],"replies":[{"embeddable":true,"href":"https:\/\/www.chpuye.com\/index.php?rest_route=%2Fwp%2Fv2%2Fcomments&post=52"}],"version-history":[{"count":0,"href":"https:\/\/www.chpuye.com\/index.php?rest_route=\/wp\/v2\/pages\/52\/revisions"}],"wp:attachment":[{"href":"https:\/\/www.chpuye.com\/index.php?rest_route=%2Fwp%2Fv2%2Fmedia&parent=52"}],"curies":[{"name":"wp","href":"https:\/\/api.w.org\/{rel}","templated":true}]}}