{"id":405,"date":"2011-03-21T12:56:54","date_gmt":"2011-03-21T12:56:54","guid":{"rendered":"http:\/\/www.chpuye.com\/?page_id=405"},"modified":"2011-03-21T12:56:54","modified_gmt":"2011-03-21T12:56:54","slug":"calismalariyla-12-ile-31-siralardakiler","status":"publish","type":"page","link":"https:\/\/www.chpuye.com\/?page_id=405","title":{"rendered":"\u00c7al\u0131\u015fmalar\u0131yla 12.ile 31.s\u0131ralardakiler"},"content":{"rendered":"<p><strong><span style=\"color: #ff00ff;\"><span style=\"color: #ff0000;\">En \u00c7al\u0131\u015fkan 12.ile 31.s\u0131ra aras\u0131nda olanlar\u00a0\u00a0\u00a0\u00a0\u00a0\u00a0\u00a0\u00a0\u00a0 <\/span>A\u00a0\u00a0\u00a0\u00a0\u00a0\u00a0\u00a0\u00a0 B\u00a0\u00a0\u00a0\u00a0\u00a0\u00a0\u00a0\u00a0\u00a0 C\u00a0\u00a0\u00a0\u00a0\u00a0\u00a0\u00a0\u00a0\u00a0\u00a0 D<\/span><\/strong><\/p>\n<ol>\n<li><strong>YA\u015eAR A\u011eY\u00dcZ \u2013 GAZ\u0130ANTEP\u00a0\u00a0\u00a0\u00a0\u00a0\u00a0\u00a0\u00a0\u00a0\u00a0\u00a0\u00a0\u00a0\u00a0\u00a0\u00a0\u00a0\u00a0\u00a0\u00a0\u00a0\u00a0\u00a0\u00a0\u00a0\u00a0\u00a0\u00a0\u00a0\u00a0 1\u00a0\u00a0\u00a0\u00a0\u00a0\u00a0\u00a0\u00a0 10\u00a0\u00a0\u00a0\u00a0\u00a0\u00a0\u00a0 183\u00a0\u00a0\u00a0\u00a0\u00a0\u00a0 148<\/strong><\/li>\n<li><strong>KAMER GEN\u00c7 \u2013 TUNCEL\u0130\u00a0\u00a0\u00a0\u00a0\u00a0\u00a0\u00a0\u00a0\u00a0\u00a0\u00a0\u00a0\u00a0\u00a0\u00a0\u00a0\u00a0\u00a0\u00a0\u00a0\u00a0\u00a0\u00a0\u00a0\u00a0\u00a0\u00a0\u00a0\u00a0\u00a0\u00a0\u00a0 \u00a0\u00a0\u00a0\u00a0\u00a013\u00a0\u00a0\u00a0\u00a0\u00a0\u00a0 14\u00a0\u00a0\u00a0\u00a0\u00a0\u00a0\u00a0 149\u00a0\u00a0\u00a0\u00a0\u00a0\u00a0\u00a0\u00a0 7<\/strong><\/li>\n<li><strong>AHMET ERS\u0130N \u2013 \u0130ZM\u0130R\u00a0\u00a0\u00a0\u00a0\u00a0\u00a0\u00a0\u00a0\u00a0\u00a0\u00a0\u00a0 \u00a0\u00a0\u00a0\u00a0\u00a0\u00a0\u00a0\u00a0\u00a0\u00a0\u00a0\u00a0\u00a0\u00a0\u00a0\u00a0\u00a0\u00a0\u00a0\u00a0\u00a0\u00a0\u00a0\u00a0\u00a0\u00a0\u00a0\u00a0\u00a0\u00a0\u00a07\u00a0\u00a0\u00a0\u00a0\u00a0\u00a0\u00a0 44\u00a0\u00a0\u00a0\u00a0\u00a0\u00a0\u00a0\u00a0\u00a0\u00a0 2\u00a0\u00a0\u00a0\u00a0\u00a0\u00a0\u00a0 281<\/strong><\/li>\n<li><strong>\u00c7ET\u0130N SOYSAL \u2013 \u0130STANBUL\u00a0\u00a0\u00a0 \u00a0\u00a0\u00a0\u00a0\u00a0\u00a0\u00a0\u00a0\u00a0\u00a0\u00a0\u00a0\u00a0\u00a0\u00a0\u00a0\u00a0\u00a0\u00a0\u00a0\u00a0\u00a0\u00a0\u00a0\u00a0\u00a0\u00a0\u00a0\u00a0\u00a0\u00a01\u00a0\u00a0\u00a0\u00a0\u00a0\u00a0\u00a0\u00a0 15\u00a0\u00a0\u00a0\u00a0\u00a0\u00a0\u00a0\u00a0\u00a0\u00a0 0\u00a0\u00a0\u00a0\u00a0\u00a0\u00a0 276<\/strong><\/li>\n<li><strong>AL\u0130 \u0130HSAN K\u00d6KT\u00dcRK \u2013 ZONGULDAK\u00a0\u00a0\u00a0\u00a0\u00a0\u00a0\u00a0\u00a0\u00a0\u00a0\u00a0\u00a0\u00a0\u00a0\u00a0 3\u00a0\u00a0\u00a0\u00a0\u00a0\u00a0\u00a0\u00a0 23\u00a0\u00a0\u00a0\u00a0\u00a0\u00a0\u00a0\u00a0\u00a0\u00a00\u00a0\u00a0\u00a0\u00a0\u00a0\u00a0\u00a0 228<\/strong><\/li>\n<li><strong>ERG\u00dcN AYDO\u011eAN\u00a0\u00a0 &#8211; BALIKES\u0130R\u00a0\u00a0\u00a0\u00a0\u00a0\u00a0\u00a0\u00a0\u00a0\u00a0\u00a0\u00a0\u00a0\u00a0\u00a0\u00a0\u00a0\u00a0\u00a0\u00a0\u00a0\u00a0\u00a0\u00a0 1\u00a0\u00a0\u00a0\u00a0\u00a0\u00a0\u00a0\u00a0\u00a0 16\u00a0\u00a0\u00a0\u00a0\u00a0\u00a0\u00a0\u00a0\u00a0 6\u00a0\u00a0\u00a0\u00a0\u00a0\u00a0\u00a0 212<\/strong><\/li>\n<li><strong>FEVZ\u0130 TOPUZ \u2013 MU\u011eLA\u00a0\u00a0\u00a0\u00a0\u00a0\u00a0\u00a0\u00a0\u00a0\u00a0\u00a0\u00a0\u00a0\u00a0\u00a0\u00a0\u00a0\u00a0\u00a0\u00a0\u00a0\u00a0\u00a0\u00a0\u00a0\u00a0\u00a0\u00a0\u00a0\u00a0\u00a0\u00a0\u00a0\u00a0\u00a0\u00a0\u00a0\u00a0\u00a0\u00a0\u00a0\u00a0 5\u00a0\u00a0\u00a0\u00a0\u00a0\u00a0\u00a0\u00a0 22\u00a0\u00a0\u00a0\u00a0\u00a0\u00a0\u00a0\u00a0\u00a0\u00a0 0\u00a0\u00a0\u00a0\u00a0\u00a0\u00a0 222<\/strong><\/li>\n<li><strong>TURGUT D\u0130BEK\u00a0 &#8211; KIRKLAREL\u0130\u00a0\u00a0\u00a0\u00a0\u00a0\u00a0\u00a0\u00a0\u00a0\u00a0\u00a0\u00a0\u00a0\u00a0\u00a0\u00a0\u00a0\u00a0\u00a0\u00a0\u00a0\u00a0\u00a0\u00a0\u00a0\u00a0\u00a0 1\u00a0\u00a0\u00a0\u00a0\u00a0\u00a0 28\u00a0\u00a0\u00a0\u00a0\u00a0\u00a0\u00a0\u00a0\u00a0\u00a0\u00a0 0\u00a0\u00a0\u00a0\u00a0\u00a0\u00a0 211<\/strong><\/li>\n<li><strong>SAC\u0130D YILDIZ\u00a0 &#8211; \u0130STANBUL\u00a0\u00a0\u00a0\u00a0\u00a0\u00a0\u00a0\u00a0\u00a0\u00a0\u00a0\u00a0\u00a0\u00a0\u00a0\u00a0\u00a0\u00a0\u00a0\u00a0\u00a0\u00a0\u00a0\u00a0\u00a0\u00a0\u00a0\u00a0\u00a0\u00a0\u00a0\u00a0\u00a0\u00a0\u00a0\u00a0\u00a05\u00a0\u00a0\u00a0\u00a0\u00a0\u00a0\u00a0 45\u00a0\u00a0\u00a0\u00a0\u00a0\u00a0\u00a0\u00a0 10\u00a0\u00a0\u00a0\u00a0\u00a0\u00a0 194<\/strong><\/li>\n<li><strong>SEL\u00c7UK AYHAN \u2013 \u0130ZM\u0130R\u00a0\u00a0\u00a0\u00a0\u00a0\u00a0\u00a0\u00a0\u00a0 \u00a0\u00a0\u00a0\u00a0\u00a0\u00a0\u00a0\u00a0\u00a0\u00a0\u00a0\u00a0\u00a0\u00a0\u00a0\u00a0\u00a0\u00a0\u00a0\u00a0\u00a0\u00a0\u00a0\u00a0\u00a0\u00a0\u00a0\u00a0\u00a0\u00a0\u00a04\u00a0\u00a0\u00a0\u00a0\u00a0\u00a0\u00a0 30\u00a0\u00a0\u00a0\u00a0\u00a0\u00a0\u00a0\u00a0\u00a0\u00a0\u00a00\u00a0\u00a0\u00a0\u00a0\u00a0\u00a0 150<\/strong><\/li>\n<li><strong>MUHAMMET RIZA YAL\u00c7INKAYA- BARTIN\u00a0\u00a0\u00a0\u00a0\u00a0 6\u00a0\u00a0\u00a0\u00a0\u00a0\u00a0\u00a0\u00a0 23\u00a0\u00a0\u00a0\u00a0\u00a0\u00a0\u00a0\u00a0\u00a0\u00a0 0\u00a0\u00a0\u00a0\u00a0\u00a0\u00a0\u00a0 130<\/strong><\/li>\n<li><strong>AK\u0130F EK\u0130C\u0130\u00a0\u00a0 &#8211; GAZ\u0130ANTEP\u00a0\u00a0\u00a0\u00a0\u00a0\u00a0\u00a0 \u00a0\u00a0\u00a0\u00a0\u00a0\u00a0\u00a0\u00a0\u00a0\u00a0\u00a0\u00a0\u00a0\u00a0\u00a0\u00a0\u00a0\u00a0\u00a0\u00a0\u00a0\u00a0\u00a0\u00a0\u00a0\u00a0\u00a0\u00a0\u00a0\u00a03\u00a0\u00a0\u00a0\u00a0\u00a0\u00a0\u00a0\u00a0 28\u00a0\u00a0\u00a0\u00a0\u00a0\u00a0\u00a0\u00a0 11\u00a0\u00a0\u00a0\u00a0\u00a0\u00a0\u00a0 119<\/strong><\/li>\n<li><strong>ABDULLAH \u00d6ZER \u2013 BURSA\u00a0\u00a0\u00a0\u00a0\u00a0\u00a0\u00a0\u00a0\u00a0\u00a0\u00a0\u00a0\u00a0\u00a0\u00a0\u00a0\u00a0\u00a0\u00a0\u00a0\u00a0\u00a0\u00a0\u00a0\u00a0\u00a0\u00a0\u00a0\u00a0\u00a0\u00a0\u00a0\u00a0\u00a0\u00a0\u00a0\u00a0 1\u00a0\u00a0\u00a0\u00a0\u00a0\u00a0\u00a0\u00a0 18\u00a0\u00a0\u00a0\u00a0\u00a0\u00a0\u00a0\u00a0\u00a0\u00a0 0\u00a0\u00a0\u00a0\u00a0\u00a0\u00a0 123<\/strong><\/li>\n<li><strong>AL\u0130 ARSLAN \u2013 MU\u011eLA\u00a0\u00a0\u00a0\u00a0\u00a0\u00a0\u00a0\u00a0\u00a0\u00a0\u00a0\u00a0\u00a0\u00a0\u00a0\u00a0\u00a0\u00a0\u00a0\u00a0\u00a0\u00a0\u00a0\u00a0\u00a0\u00a0\u00a0\u00a0\u00a0\u00a0\u00a0\u00a0\u00a0\u00a0\u00a0\u00a0\u00a0\u00a0\u00a0\u00a0\u00a0\u00a0\u00a0\u00a0\u00a0 0\u00a0\u00a0\u00a0\u00a0\u00a0\u00a0 \u00a0\u00a0\u00a06\u00a0\u00a0\u00a0\u00a0\u00a0\u00a0\u00a0\u00a0\u00a0\u00a0\u00a0 0\u00a0\u00a0\u00a0\u00a0\u00a0\u00a0 127<\/strong><\/li>\n<li><strong>TANSEL BARI\u015e\u00a0\u00a0\u00a0 &#8211; KIRKLAREL\u0130\u00a0\u00a0\u00a0\u00a0\u00a0\u00a0\u00a0\u00a0\u00a0\u00a0\u00a0\u00a0\u00a0\u00a0\u00a0\u00a0\u00a0\u00a0\u00a0\u00a0\u00a0\u00a0\u00a0\u00a0\u00a0\u00a0\u00a0 4\u00a0\u00a0\u00a0\u00a0 \u00a0\u00a0\u00a020\u00a0\u00a0\u00a0\u00a0\u00a0\u00a0\u00a0\u00a0\u00a0\u00a02\u00a0\u00a0\u00a0\u00a0\u00a0\u00a0 115<\/strong><\/li>\n<li><strong>KIVILCIM KEMAL ANADOL \u2013 \u0130ZM\u0130R\u00a0\u00a0\u00a0\u00a0\u00a0\u00a0\u00a0\u00a0\u00a0\u00a0\u00a0\u00a0\u00a0\u00a0\u00a0\u00a0\u00a0\u00a0\u00a05\u00a0\u00a0\u00a0\u00a0\u00a0\u00a0\u00a0\u00a0 5\u00a0\u00a0\u00a0\u00a0\u00a0\u00a0\u00a0\u00a0\u00a0\u00a0\u00a0\u00a0 0\u00a0\u00a0\u00a0\u00a0\u00a0\u00a0 114<\/strong><\/li>\n<li><strong>\u0130SA G\u00d6K\u00a0 &#8211; MERS\u0130N\u00a0\u00a0\u00a0\u00a0\u00a0\u00a0\u00a0\u00a0\u00a0\u00a0\u00a0\u00a0\u00a0\u00a0\u00a0\u00a0\u00a0\u00a0\u00a0\u00a0\u00a0\u00a0\u00a0\u00a0\u00a0\u00a0\u00a0\u00a0\u00a0\u00a0\u00a0\u00a0\u00a0\u00a0\u00a0\u00a0\u00a0\u00a0\u00a0\u00a0\u00a0\u00a0\u00a0\u00a0\u00a0\u00a0\u00a0\u00a0\u00a0\u00a0\u00a0\u00a0 5\u00a0\u00a0\u00a0 \u00a0\u00a0\u00a0\u00a040\u00a0\u00a0\u00a0\u00a0\u00a0\u00a0\u00a0 9\u00a0\u00a0\u00a0\u00a0\u00a0 \u00a0110<\/strong><\/li>\n<li><strong>DURDU \u00d6ZBOLAT \u2013 KAHRAMANMARA\u015e\u00a0\u00a0\u00a0\u00a0\u00a0\u00a0\u00a0\u00a0\u00a0\u00a0\u00a09\u00a0\u00a0\u00a0\u00a0 \u00a0\u00a0\u00a040\u00a0\u00a0\u00a0\u00a0\u00a0\u00a0\u00a0\u00a0\u00a00\u00a0\u00a0\u00a0\u00a0\u00a0\u00a0 107<\/strong><\/li>\n<li><strong>MEHMET \u015eEVK\u0130 KULKULO\u011eLU \u2013 KAYSER\u0130\u00a0\u00a0\u00a0\u00a01\u00a0\u00a0\u00a0\u00a0\u00a0\u00a0 10\u00a0\u00a0\u00a0\u00a0\u00a0\u00a0\u00a0\u00a0\u00a0\u00a0\u00a0\u00a0 0\u00a0\u00a0\u00a0\u00a0\u00a0\u00a0\u00a0 107<\/strong><\/li>\n<li><strong>RAMAZAN KER\u0130M \u00d6ZKAN \u2013 BURDUR\u00a0\u00a0\u00a0\u00a0\u00a0\u00a0\u00a0\u00a0\u00a0\u00a0\u00a0\u00a0\u00a0\u00a0\u00a0\u00a0\u00a04\u00a0\u00a0\u00a0\u00a0\u00a0\u00a0 40\u00a0\u00a0\u00a0\u00a0\u00a0\u00a0\u00a0\u00a0\u00a0\u00a0\u00a0 0\u00a0\u00a0\u00a0\u00a0\u00a0\u00a0\u00a0 100<br \/>\n<\/strong><span style=\"color: #ff0000;\">K\u0131yas i\u00e7inde ilk 11 in sondan 3 \u00fc verelim<\/span><br \/>\n\u00a0\u00a0\u00a0\u00a0\u00a0 1.<strong>AL\u0130 RIZA \u00d6ZT\u00dcRK \u2013 MERS\u0130N\u00a0\u00a0\u00a0\u00a0\u00a0\u00a0\u00a0\u00a0\u00a0\u00a0\u00a0\u00a0\u00a0\u00a0\u00a0\u00a0\u00a0\u00a0\u00a0\u00a0\u00a0\u00a0\u00a0\u00a0\u00a08\u00a0\u00a0\u00a0\u00a0\u00a0\u00a0\u00a0 40\u00a0\u00a0\u00a0\u00a0\u00a0\u00a0\u00a0\u00a0 \u00a00\u00a0\u00a0\u00a0\u00a0\u00a0\u00a0\u00a0 \u00a0367<\/strong><br \/>\n\u00a0\u00a0\u00a0\u00a0\u00a02.<strong>MUHARREM \u0130NCE \u2013 YALOVA\u00a0\u00a0\u00a0\u00a0\u00a0\u00a0\u00a0\u00a0\u00a0\u00a0\u00a0\u00a0\u00a0\u00a0\u00a0\u00a0\u00a0\u00a0\u00a0\u00a0\u00a0\u00a0\u00a0\u00a0\u00a0\u00a07\u00a0\u00a0\u00a0\u00a0\u00a0\u00a0\u00a0 19\u00a0\u00a0\u00a0\u00a0\u00a0\u00a0\u00a0\u00a0\u00a0\u00a02\u00a0\u00a0\u00a0\u00a0\u00a0\u00a0 \u00a0317<\/strong><br \/>\n\u00a0\u00a0\u00a0\u00a0\u00a0\u00a03.<strong>H\u00dcSN\u00dc \u00c7\u00d6LL\u00dc\u00a0\u00a0 \u2013 ANTALYA<\/strong>\u00a0\u00a0\u00a0\u00a0\u00a0\u00a0\u00a0\u00a0\u00a0\u00a0\u00a0\u00a0\u00a0\u00a0\u00a0\u00a0\u00a0\u00a0\u00a0\u00a0\u00a0\u00a0\u00a0\u00a0\u00a0\u00a03\u00a0\u00a0\u00a0\u00a0\u00a0\u00a0\u00a0 31\u00a0\u00a0\u00a0\u00a0\u00a0\u00a0\u00a0\u00a0\u00a012\u00a0\u00a0\u00a0\u00a0\u00a0\u00a0\u00a0 270<br \/>\n<span style=\"color: #ff00ff;\">A-\u0130lk \u0130mza Sahibi Oldu\u011fu Kanun Teklifleri<\/span><br \/>\n<span style=\"color: #ff00ff;\">B-\u0130mzas\u0131n\u0131n Bulundu\u011fu Teklifler<\/span><br \/>\n<span style=\"color: #ff00ff;\">C-S\u00f6zl\u00fc Soru \u00d6nergeleri<\/span><br \/>\n<span style=\"color: #ff00ff;\">D-Yaz\u0131l\u0131 Soru \u00d6nergeleri<\/span><br \/>\nBu listede yer alan\u00a0 Millet vekillerimiz TBMM sinde yapt\u0131klar\u0131 basarili \u00e7al\u0131\u015fmalar\u0131yla\u00a0 101 ki\u015fi i\u00e7inde 12. ve 32. s\u0131ralar aras\u0131nda yer almaktad\u0131r. <strong>YA\u015eAR A\u011eY\u00dcZ, AL\u0130 \u0130HSAN K\u00d6KT\u00dcRK, TURGUT D\u0130BEK ,<\/strong> SEL\u00c7UK AYHAN<strong> , AL\u0130 ARSLAN,<\/strong> TANSEL BARI\u015e,<strong> \u0130SA G\u00d6K\u00a0 PM \u2018inde g\u00f6rev yapmaktad\u0131r.<\/strong>\u00a0 K\u0131yaslamak i\u00e7in verilen 3 ki\u015fi PM sinde yok.Takdir sizlerin\u00a0\u00a0\u00a0<br \/>\n\u00a0<strong>chpuye.com<\/strong><\/li>\n<\/ol>\n","protected":false},"excerpt":{"rendered":"<p>En \u00c7al\u0131\u015fkan 12.ile 31.s\u0131ra aras\u0131nda olanlar\u00a0\u00a0\u00a0\u00a0\u00a0\u00a0\u00a0\u00a0\u00a0 A\u00a0\u00a0\u00a0\u00a0\u00a0\u00a0\u00a0\u00a0 B\u00a0\u00a0\u00a0\u00a0\u00a0\u00a0\u00a0\u00a0\u00a0 C\u00a0\u00a0\u00a0\u00a0\u00a0\u00a0\u00a0\u00a0\u00a0\u00a0 D YA\u015eAR A\u011eY\u00dcZ \u2013 GAZ\u0130ANTEP\u00a0\u00a0\u00a0\u00a0\u00a0\u00a0\u00a0\u00a0\u00a0\u00a0\u00a0\u00a0\u00a0\u00a0\u00a0\u00a0\u00a0\u00a0\u00a0\u00a0\u00a0\u00a0\u00a0\u00a0\u00a0\u00a0\u00a0\u00a0\u00a0\u00a0 1\u00a0\u00a0\u00a0\u00a0\u00a0\u00a0\u00a0\u00a0 10\u00a0\u00a0\u00a0\u00a0\u00a0\u00a0\u00a0 183\u00a0\u00a0\u00a0\u00a0\u00a0\u00a0 148 KAMER GEN\u00c7 \u2013 TUNCEL\u0130\u00a0\u00a0\u00a0\u00a0\u00a0\u00a0\u00a0\u00a0\u00a0\u00a0\u00a0\u00a0\u00a0\u00a0\u00a0\u00a0\u00a0\u00a0\u00a0\u00a0\u00a0\u00a0\u00a0\u00a0\u00a0\u00a0\u00a0\u00a0\u00a0\u00a0\u00a0\u00a0 \u00a0\u00a0\u00a0\u00a0\u00a013\u00a0\u00a0\u00a0\u00a0\u00a0\u00a0 14\u00a0\u00a0\u00a0\u00a0\u00a0\u00a0\u00a0 149\u00a0\u00a0\u00a0\u00a0\u00a0\u00a0\u00a0\u00a0 7 AHMET ERS\u0130N \u2013 \u0130ZM\u0130R\u00a0\u00a0\u00a0\u00a0\u00a0\u00a0\u00a0\u00a0\u00a0\u00a0\u00a0\u00a0 \u00a0\u00a0\u00a0\u00a0\u00a0\u00a0\u00a0\u00a0\u00a0\u00a0\u00a0\u00a0\u00a0\u00a0\u00a0\u00a0\u00a0\u00a0\u00a0\u00a0\u00a0\u00a0\u00a0\u00a0\u00a0\u00a0\u00a0\u00a0\u00a0\u00a0\u00a07\u00a0\u00a0\u00a0\u00a0\u00a0\u00a0\u00a0 44\u00a0\u00a0\u00a0\u00a0\u00a0\u00a0\u00a0\u00a0\u00a0\u00a0 2\u00a0\u00a0\u00a0\u00a0\u00a0\u00a0\u00a0 281 \u00c7ET\u0130N SOYSAL \u2013 \u0130STANBUL\u00a0\u00a0\u00a0 \u00a0\u00a0\u00a0\u00a0\u00a0\u00a0\u00a0\u00a0\u00a0\u00a0\u00a0\u00a0\u00a0\u00a0\u00a0\u00a0\u00a0\u00a0\u00a0\u00a0\u00a0\u00a0\u00a0\u00a0\u00a0\u00a0\u00a0\u00a0\u00a0\u00a0\u00a01\u00a0\u00a0\u00a0\u00a0\u00a0\u00a0\u00a0\u00a0 15\u00a0\u00a0\u00a0\u00a0\u00a0\u00a0\u00a0\u00a0\u00a0\u00a0 &hellip; <a href=\"https:\/\/www.chpuye.com\/?page_id=405\">Okumaya devam et <span class=\"meta-nav\">&rarr;<\/span><\/a><\/p>\n","protected":false},"author":1,"featured_media":0,"parent":250,"menu_order":0,"comment_status":"open","ping_status":"open","template":"","meta":[],"_links":{"self":[{"href":"https:\/\/www.chpuye.com\/index.php?rest_route=\/wp\/v2\/pages\/405"}],"collection":[{"href":"https:\/\/www.chpuye.com\/index.php?rest_route=\/wp\/v2\/pages"}],"about":[{"href":"https:\/\/www.chpuye.com\/index.php?rest_route=\/wp\/v2\/types\/page"}],"author":[{"embeddable":true,"href":"https:\/\/www.chpuye.com\/index.php?rest_route=\/wp\/v2\/users\/1"}],"replies":[{"embeddable":true,"href":"https:\/\/www.chpuye.com\/index.php?rest_route=%2Fwp%2Fv2%2Fcomments&post=405"}],"version-history":[{"count":0,"href":"https:\/\/www.chpuye.com\/index.php?rest_route=\/wp\/v2\/pages\/405\/revisions"}],"up":[{"embeddable":true,"href":"https:\/\/www.chpuye.com\/index.php?rest_route=\/wp\/v2\/pages\/250"}],"wp:attachment":[{"href":"https:\/\/www.chpuye.com\/index.php?rest_route=%2Fwp%2Fv2%2Fmedia&parent=405"}],"curies":[{"name":"wp","href":"https:\/\/api.w.org\/{rel}","templated":true}]}}