{"id":350,"date":"2011-03-18T12:48:15","date_gmt":"2011-03-18T12:48:15","guid":{"rendered":"http:\/\/www.chpuye.com\/?page_id=350"},"modified":"2011-03-18T12:48:15","modified_gmt":"2011-03-18T12:48:15","slug":"tekrar-aday-olmaya-bu-calismalar-yeterli-mi","status":"publish","type":"page","link":"https:\/\/www.chpuye.com\/?page_id=350","title":{"rendered":"Tekrar  aday olmaya, bu \u00e7al\u0131\u015fmalar yeterli m\u0131?"},"content":{"rendered":"<p>\u00a0\u00a0\u00a0\u00a0\u00a0\u00a0\u00a0\u00a0\u00a0 <span style=\"color: #ff0000;\">Aday olmaya, bu \u00e7al\u0131\u015fmalar yeterli m\u0131?\u00a0<\/span>\u00a0\u00a0\u00a0\u00a0\u00a0\u00a0\u00a0\u00a0\u00a0\u00a0\u00a0\u00a0\u00a0\u00a0\u00a0 \u00a0<span style=\"color: #ff00ff;\">A\u00a0\u00a0\u00a0\u00a0\u00a0\u00a0\u00a0 \u00a0B\u00a0\u00a0<\/span>\u00a0\u00a0\u00a0\u00a0\u00a0<span style=\"color: #ff00ff;\">\u00a0\u00a0 C\u00a0\u00a0\u00a0\u00a0\u00a0\u00a0\u00a0 D<\/span><br \/>\n1.\u00a0\u00a0\u00a0\u00a0\u00a0 FATMA NUR SERTER \u2013 \u0130ST.\u00a0\u00a0 PM sinde\u00a0\u00a0\u00a0\u00a0\u00a0\u00a0\u00a0\u00a0\u00a0\u00a0\u00a0\u00a0\u00a0\u00a0 2\u00a0\u00a0\u00a0\u00a0\u00a0\u00a0\u00a0\u00a0 15\u00a0\u00a0\u00a0\u00a0\u00a0\u00a0\u00a0\u00a0\u00a0 1\u00a0\u00a0\u00a0\u00a0\u00a0\u00a0 15<br \/>\n2.\u00a0\u00a0\u00a0\u00a0\u00a0 B\u0130HLUN TAMAYLIG\u0130L\u00a0 \u0130ST.\u00a0 Genel sek.\u00a0\u00a0\u00a0\u00a0\u00a0\u00a0\u00a0\u00a0\u00a0\u00a0\u00a0\u00a0 \u00a00\u00a0\u00a0\u00a0\u00a0\u00a0\u00a0\u00a0\u00a0 7\u00a0\u00a0\u00a0\u00a0\u00a0\u00a0\u00a0\u00a0\u00a0\u00a0\u00a0 0\u00a0\u00a0\u00a0\u00a0\u00a0\u00a0 25<br \/>\n3.\u00a0\u00a0\u00a0\u00a0\u00a0 NECLA ARAT \u2013 \u0130STANBUL\u00a0\u00a0\u00a0\u00a0\u00a0\u00a0\u00a0\u00a0\u00a0\u00a0\u00a0\u00a0\u00a0\u00a0\u00a0\u00a0\u00a0\u00a0\u00a0\u00a0\u00a0\u00a0\u00a0\u00a0\u00a0\u00a0\u00a0\u00a0\u00a0\u00a0\u00a0\u00a0\u00a0\u00a0\u00a0\u00a0\u00a00\u00a0\u00a0\u00a0\u00a0\u00a0\u00a0\u00a0 15\u00a0\u00a0\u00a0\u00a0\u00a0\u00a0\u00a0\u00a0\u00a0\u00a0 6\u00a0\u00a0\u00a0\u00a0\u00a0\u00a0\u00a0\u00a0 22<br \/>\n4.\u00a0\u00a0\u00a0\u00a0\u00a0 HARUN \u00d6ZT\u00dcRK \u2013 \u0130ZM\u0130R\u00a0\u00a0\u00a0\u00a0\u00a0\u00a0\u00a0\u00a0\u00a0\u00a0\u00a0\u00a0\u00a0\u00a0\u00a0\u00a0\u00a0\u00a0\u00a0\u00a0\u00a0\u00a0\u00a0\u00a0\u00a0\u00a0\u00a0\u00a0\u00a0\u00a0\u00a0\u00a0\u00a0\u00a0\u00a0\u00a0\u00a0 1\u00a0\u00a0\u00a0\u00a0\u00a0\u00a0\u00a0\u00a0 6\u00a0\u00a0\u00a0\u00a0\u00a0\u00a0\u00a0\u00a0\u00a0\u00a0\u00a0\u00a0 0\u00a0\u00a0\u00a0\u00a0\u00a0\u00a0\u00a0 15<br \/>\n5.\u00a0\u00a0\u00a0\u00a0\u00a0 AL\u0130 OKSAL\u00a0\u00a0\u00a0 &#8211; MERS\u0130N\u00a0\u00a0\u00a0\u00a0\u00a0\u00a0\u00a0\u00a0\u00a0\u00a0\u00a0\u00a0\u00a0\u00a0\u00a0\u00a0\u00a0\u00a0\u00a0\u00a0\u00a0\u00a0\u00a0\u00a0\u00a0\u00a0\u00a0\u00a0\u00a0\u00a0\u00a0\u00a0\u00a0\u00a0\u00a0\u00a0\u00a0\u00a0\u00a0\u00a0\u00a0\u00a0\u00a0 2\u00a0\u00a0\u00a0\u00a0\u00a0\u00a0\u00a0 22\u00a0\u00a0\u00a0\u00a0\u00a0\u00a0\u00a0\u00a0\u00a0\u00a0\u00a0\u00a0 0\u00a0\u00a0 \u00a0\u00a0\u00a0\u00a0\u00a0\u00a0\u00a05<br \/>\n6.\u00a0\u00a0\u00a0\u00a0\u00a0 SUAT B\u0130N\u0130C\u0130 \u2013 SAMSUN\u00a0\u00a0\u00a0\u00a0\u00a0\u00a0\u00a0\u00a0\u00a0\u00a0\u00a0\u00a0\u00a0\u00a0\u00a0\u00a0\u00a0\u00a0\u00a0\u00a0\u00a0\u00a0\u00a0\u00a0\u00a0\u00a0\u00a0\u00a0\u00a0\u00a0\u00a0\u00a0\u00a0\u00a0\u00a0\u00a0\u00a0\u00a0\u00a0\u00a0\u00a0 1\u00a0\u00a0\u00a0\u00a0\u00a0\u00a0\u00a0\u00a0 2\u00a0\u00a0\u00a0\u00a0\u00a0\u00a0\u00a0\u00a0\u00a0\u00a0\u00a0\u00a0\u00a0 0\u00a0\u00a0\u00a0\u00a0\u00a0\u00a0\u00a0 14<br \/>\n7.\u00a0\u00a0\u00a0\u00a0\u00a0 ORHAN Z\u0130YA D\u0130REN \u2013 TOKAT\u00a0\u00a0\u00a0\u00a0\u00a0\u00a0\u00a0\u00a0\u00a0\u00a0\u00a0\u00a0\u00a0\u00a0\u00a0\u00a0\u00a0\u00a0\u00a0\u00a0\u00a0\u00a0\u00a0\u00a0\u00a0\u00a0\u00a0\u00a0\u00a0 1\u00a0\u00a0\u00a0\u00a0\u00a0\u00a0\u00a0 11\u00a0\u00a0\u00a0\u00a0\u00a0\u00a0\u00a0\u00a0\u00a0\u00a0\u00a0 0\u00a0\u00a0\u00a0\u00a0\u00a0\u00a0\u00a0\u00a0 11<br \/>\n8.\u00a0\u00a0\u00a0\u00a0\u00a0 E\u015eREF KARA\u0130BRAH\u0130M \u2013 G\u0130RESUN\u00a0\u00a0\u00a0\u00a0\u00a0\u00a0\u00a0\u00a0\u00a0\u00a0\u00a0\u00a0\u00a0\u00a0\u00a0\u00a0\u00a0\u00a0\u00a0\u00a0\u00a0\u00a0 2\u00a0\u00a0\u00a0\u00a0\u00a0\u00a0\u00a0\u00a0 11\u00a0\u00a0\u00a0\u00a0\u00a0\u00a0\u00a0\u00a0\u00a0\u00a0 0\u00a0\u00a0\u00a0\u00a0\u00a0\u00a0\u00a0\u00a0 23<br \/>\n9.\u00a0\u00a0\u00a0\u00a0\u00a0 G\u00d6KHAN DURGUN\u00a0 &#8211; HATAY\u00a0\u00a0\u00a0\u00a0\u00a0\u00a0\u00a0\u00a0\u00a0\u00a0\u00a0\u00a0\u00a0\u00a0\u00a0\u00a0\u00a0\u00a0\u00a0\u00a0\u00a0\u00a0\u00a0\u00a0\u00a0\u00a0\u00a0\u00a0\u00a0\u00a0\u00a0\u00a0 0\u00a0\u00a0\u00a0\u00a0\u00a0\u00a0\u00a0\u00a0 30\u00a0\u00a0\u00a0\u00a0\u00a0\u00a0\u00a0\u00a0\u00a0\u00a0 0\u00a0\u00a0\u00a0\u00a0\u00a0\u00a0\u00a0 21<br \/>\n10.\u00a0 ABDULAZ\u0130Z YAZAR \u2013 HATAY\u00a0\u00a0\u00a0\u00a0\u00a0\u00a0\u00a0\u00a0\u00a0\u00a0\u00a0\u00a0\u00a0\u00a0\u00a0\u00a0\u00a0\u00a0\u00a0\u00a0\u00a0\u00a0\u00a0\u00a0\u00a0\u00a0\u00a0\u00a0\u00a0\u00a0\u00a0\u00a0\u00a0 1\u00a0\u00a0\u00a0\u00a0\u00a0\u00a0\u00a0\u00a0 30\u00a0\u00a0\u00a0\u00a0\u00a0\u00a0\u00a0\u00a0\u00a0\u00a0 0\u00a0\u00a0\u00a0\u00a0\u00a0\u00a0\u00a0 17<br \/>\n11.\u00a0 HAKKI SUHA OKAY \u2013 ANKARA\u00a0\u00a0\u00a0\u00a0\u00a0\u00a0\u00a0\u00a0\u00a0\u00a0\u00a0\u00a0\u00a0 \u00a0\u00a0\u00a0\u00a0\u00a0\u00a0\u00a0\u00a0\u00a0\u00a0\u00a0\u00a0\u00a0\u00a0\u00a0\u00a0 4\u00a0\u00a0\u00a0\u00a0\u00a0\u00a0\u00a0\u00a0\u00a0\u00a0 5\u00a0\u00a0\u00a0\u00a0\u00a0\u00a0\u00a0\u00a0\u00a0\u00a0\u00a0 0\u00a0\u00a0\u00a0\u00a0\u00a0\u00a0\u00a0 19<br \/>\n12.\u00a0 MAL\u0130K ECDER \u00d6ZDEM\u0130R \u2013 S\u0130VAS\u00a0\u00a0\u00a0\u00a0\u00a0\u00a0\u00a0\u00a0\u00a0\u00a0\u00a0\u00a0\u00a0\u00a0\u00a0\u00a0\u00a0\u00a0\u00a0\u00a0\u00a0\u00a0\u00a0\u00a0\u00a0\u00a05\u00a0\u00a0\u00a0\u00a0\u00a0\u00a0\u00a0\u00a0 12\u00a0\u00a0\u00a0\u00a0\u00a0\u00a0\u00a0\u00a0\u00a0\u00a0 0\u00a0\u00a0\u00a0\u00a0\u00a0\u00a0\u00a0 26<br \/>\n13.\u00a0 EN\u0130S T\u00dcT\u00dcNC\u00dc \u2013 TEK\u0130RDA\u011e\u00a0\u00a0\u00a0\u00a0\u00a0\u00a0\u00a0\u00a0\u00a0\u00a0\u00a0\u00a0\u00a0\u00a0\u00a0\u00a0\u00a0\u00a0\u00a0\u00a0\u00a0\u00a0\u00a0\u00a0\u00a0\u00a0\u00a0\u00a0\u00a0\u00a0\u00a0\u00a0\u00a0\u00a05\u00a0\u00a0\u00a0\u00a0\u00a0\u00a0\u00a0\u00a0 25\u00a0\u00a0\u00a0\u00a0\u00a0\u00a0\u00a0\u00a0\u00a0\u00a0\u00a0 0\u00a0\u00a0\u00a0\u00a0\u00a0\u00a0\u00a0 26<br \/>\n14.\u00a0 VAHAP SE\u00c7ER\u00a0 \u2013 MERS\u0130N\u00a0\u00a0\u00a0\u00a0\u00a0\u00a0\u00a0\u00a0\u00a0\u00a0\u00a0\u00a0\u00a0\u00a0\u00a0\u00a0\u00a0\u00a0\u00a0\u00a0\u00a0\u00a0\u00a0\u00a0\u00a0\u00a0\u00a0\u00a0\u00a0\u00a0\u00a0\u00a0\u00a0\u00a0\u00a0\u00a0\u00a0\u00a0\u00a0\u00a0 0\u00a0\u00a0\u00a0\u00a0\u00a0\u00a0\u00a0\u00a0 31\u00a0\u00a0\u00a0\u00a0\u00a0\u00a0\u00a0\u00a0\u00a0\u00a0\u00a0\u00a0 0\u00a0\u00a0\u00a0\u00a0\u00a0\u00a0\u00a0 21<br \/>\n15.\u00a0 AHMET TAN\u00a0 &#8211; \u0130STANBUL\u00a0\u00a0\u00a0\u00a0\u00a0\u00a0\u00a0\u00a0\u00a0\u00a0\u00a0\u00a0\u00a0\u00a0\u00a0\u00a0\u00a0\u00a0\u00a0\u00a0\u00a0\u00a0\u00a0\u00a0\u00a0\u00a0\u00a0\u00a0\u00a0\u00a0\u00a0\u00a0\u00a0\u00a0\u00a0\u00a0\u00a0\u00a0\u00a0 0\u00a0\u00a0\u00a0\u00a0\u00a0\u00a0\u00a0\u00a0\u00a0\u00a0 1\u00a0\u00a0\u00a0\u00a0\u00a0\u00a0\u00a0\u00a0\u00a0\u00a0\u00a0\u00a0 0\u00a0\u00a0\u00a0\u00a0\u00a0\u00a0\u00a0\u00a0\u00a0 35<br \/>\n\u00a0\u00a0\u00a0\u00a0\u00a0 <span style=\"color: #ff0000;\">\u0130ste 3 \u00f6rnek k\u0131yaslay\u0131n<\/span><br \/>\n<strong>\u00a0\u00a0\u00a0 C\u00c2N\u00c2N AR\u0130TMAN- \u0130ZM\u0130R\u00a0\u00a0\u00a0\u00a0\u00a0\u00a0\u00a0\u00a0\u00a0\u00a0\u00a0\u00a0\u00a0\u00a0\u00a0\u00a0\u00a0\u00a0\u00a0\u00a0\u00a0\u00a0\u00a0\u00a0\u00a0\u00a0\u00a0\u00a0\u00a0\u00a0\u00a0\u00a0\u00a0\u00a0\u00a0\u00a0\u00a0\u00a0\u00a06\u00a0\u00a0\u00a0\u00a0\u00a0\u00a0\u00a0 23\u00a0\u00a0\u00a0\u00a0\u00a0\u00a0\u00a0\u00a0\u00a0\u00a0\u00a0 0\u00a0\u00a0\u00a0\u00a0\u00a0\u00a0\u00a0 71<br \/>\n<\/strong>\u00a0\u00a0\u00a0 NEV\u0130N GAYE ERBATUR- ADANA\u00a0\u00a0\u00a0\u00a0\u00a0\u00a0\u00a0\u00a0\u00a0\u00a0\u00a0\u00a0\u00a0\u00a0\u00a0\u00a0\u00a0\u00a0\u00a0\u00a0\u00a0\u00a0\u00a0\u00a0\u00a0\u00a0\u00a0\u00a0\u00a0 \u00a07\u00a0\u00a0\u00a0\u00a0\u00a0\u00a0\u00a0\u00a0 31\u00a0\u00a0\u00a0\u00a0\u00a0\u00a0\u00a0\u00a0\u00a0\u00a0\u00a0 0\u00a0\u00a0\u00a0\u00a0\u00a0\u00a0\u00a0 539<br \/>\n<strong>\u00a0\u00a0 AL\u0130 RIZA \u00d6ZT\u00dcRK\u00a0 \u2013 MERS\u0130N\u00a0\u00a0\u00a0\u00a0\u00a0\u00a0\u00a0\u00a0\u00a0\u00a0\u00a0\u00a0\u00a0\u00a0\u00a0\u00a0\u00a0\u00a0\u00a0\u00a0\u00a0\u00a0\u00a0\u00a0\u00a0\u00a0\u00a0\u00a0\u00a0\u00a0\u00a0 8\u00a0\u00a0\u00a0\u00a0\u00a0\u00a0\u00a0 40\u00a0\u00a0\u00a0\u00a0\u00a0\u00a0\u00a0\u00a0\u00a0\u00a0\u00a00\u00a0\u00a0\u00a0\u00a0\u00a0\u00a0 367<br \/>\n<\/strong><span style=\"color: #ff00ff;\">A-\u0130lk \u0130mza Sahibi Oldu\u011fu Kanun Teklifleri<\/span><br \/>\n<span style=\"color: #ff00ff;\">B-\u0130mzas\u0131n\u0131n Bulundu\u011fu Teklifler<\/span><br \/>\n<span style=\"color: #ff00ff;\">C-S\u00f6zl\u00fc Soru \u00d6nergeleri<\/span><br \/>\n<span style=\"color: #ff00ff;\">D-Yaz\u0131l\u0131 Soru \u00d6nergeleri<\/span><br \/>\nSoru \u00f6nergesi vermek bir denetim faaliyetidir.Ayda bir soru sorsan\u0131z 4 y\u0131lda 48 eder.Bu listede yer alan vekillerimiz, 101 vekilin i\u00e7inde\u00a0 sorduklar\u0131 sorular\u0131yla 16. ve 30 s\u0131ralarda yer almaktad\u0131r. Verilen 3 \u00f6rnek onlar\u0131n\u00a0 g\u00f6revlerini yap\u0131p yapmad\u0131klar\u0131n\u0131 en iyi \u015fekilde g\u00f6stermektedir. NEV\u0130N GAYE ERBATUR- ADANA\u00a0 neden MYK\u00a0 da\u00a0\u00a0 yok\u00a0\u00a0\u00a0\u00a0\u00a0 B\u0130HLUN TAMAYLIG\u0130L\u00a0 \u0130STANBUL\u00a0\u00a0\u00a0\u00a0\u00a0\u00a0 MYK\u00a0 da var. Bunun gibi sorularla de\u011ferlendirin.Bak\u0131n bakal\u0131m g\u00f6revlerini yapm\u0131\u015flar m\u0131? Takdirlerine sunuyoruz .<br \/>\nChpuye.com\u00a0\u00a0\u00a0\u00a0\u00a0\u00a0\u00a0\u00a0\u00a0\u00a0\u00a0\u00a0\u00a0\u00a0<\/p>\n<p><span style=\"color: #ff0000;\">\u00a0<\/span><\/p>\n","protected":false},"excerpt":{"rendered":"<p>\u00a0\u00a0\u00a0\u00a0\u00a0\u00a0\u00a0\u00a0\u00a0 Aday olmaya, bu \u00e7al\u0131\u015fmalar yeterli m\u0131?\u00a0\u00a0\u00a0\u00a0\u00a0\u00a0\u00a0\u00a0\u00a0\u00a0\u00a0\u00a0\u00a0\u00a0\u00a0\u00a0 \u00a0A\u00a0\u00a0\u00a0\u00a0\u00a0\u00a0\u00a0 \u00a0B\u00a0\u00a0\u00a0\u00a0\u00a0\u00a0\u00a0\u00a0\u00a0 C\u00a0\u00a0\u00a0\u00a0\u00a0\u00a0\u00a0 D 1.\u00a0\u00a0\u00a0\u00a0\u00a0 FATMA NUR SERTER \u2013 \u0130ST.\u00a0\u00a0 PM sinde\u00a0\u00a0\u00a0\u00a0\u00a0\u00a0\u00a0\u00a0\u00a0\u00a0\u00a0\u00a0\u00a0\u00a0 2\u00a0\u00a0\u00a0\u00a0\u00a0\u00a0\u00a0\u00a0 15\u00a0\u00a0\u00a0\u00a0\u00a0\u00a0\u00a0\u00a0\u00a0 1\u00a0\u00a0\u00a0\u00a0\u00a0\u00a0 15 2.\u00a0\u00a0\u00a0\u00a0\u00a0 B\u0130HLUN TAMAYLIG\u0130L\u00a0 \u0130ST.\u00a0 Genel sek.\u00a0\u00a0\u00a0\u00a0\u00a0\u00a0\u00a0\u00a0\u00a0\u00a0\u00a0\u00a0 \u00a00\u00a0\u00a0\u00a0\u00a0\u00a0\u00a0\u00a0\u00a0 7\u00a0\u00a0\u00a0\u00a0\u00a0\u00a0\u00a0\u00a0\u00a0\u00a0\u00a0 0\u00a0\u00a0\u00a0\u00a0\u00a0\u00a0 25 3.\u00a0\u00a0\u00a0\u00a0\u00a0 NECLA ARAT \u2013 \u0130STANBUL\u00a0\u00a0\u00a0\u00a0\u00a0\u00a0\u00a0\u00a0\u00a0\u00a0\u00a0\u00a0\u00a0\u00a0\u00a0\u00a0\u00a0\u00a0\u00a0\u00a0\u00a0\u00a0\u00a0\u00a0\u00a0\u00a0\u00a0\u00a0\u00a0\u00a0\u00a0\u00a0\u00a0\u00a0\u00a0\u00a0\u00a00\u00a0\u00a0\u00a0\u00a0\u00a0\u00a0\u00a0 15\u00a0\u00a0\u00a0\u00a0\u00a0\u00a0\u00a0\u00a0\u00a0\u00a0 6\u00a0\u00a0\u00a0\u00a0\u00a0\u00a0\u00a0\u00a0 &hellip; <a href=\"https:\/\/www.chpuye.com\/?page_id=350\">Okumaya devam et <span class=\"meta-nav\">&rarr;<\/span><\/a><\/p>\n","protected":false},"author":1,"featured_media":0,"parent":250,"menu_order":0,"comment_status":"open","ping_status":"open","template":"","meta":[],"_links":{"self":[{"href":"https:\/\/www.chpuye.com\/index.php?rest_route=\/wp\/v2\/pages\/350"}],"collection":[{"href":"https:\/\/www.chpuye.com\/index.php?rest_route=\/wp\/v2\/pages"}],"about":[{"href":"https:\/\/www.chpuye.com\/index.php?rest_route=\/wp\/v2\/types\/page"}],"author":[{"embeddable":true,"href":"https:\/\/www.chpuye.com\/index.php?rest_route=\/wp\/v2\/users\/1"}],"replies":[{"embeddable":true,"href":"https:\/\/www.chpuye.com\/index.php?rest_route=%2Fwp%2Fv2%2Fcomments&post=350"}],"version-history":[{"count":0,"href":"https:\/\/www.chpuye.com\/index.php?rest_route=\/wp\/v2\/pages\/350\/revisions"}],"up":[{"embeddable":true,"href":"https:\/\/www.chpuye.com\/index.php?rest_route=\/wp\/v2\/pages\/250"}],"wp:attachment":[{"href":"https:\/\/www.chpuye.com\/index.php?rest_route=%2Fwp%2Fv2%2Fmedia&parent=350"}],"curies":[{"name":"wp","href":"https:\/\/api.w.org\/{rel}","templated":true}]}}