{"id":323,"date":"2011-03-17T22:21:46","date_gmt":"2011-03-17T22:21:46","guid":{"rendered":"http:\/\/www.chpuye.com\/?page_id=323"},"modified":"2011-03-17T22:21:46","modified_gmt":"2011-03-17T22:21:46","slug":"en-cok-sozlu-soru-onergesi-verenler","status":"publish","type":"page","link":"https:\/\/www.chpuye.com\/?page_id=323","title":{"rendered":"En \u00e7ok S\u00f6zl\u00fc Soru \u00f6nergesi verenler"},"content":{"rendered":"<p style=\"text-align: left;\"><span style=\"color: #ff0000;\">En \u00e7ok S\u00f6zl\u00fc Soru \u00f6nergesi\u00a0\u00a0\u00a0\u00a0\u00a0\u00a0\u00a0\u00a0<\/span><strong><span style=\"color: #ff0000;\">\u00a0\u00a0\u00a0\u00a0<\/span>\u00a0\u00a0\u00a0\u00a0\u00a0\u00a0\u00a0\u00a0\u00a0\u00a0\u00a0\u00a0\u00a0\u00a0\u00a0\u00a0\u00a0\u00a0\u00a0\u00a0\u00a0\u00a0\u00a0\u00a0\u00a0\u00a0\u00a0\u00a0\u00a0\u00a0\u00a0\u00a0\u00a0\u00a0\u00a0\u00a0\u00a0\u00a0<span style=\"color: #ff00ff;\">\u00a0\u00a0\u00a0A\u00a0\u00a0\u00a0<\/span>\u00a0\u00a0\u00a0\u00a0\u00a0<span style=\"color: #ff00ff;\">\u00a0\u00a0\u00a0\u00a0 B\u00a0\u00a0\u00a0\u00a0\u00a0\u00a0\u00a0\u00a0\u00a0\u00a0 C\u00a0\u00a0\u00a0\u00a0\u00a0\u00a0\u00a0\u00a0\u00a0\u00a0\u00a0 D<br \/>\n<\/span><\/strong><strong>1.\u00a0\u00a0\u00a0\u00a0\u00a0 <\/strong><strong>YA\u015eAR A\u011eY\u00dcZ \u2013 GAZ\u0130ANTEP\u00a0\u00a0\u00a0\u00a0\u00a0\u00a0\u00a0\u00a0\u00a0\u00a0\u00a0\u00a0\u00a0\u00a0\u00a0\u00a0\u00a0\u00a0\u00a0\u00a0\u00a0\u00a0\u00a0\u00a0\u00a0\u00a0\u00a0\u00a0\u00a0\u00a0 1\u00a0\u00a0\u00a0\u00a0\u00a0\u00a0\u00a0\u00a0\u00a0\u00a0 10\u00a0\u00a0\u00a0\u00a0\u00a0\u00a0\u00a0 183\u00a0\u00a0\u00a0\u00a0\u00a0\u00a0 148<br \/>\n<\/strong><strong>2.\u00a0\u00a0\u00a0\u00a0\u00a0 <\/strong><strong>KAMER GEN\u00c7 \u2013 TUNCEL\u0130\u00a0\u00a0\u00a0\u00a0\u00a0\u00a0\u00a0\u00a0\u00a0\u00a0\u00a0\u00a0\u00a0\u00a0\u00a0\u00a0\u00a0\u00a0\u00a0\u00a0\u00a0\u00a0\u00a0\u00a0\u00a0\u00a0\u00a0\u00a0\u00a0\u00a0\u00a0\u00a0\u00a0\u00a0\u00a0\u00a013\u00a0\u00a0\u00a0\u00a0\u00a0\u00a0\u00a0\u00a0\u00a0\u00a0 14\u00a0\u00a0\u00a0\u00a0\u00a0\u00a0\u00a0 149\u00a0\u00a0\u00a0\u00a0\u00a0\u00a0\u00a0\u00a0\u00a0 7<br \/>\n<\/strong><strong>3.\u00a0\u00a0\u00a0\u00a0\u00a0 <\/strong><strong>FER\u0130T MEVL\u00dcT ASLANO\u011eLU \u2013MALATYA\u00a0\u00a0\u00a027\u00a0\u00a0\u00a0\u00a0\u00a0\u00a0\u00a0\u00a0\u00a0\u00a0 42\u00a0\u00a0\u00a0\u00a0\u00a0\u00a0\u00a0\u00a0 90\u00a0\u00a0\u00a0\u00a0\u00a0\u00a0\u00a0\u00a0\u00a0\u00a0 5<br \/>\n<\/strong><strong>4.\u00a0\u00a0\u00a0\u00a0\u00a0 <\/strong><strong>SAC\u0130D YILDIZ\u00a0 &#8211; \u0130STANBUL\u00a0\u00a0\u00a0\u00a0\u00a0\u00a0\u00a0\u00a0\u00a0\u00a0\u00a0\u00a0\u00a0\u00a0\u00a0\u00a0\u00a0\u00a0\u00a0\u00a0\u00a0\u00a0\u00a0\u00a0\u00a0\u00a0\u00a0\u00a0\u00a0\u00a0\u00a0\u00a0\u00a0\u00a05\u00a0\u00a0\u00a0\u00a0\u00a0\u00a0\u00a0\u00a0\u00a0\u00a0 45\u00a0\u00a0\u00a0\u00a0\u00a0\u00a0\u00a0\u00a0 10\u00a0\u00a0\u00a0\u00a0\u00a0\u00a0 194<br \/>\n<\/strong><strong>5.\u00a0\u00a0\u00a0\u00a0\u00a0 <\/strong><strong>AK\u0130F EK\u0130C\u0130\u00a0\u00a0 &#8211; GAZ\u0130ANTEP\u00a0\u00a0\u00a0\u00a0\u00a0\u00a0\u00a0\u00a0\u00a0\u00a0\u00a0\u00a0\u00a0\u00a0\u00a0\u00a0\u00a0\u00a0\u00a0\u00a0\u00a0\u00a0\u00a0\u00a0\u00a0\u00a0\u00a0\u00a0\u00a0\u00a0\u00a0\u00a0\u00a0\u00a0\u00a0\u00a03\u00a0\u00a0\u00a0\u00a0\u00a0\u00a0\u00a0\u00a0\u00a0\u00a0\u00a0 28\u00a0\u00a0\u00a0\u00a0\u00a0\u00a0\u00a0\u00a0 11\u00a0\u00a0\u00a0\u00a0\u00a0\u00a0 119<br \/>\n<\/strong><strong>6.ENSAR \u00d6\u011e\u00dcT\u00a0 ARDAHAN\u00a0\u00a0\u00a0\u00a0\u00a0\u00a0\u00a0\u00a0\u00a0\u00a0\u00a0\u00a0\u00a0\u00a0\u00a0\u00a0\u00a0\u00a0\u00a0\u00a0\u00a0\u00a0\u00a0\u00a0\u00a0\u00a0\u00a0\u00a0\u00a0\u00a0\u00a0\u00a0\u00a0\u00a0\u00a0\u00a0\u00a0\u00a0\u00a0\u00a0\u00a0\u00a0\u00a0\u00a015\u00a0\u00a0\u00a0\u00a0\u00a0\u00a0\u00a0\u00a0\u00a0\u00a0\u00a0 32\u00a0\u00a0\u00a0\u00a0\u00a0\u00a0 348\u00a0\u00a0\u00a0\u00a0\u00a0\u00a0 796<br \/>\n<\/strong><span style=\"color: #ff00ff;\">A-\u0130lk \u0130mza Sahibi Oldu\u011fu Kanun Teklifleri<\/span><br \/>\n<span style=\"color: #ff00ff;\">B-\u0130mzas\u0131n\u0131n Bulundu\u011fu Teklifler<\/span><br \/>\n<span style=\"color: #ff00ff;\">C-S\u00f6zl\u00fc Soru \u00d6nergeleri<\/span><br \/>\n<span style=\"color: #ff00ff;\">D-Yaz\u0131l\u0131 Soru \u00d6nergeleri<\/span><br \/>\n<span style=\"color: #ff0000;\">ENSAR \u00d6\u011e\u00dcT-ARDAHAN\u00a0 <\/span>yaz\u0131l\u0131 soru \u00f6nergesi veren 3. milletvekilimizdir. Yine en \u00e7ok s\u00f6zl\u00fc soru \u00f6nergesi verendir.<span style=\"color: #ff0000;\">B\u00fct\u00fcn \u00e7al\u0131\u015fmalar\u0131yla en \u00e7al\u0131\u015fkan millet vekilimizdir\u00a0\u00a0\u00a0<\/span><br \/>\nYA\u015eAR A\u011eY\u00dcZ ve FER\u0130T MEVL\u00dcT ASLANO\u011eLU PM inde g\u00f6rev yapmaktad\u0131r<br \/>\nBu listede yer alan 6 millet vekilimizde\u00a0\u00a0\u00a0 b\u00fct\u00fcn \u00e7al\u0131\u015fmalar\u0131yla basarilidir.\u00a0\u00a0\u00a0<br \/>\nwww.chpuye.com<\/p>\n","protected":false},"excerpt":{"rendered":"<p>En \u00e7ok S\u00f6zl\u00fc Soru \u00f6nergesi\u00a0\u00a0\u00a0\u00a0\u00a0\u00a0\u00a0\u00a0\u00a0\u00a0\u00a0\u00a0\u00a0\u00a0\u00a0\u00a0\u00a0\u00a0\u00a0\u00a0\u00a0\u00a0\u00a0\u00a0\u00a0\u00a0\u00a0\u00a0\u00a0\u00a0\u00a0\u00a0\u00a0\u00a0\u00a0\u00a0\u00a0\u00a0\u00a0\u00a0\u00a0\u00a0\u00a0\u00a0\u00a0\u00a0\u00a0\u00a0\u00a0\u00a0\u00a0\u00a0\u00a0A\u00a0\u00a0\u00a0\u00a0\u00a0\u00a0\u00a0\u00a0\u00a0\u00a0\u00a0\u00a0 B\u00a0\u00a0\u00a0\u00a0\u00a0\u00a0\u00a0\u00a0\u00a0\u00a0 C\u00a0\u00a0\u00a0\u00a0\u00a0\u00a0\u00a0\u00a0\u00a0\u00a0\u00a0 D 1.\u00a0\u00a0\u00a0\u00a0\u00a0 YA\u015eAR A\u011eY\u00dcZ \u2013 GAZ\u0130ANTEP\u00a0\u00a0\u00a0\u00a0\u00a0\u00a0\u00a0\u00a0\u00a0\u00a0\u00a0\u00a0\u00a0\u00a0\u00a0\u00a0\u00a0\u00a0\u00a0\u00a0\u00a0\u00a0\u00a0\u00a0\u00a0\u00a0\u00a0\u00a0\u00a0\u00a0 1\u00a0\u00a0\u00a0\u00a0\u00a0\u00a0\u00a0\u00a0\u00a0\u00a0 10\u00a0\u00a0\u00a0\u00a0\u00a0\u00a0\u00a0 183\u00a0\u00a0\u00a0\u00a0\u00a0\u00a0 148 2.\u00a0\u00a0\u00a0\u00a0\u00a0 KAMER GEN\u00c7 \u2013 TUNCEL\u0130\u00a0\u00a0\u00a0\u00a0\u00a0\u00a0\u00a0\u00a0\u00a0\u00a0\u00a0\u00a0\u00a0\u00a0\u00a0\u00a0\u00a0\u00a0\u00a0\u00a0\u00a0\u00a0\u00a0\u00a0\u00a0\u00a0\u00a0\u00a0\u00a0\u00a0\u00a0\u00a0\u00a0\u00a0\u00a0\u00a013\u00a0\u00a0\u00a0\u00a0\u00a0\u00a0\u00a0\u00a0\u00a0\u00a0 14\u00a0\u00a0\u00a0\u00a0\u00a0\u00a0\u00a0 149\u00a0\u00a0\u00a0\u00a0\u00a0\u00a0\u00a0\u00a0\u00a0 7 3.\u00a0\u00a0\u00a0\u00a0\u00a0 FER\u0130T MEVL\u00dcT ASLANO\u011eLU \u2013MALATYA\u00a0\u00a0\u00a027\u00a0\u00a0\u00a0\u00a0\u00a0\u00a0\u00a0\u00a0\u00a0\u00a0 42\u00a0\u00a0\u00a0\u00a0\u00a0\u00a0\u00a0\u00a0 90\u00a0\u00a0\u00a0\u00a0\u00a0\u00a0\u00a0\u00a0\u00a0\u00a0 5 4.\u00a0\u00a0\u00a0\u00a0\u00a0 SAC\u0130D YILDIZ\u00a0 &#8211; \u0130STANBUL\u00a0\u00a0\u00a0\u00a0\u00a0\u00a0\u00a0\u00a0\u00a0\u00a0\u00a0\u00a0\u00a0\u00a0\u00a0\u00a0\u00a0\u00a0\u00a0\u00a0\u00a0\u00a0\u00a0\u00a0\u00a0\u00a0\u00a0\u00a0\u00a0\u00a0\u00a0\u00a0\u00a0\u00a05\u00a0\u00a0\u00a0\u00a0\u00a0\u00a0\u00a0\u00a0\u00a0\u00a0 45\u00a0\u00a0\u00a0\u00a0\u00a0\u00a0\u00a0\u00a0 10\u00a0\u00a0\u00a0\u00a0\u00a0\u00a0 &hellip; <a href=\"https:\/\/www.chpuye.com\/?page_id=323\">Okumaya devam et <span class=\"meta-nav\">&rarr;<\/span><\/a><\/p>\n","protected":false},"author":1,"featured_media":0,"parent":250,"menu_order":0,"comment_status":"open","ping_status":"open","template":"","meta":[],"_links":{"self":[{"href":"https:\/\/www.chpuye.com\/index.php?rest_route=\/wp\/v2\/pages\/323"}],"collection":[{"href":"https:\/\/www.chpuye.com\/index.php?rest_route=\/wp\/v2\/pages"}],"about":[{"href":"https:\/\/www.chpuye.com\/index.php?rest_route=\/wp\/v2\/types\/page"}],"author":[{"embeddable":true,"href":"https:\/\/www.chpuye.com\/index.php?rest_route=\/wp\/v2\/users\/1"}],"replies":[{"embeddable":true,"href":"https:\/\/www.chpuye.com\/index.php?rest_route=%2Fwp%2Fv2%2Fcomments&post=323"}],"version-history":[{"count":0,"href":"https:\/\/www.chpuye.com\/index.php?rest_route=\/wp\/v2\/pages\/323\/revisions"}],"up":[{"embeddable":true,"href":"https:\/\/www.chpuye.com\/index.php?rest_route=\/wp\/v2\/pages\/250"}],"wp:attachment":[{"href":"https:\/\/www.chpuye.com\/index.php?rest_route=%2Fwp%2Fv2%2Fmedia&parent=323"}],"curies":[{"name":"wp","href":"https:\/\/api.w.org\/{rel}","templated":true}]}}