{"id":2906,"date":"2021-05-23T14:42:00","date_gmt":"2021-05-23T11:42:00","guid":{"rendered":"https:\/\/www.chpuye.com\/?page_id=2906"},"modified":"2021-05-23T14:43:02","modified_gmt":"2021-05-23T11:43:02","slug":"dokuz-ilke-ataturk-ne-demis","status":"publish","type":"page","link":"https:\/\/www.chpuye.com\/?page_id=2906","title":{"rendered":"DOKUZ \u0130LKE. Atat\u00fcrk ne demi\u015f?"},"content":{"rendered":"<h1 class=\"entry-title\">PART\u0130M\u0130Z\u0130N \u0130LK PROGRAMI<\/h1>\n<div class=\"entry-content\">\n<p data-adtags-visited=\"true\">DOKUZ \u0130LKE VE PART\u0130M\u0130Z\u0130N \u0130LK PROGRAMI<\/p>\n<figure class=\"wp-block-gallery columns-1 is-cropped\">\n<ul class=\"blocks-gallery-grid\" data-carousel-extra=\"{&quot;blog_id&quot;:43507748,&quot;permalink&quot;:&quot;https:\\\/\\\/chpsecmen.wordpress.com\\\/partimizin-ilk-programi\\\/&quot;}\">\n<li class=\"blocks-gallery-item\">\n<figure><a href=\"https:\/\/chpsecmen.files.wordpress.com\/2018\/11\/sc3b6ylev.jpg\"><img decoding=\"async\" class=\"wp-image-101\" src=\"https:\/\/chpsecmen.files.wordpress.com\/2018\/11\/sc3b6ylev.jpg?w=270\" sizes=\"(max-width: 270px) 100vw, 270px\" srcset=\"https:\/\/chpsecmen.files.wordpress.com\/2018\/11\/sc3b6ylev.jpg 270w, https:\/\/chpsecmen.files.wordpress.com\/2018\/11\/sc3b6ylev.jpg?w=104 104w\" alt=\"\" data-attachment-id=\"101\" data-permalink=\"https:\/\/chpsecmen.wordpress.com\/2018\/11\/11\/chp-parti-meclisine-on-secim-karari-al-masa-basinda-kimseyi-aday-yapamazsin-once-partide-adalet-egemenlik-esitlik-adaylarimi-ben-sececegim-uye-secmen\/soylev\/\" data-orig-file=\"https:\/\/chpsecmen.files.wordpress.com\/2018\/11\/sc3b6ylev.jpg\" data-orig-size=\"270,390\" data-comments-opened=\"1\" data-image-meta=\"{&quot;aperture&quot;:&quot;0&quot;,&quot;credit&quot;:&quot;&quot;,&quot;camera&quot;:&quot;&quot;,&quot;caption&quot;:&quot;&quot;,&quot;created_timestamp&quot;:&quot;0&quot;,&quot;copyright&quot;:&quot;&quot;,&quot;focal_length&quot;:&quot;0&quot;,&quot;iso&quot;:&quot;0&quot;,&quot;shutter_speed&quot;:&quot;0&quot;,&quot;title&quot;:&quot;&quot;,&quot;orientation&quot;:&quot;0&quot;}\" data-image-title=\"s\u00f6ylev\" data-image-description=\"\" data-medium-file=\"https:\/\/chpsecmen.files.wordpress.com\/2018\/11\/sc3b6ylev.jpg?w=208\" data-large-file=\"https:\/\/chpsecmen.files.wordpress.com\/2018\/11\/sc3b6ylev.jpg?w=270\" data-id=\"101\" \/><\/a><\/figure>\n<\/li>\n<\/ul>\n<\/figure>\n<p data-adtags-visited=\"true\">Gerek baz\u0131 kimselerden ald\u0131\u011f\u0131m yaz\u0131l\u0131 d\u00fc\u015f\u00fcncelerden ve gerek halk ile yapt\u0131\u011f\u0131m g\u00f6r\u00fc\u015fmelerden \u00e7ok yararland\u0131m. Sonunda 8 Nisan 1923 tarihinde, g\u00f6r\u00fc\u015flerimi dokuz ilke halinde tespit ettim. \u0130kinci B\u00fcy\u00fck Millet Meclisi\u2019nin se\u00e7imi s\u0131ras\u0131nda yay\u0131nlayarak il\u00e2n etti\u011fim bu program, partimizin kurulu\u015funa temel olmu\u015ftur. Bu program, bug\u00fcne kadar ele al\u0131p ger\u00e7ekle\u015ftirdi\u011fimiz b\u00fct\u00fcn \u00f6nemli hususlar\u0131 i\u00e7ine al\u0131yordu. Bununla birlikte programa girmemi\u015f \u00f6nemli ve esasl\u0131 baz\u0131 konular da vard\u0131. \u00d6rnek olarak, Cumhuriyet\u2019in il\u00e2n\u0131, \u015eer\u2019iyle Vek\u00e2let\u2019inin, medrese ve tekkelerin kald\u0131r\u0131lmas\u0131, \u015fapka giyilmesi gibi\u2026 Bu konular\u0131 programa alarak, cahil ve gericilerin, b\u00fct\u00fcn milleti vaktinden \u00f6nce zehirlemeye f\u0131rsat bulmalar\u0131n\u0131 uygun g\u00f6rmedim. \u00c7\u00fcnk\u00fc bunlar\u0131n zaman\u0131 gelince \u00e7\u00f6z\u00fcme ba\u011flanaca\u011f\u0131ndan ve milletin sonu\u00e7tan memnun olaca\u011f\u0131ndan kesinlikle emindim. Yay\u0131nlad\u0131\u011f\u0131m program\u0131, bir siyas\u00ee parti i\u00e7in yetersiz, k\u0131sa bulanlar oldu. Halk Partisi\u2019nin program\u0131 yoktur dediler. Ger\u00e7ekten de ilkeler ad\u0131 alt\u0131nda bilinen program\u0131m\u0131z, itiraz edenlerin g\u00f6rd\u00fckleri ve bildikleri \u015fekilde bir kitap de\u011fildi. Fakat temel ilkeleri i\u00e7ine al\u0131yordu ve pratikti. Bizde uygulanmas\u0131 imk\u00e2ns\u0131z d\u00fc\u015f\u00fcnceleri, nazar\u00ee birtak\u0131m ayr\u0131nt\u0131lar\u0131 yald\u0131zlayarak bir kitap yazabilirdik. \u00d6yle yapmad\u0131k. Milletin madd\u00ee ve manev\u00ee alandaki yenile\u015fmesi ve geli\u015fmesi yolunda, s\u00f6z ve teori ile i\u015f ve icraata \u00f6nem vermeyi tercih ettik. Bununla birlikte, H\u00e2kimiyet milletindir. T\u00fcrkiye B\u00fcy\u00fck Millet Meclisi\u2019nin d\u0131\u015f\u0131nda hi\u00e7bir makam, mill\u00ee mukadderata h\u00e2kim olamaz. \u00a0B\u00fct\u00fcn kanunlar\u0131n d\u00fczenlenmesinde, her t\u00fcrl\u00fc te\u015fkil\u00e2tta, y\u00f6netimin b\u00fct\u00fcn ayr\u0131nt\u0131lar\u0131nda, genel e\u011fitimde, ekonomi konular\u0131nda, mill\u00ee h\u00e2kimiyet esaslar\u0131 \u00e7er\u00e7evesinde hareket edilmeyecektir. \u00a0Saltanat\u0131n kald\u0131r\u0131lmas\u0131 ile ilgili karar de\u011fi\u015fmez bir kanun h\u00fckm\u00fcd\u00fcr, \u00a0gibi bilinmesi gerekli \u00f6nemli noktalar, mahkemelerde reform yap\u0131laca\u011f\u0131, \u00a0b\u00fct\u00fcn kanunlar\u0131m\u0131z\u0131n hukuk ilminin verilerine g\u00f6re yeni ba\u015ftan d\u00fczenlenip tamamlanaca\u011f\u0131, \u00a0vergide a\u015far (\u20189s) usul\u00fcn\u00fcn de\u011fi\u015ftirilece\u011fi, mill\u00ee bankalar\u0131n sermayesinin art\u0131r\u0131laca\u011f\u0131, muhta\u00e7 oldu\u011fumuz demiryollar\u0131n\u0131n yap\u0131m\u0131na, \u00f6\u011fretim birli\u011finin sa\u011flanmas\u0131na derhal te\u015febb\u00fcs edilece\u011fi, \u00a0fuzuli askerlik s\u00fcresinin indirilece\u011fi, memleketin limanlar\u0131na \u00e7al\u0131\u015f\u0131laca\u011f\u0131 vb. gibi \u00f6nemli ve acil ihtiya\u00e7lar, ilkeler d\u0131\u015f\u0131nda b\u0131rak\u0131lmam\u0131\u015ft\u0131. \u00a0Bar\u0131\u015f konusundaki g\u00f6r\u00fc\u015f\u00fcm\u00fcz\u00fcn de: mal\u00ee, iktisad\u00ee ve idar\u00ee alandaki ba\u011f\u0131ms\u0131zl\u0131\u011f\u0131m\u0131z\u0131 mutlaka sa\u011flamak \u015fart\u0131yla, bar\u0131\u015f\u0131n gelmesine \u00e7al\u0131\u015fmak oldu\u011funu s\u00f6yledik. Hil\u00e2fet makam\u0131n\u0131n b\u00fct\u00fcn \u0130sl\u00e2m d\u00fcnyas\u0131na ait bir makam olabilece\u011fine de i\u015faret ettik. \u0130lkeler, Halk Partisinin kurulu\u015fu ve faaliyet g\u00f6stermesi i\u00e7in yeterli oldu. Partinin ad\u0131na, daha sonra Cumhuriyet kelimesi de eklenerek, bilindi\u011fi gibi, Cumhuriyet Halk Partisi ad\u0131 verildi.<\/p>\n<p data-adtags-visited=\"true\">\u201cBEN\u0130 VATANDA\u015eLIK HAKLARINDAN MAHRUM ETMEK\u201d TEKL\u0130F\u0130 \u00dcZER\u0130NE MECL\u0130STE YAPTI\u011eIM KONU\u015eMA<\/p>\n<p data-adtags-visited=\"true\">Efendiler, meselenin ne oldu\u011funu ve bu konuda Meclis\u2019te yap\u0131lan g\u00f6r\u00fc\u015fmeleri \u00f6\u011f\u00fcne ait Tutanak Dergisi\u2019nde okumak m\u00fcmk\u00fcnd\u00fcr. Fakat y\u00fcksek hey\u2019 etinizi bu k\u00fclfetten kurtarmak i\u00e7in, m\u00fcsaade buyurursan\u0131z, o otuzumda yapt\u0131\u011f\u0131m konu\u015fman\u0131n bir k\u0131sm\u0131n\u0131 oldu\u011fu gibi arz edeyim: De\u011fi\u015fiklik \u00f6nergesini okutmadan komisyona g\u00f6ndermek isteyen ba\u015fkandan s\u00f6z alarak \u015funlar\u0131 s\u00f6yledim : \u201d Efendim! Bu kanun tasar\u0131s\u0131 \u00f6zel bir maksat ta\u015f\u0131yor. Bu \u00f6zel maksat do\u011fruca \u015fahs\u0131m\u0131 ilgilendirdi\u011finden, m\u00fcsaade ederseniz birka\u00e7 kelime ile d\u00fc\u015f\u00fcncemi arz etmek istiyorum. Erzurum Milletvekili S\u00fcleyman Necati, Mersin Milletvekili Sal\u00e2hattin ve Canik Milletvekili Emin Beyefendi\u2019ler taraf\u0131ndan teklif edilen kanun tasar\u0131s\u0131, do\u011frudan do\u011fruya, benim \u015fahs\u0131ma vatanda\u015fl\u0131k haklar\u0131ndan yoksun b\u0131rakmak maksad\u0131n\u0131 g\u00fcd\u00fcyor. 14\u2032 \u00fcnc\u00fc maddede yaz\u0131l\u0131 olan sat\u0131rlar\u0131 g\u00f6zden ge\u00e7irecek olursan\u0131z, orada deniliyordu ki: \u201dT\u00fcrkiye B\u00fcy\u00fck Millet Meclisi\u2019ne \u00fcye se\u00e7ilebilmek i\u00e7in, T\u00fcrkiye\u2019nin bug\u00fcnk\u00fc s\u0131n\u0131rlar\u0131 i\u00e7indeki yerler halk\u0131ndan olmak veya kendi se\u00e7im b\u00f6lgesi i\u00e7inde yerle\u015fmi\u015f bulunmak \u015fartt\u0131r. Ondan sonra g\u00f6\u00e7men olarak gelenler yerle\u015ftirildikleri tarihten itibaren be\u015f y\u0131l ge\u00e7mi\u015f ise se\u00e7ilebilirler.\u201d Maalesef, benim do\u011fum yerim bug\u00fcnk\u00fc s\u0131n\u0131rlar d\u0131\u015f\u0131nda kalm\u0131\u015f bulunuyor. \u0130kincisi, herhangi bir se\u00e7im b\u00f6lgesinde be\u015f y\u0131l oturmu\u015f da de\u011filim. Do\u011fum yerim, bug\u00fcnk\u00fc mill\u00ee s\u0131n\u0131rlar\u0131n d\u0131\u015f\u0131nda kalm\u0131\u015ft\u0131r. Fakat bu b\u00f6yle ise, bunda benim en k\u00fc\u00e7\u00fck bir kas\u0131t ve kabahatim yoktur. Bunun sebebi, b\u00fct\u00fcn memleketimizi, milletimizi bat\u0131r\u0131p yok etmek isteyen d\u00fc\u015fmanlar\u0131n i\u015fgal<\/p>\n<p data-adtags-visited=\"true\">Ve istil\u00e2 hareketlerinin k\u0131smen \u00f6nlenememi\u015f olmas\u0131d\u0131r. E\u011fer d\u00fc\u015fmanlar maksatlar\u0131nda tam bir ba\u015far\u0131ya ula\u015fm\u0131\u015f olsalard\u0131, Allah korusun, bu tasar\u0131ya imza koymu\u015f olan efendilerin de do\u011fum yerleri s\u0131n\u0131r d\u0131\u015f\u0131nda kalabilirdi.<\/p>\n<p data-adtags-visited=\"true\">TEKL\u0130F ED\u0130LEN MADDEDEK\u0130 \u015eARTLAR BENDE NEDEN YOKTU<\/p>\n<p data-adtags-visited=\"true\">Bundan ba\u015fka, bu maddenin gerektirdi\u011fi \u015fartlar bende yoksa yani be\u015f y\u0131l s\u00fcrekli olarak bir se\u00e7im b\u00f6lgesinde oturmam\u0131\u015f isem, o da vatana yapt\u0131\u011f\u0131m hizmetler y\u00fcz\u00fcndendir. E\u011fer bu maddenin istedi\u011fi \u015fart\u0131 yerine getirmeye \u00e7al\u0131\u015fsayd\u0131m, \u0130stanbul\u2019u kazand\u0131rmaktan ibaret olan Ar\u0131burnu ve Anafartalar\u2019daki savunmalar\u0131m\u0131 yapmamak l\u0131\u011f\u0131m gerekirdi. E\u011fer ben bir yerde be\u015f y\u0131l oturmaya mahk\u00fbm olsayd\u0131m, Bitlis ve Mu\u015f\u2019u ald\u0131ktan sonra, Diyarbak\u0131r\u2019a do\u011fru yay\u0131lan d\u00fc\u015fman\u0131n kar\u015f\u0131s\u0131na \u00e7\u0131kmamak l\u0131\u011f\u0131m, Bitlis ve Mu\u015f\u2019u kurtarmaktan ibaret olan vatan g\u00f6revimi yapmamak l\u0131\u011f\u0131m gerekirdi. 351 Bu Efendiler \u2018in istedi\u011fi \u015fartlar\u0131 ta\u015f\u0131mak isteseydim, Suriye\u2019yi bo\u015faltan ordular\u0131n d\u00f6k\u00fcnt\u00fclerinden Halep\u2019te bir ordu kurarak, d\u00fc\u015fmana kar\u015f\u0131 savunmaya ge\u00e7memekli\u011fim ve bug\u00fcn mill\u00ee s\u0131n\u0131rlar dedi\u011fimiz s\u0131n\u0131rlar\u0131 fiil\u00ee olarak \u00e7izmemekli\u011fim gerekirdi. Zannediyorum ki, ondan sonraki \u00e7al\u0131\u015fmalar\u0131m herkes\u00e7e bilinmektedir. Hi\u00e7 bir yerde be\u015f y\u0131l oturamayacak kadar \u00e7al\u0131\u015fm\u0131\u015f bulunuyorum. Ben zannediyordum ki, bu hizmetlerimden dolay\u0131 milletimin sevgi ve sayg\u0131s\u0131n\u0131 kazand\u0131m. Belki b\u00fct\u00fcn \u0130sl\u00e2m d\u00fcnyas\u0131n\u0131n sevgi ve sayg\u0131s\u0131n\u0131 da kazanm\u0131\u015f bulunuyorum. Fakat bu durumumdan dolay\u0131, bu sevgi ve sayg\u0131lara kar\u015f\u0131l\u0131k vatanda\u015fl\u0131k haklar\u0131ndan yoksun b\u0131rak\u0131laca\u011f\u0131m\u0131 asla hat\u0131r\u0131ma getirmezdim. Tahmin ediyorum ve ediyordum ki, yabanc\u0131 d\u00fc\u015fmanlar Bana suikast yapmak suretiyle, beni memleket hizmetinden al\u0131koymaya \u00e7al\u0131\u015facaklard\u0131r. Fakat hi\u00e7bir zaman hat\u0131r ve hayalime getirmezdim ki, y\u00fcce Meclis\u2019te iki \u00fc\u00e7 ki\u015fi bile olsa, ayn\u0131 zihniyette kimseler bulunabilsin. Bu bak\u0131mdan ben anlamak istiyorum \u201dBu efendiler, ger\u00e7ekten kendi se\u00e7im b\u00f6lgelerinin duygu ve d\u00fc\u015f\u00fcncelerini mi aksettiriyorlar? Yine bu Efendilere kar\u015f\u0131 s\u00f6yl\u00fcyor ve soruyorum: Milletvekili olduklar\u0131 i\u00e7in elbette b\u00fct\u00fcn milletin vekili s\u0131fat\u0131n\u0131 ta\u015f\u0131yorlar. Yaln\u0131z, bu Efendiler, acaba milletin de kendileri gibi d\u00fc\u015f\u00fcnd\u00fc\u011f\u00fcn\u00fc s\u00f6yleyebilirler mi? Efendiler, beni vatanda\u015fl\u0131k haklar\u0131ndan yoksun b\u0131rakmak yetkisi bu Efendilere nereden verilmi\u015ftir? Bu k\u00fcrs\u00fcden, resmen y\u00fcce hey \u2018etinize, bu Efendilerin se\u00e7im b\u00f6lgeleri halk\u0131na ve b\u00fct\u00fcn millete soruyorum ve cevap istiyorum! \u201d<\/p>\n<p data-adtags-visited=\"true\">M\u0130LLET\u0130N BANA KAR\u015eI G\u00d6STERD\u0130\u011e\u0130 SEVG\u0130 VE G\u00dcVEN\u0130N SAM\u0130M\u0130 \u0130FADELER\u0130<\/p>\n<p data-adtags-visited=\"true\">Bu g\u00f6zlerim ajans ve bas\u0131n vas\u0131tas\u0131yla yay\u0131nland\u0131. Millet yapt\u0131\u011f\u0131m konu\u015fmay\u0131 ve cevab\u0131n\u0131 bekledi\u011fim soruyu \u00f6\u011frendi\u2026 Hemen, memleketin b\u00fct\u00fcn se\u00e7im b\u00f6lgelerindeki ger\u00e7ek se\u00e7imler ve halk taraf\u0131ndan Meclis Ba\u015fkanl\u0131\u011f\u0131\u2019na protesto telgraflar\u0131 ya\u011fd\u0131. Bu kanun tasar\u0131s\u0131na imza koyan milletvekili Efendilerin de se\u00e7im b\u00f6lgeleri halk\u0131, kendilerini ve kendileriyle g\u00f6r\u00fc\u015f birli\u011finde olanlar\u0131 su\u00e7lamakta gecikmedi. Milletin, benim i\u00e7in g\u00f6sterdi\u011fi bu sevgi ve g\u00fcveni samim\u00ee olarak belirtmesi bak\u0131m\u0131ndan k\u0131ymetli birer h\u00e2t\u0131ra olarak saklamakta oldu\u011fum bu telgraflar b\u00fcy\u00fck bir dosya tutmaktad\u0131r. Bu dosyadaki telgraflar, zann\u0131nda bas\u0131nda da yer alm\u0131\u015ft\u0131. Ben burada yaln\u0131z bir tek se\u00e7im b\u00f6lgesinin, Rize\u2019nin \u015fahs\u0131ma \u00e7ekmi\u015f oldu\u011fu bir telgraf\u0131 oldu\u011fu gibi bilginize sunmakla yetinece\u011fim : \u201d\u00dc\u00e7 milletvekili beyin, Se\u00e7im Kanunu ile ilgili \u00f6nergesine, sanca\u011f\u0131m\u0131z milletvekillerinin kat\u0131lmayaca\u011f\u0131 inanc\u0131yla bir \u015fey yazmay\u0131 gerekli bulmam\u0131\u015ft\u0131k. \u015eimdi Milletvekili Osman Efendi\u2019den ald\u0131\u011f\u0131m\u0131z mektupta, kendisinin o \u00f6nerge ile ilgili ve muhalif gruptan oldu\u011funu \u00f6v\u00fcn\u00fcrcesine bildirmesi \u00fczerine, a\u015fa\u011f\u0131daki hususlar\u0131n bilginize sunulmas\u0131na mecburiyet duyulmu\u015ftur: \u00a01- (\u00d6v\u00fcc\u00fc ve samim\u00ee s\u00f6zlerden sonra) \u015eahs\u0131n\u0131z ve de\u011ferli \u00e7al\u0131\u015fma arkada\u015flar\u0131n\u0131z, aleyhinde, sanca\u011f\u0131m\u0131z ad\u0131na s\u00f6z s\u00f6yleyen, muhalefet d\u00fc\u015f\u00fcncesi ta\u015f\u0131yan ve bizce hi\u00e7bir \u015fahsiyet ve de\u011feri olmayan milletvekilini l\u00e2netleriz. \u00a0O, art\u0131k sanca\u011f\u0131m\u0131z\u0131 da temsil hakk\u0131na sahip de\u011fildir. 2 \u2013 \u015eu zamanda vatans\u0131zlar\u0131n bile kat\u0131lamayaca\u011f\u0131 muhalefet ve bozgunculuk d\u00fc\u015f\u00fcncesini bize tavsiye eden milletvekili efendinin g\u00f6r\u00fc\u015f\u00fcn\u00fc benimseyecek bir tek ki\u015finin bile sanca\u011f\u0131m\u0131zda mevcut olmad\u0131\u011f\u0131n\u0131, bundan duydu\u011fumuz \u015f\u00fckran duygusuyla ve y\u00fcksek \u015fahsiyetinize olan \u00fcst\u00fcn sayg\u0131lar\u0131m\u0131zla arz ederiz, efendim. \u0130mzalar 25.5.1923<\/p>\n<div id=\"atatags-370373-60aa3ea812e6e\"><\/div>\n<div id=\"atatags-26942-60aa3ea812ec6\" data-adtags-width=\"640\"><\/div>\n<\/div>\n","protected":false},"excerpt":{"rendered":"<p>PART\u0130M\u0130Z\u0130N \u0130LK PROGRAMI DOKUZ \u0130LKE VE PART\u0130M\u0130Z\u0130N \u0130LK PROGRAMI Gerek baz\u0131 kimselerden ald\u0131\u011f\u0131m yaz\u0131l\u0131 d\u00fc\u015f\u00fcncelerden ve gerek halk ile yapt\u0131\u011f\u0131m g\u00f6r\u00fc\u015fmelerden \u00e7ok yararland\u0131m. Sonunda 8 Nisan 1923 tarihinde, g\u00f6r\u00fc\u015flerimi dokuz ilke halinde tespit ettim. \u0130kinci B\u00fcy\u00fck Millet Meclisi\u2019nin se\u00e7imi s\u0131ras\u0131nda &hellip; <a href=\"https:\/\/www.chpuye.com\/?page_id=2906\">Okumaya devam et <span class=\"meta-nav\">&rarr;<\/span><\/a><\/p>\n","protected":false},"author":1,"featured_media":0,"parent":2904,"menu_order":0,"comment_status":"closed","ping_status":"closed","template":"","meta":[],"_links":{"self":[{"href":"https:\/\/www.chpuye.com\/index.php?rest_route=\/wp\/v2\/pages\/2906"}],"collection":[{"href":"https:\/\/www.chpuye.com\/index.php?rest_route=\/wp\/v2\/pages"}],"about":[{"href":"https:\/\/www.chpuye.com\/index.php?rest_route=\/wp\/v2\/types\/page"}],"author":[{"embeddable":true,"href":"https:\/\/www.chpuye.com\/index.php?rest_route=\/wp\/v2\/users\/1"}],"replies":[{"embeddable":true,"href":"https:\/\/www.chpuye.com\/index.php?rest_route=%2Fwp%2Fv2%2Fcomments&post=2906"}],"version-history":[{"count":1,"href":"https:\/\/www.chpuye.com\/index.php?rest_route=\/wp\/v2\/pages\/2906\/revisions"}],"predecessor-version":[{"id":2907,"href":"https:\/\/www.chpuye.com\/index.php?rest_route=\/wp\/v2\/pages\/2906\/revisions\/2907"}],"up":[{"embeddable":true,"href":"https:\/\/www.chpuye.com\/index.php?rest_route=\/wp\/v2\/pages\/2904"}],"wp:attachment":[{"href":"https:\/\/www.chpuye.com\/index.php?rest_route=%2Fwp%2Fv2%2Fmedia&parent=2906"}],"curies":[{"name":"wp","href":"https:\/\/api.w.org\/{rel}","templated":true}]}}