{"id":2901,"date":"2021-05-23T14:30:21","date_gmt":"2021-05-23T11:30:21","guid":{"rendered":"https:\/\/www.chpuye.com\/?page_id=2901"},"modified":"2021-05-23T14:30:21","modified_gmt":"2021-05-23T11:30:21","slug":"sivas","status":"publish","type":"page","link":"https:\/\/www.chpuye.com\/?page_id=2901","title":{"rendered":"Sivas"},"content":{"rendered":"<p><strong>4 Eyl\u00fcl 1919 tarihinde Sivas \u015fehrinde toplanan Genel Kongresinde al\u0131nan kararlar. <\/strong><\/p>\n<p>Milletimizin tamam\u0131nca bilinen i\u00e7 ve d\u0131\u015f tehlikelerin ortaya \u00e7\u0131kard\u0131\u011f\u0131 mill\u00ee uyan\u0131\u015f sonucunda toplanan Kongremiz, a\u015fa\u011f\u0131daki kararlar\u0131 alm\u0131\u015ft\u0131r:<\/p>\n<ul>\n<li>Osmanl\u0131 Devleti ile \u0130tilaf Devletleri aras\u0131nda ger\u00e7ekle\u015ftirilen Ate\u015fkes Antla\u015fmas\u0131\u2019n\u0131n, imzaland\u0131\u011f\u0131 30 Ekim 1918 tarihindeki s\u0131n\u0131rlar\u0131m\u0131z i\u00e7erisinde kalan ve her noktas\u0131nda b\u00fcy\u00fck bir \u00e7o\u011funlukla M\u00fcsl\u00fcmanlar\u0131n ya\u015fad\u0131\u011f\u0131 Osmanl\u0131 \u00fclkesi, biri di\u011ferinden ve de Osmanl\u0131 toplumundan ayr\u0131lmas\u0131 m\u00fcmk\u00fcn olmayan ve hi\u00e7bir sebeple de ayr\u0131lamayacak olan bir b\u00fct\u00fcnd\u00fcr. Bu topraklarda ya\u015fayan b\u00fct\u00fcn M\u00fcsl\u00fcmanlar; birbirlerine kar\u015f\u0131 sayg\u0131 ve fedak\u00e2rl\u0131k duygular\u0131yla dolu, \u0131rki ve toplumsal haklar\u0131yla \u00e7evresel \u015fartlara tam anlam\u0131yla sayg\u0131 g\u00f6steren \u00f6z karde\u015ftirler.<\/li>\n<li>2- Osmanl\u0131 toplumunun b\u00fct\u00fcnl\u00fc\u011f\u00fc ve mill\u00ee ba\u011f\u0131ms\u0131zl\u0131\u011f\u0131m\u0131z\u0131n sa\u011flanmas\u0131, y\u00fcce halifelik makam\u0131n\u0131n ve saltanat\u0131n korunmas\u0131 i\u00e7in mill\u00ee g\u00fc\u00e7ler kesinlikle etkili olacak ve millet iradesi egemen k\u0131l\u0131nacakt\u0131r.<\/li>\n<li>3- Osmanl\u0131 \u00fclkesinin herhangi bir k\u0131sm\u0131na kar\u015f\u0131 ger\u00e7ekle\u015ftirilecek bir m\u00fcdahale ve i\u015fgale, \u00f6zellikle vatan\u0131m\u0131zda ba\u011f\u0131ms\u0131z bir Rumluk ve Ermenilik olu\u015fturulmas\u0131 amac\u0131na y\u00f6nelik hareketlere kar\u015f\u0131 Ayd\u0131n, Manisa ve Bal\u0131kesir cephelerinde, mill\u00ee \u00e7arp\u0131\u015fmalarda oldu\u011fu gibi birlikte savunma ve kar\u015f\u0131 koyma ilkesi kabul edilmi\u015ftir.<\/li>\n<li>4- \u00d6teden beri ayn\u0131 vatan i\u00e7inde birlikte ya\u015fad\u0131\u011f\u0131m\u0131z M\u00fcsl\u00fcman olmayan b\u00fct\u00fcn halklar\u0131n her t\u00fcrl\u00fc hukuki e\u015fitlikleri tamamen sakl\u0131 oldu\u011fundan, an\u0131lan halklara siyasi egemenlik ve toplumsal dengemizi bozacak ayr\u0131cal\u0131klar\u0131n verilmesi kesinlikle kabul edilmeyecektir.<\/li>\n<li>5- Osmanl\u0131 H\u00fck\u00fbmeti, d\u0131\u015far\u0131dan gelecek bir bask\u0131 kar\u015f\u0131s\u0131nda memleketimizin herhangi bir k\u0131sm\u0131n\u0131 terk ve ihmal etmek zorunda kald\u0131\u011f\u0131 takdirde halifelik ve saltanat makam\u0131yla vatan ve milletin korunmas\u0131n\u0131 ve b\u00fct\u00fcnl\u00fc\u011f\u00fcn\u00fc sa\u011flayacak her t\u00fcrl\u00fc \u00f6nlem ve kararlar al\u0131nm\u0131\u015ft\u0131r.<\/li>\n<li>6- \u0130tilaf Devletlerince Ate\u015fkes Antla\u015fmas\u0131\u2019n\u0131n imzaland\u0131\u011f\u0131 30 Ekim 1918 tarihindeki s\u0131n\u0131rlar\u0131m\u0131z i\u00e7inde kalan ve \u00e7o\u011funlukla M\u00fcsl\u00fcmanlar\u0131n ya\u015fad\u0131\u011f\u0131, k\u00fclt\u00fcr ve uygarl\u0131k \u00fcst\u00fcnl\u00fc\u011f\u00fc M\u00fcsl\u00fcmanlara ait olan bu \u00fclkede; toprak b\u00fct\u00fcnl\u00fc\u011f\u00fcm\u00fcz\u00fcn par\u00e7alanmas\u0131 d\u00fc\u015f\u00fcncesi tamamen terk edilerek bu topraklar \u00fczerindeki tarih, \u0131rk, din ve co\u011frafyayla ilgili haklar\u0131m\u0131za sayg\u0131 g\u00f6sterilmesini, buna ayk\u0131r\u0131 giri\u015fimlere son verilmesini ve b\u00f6ylece hak ve adalete dayanan bir karar al\u0131nmas\u0131n\u0131 beklemekteyiz.<\/li>\n<li>7- Milletimiz; insani, \u00e7a\u011fda\u015f ama\u00e7lar\u0131 y\u00fccelten ve teknikle, sanatla, ekonomiyle ilgili durum ve ihtiya\u00e7lar\u0131m\u0131z\u0131n bilincindedir. Bundan dolay\u0131; devlet ve milletimizin i\u00e7 ve d\u0131\u015f ba\u011f\u0131ms\u0131zl\u0131\u011f\u0131, vatan\u0131m\u0131z\u0131n b\u00fct\u00fcnl\u00fc\u011f\u00fc sakl\u0131 kalmak \u015fart\u0131yla alt\u0131nc\u0131 maddede belirtilen s\u0131n\u0131rlar i\u00e7inde, Milliyet ilkelerine sayg\u0131l\u0131 ve memleketimize kar\u015f\u0131 istila amac\u0131 ta\u015f\u0131mayan herhangi bir devletin teknikle, sanatla ve ekonomiyle ilgili yard\u0131m\u0131n\u0131 memnuniyetle kar\u015f\u0131lar\u0131z. Adaletli ve insani \u015fartlar\u0131 i\u00e7eren bir bar\u0131\u015f\u0131n da ivedilikle ger\u00e7ekle\u015ftirilmesi, insanl\u0131\u011f\u0131n rahat\u0131 ve d\u00fcnyan\u0131n huzuru ad\u0131na en \u00f6zel mill\u00ee arzumuzdur.<\/li>\n<li>8- Milletlerin kendi kaderlerini bizzat kendilerinin belirledi\u011fi bu tarih\u00ee d\u00f6nemde, \u0130stanbul H\u00fck\u00fcmeti\u2019nin de milletin iradesine uymas\u0131 zorunludur. \u00c7\u00fcnk\u00fc milletin iradesine dayanmayan bir h\u00fck\u00fbmetin keyf \u00ee ve ki\u015fisel olan kararlar\u0131na millet boyun e\u011fmedi\u011fi gibi, b\u00f6ylesi kararlar\u0131n d\u0131\u015fta da ge\u00e7erli olmad\u0131\u011f\u0131 ve olamayaca\u011f\u0131 \u015fimdiye kadar ge\u00e7en olaylar ve sonu\u00e7larla da ispat edilmi\u015ftir. Bundan dolay\u0131 milletin i\u00e7inde bulundu\u011fu s\u0131k\u0131nt\u0131 ve kayg\u0131dan kurtulma yollar\u0131na bizzat ba\u015flamadan \u0130stanbul H\u00fck\u00fcmeti\u2019nin Mill\u00ee Meclis\u2019i hemen ve bir an bile ge\u00e7irmeden toplamas\u0131 ve b\u00f6ylece milletin, memleket gelece\u011fi hakk\u0131nda alaca\u011f\u0131 b\u00fct\u00fcn kararlar\u0131 Mill\u00ee Meclis\u2019in denetimine sunmas\u0131 zorunludur.<\/li>\n<li>9- Vatan\u0131m\u0131z\u0131n ve milletimizin kar\u015f\u0131 kar\u015f\u0131ya oldu\u011fu zul\u00fcm ve ac\u0131larla, tamamen ayn\u0131 maksat ve ama\u00e7la mill\u00ee vicdandan do\u011fan vatansever ve mill\u00ee cemiyetlerin birle\u015fmesinden olu\u015fan genel topluluk bu kez \u201cAnadolu ve Rumeli M\u00fcdafaa-i Hukuk Cemiyeti\u201d ad\u0131n\u0131 alm\u0131\u015ft\u0131r. Bu Cemiyet, her t\u00fcrl\u00fc particilik ak\u0131mlar\u0131ndan ve ki\u015fisel ihtiraslardan ar\u0131nm\u0131\u015ft\u0131r ve tamamen uzakt\u0131r. B\u00fct\u00fcn M\u00fcsl\u00fcman vatanda\u015flar\u0131m\u0131z, bu Cemiyet\u2019in do\u011fal \u00fcyesidir.<\/li>\n<\/ul>\n<p>10- \u201cAnadolu ve Rumeli M\u00fcdafaa-i Hukuk Cemiyeti\u2019nin 4 Eyl\u00fcl 1919 tarihinde Sivas \u015fehrinde toplanan Genel Kongresi taraf\u0131ndan, kutsal amac\u0131 takip ve genel te\u015fkilat\u0131 y\u00f6netmek amac\u0131yla bir \u201cHeyet-i Temsiliye\u201d se\u00e7ilmi\u015f ve k\u00f6ylerden il merkezlerine kadar b\u00fct\u00fcn Mill\u00ee Te\u015fkilat g\u00fc\u00e7lendirilerek birle\u015ftirilmi\u015ftir.<\/p>\n","protected":false},"excerpt":{"rendered":"<p>4 Eyl\u00fcl 1919 tarihinde Sivas \u015fehrinde toplanan Genel Kongresinde al\u0131nan kararlar. Milletimizin tamam\u0131nca bilinen i\u00e7 ve d\u0131\u015f tehlikelerin ortaya \u00e7\u0131kard\u0131\u011f\u0131 mill\u00ee uyan\u0131\u015f sonucunda toplanan Kongremiz, a\u015fa\u011f\u0131daki kararlar\u0131 alm\u0131\u015ft\u0131r: Osmanl\u0131 Devleti ile \u0130tilaf Devletleri aras\u0131nda ger\u00e7ekle\u015ftirilen Ate\u015fkes Antla\u015fmas\u0131\u2019n\u0131n, imzaland\u0131\u011f\u0131 30 Ekim &hellip; <a href=\"https:\/\/www.chpuye.com\/?page_id=2901\">Okumaya devam et <span class=\"meta-nav\">&rarr;<\/span><\/a><\/p>\n","protected":false},"author":1,"featured_media":0,"parent":0,"menu_order":0,"comment_status":"closed","ping_status":"closed","template":"","meta":[],"_links":{"self":[{"href":"https:\/\/www.chpuye.com\/index.php?rest_route=\/wp\/v2\/pages\/2901"}],"collection":[{"href":"https:\/\/www.chpuye.com\/index.php?rest_route=\/wp\/v2\/pages"}],"about":[{"href":"https:\/\/www.chpuye.com\/index.php?rest_route=\/wp\/v2\/types\/page"}],"author":[{"embeddable":true,"href":"https:\/\/www.chpuye.com\/index.php?rest_route=\/wp\/v2\/users\/1"}],"replies":[{"embeddable":true,"href":"https:\/\/www.chpuye.com\/index.php?rest_route=%2Fwp%2Fv2%2Fcomments&post=2901"}],"version-history":[{"count":1,"href":"https:\/\/www.chpuye.com\/index.php?rest_route=\/wp\/v2\/pages\/2901\/revisions"}],"predecessor-version":[{"id":2902,"href":"https:\/\/www.chpuye.com\/index.php?rest_route=\/wp\/v2\/pages\/2901\/revisions\/2902"}],"wp:attachment":[{"href":"https:\/\/www.chpuye.com\/index.php?rest_route=%2Fwp%2Fv2%2Fmedia&parent=2901"}],"curies":[{"name":"wp","href":"https:\/\/api.w.org\/{rel}","templated":true}]}}