{"id":2892,"date":"2021-05-23T14:14:04","date_gmt":"2021-05-23T11:14:04","guid":{"rendered":"https:\/\/www.chpuye.com\/?page_id=2892"},"modified":"2021-05-23T14:20:40","modified_gmt":"2021-05-23T11:20:40","slug":"istiklal-savasinda-bozguncular-ve-casuslar-feridun-kandemir","status":"publish","type":"page","link":"https:\/\/www.chpuye.com\/?page_id=2892","title":{"rendered":"\u0130stiklal Sava\u015f\u0131nda Bozguncular ve Casuslar. Feridun Kandemir"},"content":{"rendered":"<p><a href=\"file:\/\/\/C:\/Users\/USER\/Desktop\/Feridun%20Kandemir%20-%20%C4%B0stiklal%20Sava%C5%9F%C4%B1nda%20Bozguncular%20ve%20Casuslar%20-%20Yak%C4%B1n%20Tar.Yay-1964.pdf\">Feridun Kandemir &#8211; \u0130stiklal Sava\u015f\u0131nda Bozguncular ve Casuslar &#8211; Yak\u0131n Tar.Yay-1964.pdf<\/a><\/p>\n<p><a href=\"https:\/\/www.chpuye.com\/wp-content\/uploads\/2021\/05\/Feridun-Kandemir-Istiklal-Savasinda-Bozguncular-ve-Casuslar-Yakin-Tar.Yay-1964.pdf\">Feridun Kandemir &#8211; \u0130stiklal Sava\u015f\u0131nda Bozguncular ve Casuslar &#8211; Yak\u0131n Tar.Yay-1964<\/a><br \/>\nTarihi bilmeden gelece\u011fi bilmenin imkan\u0131 yok. oku oku oku oku milli Kurtulu\u015f Sava\u015f\u0131&#8217;m\u0131z\u0131n tarihini oku ki bug\u00fcn\u00fc ve gelece\u011fi iyi de\u011ferlendirip bir \u00f6ng\u00f6r\u00fcn olsun. Ne yapaca\u011f\u0131n\u0131 bilirsin.<\/p>\n<p>Sayg\u0131lar\u0131mla<\/p>\n<p>CHP \u00dcye<\/p>\n","protected":false},"excerpt":{"rendered":"<p>Feridun Kandemir &#8211; \u0130stiklal Sava\u015f\u0131nda Bozguncular ve Casuslar &#8211; Yak\u0131n Tar.Yay-1964.pdf Feridun Kandemir &#8211; \u0130stiklal Sava\u015f\u0131nda Bozguncular ve Casuslar &#8211; Yak\u0131n Tar.Yay-1964 Tarihi bilmeden gelece\u011fi bilmenin imkan\u0131 yok. oku oku oku oku milli Kurtulu\u015f Sava\u015f\u0131&#8217;m\u0131z\u0131n tarihini oku ki bug\u00fcn\u00fc ve &hellip; <a href=\"https:\/\/www.chpuye.com\/?page_id=2892\">Okumaya devam et <span class=\"meta-nav\">&rarr;<\/span><\/a><\/p>\n","protected":false},"author":1,"featured_media":0,"parent":2865,"menu_order":0,"comment_status":"closed","ping_status":"closed","template":"","meta":[],"_links":{"self":[{"href":"https:\/\/www.chpuye.com\/index.php?rest_route=\/wp\/v2\/pages\/2892"}],"collection":[{"href":"https:\/\/www.chpuye.com\/index.php?rest_route=\/wp\/v2\/pages"}],"about":[{"href":"https:\/\/www.chpuye.com\/index.php?rest_route=\/wp\/v2\/types\/page"}],"author":[{"embeddable":true,"href":"https:\/\/www.chpuye.com\/index.php?rest_route=\/wp\/v2\/users\/1"}],"replies":[{"embeddable":true,"href":"https:\/\/www.chpuye.com\/index.php?rest_route=%2Fwp%2Fv2%2Fcomments&post=2892"}],"version-history":[{"count":2,"href":"https:\/\/www.chpuye.com\/index.php?rest_route=\/wp\/v2\/pages\/2892\/revisions"}],"predecessor-version":[{"id":2898,"href":"https:\/\/www.chpuye.com\/index.php?rest_route=\/wp\/v2\/pages\/2892\/revisions\/2898"}],"up":[{"embeddable":true,"href":"https:\/\/www.chpuye.com\/index.php?rest_route=\/wp\/v2\/pages\/2865"}],"wp:attachment":[{"href":"https:\/\/www.chpuye.com\/index.php?rest_route=%2Fwp%2Fv2%2Fmedia&parent=2892"}],"curies":[{"name":"wp","href":"https:\/\/api.w.org\/{rel}","templated":true}]}}