{"id":2890,"date":"2021-05-23T14:08:23","date_gmt":"2021-05-23T11:08:23","guid":{"rendered":"https:\/\/www.chpuye.com\/?page_id=2890"},"modified":"2021-05-23T22:21:45","modified_gmt":"2021-05-23T19:21:45","slug":"milli-mucadeleyol-arkadasligindan-yol-ayrimina-amasya-askeri-orgutu","status":"publish","type":"page","link":"https:\/\/www.chpuye.com\/?page_id=2890","title":{"rendered":"M\u0130LL\u0130 M\u00dcCADELE,Yol Arkada\u015fl\u0131\u011f\u0131ndan Yol Ayr\u0131m\u0131na Amasya Askeri \u00d6rg\u00fct\u00fc"},"content":{"rendered":"<p>&#8220;Yol Arkada\u015fl\u0131\u011f\u0131ndan Yol Ayr\u0131m\u0131na Amasya Askeri \u00d6rg\u00fct\u00fc&#8221; isimli bu tez \u00e7al\u0131\u015fmas\u0131.\u00a0 Ankara-2013<\/p>\n<p><a href=\"file:\/\/\/C:\/Users\/USER\/Desktop\/tez.%20amasyadan%20ankaraya.pdf\">https:\/\/dspace.ankara.edu.tr\/xmlui\/handle\/20.500.12575\/34713file:\/\/\/C:\/Users\/USER\/Desktop\/tez.%20amasyadan%20ankaraya.pdftez. amasyadan ankaraya.pdf<\/a><\/p>\n<p>Doktora Tezi<br \/>\nSerkan \u00dcnal<\/p>\n<p>T.C.<br \/>\nANKARA \u00dcN\u0130VERS\u0130TES\u0130<br \/>\nSOSYAL B\u0130L\u0130MLER ENST\u0130T\u00dcS\u00dc<br \/>\nS\u0130YASET B\u0130L\u0130M\u0130 VE KAMU Y\u00d6NET\u0130M\u0130<br \/>\n(S\u0130YASET B\u0130L\u0130M\u0130) ANAB\u0130L\u0130M DALI<\/p>\n","protected":false},"excerpt":{"rendered":"<p>&#8220;Yol Arkada\u015fl\u0131\u011f\u0131ndan Yol Ayr\u0131m\u0131na Amasya Askeri \u00d6rg\u00fct\u00fc&#8221; isimli bu tez \u00e7al\u0131\u015fmas\u0131.\u00a0 Ankara-2013 https:\/\/dspace.ankara.edu.tr\/xmlui\/handle\/20.500.12575\/34713file:\/\/\/C:\/Users\/USER\/Desktop\/tez.%20amasyadan%20ankaraya.pdftez. amasyadan ankaraya.pdf Doktora Tezi Serkan \u00dcnal T.C. ANKARA \u00dcN\u0130VERS\u0130TES\u0130 SOSYAL B\u0130L\u0130MLER ENST\u0130T\u00dcS\u00dc S\u0130YASET B\u0130L\u0130M\u0130 VE KAMU Y\u00d6NET\u0130M\u0130 (S\u0130YASET B\u0130L\u0130M\u0130) ANAB\u0130L\u0130M DALI<\/p>\n","protected":false},"author":1,"featured_media":0,"parent":2865,"menu_order":0,"comment_status":"closed","ping_status":"closed","template":"","meta":[],"_links":{"self":[{"href":"https:\/\/www.chpuye.com\/index.php?rest_route=\/wp\/v2\/pages\/2890"}],"collection":[{"href":"https:\/\/www.chpuye.com\/index.php?rest_route=\/wp\/v2\/pages"}],"about":[{"href":"https:\/\/www.chpuye.com\/index.php?rest_route=\/wp\/v2\/types\/page"}],"author":[{"embeddable":true,"href":"https:\/\/www.chpuye.com\/index.php?rest_route=\/wp\/v2\/users\/1"}],"replies":[{"embeddable":true,"href":"https:\/\/www.chpuye.com\/index.php?rest_route=%2Fwp%2Fv2%2Fcomments&post=2890"}],"version-history":[{"count":5,"href":"https:\/\/www.chpuye.com\/index.php?rest_route=\/wp\/v2\/pages\/2890\/revisions"}],"predecessor-version":[{"id":2909,"href":"https:\/\/www.chpuye.com\/index.php?rest_route=\/wp\/v2\/pages\/2890\/revisions\/2909"}],"up":[{"embeddable":true,"href":"https:\/\/www.chpuye.com\/index.php?rest_route=\/wp\/v2\/pages\/2865"}],"wp:attachment":[{"href":"https:\/\/www.chpuye.com\/index.php?rest_route=%2Fwp%2Fv2%2Fmedia&parent=2890"}],"curies":[{"name":"wp","href":"https:\/\/api.w.org\/{rel}","templated":true}]}}