{"id":2887,"date":"2021-05-23T14:01:10","date_gmt":"2021-05-23T11:01:10","guid":{"rendered":"https:\/\/www.chpuye.com\/?page_id=2887"},"modified":"2021-05-23T14:17:27","modified_gmt":"2021-05-23T11:17:27","slug":"ataturku-anlamak-ve-tamamlamak","status":"publish","type":"page","link":"https:\/\/www.chpuye.com\/?page_id=2887","title":{"rendered":"ATAT\u00dcRK&#8217;\u00dc ANLAMAK ve TAMAMLAMAK"},"content":{"rendered":"<p>Nurer U\u011eURLU ba\u015fkanl\u0131\u011f\u0131nda bir kurul taraf\u0131ndan haz\u0131rlanm\u0131\u015ft\u0131r.<br \/>\nDizgi &#8211; Bask\u0131 &#8211; Yay\u0131mlayan:<br \/>\nYenig\u00fcn Haber Ajans\u0131<br \/>\nBas\u0131n ve Yay\u0131nc\u0131l\u0131k A.\u015e.<br \/>\nKas\u0131m 1998<br \/>\nProf.Dr. CAV\u0130T ORHAN T\u00dcTENGIL<br \/>\n<a href=\"https:\/\/www.chpuye.com\/wp-content\/uploads\/2021\/05\/ataturku_anlamak.pdf\">ataturk&#8217;u_anlamak<\/a><\/p>\n<p><a href=\"file:\/\/\/C:\/Users\/USER\/Desktop\/ataturk'u_anlamak.pdf\">http:\/\/turkoloji.cu.edu.tr\/ATATURK\/arastirmalar\/ataturk%27u_anlamak.pdfataturk&#8217;u_anlamak.pdf<\/a><\/p>\n<p>&nbsp;<\/p>\n","protected":false},"excerpt":{"rendered":"<p>Nurer U\u011eURLU ba\u015fkanl\u0131\u011f\u0131nda bir kurul taraf\u0131ndan haz\u0131rlanm\u0131\u015ft\u0131r. Dizgi &#8211; Bask\u0131 &#8211; Yay\u0131mlayan: Yenig\u00fcn Haber Ajans\u0131 Bas\u0131n ve Yay\u0131nc\u0131l\u0131k A.\u015e. Kas\u0131m 1998 Prof.Dr. CAV\u0130T ORHAN T\u00dcTENGIL ataturk&#8217;u_anlamak http:\/\/turkoloji.cu.edu.tr\/ATATURK\/arastirmalar\/ataturk%27u_anlamak.pdfataturk&#8217;u_anlamak.pdf &nbsp;<\/p>\n","protected":false},"author":1,"featured_media":0,"parent":2865,"menu_order":0,"comment_status":"closed","ping_status":"closed","template":"","meta":[],"_links":{"self":[{"href":"https:\/\/www.chpuye.com\/index.php?rest_route=\/wp\/v2\/pages\/2887"}],"collection":[{"href":"https:\/\/www.chpuye.com\/index.php?rest_route=\/wp\/v2\/pages"}],"about":[{"href":"https:\/\/www.chpuye.com\/index.php?rest_route=\/wp\/v2\/types\/page"}],"author":[{"embeddable":true,"href":"https:\/\/www.chpuye.com\/index.php?rest_route=\/wp\/v2\/users\/1"}],"replies":[{"embeddable":true,"href":"https:\/\/www.chpuye.com\/index.php?rest_route=%2Fwp%2Fv2%2Fcomments&post=2887"}],"version-history":[{"count":4,"href":"https:\/\/www.chpuye.com\/index.php?rest_route=\/wp\/v2\/pages\/2887\/revisions"}],"predecessor-version":[{"id":2896,"href":"https:\/\/www.chpuye.com\/index.php?rest_route=\/wp\/v2\/pages\/2887\/revisions\/2896"}],"up":[{"embeddable":true,"href":"https:\/\/www.chpuye.com\/index.php?rest_route=\/wp\/v2\/pages\/2865"}],"wp:attachment":[{"href":"https:\/\/www.chpuye.com\/index.php?rest_route=%2Fwp%2Fv2%2Fmedia&parent=2887"}],"curies":[{"name":"wp","href":"https:\/\/api.w.org\/{rel}","templated":true}]}}