{"id":2875,"date":"2021-04-23T10:29:21","date_gmt":"2021-04-23T07:29:21","guid":{"rendered":"https:\/\/www.chpuye.com\/?page_id=2875"},"modified":"2021-05-23T14:31:54","modified_gmt":"2021-05-23T11:31:54","slug":"anayasanin11-maddesi-degistirilemez","status":"publish","type":"page","link":"https:\/\/www.chpuye.com\/?page_id=2875","title":{"rendered":"Anayasa\u2019n\u0131n11 mad. de\u011fi\u015ftirilemez."},"content":{"rendered":"<p><strong>Anayasa\u2019n\u0131n ilk 4 maddesi de\u011fil 11 maddesi asla de\u011fi\u015ftirilemez. Anayasaya ve kanunlara uymayan iktidar ve muhalefet partileri y\u00f6netimleri de\u011fi\u015ftirilmeli.<\/strong><\/p>\n<p>B\u0130R\u0130NC\u0130 KISIM<\/p>\n<p><strong>Genel Esaslar <\/strong><\/p>\n<ol>\n<li><strong> Devletin \u015fekli<\/strong><\/li>\n<\/ol>\n<p><strong>Mad. 1- <\/strong>T\u00fcrkiye Devleti bir Cumhuriyettir.<\/p>\n<ol>\n<li><strong> Cumhuriyetin nitelikleri<\/strong><\/li>\n<\/ol>\n<p><strong>Mad. 2- <\/strong>T\u00fcrkiye Cumhuriyeti, toplumun huzuru, mill\u00ee dayan\u0131\u015fma ve adalet anlay\u0131\u015f\u0131 i\u00e7inde, insan haklar\u0131na sayg\u0131l\u0131, Atat\u00fcrk milliyet\u00e7ili\u011fine ba\u011fl\u0131, ba\u015flang\u0131\u00e7ta belirtilen temel ilkelere dayanan, demokratik, l\u00e2ik ve sosyal bir hukuk Devletidir.<\/p>\n<p><strong>III. Devletin b\u00fct\u00fcnl\u00fc\u011f\u00fc, resm\u00ee dili, bayra\u011f\u0131, mill\u00ee mar\u015f\u0131 ve ba\u015fkenti <\/strong><\/p>\n<p><strong>Mad. 3- <\/strong>T\u00fcrkiye Devleti, \u00fclkesi ve milletiyle b\u00f6l\u00fcnmez bir b\u00fct\u00fcnd\u00fcr. Dili T\u00fcrk\u00e7edir. Bayra\u011f\u0131, \u015fekli kanununda belirtilen, beyaz ay y\u0131ld\u0131zl\u0131 al bayrakt\u0131r.<\/p>\n<p>Mill\u00ee mar\u015f\u0131 \u201c\u0130stiklal Mar\u015f\u0131\u2019d\u0131r. Ba\u015fkenti Ankara\u2019d\u0131r.<\/p>\n<ol>\n<li><strong> De\u011fi\u015ftirilemeyecek h\u00fck\u00fcmler<\/strong><\/li>\n<\/ol>\n<p><strong>Mad. 4- <\/strong>Anayasan\u0131n 1 inci maddesindeki Devletin \u015feklinin Cumhuriyet oldu\u011fu hakk\u0131ndaki h\u00fck\u00fcm ile 2 nci maddesindeki Cumhuriyetin nitelikleri ve 3 \u00fcnc\u00fc maddesi h\u00fck\u00fcmleri de\u011fi\u015ftirilemez ve de\u011fi\u015ftirilmesi teklif edilemez.<\/p>\n<ol>\n<li><strong> Devletin temel ama\u00e7 ve g\u00f6revleri<\/strong><\/li>\n<\/ol>\n<p><strong>Mad. 5- <\/strong>Devletin temel ama\u00e7 ve g\u00f6revleri. T\u00fcrk milletinin ba\u011f\u0131ms\u0131zl\u0131\u011f\u0131n\u0131 ve b\u00fct\u00fcnl\u00fc\u011f\u00fcn\u00fc, \u00fclkenin b\u00f6l\u00fcnmezli\u011fini, Cumhuriyeti ve demokrasiyi korumak, ki\u015filerin ve toplumun refah, huzur ve mutlulu\u011funu sa\u011flamak; ki\u015finin temel hak ve h\u00fcrriyetlerini, sosyal hukuk devleti ve adalet ilkeleriyle ba\u011fda\u015fmayacak surette s\u0131n\u0131rlayan siyasal, ekonomik ve sosyal engelleri kald\u0131rmaya, insan\u0131n madd\u00ee ve manev\u00ee varl\u0131\u011f\u0131n\u0131n geli\u015fmesi i\u00e7in gerekli \u015fartlar\u0131 haz\u0131rlamaya \u00e7al\u0131\u015fmakt\u0131r.<\/p>\n<ol>\n<li><strong> Egemenlik<\/strong><\/li>\n<\/ol>\n<p><strong>Mad. 6- <\/strong>Egemenlik, kay\u0131ts\u0131z \u015farts\u0131z Milletindir.<\/p>\n<p>T\u00fcrk Milleti, egemenli\u011fini, Anayasan\u0131n koydu\u011fu esaslara g\u00f6re, yetkili organlar\u0131 eliyle kullan\u0131r.<\/p>\n<p>Egemenli\u011fin kullan\u0131lmas\u0131, hi\u00e7bir surette hi\u00e7bir ki\u015fiye, z\u00fcmreye veya s\u0131n\u0131fa b\u0131rak\u0131lamaz. Hi\u00e7bir kimse veya organ kayna\u011f\u0131n\u0131 Anayasadan almayan bir Devlet yetkisi kullanamaz.<\/p>\n<p><strong>VII. Yasama yetkisi<\/strong><\/p>\n<p><strong>Mad. 7- <\/strong>Yasama yetkisi T\u00fcrk Milleti ad\u0131na T\u00fcrkiye B\u00fcy\u00fck Millet Meclisinindir. Bu yetki devredilemez.<\/p>\n<p><strong>VIII. Y\u00fcr\u00fctme yetkisi ve g\u00f6revi<\/strong><\/p>\n<p><strong>Mad. 8- <\/strong>Y\u00fcr\u00fctme yetkisi ve g\u00f6revi, Cumhurba\u015fkan\u0131 ve Bakanlar Kurulu taraf\u0131ndan, Anayasaya ve kanunlara uygun olarak kullan\u0131l\u0131r ve yerine getirilir.<\/p>\n<ol>\n<li><strong> Yarg\u0131 yetkisi<\/strong><\/li>\n<\/ol>\n<p><strong>Mad. 9-<\/strong>Yarg\u0131 yetkisi, T\u00fcrk Milleti ad\u0131na ba\u011f\u0131ms\u0131z mahkemelerce kullan\u0131l\u0131r.<\/p>\n<ol>\n<li><strong> Kanun \u00f6n\u00fcnde e\u015fitlik<\/strong><\/li>\n<\/ol>\n<p><strong>Mad. 10- <\/strong>Herkes, dil, \u0131rk, renk, cinsiyet, siyas\u00ee d\u00fc\u015f\u00fcnce, felsef\u00ee inan\u00e7, din, mezhep ve benzeri sebeplerle ay\u0131r\u0131m g\u00f6zetilmeksizin kanun \u00f6n\u00fcnde e\u015fittir. \u2026<\/p>\n<ol>\n<li><strong> Anayasan\u0131n ba\u011flay\u0131c\u0131l\u0131\u011f\u0131 ve \u00fcst\u00fcnl\u00fc\u011f\u00fc <\/strong><\/li>\n<\/ol>\n<p><strong>MADDE 11- <\/strong>Anayasa h\u00fck\u00fcmleri, yasama, y\u00fcr\u00fctme ve yarg\u0131 organlar\u0131n\u0131, idare makamlar\u0131n\u0131 ve di\u011fer kurulu\u015f ve ki\u015fileri ba\u011flayan temel hukuk kurallar\u0131d\u0131r.<\/p>\n<p>Kanunlar Anayasaya ayk\u0131r\u0131 olamaz.<\/p>\n<p>https:\/\/www.tbmm.gov.tr\/anayasa\/anayasa_2018.pdf<\/p>\n<p>&nbsp;<\/p>\n","protected":false},"excerpt":{"rendered":"<p>Anayasa\u2019n\u0131n ilk 4 maddesi de\u011fil 11 maddesi asla de\u011fi\u015ftirilemez. Anayasaya ve kanunlara uymayan iktidar ve muhalefet partileri y\u00f6netimleri de\u011fi\u015ftirilmeli. B\u0130R\u0130NC\u0130 KISIM Genel Esaslar Devletin \u015fekli Mad. 1- T\u00fcrkiye Devleti bir Cumhuriyettir. Cumhuriyetin nitelikleri Mad. 2- T\u00fcrkiye Cumhuriyeti, toplumun huzuru, mill\u00ee &hellip; <a href=\"https:\/\/www.chpuye.com\/?page_id=2875\">Okumaya devam et <span class=\"meta-nav\">&rarr;<\/span><\/a><\/p>\n","protected":false},"author":1,"featured_media":0,"parent":0,"menu_order":0,"comment_status":"closed","ping_status":"closed","template":"","meta":[],"_links":{"self":[{"href":"https:\/\/www.chpuye.com\/index.php?rest_route=\/wp\/v2\/pages\/2875"}],"collection":[{"href":"https:\/\/www.chpuye.com\/index.php?rest_route=\/wp\/v2\/pages"}],"about":[{"href":"https:\/\/www.chpuye.com\/index.php?rest_route=\/wp\/v2\/types\/page"}],"author":[{"embeddable":true,"href":"https:\/\/www.chpuye.com\/index.php?rest_route=\/wp\/v2\/users\/1"}],"replies":[{"embeddable":true,"href":"https:\/\/www.chpuye.com\/index.php?rest_route=%2Fwp%2Fv2%2Fcomments&post=2875"}],"version-history":[{"count":3,"href":"https:\/\/www.chpuye.com\/index.php?rest_route=\/wp\/v2\/pages\/2875\/revisions"}],"predecessor-version":[{"id":2903,"href":"https:\/\/www.chpuye.com\/index.php?rest_route=\/wp\/v2\/pages\/2875\/revisions\/2903"}],"wp:attachment":[{"href":"https:\/\/www.chpuye.com\/index.php?rest_route=%2Fwp%2Fv2%2Fmedia&parent=2875"}],"curies":[{"name":"wp","href":"https:\/\/api.w.org\/{rel}","templated":true}]}}