{"id":283,"date":"2011-03-16T15:41:30","date_gmt":"2011-03-16T15:41:30","guid":{"rendered":"http:\/\/www.chpuye.com\/?page_id=283"},"modified":"2011-03-16T15:41:30","modified_gmt":"2011-03-16T15:41:30","slug":"orgutlerden-onsecim-talebi","status":"publish","type":"page","link":"https:\/\/www.chpuye.com\/?page_id=283","title":{"rendered":"\u00d6rg\u00fctlerden \u00d6NSE\u00c7\u0130M"},"content":{"rendered":"<h3><a href=\"http:\/\/www.haberyurdum.com\/chpnin-adana-orgutleri-onsecim-istedi-haberi-46566\/chpnin-adana-orgutleri-onsecim-istedi-haberi-46566\/\">Chp&#8217;nin Adana \u00d6rg\u00fctleri \u00d6nse\u00e7im \u0130stedi<\/a><br \/>\nCumhuriyet Halk Partisi (CHP) <span style=\"color: #ff0000;\">Adana <\/span>\u00f6rg\u00fctleri, parti genel merkezinde yapt\u0131klar\u0131 g\u00f6r\u00fc\u015fmelerde, milletvekili adaylar\u0131n\u0131n \u00f6nse\u00e7imle belirlenmesini istedi.<br \/>\n<a href=\"http:\/\/www.haberyurdum.com\/chpnin-adana-orgutleri-onsecim-istedi-haberi-46566\/chpnin-adana-orgutleri-onsecim-istedi-haberi-46566\/\">http:\/\/www.haberyurdum.com\/chpnin-adana-orgutleri-onsecim-istedi-haberi-46566\/chpnin-adana-orgutleri-onsecim-istedi-haberi-46566\/<\/a><\/h3>\n<p><span style=\"color: #ff0000;\">Afyonkarahisar<\/span> \u0130l Ba\u015fkan\u0131&nbsp; \u00d6N SE\u00c7\u0130M TALEB\u0130NDE BULUNDUK\u2019Ge\u00e7ti\u011fimiz hafta sonu Ankara\u2019da yap\u0131lan CHP \u0130l Ba\u015fkanlar\u0131 toplant\u0131s\u0131n\u0131 ODAK\u2019a de\u011ferlendiren \u0130l Ba\u015fkan\u0131 Nevzat Ercan \u201c\u0130l Te\u015fkilat\u0131 olarak Genel Merkezden adaylar\u0131n belirlenmesi i\u00e7in \u00f6n se\u00e7im istedik\u201d dedi..&nbsp; <a href=\"http:\/\/afyonkarahisar.com.tr\/haberdetay.asp?id=49881\">http:\/\/afyonkarahisar.com.tr\/haberdetay.asp?id=49881<\/a><\/p>\n<p>&nbsp;CHP&nbsp; <span style=\"color: #ff0000;\">U\u015fak<\/span>&nbsp; \u0130l \u00d6rg\u00fct\u00fc \u00f6n se\u00e7im konusunda genel merkezle s\u00fcrd\u00fcrd\u00fc\u011f\u00fc \u00e7al\u0131\u015fmalarda mutlu&nbsp; sona yakla\u015ft\u0131. CHP \u0130l Ba\u015fkan\u0131 Yard\u0131mc\u0131s\u0131 Avukat G\u00fcven \u00d6zkan CHP U\u015fak Merkez \u0130l\u00e7e Ba\u015fkan\u0131 \u0130brahim Turan ile birlikte , \u00f6n se\u00e7im y\u00f6n\u00fcndeki taleplerini CHP Genel Ba\u015fkan\u0131 Kemal K\u0131l\u0131\u00e7daro\u011flu\u2019na ilettiklerini a\u00e7\u0131klad\u0131.<br \/>\n<a href=\"http:\/\/www.usakport.com\/usakin-bekledigi-karar-ne-3424h.htm\">http:\/\/www.usakport.com\/usakin-bekledigi-karar-ne-3424h.htm<\/a><\/p>\n<p>&nbsp;Cumhuriyet Halk Partisi (CHP) il ba\u015fkanl\u0131\u011f\u0131ndan istifa edecek olan Veli A\u011fbaba, <strong><span style=\"color: #ff0000;\">Malatya \u00f6rg\u00fct\u00fcn\u00fcn<\/span><\/strong> bir b\u00fct\u00fcn olarak \u00f6nse\u00e7imden yana oldu\u011funu, bu taleplerini genel merkeze de ilettiklerini s\u00f6yledi.<br \/>\nhttp:\/\/www.malatyayenigun.com\/politika-ekonomi\/chp-onsecim-istedi.htm<\/p>\n<p>&nbsp;<span style=\"color: #ff0000;\">Kocaeli&nbsp;<\/span> CHP\u2019li kanaat \u00f6nderleri \u201c\u00f6n se\u00e7im\u201d istedi<br \/>\n<a href=\"http:\/\/www.kocaeligazetesi.com.tr\/root.vol?title=chpli-kanaat-onderleri-93on-secim94-istedi&amp;exec=page&amp;nid=89402\">http:\/\/www.kocaeligazetesi.com.tr\/root.vol?title=chpli-kanaat-onderleri-93on-secim94-istedi&amp;exec=page&amp;nid=89402<\/a><\/p>\n<p>&nbsp;<span style=\"color: #ff0000;\">Ayd\u0131n <\/span>Belediye Ba\u015fkan\u0131 \u00d6zlem \u00c7er\u00e7io\u011flu, CHP Milletvekili adaylar\u0131n\u0131n belirlenmesinde \u00f6n se\u00e7im yap\u0131lmas\u0131n\u0131n daha uygun olaca\u011f\u0131n\u0131 belirtti.<br \/>\n<a href=\"http:\/\/aydingundem.com\/haber\/739\/cercioglu-onsecim-istedi.html\">http:\/\/aydingundem.com\/haber\/739\/cercioglu-onsecim-istedi.html<\/a><\/p>\n<p>&nbsp;Cumhuriyet Halk Partisi <span style=\"color: #ff0000;\"><strong>Sakarya<\/strong> <\/span>\u0130l \u00d6rg\u00fct\u00fc taraf\u0131ndan yap\u0131lan toplant\u0131 sonucu milletvekili aday listesinin olu\u015fturulmas\u0131 i\u00e7in \u00f6nse\u00e7im yap\u0131lmas\u0131na ili\u015fkin karar \u00e7\u0131kt\u0131. CHP \u0130l \u00d6rg\u00fct\u00fc bu karar\u0131 parti \u00fcyelerinin imzas\u0131na a\u00e7t\u0131. \u00d6nse\u00e7im iste\u011fi i\u00e7in toplanan imzalar\u0131n genel merkeze g\u00f6nderilece\u011fi belirtiliyor\u2026<br \/>\n<a href=\"http:\/\/www.sakaryayenihaber.com\/haber\/25795\/chp-yonetimi-on-secim-istedi.aspx\">http:\/\/www.sakaryayenihaber.com\/haber\/25795\/chp-yonetimi-on-secim-istedi.aspx<\/a><\/p>\n<p><span style=\"color: #ff0000;\">Giresun <\/span>Belediye Ba\u015fkan\u0131 Aksu&#8217;da CHP&#8217;de \u00f6n se\u00e7im istedi<br \/>\nCHP&#8217;de milletvekili adaylar\u0131n\u0131n \u00fcyeler baz\u0131nda ger\u00e7ekle\u015ftirilecek olan \u00f6n se\u00e7imle yap\u0131lmas\u0131n\u0131 isteyenlerin saff\u0131na Belediye Ba\u015fkan\u0131 Kerim Aksu&#8217;da kat\u0131ld\u0131.&nbsp; http:\/\/www.yesilgiresun.com.tr\/haber_detay.asp?haberID=13836<\/p>\n<p>CHP Parti \u0130\u00e7i Demokrasi Hareketi <span style=\"color: #ff0000;\"><strong>\u0130zmir<\/strong> <\/span>Y\u00fcr\u00fctme Kurulu, se\u00e7imlerde milletvekili adaylar\u0131n\u0131n \u00f6n se\u00e7imle belirlenmesi talebini i\u00e7eren 10 bin imzal\u0131 mektubu, Genel Ba\u015fkan Yard\u0131mc\u0131s\u0131 Alaattin Y\u00fcksel\u2019e teslim etti<br \/>\n<a href=\"http:\/\/www.gazete5.com\/haber\/chp-izmir-yurutme-kurulu-onsecim-istedi-19-subat-2011-85933.htm\">http:\/\/www.gazete5.com\/haber\/chp-izmir-yurutme-kurulu-onsecim-istedi-19-subat-2011-85933.htm<\/a><br \/>\nCHP <span style=\"color: #ff0000;\">Mu\u011fla <\/span>Milletvekili Ali Arslan 2011 Milletvekili Genel se\u00e7imlerinde \u00f6n se\u00e7im isteyeceklerini belirtirken, 2007 y\u0131l\u0131nda Milletvekili aday\u0131 olan ancak, kontenjan oldu\u011fu i\u00e7in se\u00e7ilemeyen Fethiye \u0130l\u00e7e Ba\u015fkan\u0131 Emrah Do\u011fu \u201cKontenjan\u2019\u0131n olmad\u0131\u011f\u0131 bir \u00f6n se\u00e7im olsun\u201d dedi.<br \/>\n<a href=\"http:\/\/www.fethiyehaberler.com\/haber\/985\/chp-mugla-da-on-secim-istiyor.html\">http:\/\/www.fethiyehaberler.com\/haber\/985\/chp-mugla-da-on-secim-istiyor.html<\/a><\/p>\n<p>\u00d6zmen: \u201cCHP\u2019nin \u0130ktidarl\u0131\u011f\u0131 \u0130\u00e7in \u00d6n Se\u00e7im \u015eart!\u201d<br \/>\nCHP <span style=\"color: #ff0000;\">Ni\u011fde <\/span>Milletvekili Aday Aday\u0131 ve Eski Ni\u011fde Belediye Ba\u015fkan\u0131 Ahmet O\u011fuz \u00d6zmen, CHP\u2019nin iktidar olmas\u0131n\u0131n yolunun Ni\u011fde\u2019den ge\u00e7ti\u011fini ifade ederek \u00f6n se\u00e7im istedi <a href=\"http:\/\/www.borhaberci.com\/haber\/haber_detay.asp?haberID=1711Manisa\">http:\/\/www.borhaberci.com\/haber\/haber_detay.asp?haberID=1711<br \/>\nManisa<\/a> CHP&#8217;de \u00d6n Se\u00e7im Israr\u0131 CHP <span style=\"color: #ff0000;\">Manisa <\/span>\u0130l Ba\u015fkan\u0131 Turgay Ko\u00e7, \u00d6n\u00fcm\u00fczdeki Haftalarda Manisa&#8217;dan 16 \u0130l\u00e7e Ba\u015fkan\u0131, 40 Milletvekili Aday Aday\u0131 ve 20 Kurultay Delegesi ile Birlikte Ankara&#8217;ya Giderek Genel Ba\u015fkan Kemal K\u0131l\u0131\u00e7daro\u011flu ile G\u00f6r\u00fc\u015f\u00fcp, CHP&#8217;nin Manisa&#8217;daki Milletvekili Adaylar\u0131n\u0131 \u00d6n Se\u00e7imle Belirlemesi Y\u00f6n\u00fcndeki Taleplerini Yineleyeceklerini Bildirdi<br \/>\n<a href=\"http:\/\/www.sondakika.com\/haber-manisa-chp-de-on-secim-israri-2503498\/\">http:\/\/www.sondakika.com\/haber-manisa-chp-de-on-secim-israri-2503498\/<\/a><\/p>\n<p>&nbsp;\u00d6n se\u00e7im talebini telgrafla ilettiler <span style=\"color: #ff0000;\">izmir<\/span><br \/>\n\u00d6n se\u00e7im i\u00e7in toplanan imzalar\u0131n CHP Genel Ba\u015fkan\u0131 Kemal K\u0131l\u0131\u00e7daro\u011flu&#8217;na ula\u015ft\u0131r\u0131lmamas\u0131 \u00fczerine harekete ge\u00e7en \u00f6n se\u00e7imciler tepkilerini farkl\u0131 \u015fekilde dile getirmeye ba\u015flad\u0131. Cumhuriyet Meydan\u0131&#8217;nda toplanan \u00f6nse\u00e7im isteyenler bas\u0131n a\u00e7\u0131klamas\u0131 yapt\u0131ktan sonra CHP Genel Ba\u015fkan\u0131 Kemal K\u0131l\u0131\u00e7daro\u011flu telgraf \u00e7ekerek \u00f6nse\u00e7im istedi. \u00d6nse\u00e7im isteyenler ad\u0131na a\u00e7\u0131klama yapan CHP il eski y\u00f6neticisi U\u011fur Yelekli &#8220;Genel Ba\u015fkan\u0131m\u0131z Kemal K\u0131l\u0131\u00e7daro\u011flu koltu\u011fa oturdu\u011fundan bu yana \u00f6nse\u00e7im s\u00f6z\u00fc vermektedir. Bu s\u00f6z do\u011frultusunda adaylar\u0131n belirlenmesini istiyoruz&#8221; dedi.<\/p>\n<p><a href=\"http:\/\/gercekhaberci.com\/haber_detay.asp?haberID=1482\">http:\/\/gercekhaberci.com\/haber_detay.asp?haberID=1482<\/a><\/p>\n<p>Cumhuriyet Halk Partisi (CHP) <span style=\"color: #ff0000;\">Konya<\/span> \u0130l \u00d6rg\u00fct\u00fc&#8217;nde il ba\u015fkanl\u0131\u011f\u0131na atanan Cumhur Koyuncu&#8217;yu istemeyen il\u00e7e ba\u015fkanlar\u0131 genel merkeze \u00e7\u0131karma yapt\u0131. \u0130l\u00e7e ba\u015fkanlar\u0131 K\u0131l\u0131\u00e7daro\u011flu&#8217;ndan il ba\u015fkan\u0131n\u0131n de\u011fi\u015ftirilmesini ve genel se\u00e7imler \u00f6ncesi &#8216;\u00f6n se\u00e7im&#8217; yap\u0131lmas\u0131n\u0131 istedi.<br \/>\nhttp:\/\/www.konhaber.com\/new\/haber\/3\/41546\/Siyaset\/CHP-Konya-Il-Orgutu-karisti.html<\/p>\n","protected":false},"excerpt":{"rendered":"<p>Chp&#8217;nin Adana \u00d6rg\u00fctleri \u00d6nse\u00e7im \u0130stedi Cumhuriyet Halk Partisi (CHP) Adana \u00f6rg\u00fctleri, parti genel merkezinde yapt\u0131klar\u0131 g\u00f6r\u00fc\u015fmelerde, milletvekili adaylar\u0131n\u0131n \u00f6nse\u00e7imle belirlenmesini istedi. http:\/\/www.haberyurdum.com\/chpnin-adana-orgutleri-onsecim-istedi-haberi-46566\/chpnin-adana-orgutleri-onsecim-istedi-haberi-46566\/ Afyonkarahisar \u0130l Ba\u015fkan\u0131&nbsp; \u00d6N SE\u00c7\u0130M TALEB\u0130NDE BULUNDUK\u2019Ge\u00e7ti\u011fimiz hafta sonu Ankara\u2019da yap\u0131lan CHP \u0130l Ba\u015fkanlar\u0131 toplant\u0131s\u0131n\u0131 ODAK\u2019a de\u011ferlendiren \u0130l &hellip; <a href=\"https:\/\/www.chpuye.com\/?page_id=283\">Okumaya devam et <span class=\"meta-nav\">&rarr;<\/span><\/a><\/p>\n","protected":false},"author":1,"featured_media":0,"parent":90,"menu_order":0,"comment_status":"closed","ping_status":"open","template":"","meta":[],"_links":{"self":[{"href":"https:\/\/www.chpuye.com\/index.php?rest_route=\/wp\/v2\/pages\/283"}],"collection":[{"href":"https:\/\/www.chpuye.com\/index.php?rest_route=\/wp\/v2\/pages"}],"about":[{"href":"https:\/\/www.chpuye.com\/index.php?rest_route=\/wp\/v2\/types\/page"}],"author":[{"embeddable":true,"href":"https:\/\/www.chpuye.com\/index.php?rest_route=\/wp\/v2\/users\/1"}],"replies":[{"embeddable":true,"href":"https:\/\/www.chpuye.com\/index.php?rest_route=%2Fwp%2Fv2%2Fcomments&post=283"}],"version-history":[{"count":0,"href":"https:\/\/www.chpuye.com\/index.php?rest_route=\/wp\/v2\/pages\/283\/revisions"}],"up":[{"embeddable":true,"href":"https:\/\/www.chpuye.com\/index.php?rest_route=\/wp\/v2\/pages\/90"}],"wp:attachment":[{"href":"https:\/\/www.chpuye.com\/index.php?rest_route=%2Fwp%2Fv2%2Fmedia&parent=283"}],"curies":[{"name":"wp","href":"https:\/\/api.w.org\/{rel}","templated":true}]}}