{"id":2612,"date":"2018-02-25T11:35:16","date_gmt":"2018-02-25T08:35:16","guid":{"rendered":"http:\/\/www.chpuye.com\/?page_id=2612"},"modified":"2018-02-25T11:35:16","modified_gmt":"2018-02-25T08:35:16","slug":"baskanlik-duzeninin-degil-rehber-imamin-anayasasimustafa-yildirim","status":"publish","type":"page","link":"https:\/\/www.chpuye.com\/?page_id=2612","title":{"rendered":"BA\u015eKANLIK D\u00dcZEN\u0130N\u0130N DE\u011e\u0130L REHBER \u0130MAM\u2019IN ANAYASASI\u2026Mustafa Y\u0131ld\u0131r\u0131m"},"content":{"rendered":"<p><b><i>\u201cGer\u00e7eklerden ka\u00e7arak<\/i><\/b><\/p>\n<div tabindex=\"-1\">\n<div tabindex=\"-1\">\n<div tabindex=\"0\">\n<div class=\"_rp_65\" tabindex=\"-1\">\n<div class=\"_rp_J4 ms-border-color-neutralLight ShowReferenceAttachmentsLinks ShowConsesusSchedulingLink\" tabindex=\"-1\">\n<div class=\"_rp_V4\">\n<div id=\"Item.MessagePartBody\" class=\"_rp_L4\">\n<div id=\"Item.MessageUniqueBody\" class=\"_rp_M4 ms-font-weight-regular ms-font-color-neutralDark rpHighlightAllClass rpHighlightBodyClass\" tabindex=\"0\">\n<div class=\"rps_b5\">\n<div dir=\"ltr\">\n<div class=\"x_gmail_quote\">\n<div dir=\"ltr\">\n<p class=\"x_m_1615580124581321550gmail-AKUDUSANAGOVDE\"><b><i>karanl\u0131ktan kurtulamazs\u0131n\u0131z!\u201d<\/i><\/b><\/p>\n<p class=\"x_m_1615580124581321550gmail-AKUDUSANAGOVDE\">Zifiri Karanl\u0131kta y\u00fcz\u00fcyorsunuz ve siz onun \u201cBa\u015fkan\u201d olaca\u011f\u0131n\u0131 san\u0131yorsunuz! Oysa ba\u015f\u0131n\u0131za ge\u00e7en ki\u015fi \u201cRehber \u0130mam\u201dd\u0131r.<\/p>\n<p class=\"x_m_1615580124581321550gmail-AKUDUSANAGOVDE\">&lt;&lt; Devlet organlar\u0131n\u0131n \u00fcst\u00fcndeki Rehber \u0130mam\u0131n [D\u00fcnyadaki yayg\u0131n s\u0131fatla liderin, \u00f6nderin] se\u00e7imsiz g\u00f6reve gelmesi, s\u0131n\u0131rs\u0131z yetkileri, \u0130ran devletinin gelece\u011fini ba\u011fl\u0131yordu:<\/p>\n<p class=\"x_m_1615580124581321550gmail-AKUDUSANAGOVDE\"><b>Madde 5, 107<br \/>\n<\/b>\u0130slam d\u00fcnyas\u0131n\u0131 y\u00f6netecek tek yetkili, \u00fcmmete \u00f6nderlik edebilme \u00f6zelliklerine sahip, imanl\u0131, bilgili, y\u00fcrekli bir y\u00f6netici olacakt\u0131r.<\/p>\n<p class=\"x_m_1615580124581321550gmail-AKUDUSANAGOVDE\">De\u011ferli ba\u015fvuru makam\u0131na gelecek ki\u015fi, ink\u0131l\u00e2p \u00f6nderi Ayetullah Uzma \u0130mam Humeyni\u2019nin \u00f6zelliklerine sahip olmal\u0131d\u0131r.<\/p>\n<p class=\"x_m_1615580124581321550gmail-AKUDUSANAGOVDE\">Humeyni\u2019den sonra bilgili ve deneyimli ki\u015filerden olu\u015fan Ehl-i Hibre [Hibregan] kurulu, \u00f6zel \u00fcst\u00fcnl\u00fc\u011f\u00fc olan birini belirleyecektir. B\u00f6yle bir ki\u015fi belirlenemezse birden \u00e7ok ki\u015fiden olu\u015fan Rehberlik \u015euras\u0131 olu\u015fturulacakt\u0131r.<\/p>\n<p class=\"x_m_1615580124581321550gmail-AKUDUSANAGOVDE\"><b>Anayasa Madde 109<br \/>\n<\/b><b>Rehber \u0130mam, sava\u015f, bar\u0131\u015f, genel seferberlik ilan edebiliyor.<br \/>\n<\/b><b>Devlet ba\u015fkanl\u0131\u011f\u0131 adaylar\u0131n\u0131 belirliyor, adaylar\u0131 yasaklayabiliyor.<br \/>\n<\/b><b>Rehber \u0130mam devlet kurumlar\u0131n\u0131n, yarg\u0131n\u0131n, ordunun en \u00fcst y\u00f6neticilerini atayabiliyor:<br \/>\n<\/b><b>Devlet Y\u00fcce Divan\u0131 Ba\u015fkan\u0131<br \/>\n<\/b><b>Devlet Ba\u015fsavc\u0131s\u0131<br \/>\n<\/b><b>Genelkurmay Ba\u015fkan\u0131<br \/>\n<\/b><b>\u0130\u00e7 g\u00fcvenlik Ba\u015fkomutan\u0131<br \/>\n<\/b><b>Kara, Deniz, Hava komutanlar\u0131<br \/>\n<\/b><b>Meclisin \u00fcst\u00fcnde yetkili Anayasay\u0131 Koruma \u015euras\u0131n\u0131n \u00fcyeleri<br \/>\n<\/b><b>Ulusal Savunma Y\u00fcksek \u015euras\u0131<\/b>:<\/p>\n<p class=\"x_m_1615580124581321550gmail-AKUDUSANAGOVDE\" align=\"left\">Reisicumhur, Ba\u015fbakan, Savunma Bakan\u0131, Genelkurmay Ba\u015fkan\u0131, Sipah Ba\u015fkomutan\u0131 ve ayr\u0131ca kendisinin atayaca\u011f\u0131 iki dan\u0131\u015fmandan olu\u015fuyor.<\/p>\n<p class=\"x_m_1615580124581321550gmail-AKUDUSANAGOVDE\" align=\"left\"><b>Rehber \u0130mam ayr\u0131ca Devlet Y\u00fcce Mahkemesi\u2019nin \u00f6nerisi ve Meclisin onay\u0131yla devlet ba\u015fkan\u0131n\u0131 g\u00f6revden atabilir<\/b>.<\/p>\n<p class=\"x_m_1615580124581321550gmail-AKUDUSANAGOVDE\" align=\"left\"><b>Zifiri Karanl\u0131kta I. Cilt, UDY, 2016, s. 178-179<\/b>&gt;&gt;<\/p>\n<p class=\"x_m_1615580124581321550gmail-AKUDUSANAGOVDE\" align=\"left\">Rehber \u0130mam g\u00fcc\u00fcn\u00fc Allah\u2019tan ald\u0131\u011f\u0131n\u0131 ileri s\u00fcr\u00fcyor; \u201cHakimiyet Allah\u2019\u0131n\u201d diyor, ama y\u00f6netme yetkisi t\u00fcm\u00fcyle ondad\u0131r!<\/p>\n<p class=\"x_m_1615580124581321550gmail-AKUDUSANAGOVDE\" align=\"left\">Hocalar\u0131 Erbakan, \u201c<b><i>\u0130ran devrimi \u00e7ok hay\u0131rl\u0131 bir olayd\u0131r. Bu devrimi yapanlara te\u015fekk\u00fcr ediyor, ayn\u0131 zamanda onlar\u0131 kutluyoru\u201d <\/i><\/b>demi\u015fti.<b><i> <\/i><\/b>\u015eimdi onun talebeleri Anadolu \u0130slam devrimini tamaml\u0131yorlar! (<b>Zifiri Karanl\u0131kta 2. Cilt, s. 762<\/b>)<\/p>\n<p class=\"x_m_1615580124581321550gmail-AKUDUSANAGOVDE\" align=\"left\">Rejim de\u011fi\u015fmiyor; y\u00fczlerce y\u0131ll\u0131k T\u00fcrk devleti y\u0131k\u0131l\u0131yor!<\/p>\n<p class=\"x_m_1615580124581321550gmail-AKUDUSANAGOVDE\" align=\"left\">Bu arada, kendilerini muhalif \u201c\u00f6nder\u201d sanan soytar\u0131lar cehennemin yoluna ta\u015f d\u00f6\u015femekle kalm\u0131yor; sizin ruhunuzu da sat\u0131yor!<\/p>\n<p><i>13 Ocak 2017<\/i><\/p>\n<\/div>\n<\/div>\n<\/div>\n<\/div>\n<\/div>\n<\/div>\n<div class=\"_pe_d _pe_22\" tabindex=\"-1\"><\/div>\n<\/div>\n<\/div>\n<\/div>\n<\/div>\n<\/div>\n<div class=\"_rp_f\" tabindex=\"-1\">\n<div class=\"_qc_F ms-bg-color-white _qc_G\">\n<hr class=\"_qc_B\" \/>\n<div class=\"_qc_y ms-border-color-neutralLight _qc_z\" tabindex=\"-1\"><strong>\u00a0O G\u00dcN \u00c7ARE Y\u0130NE O \u0130K\u0130 TE\u011eMENDEYD\u0130\u2026<\/strong><\/div>\n<\/div>\n<\/div>\n<\/div>\n<p>Lisedeyken cepheye gitmi\u015flerdi. Araplar arkadan vurunca esir d\u00fc\u015ft\u00fcler Mekke\u2019de ve Taif\u2019te\u2026 Ha\u015fimilerden Seyyid H\u00fcseyin ve o\u011fullar\u0131 onlar\u0131 \u0130ngilizlere teslim ettiler. 58. G\u00fcnden 7 ay sonrayd\u0131. Esaretten kurtulunca d\u00f6nd\u00fcler yurda. Vedala\u015ft\u0131lar limanda. Baba evi yak\u0131n olan daha kendine gelemeden kente yakla\u015fan d\u00fc\u015fman\u0131 durdurmak i\u00e7in ko\u015ftu o tepeye\u2026 \u00d6teki te\u011fmenin yolu uzundu\u2026 \u0130\u00e7ine dert oldu i\u015fgal; yar\u0131 yoldan d\u00f6nd\u00fc geldi bir ba\u015fka tepeye\u2026 Birincisi yaraland\u0131\u2026 \u0130kincisi yayl\u0131m ate\u015f alt\u0131nda kalan be\u015f askerini kurtarmak i\u00e7in \u00f6ne at\u0131ld\u0131 ve vurularak orada kald\u0131\u2026 \u0130ki te\u011fmen y\u0131llarca birlikteydiler. Bu kez birbirlerinden habersiz birbirine bakan iki tepede sava\u015fm\u0131\u015flard\u0131. Birincisi arkada\u015f\u0131n\u0131n ba\u015f\u0131na geleni y\u0131llar sonra \u00f6\u011frendi. (1)<\/p>\n<p>\u0130\u00e7 d\u00fc\u015fmana teslim olmakla \u00f6v\u00fcnen subay!<\/p>\n<p>\u015eimdi anlad\u0131n m\u0131 as\u0131l \u201ckahramanl\u0131k\u201d neymi\u015f? Esir d\u00fc\u015febilirsin, ama \u201cteslim\u201d olmakla \u00f6v\u00fcnmek neden? L\u00fctfen bu i\u015fe \u201cMustafa Kemal\u201d ad\u0131n\u0131 hi\u00e7 kar\u0131\u015ft\u0131rma olurmu!<\/p>\n<p>BOUNADIR \u00c7ABANIZ! Halife Sultan teslim etmi\u015fti t\u00fcm yurdu\u2026 Halife Sultan k\u0131rd\u0131rm\u0131\u015ft\u0131 orduyu! Ne gam! Te\u011fmenler olmu\u015ftu alay, t\u00fcmen komutan\u0131\u2026 Binba\u015f\u0131lar kolordu komutan\u0131; albaylar ordu komutan\u0131\u2026 Onlar iki i\u015f yap\u0131nca \u00f6v\u00fcnmezler, ele g\u00fcne kar\u015f\u0131 b\u00f6b\u00fcrlenmezler, s\u0131zlanmazlar! Bilirler ki namus g\u00f6revidir \u00fcstlendikleri\u2026 Komutanl\u0131k apolet de\u011fil, \u00e7\u0131lg\u0131nl\u0131k hi\u00e7 de\u011fil, ak\u0131l-y\u00fcrek i\u015fidir ve T\u00fcrk\u00fcn binlerce y\u0131ldan beri yo\u011frulan hamurundad\u0131r\u2026 \u0130\u015fte s\u0131rf bunun i\u00e7in ezmeye, da\u011f\u0131tmaya \u00e7al\u0131\u015f\u0131yorlar, okullar\u0131n\u0131 kapat\u0131yorlar; \u00e7\u00fcnk\u00fc biliyorlar ki T\u00fcrk, ne y\u00f6resinde, ne b\u00f6lgesinde, ne de k\u0131t\u2019as\u0131nda raz\u0131 gelir e\u015fk\u0131yal\u0131\u011fa, zulme, k\u00f6leli\u011fe!<\/p>\n<p>Her \u015feye, ama her \u015feye kar\u015f\u0131n, sessizce sava\u015fan o gen\u00e7 subaylar\u0131 ve askerlerini selaml\u0131yorum:<\/p>\n<p>\u201cBuluta yollad\u0131m sesimi da\u011flar\u0131n aras\u0131ndan \u00a0s\u0131yr\u0131l\u0131p ge\u00e7sin yolda\u015f olsun atlara Asya bozk\u0131rlar\u0131nda dayan\u0131n desin, az kald\u0131, teslim olmay\u0131n ya\u011fmur olup sararm\u0131\u015f \u00a0sevdalar\u0131 \u0131slats\u0131n<\/p>\n<p>\u0130\u00e7ime att\u0131m sesimi haks\u0131zl\u0131\u011fa kar\u015f\u0131 \u00f6fke biriktirsin \u00e7atlats\u0131n nas\u0131r ba\u011flam\u0131\u015f y\u00fcrekleri k\u00fcllenmi\u015f erdem volkan\u0131n\u0131 ate\u015flesin z\u0131rh\u0131n\u0131 delip sevdan\u0131n ruhunu kanats\u0131n\u201d<\/p>\n<p>(Y\u00fcrekler K\u00f6r, UDY, 2008\u2032 den)<\/p>\n<p>(1) Onlar\u0131 58 G\u00dcN\u2019de bulabilirsiniz.<\/p>\n<p>\u0130kinci te\u011fmenin ailesi Tokatl\u0131 \u015eogenlere \u00f6zel selam\u2026<\/p>\n<p>Onlar\u0131 \u00e7ok aram\u0131\u015f, ama bulamam\u0131\u015ft\u0131m. Birinci te\u011fmenin torunu G\u00f6k\u00e7en Efe\u2019ye de selam\u2026<\/p>\n<p><strong>Z\u0130F\u0130R\u0130 KARANLIKTA, Ger\u00e7eklerden ka\u00e7arak karanl\u0131ktan kurtulamazs\u0131n\u0131z! Mustafa Y\u0131ld\u0131r\u0131m<\/strong><br \/>\nKonular\u0131nda T\u00fcrkiye\u2019de ve D\u00fcnyada birer ilk olan Orta\u011f\u0131n \u00c7ocuklar\u0131 ve Sivil \u00d6r\u00fcmce\u011fin A\u011f\u0131nda kitaplar\u0131ndan sonra, 100 y\u0131ll\u0131k \u201cdin\u201d maskeli sald\u0131r\u0131n\u0131n belgesi Zifiri Karanl\u0131kta kitab\u0131 da konusunda bir ilktir!<\/p>\n<p>2 cildi de ayn\u0131 anda yay\u0131nlanan kitaptaki yerli-yabanc\u0131 2500 ad\u0131 i\u00e7eren \u201cDizin\u201d 2. cildin sonuna eklenmi\u015ftir.<\/p>\n<p>Ger\u00e7eklerden ka\u00e7arak karanl\u0131ktan kurtulamazs\u0131n\u0131z!<\/p>\n<p>Mustafa Y\u0131ld\u0131r\u0131m, on binlerce sayfal\u0131k dava dosyalar\u0131n\u0131, yine on binlerce sayfal\u0131k \u00a0yay\u0131nlar\u0131, raporlar\u0131 T\u00fcrkiye ve \u0130ran\u2019\u0131n kar\u015f\u0131l\u0131kl\u0131 tarihini ele alarak yenile\u015fmeye, kad\u0131n haklar\u0131na, halk egemenli\u011fine d\u00fczenlenen g\u00fcd\u00fcml\u00fc isyanlar\u0131, \u201cdin\u201d maskeli diktat\u00f6rl\u00fc\u011f\u00fcn kurulu\u015funu Humeyni\u2019nin Kum\u2019dan-Necef\u2019ten T\u00fcrkiye\u2019ye g\u00f6nderilen imamlar\u0131n, suikast komutanlar\u0131n\u0131n, yerli ameliyat\u00e7\u0131lar\u0131n\u0131n izlerini s\u00fcrd\u00fc.<\/p>\n<p>1908 y\u0131l\u0131ndan g\u00fcn\u00fcm\u00fcze \u201cDin kurtar\u0131c\u0131s\u0131\u201d maskesiyle siyasal-ticari egemenliklerini s\u00fcrd\u00fcrmek i\u00e7in, devletlerin her ileri ad\u0131m\u0131na kar\u015f\u0131 ayaklanan K\u00fcrt-Arap \u015feyhleri, Suudi krallar\u0131 ba\u011fl\u0131lar\u0131, Necef\u2019teki Humeyni\u2019nin 1976\u2019da ba\u015flayan T\u00fcrkiye \u00f6rg\u00fctlenmesi\u2026 Ordunun darbe gerek\u00e7eleriyle tasfiye edili\u015fi\u2026<\/p>\n<p>Ter\u00f6r e\u011fitiminden ge\u00e7irilen, silah-istihbarat deste\u011fi verilen, do\u011frudan y\u00f6netilen ekiplerin \u0130mam\u2019\u0131n fetvalar\u0131na uygun suikastlar\u0131, sald\u0131r\u0131lar\u0131, casusluk etkinlikleri\u2026<\/p>\n<p>\u201cDemokrasi\u201d ve \u201cdin \u00f6zg\u00fcrl\u00fc\u011f\u00fc\u201d maskesiyle devletlerin ele ge\u00e7irili\u015fi; liberallerin, solcular\u0131n Humeynicilerle toplant\u0131lar\u0131; Kum\u2019da, Tahran\u2019da temsilci bulunduran K\u00fcrt Hizbullahilerin cinayetleri, gerilla sava\u015f\u0131 haz\u0131rl\u0131\u011f\u0131\u2026 T\u00fcrkiye\u2019de ve d\u00fcnyada e\u015f-zamanl\u0131 ter\u00f6r eylemleri, cinayetler\u2026<\/p>\n<p>\u201c\u0130slamc\u0131\u201d maskeli darbenin \u00f6n\u00fcn\u00fc a\u00e7an ayd\u0131nlar\u0131n baz\u0131lar\u0131, yine o darbecilerin ameliyat\u00e7\u0131lar\u0131nca \u00f6ld\u00fcr\u00fcld\u00fcler. Onlar\u0131n \u00f6l\u00fcm\u00fc, ayd\u0131nlar\u0131n, yazarlar\u0131n, h\u00fck\u00fcmet edenlerin, gazetecilerin, akademisyenlerin ve halk\u0131n duyars\u0131zl\u0131\u011f\u0131n\u0131n bedeliydi. Bat\u0131dan-Do\u011fudan beslenen Hizbullahilerin, etnik milliyet\u00e7ilerin sald\u0131r\u0131lar\u0131yla yurdu kaplayan zifiri karanl\u0131kta T\u00fcrk egemenli\u011finin bitirili\u015finin d\u00f6nemsel bir bunal\u0131m olmad\u0131\u011f\u0131n\u0131, 100 y\u0131ll\u0131k siyasi ikiy\u00fczl\u00fcl\u00fc\u011f\u00fcn ve halk\u0131n vurdumduymazl\u0131\u011f\u0131n\u0131n eseri oldu\u011funu\u2026<\/p>\n<p>Z\u0130F\u0130R\u0130 KARANLIKTA<br \/>\n1. C\u0130LT<br \/>\n\u0130\u00e7ten \u00c7\u00fcr\u00fcme \u00a0Cellad\u2019\u0131n Gecesi<br \/>\nUDY Ulus Da\u011f\u0131 Yay\u0131nlar\u0131 Ltd.<br \/>\nBoyut: 15 x 22 cm<br \/>\nSayfa say\u0131s\u0131: 480\u00a01. Bas\u0131m: Haziran 2016<\/p>\n<p>2. C\u0130LT<br \/>\nDemokrasi Tuza\u011f\u0131 Cellad\u2019\u0131n Zaferi<br \/>\nUDY Ulus Da\u011f\u0131 Yay\u0131nlar\u0131 Ltd.<br \/>\nSayfa say\u0131s\u0131: 480 1. Bas\u0131m: Haziran 2016<\/p>\n<p>UDY Ulus Da\u011f\u0131 Yay\u0131nlar\u0131: 0312 418 0 873, udyay8@gmail.com Dost Da\u011f\u0131t\u0131m: 0312 430 48 95 Faks: 0312 435 75 96 dagitim@dostkitabevi.com<br \/>\n<strong>REHBER \u0130MAMLIK HUKUKUNA G\u00d6RE<\/strong><\/p>\n<p>\u201c8 MART\u201d<\/p>\n<p>Kad\u0131nlar, 50-60 y\u0131lda elde ettikleri haklar\u0131n\u0131 bir fetvayla geri vermeye niyetli de\u011fillerdi.<\/p>\n<p>8 Mart 1979\u2019da fetvan\u0131n yaratt\u0131\u011f\u0131 endi\u015fe g\u00f6sterilere kat\u0131l\u0131m\u0131 \u00e7o\u011faltt\u0131.<\/p>\n<p>Onlar\u0131 uzaktan izleyen \u00e7ar\u015fafl\u0131 kad\u0131nlar da yava\u015f yava\u015f \u00e7o\u011fald\u0131lar, \u00e7evrelerine yakla\u015ft\u0131lar.<\/p>\n<p>G\u00f6stericiler ku\u015fkulanmad\u0131lar.<\/p>\n<p>Birden k\u0131sa sakall\u0131, silahl\u0131 ki\u015filer motosikletleriyle \u00e7ar\u015fafl\u0131lar\u0131n yan\u0131na geldiler.<\/p>\n<p>Otomatik t\u00fcfekleri ellerinde g\u00f6stericileri koruyormu\u015f gibi yaparak araya girdiler. Bir s\u00fcre sonra slogan duyuldu: \u201cTek parti Hizbullah! Tek lider Ruhullah!\u201d<\/p>\n<p>Silahlar\u0131n\u0131 havaya kald\u0131rarak ba\u011f\u0131r\u0131yorlard\u0131.<\/p>\n<p>Birden barikat araland\u0131 ve \u00e7ar\u015fafl\u0131 kad\u0131nlar aralardan ge\u00e7erek g\u00f6sterici kad\u0131nlara b\u0131\u00e7aklarla, sopalarla, ta\u015flarla sald\u0131rd\u0131lar. \u00c7ok say\u0131da kad\u0131n yaraland\u0131.<\/p>\n<p>Kad\u0131nlar sald\u0131r\u0131y\u0131 p\u00fcsk\u00fcrtmek i\u00e7in ileri at\u0131l\u0131nca eli silahl\u0131lar onlar\u0131 engelledi.<\/p>\n<p>Ku\u015fat\u0131lan kad\u0131nlar korkuyla ortaya k\u00fcmelendiler.<\/p>\n<p>Sald\u0131rganlar saatler sonra \u00e7ekildiler. (\u2026)<\/p>\n<p>Birka\u00e7 hafta sonra:<\/p>\n<p>Humeyni Hatt\u0131nda y\u00fcr\u00fcyen yerli ki\u015fi, daha Tahran\u2019a s\u0131\u011f\u0131nmam\u0131\u015f, \u0130ran devlet kurumunda \u00e7al\u0131\u015fmaya ba\u015flamam\u0131\u015ft\u0131. Yazd\u0131k\u00e7a yaz\u0131yordu: \u201c\u0130slam k\u0131l\u0131k k\u0131yafeti ile \u00f6rt\u00fcnmedikleri takdirde \u0130slam Cumhuriyetinden maa\u015f alamayacaklar\u0131n\u0131\u201d, askerlerin \u201c\u00e7ar\u015faf\u0131yla iffetini korumaya \u00e7al\u0131\u015fan kad\u0131nlara kar\u015f\u0131 himayeci rol\u00fcnde\u201d olduklar\u0131n\u0131; \u201co sosyete kar\u0131lar\u0131na, o \u015f\u0131rf\u0131nt\u0131lara kar\u015f\u0131 sald\u0131r\u0131ya seyirci\u201d kald\u0131klar\u0131n\u0131; \u201cy\u00fcrekten gelen bir duyguyla, vurun bac\u0131lar\u0131m, bu faas\u0131klara, bu facirelere\u201d dediklerini\u2026<\/p>\n<p>\u00c7ar\u015fafs\u0131z kad\u0131nlar\u0131, \u201cfahi\u015fe, sosyete kar\u0131s\u0131, \u015f\u0131rf\u0131nt\u0131, sokak \u015f\u0131rf\u0131nt\u0131lar\u0131, g\u00fcnahk\u00e2r, erkek d\u00fc\u015fk\u00fcn\u00fc\u201d, kad\u0131n haklar\u0131n\u0131 savunanlar\u0131 da \u201cfahi\u015fe, uluslararas\u0131 fahi\u015fe, fahi\u015fe yazar\u201d diye niteledi\u011fi\u2026 [Yay\u0131ndaki \u201c\u00c7a\u011fda\u015f Karanl\u0131k Cumhuriyeti Y\u0131karken\u201d kitab\u0131ndan<\/p>\n<p>KADINLARIMIZ KARANLI\u011eI YAKACAKTIR!<\/p>\n<p>O ula\u015f\u0131lamayan kad\u0131nlar i\u00e7in<\/p>\n<p>\u0130SYAN YEN\u0130DEN<\/p>\n<p>Bir kad\u0131n a\u011fl\u0131yordu Ankara ayaz\u0131nda bir kad\u0131n Omzuna s\u0131yr\u0131lm\u0131\u015f ak yazmas\u0131 Islak g\u00f6zler ula\u015f\u0131lmaz ufuklarda Torbada meyhane art\u0131\u011f\u0131 ekmek<\/p>\n<p>*<\/p>\n<p>Bir kad\u0131n a\u011fl\u0131yordu Yayla ka\u00e7k\u0131n\u0131, tutsak kente Ya\u015fam yorgunu, sarsak ad\u0131mlar\u0131 Gidiyor bilinmez nereye Belli ki a\u00e7 kalm\u0131\u015f yavrular\u0131<\/p>\n<p>*<\/p>\n<p>A\u011fl\u0131yor sallayarak selvi boyunu 68 Bahar\u0131\u2019nda Ezo Gelin idi \u015eimdi k\u00fcresel dilenci \u0130\u00e7imdeki delikanl\u0131 incindi Di\u015flerime s\u0131k\u0131\u015fm\u0131\u015f isyan a\u011flad\u0131<\/p>\n<p>(M. Y\u0131ld\u0131r\u0131m, Y\u00fcrekler K\u00f6r, UDY, 2008, s. 74)<\/p>\n","protected":false},"excerpt":{"rendered":"<p>\u201cGer\u00e7eklerden ka\u00e7arak karanl\u0131ktan kurtulamazs\u0131n\u0131z!\u201d Zifiri Karanl\u0131kta y\u00fcz\u00fcyorsunuz ve siz onun \u201cBa\u015fkan\u201d olaca\u011f\u0131n\u0131 san\u0131yorsunuz! Oysa ba\u015f\u0131n\u0131za ge\u00e7en ki\u015fi \u201cRehber \u0130mam\u201dd\u0131r. &lt;&lt; Devlet organlar\u0131n\u0131n \u00fcst\u00fcndeki Rehber \u0130mam\u0131n [D\u00fcnyadaki yayg\u0131n s\u0131fatla liderin, \u00f6nderin] se\u00e7imsiz g\u00f6reve gelmesi, s\u0131n\u0131rs\u0131z yetkileri, \u0130ran devletinin gelece\u011fini ba\u011fl\u0131yordu: Madde &hellip; <a href=\"https:\/\/www.chpuye.com\/?page_id=2612\">Okumaya devam et <span class=\"meta-nav\">&rarr;<\/span><\/a><\/p>\n","protected":false},"author":1,"featured_media":0,"parent":2099,"menu_order":0,"comment_status":"open","ping_status":"closed","template":"","meta":[],"_links":{"self":[{"href":"https:\/\/www.chpuye.com\/index.php?rest_route=\/wp\/v2\/pages\/2612"}],"collection":[{"href":"https:\/\/www.chpuye.com\/index.php?rest_route=\/wp\/v2\/pages"}],"about":[{"href":"https:\/\/www.chpuye.com\/index.php?rest_route=\/wp\/v2\/types\/page"}],"author":[{"embeddable":true,"href":"https:\/\/www.chpuye.com\/index.php?rest_route=\/wp\/v2\/users\/1"}],"replies":[{"embeddable":true,"href":"https:\/\/www.chpuye.com\/index.php?rest_route=%2Fwp%2Fv2%2Fcomments&post=2612"}],"version-history":[{"count":0,"href":"https:\/\/www.chpuye.com\/index.php?rest_route=\/wp\/v2\/pages\/2612\/revisions"}],"up":[{"embeddable":true,"href":"https:\/\/www.chpuye.com\/index.php?rest_route=\/wp\/v2\/pages\/2099"}],"wp:attachment":[{"href":"https:\/\/www.chpuye.com\/index.php?rest_route=%2Fwp%2Fv2%2Fmedia&parent=2612"}],"curies":[{"name":"wp","href":"https:\/\/api.w.org\/{rel}","templated":true}]}}