{"id":228,"date":"2011-03-15T21:00:35","date_gmt":"2011-03-15T21:00:35","guid":{"rendered":"http:\/\/www.chpuye.com\/?page_id=228"},"modified":"2011-03-15T21:00:35","modified_gmt":"2011-03-15T21:00:35","slug":"izmirli-chp-lilere-cagri","status":"publish","type":"page","link":"https:\/\/www.chpuye.com\/?page_id=228","title":{"rendered":"IZMIRLI CHP lilere CAGRI"},"content":{"rendered":"<p><span style=\"color: #ff0000;\">Sevgili \u0130zmir`in \u00f6nc\u00fc CHP li \u00fcyeleri<\/span><\/p>\n<p>\u00a0Egedesons\u00f6z\u00a0 de atanm\u0131\u015f\u00a0\u00a0 il ba\u015fkan\u0131n\u0131z \u00f6nse\u00e7im\u00a0\u00a0 olamaz demi\u015f<br \/>\n10 bin imza toplay\u0131p \u00f6nse\u00e7im talebinde bulundunuz. Sizleri hi\u00e7e sayan\u00a0 adaylar\u0131n\u0131z\u0131\u00a0 belirleme hakkinizi gasp etme d\u00fc\u015f\u00fcncesinde olan il ba\u015fkan ve y\u00f6netimini derhal de\u011fi\u015ftirin.<br \/>\nHi\u00e7 bir \u015fey ge\u00e7 de\u011fildir. Atanm\u0131\u015flar is olsun diye \u00f6nse\u00e7im isteyebilirler. Sizlerden imzalar\u0131n\u0131za, haklar\u0131n\u0131za\u00a0 sahip\u00a0 \u00e7\u0131kman\u0131z\u0131 bekliyorum. \u0130zmir`in talebinin arkas\u0131nda durmas\u0131 \u00e7ok \u00f6nemli. Derhal\u00a0 il kongre \u00fcyeleri imza toplamal\u0131 ola\u011fan\u00fcst\u00fc kongre ile il y\u00f6netimini de\u011fi\u015ftirmelidir.Secime,\u00fcyeleri hi\u00e7e sayan, se\u00e7menleri hi\u00e7e sayan y\u00f6netimlerle gidemeyiz. \u00dcyelerin taleplerini\u00a0 hi\u00e7e sayan y\u00f6netim, halk\u0131n taleplerini de hi\u00e7e sayar. Partimize sahip \u00e7\u0131k\u0131n.<br \/>\nSe\u00e7men olan siz \u00fcyelerin adaylar\u0131n\u0131 se\u00e7me hakki olmayacakta kimin olacak.<br \/>\nPM sinin\u00a0 aday belirleme y\u00f6ntemini belirlemesi, bir g\u00f6revdir. Hak de\u011fildir.<br \/>\n\u00dcyeler,\u00a0 aday\u0131m\u0131z\u0131 kendimiz belirleyece\u011fiz diyorsa PM nin yapaca\u011f\u0131 derhal \u00f6nse\u00e7im karar\u0131 almakt\u0131r. \u00dcyeler istemese bile t\u00fcm T\u00fcrkiye de \u00f6nse\u00e7im yap\u0131lmal\u0131d\u0131r. PM 40 y\u0131ll\u0131k partili\u00a0 genel ba\u015fkan\u0131m\u0131z Deniz Baykal yapt\u0131 biz niye yapal\u0131m diye d\u00fc\u015f\u00fcnmesin. Bu hak gasp\u0131na y\u00f6nelik bir d\u00fc\u015f\u00fcncedir.<br \/>\n\u0130zmirli CHP liler partinize haklar\u0131n\u0131za sahip \u00e7\u0131k\u0131n<br \/>\nSevgi ve sayg\u0131lar\u0131mla<\/p>\n<address>15.03.11<\/address>\n<address>Mazlum Vural<\/address>\n<address>\u00a0\u0130st\/ Ey\u00fcp il\u00e7esi \u00fcyesi<\/address>\n","protected":false},"excerpt":{"rendered":"<p>Sevgili \u0130zmir`in \u00f6nc\u00fc CHP li \u00fcyeleri \u00a0Egedesons\u00f6z\u00a0 de atanm\u0131\u015f\u00a0\u00a0 il ba\u015fkan\u0131n\u0131z \u00f6nse\u00e7im\u00a0\u00a0 olamaz demi\u015f 10 bin imza toplay\u0131p \u00f6nse\u00e7im talebinde bulundunuz. Sizleri hi\u00e7e sayan\u00a0 adaylar\u0131n\u0131z\u0131\u00a0 belirleme hakkinizi gasp etme d\u00fc\u015f\u00fcncesinde olan il ba\u015fkan ve y\u00f6netimini derhal de\u011fi\u015ftirin. Hi\u00e7 bir \u015fey &hellip; <a href=\"https:\/\/www.chpuye.com\/?page_id=228\">Okumaya devam et <span class=\"meta-nav\">&rarr;<\/span><\/a><\/p>\n","protected":false},"author":1,"featured_media":0,"parent":623,"menu_order":0,"comment_status":"open","ping_status":"open","template":"","meta":[],"_links":{"self":[{"href":"https:\/\/www.chpuye.com\/index.php?rest_route=\/wp\/v2\/pages\/228"}],"collection":[{"href":"https:\/\/www.chpuye.com\/index.php?rest_route=\/wp\/v2\/pages"}],"about":[{"href":"https:\/\/www.chpuye.com\/index.php?rest_route=\/wp\/v2\/types\/page"}],"author":[{"embeddable":true,"href":"https:\/\/www.chpuye.com\/index.php?rest_route=\/wp\/v2\/users\/1"}],"replies":[{"embeddable":true,"href":"https:\/\/www.chpuye.com\/index.php?rest_route=%2Fwp%2Fv2%2Fcomments&post=228"}],"version-history":[{"count":0,"href":"https:\/\/www.chpuye.com\/index.php?rest_route=\/wp\/v2\/pages\/228\/revisions"}],"up":[{"embeddable":true,"href":"https:\/\/www.chpuye.com\/index.php?rest_route=\/wp\/v2\/pages\/623"}],"wp:attachment":[{"href":"https:\/\/www.chpuye.com\/index.php?rest_route=%2Fwp%2Fv2%2Fmedia&parent=228"}],"curies":[{"name":"wp","href":"https:\/\/api.w.org\/{rel}","templated":true}]}}