{"id":2246,"date":"2015-01-13T21:26:18","date_gmt":"2015-01-13T19:26:18","guid":{"rendered":"http:\/\/www.chpuye.com\/?page_id=2246"},"modified":"2015-01-13T21:26:18","modified_gmt":"2015-01-13T19:26:18","slug":"genclige-hitabe-ucuz-politika-malzemesi-degildir-mustafa-yildirim","status":"publish","type":"page","link":"https:\/\/www.chpuye.com\/?page_id=2246","title":{"rendered":"Gen\u00e7li\u011fe Hitabe\u201d Ucuz Politika Malzemesi De\u011fildir! Mustafa Y\u0131ld\u0131r\u0131m"},"content":{"rendered":"<p><span style=\"color: #ff0000;\"><strong>Gen\u00e7li\u011fe Hitabe\u201d Ucuz Politika Malzemesi De\u011fildir! Mustafa Y\u0131ld\u0131r\u0131m<\/strong><\/span><br \/>\nMUSTAFA KEMAL EN LARMES<\/p>\n<p>\u201cMUSTAFA KEMAL G\u00d6ZYA\u015eLARI \u0130\u00c7\u0130NDE\u201d<\/p>\n<p>Gen\u00e7li\u011fe Hitabe\u201d Ucuz Politika Malzemesi De\u011fildir!<\/p>\n<p>\u201cGen\u00e7li\u011fe Hitabe\u201dyi ortadan kald\u0131rmak isteyenler ku\u015fkusuz biliyorlard\u0131r, Cumhurba\u015fkan\u0131 Gazi Mustafa Kemal\u2019in nerede ve hangi a\u00e7\u0131klamalardan sonra gen\u00e7li\u011fe seslendi\u011fini.&nbsp; Onlara kar\u015f\u0131, \u201cY\u00fcre\u011fin yetiyorsa kald\u0131r!\u201d diye ba\u011f\u0131rmakla yetinen (bu arada Amerika\u2019yla gerde\u011fe girmek i\u00e7in de u\u011fra\u015fan) K. K. K\u0131l\u0131\u00e7daro\u011flu da \u201cGen\u00e7li\u011fe Sesleni\u015f\u201din Ba\u011f\u0131ms\u0131z Cum-huriyet Devleti\u2019nin kurulu\u015f sava\u015f\u0131m\u0131n\u0131n belgeleriyle anlat\u0131ld\u0131\u011f\u0131 \u201cB\u00fcy\u00fck S\u00f6ylev\u201din sonundaki emir oldu\u011funu unutmu\u015f olabilir. An\u0131msatmak gerekiyor:<\/p>\n<p>Gen\u00e7li\u011fe sesleni\u015ften hemen \u00f6nceki yak\u0131c\u0131 s\u00f6zler ve yana\u011fa s\u00fcz\u00fclen ate\u015f damlalar\u0131n\u0131 an\u0131msayana pek rastlamad\u0131m. Bilal N. \u015eim\u015fir\u2019in b\u00fcy\u00fck belge-yap\u0131t\u0131n\u0131 okuyuncaya ve yabanc\u0131 gazetele-rin kup\u00fcrlerini g\u00f6r\u00fcnceye dek ben de bilmiyordum. \u015eimdi o son anlara d\u00f6nelim:<\/p>\n<p>O g\u00fcn, Gazi Mustafa Kemal, bir haftad\u0131r anlatmakta oldu\u011fu, ba\u011f\u0131ms\u0131zl\u0131k sava\u015f\u0131 ve kurulu\u015f tarihinin sonuna geldi\u011finde bir an duraklam\u0131\u015f, ba\u015f\u0131n\u0131 \u015f\u00f6yle bir kald\u0131rm\u0131\u015f, bak\u0131\u015flar\u0131n\u0131 salondakilerin g\u00f6zlerinden ay\u0131rmadan, kald\u0131\u011f\u0131 yerden s\u00fcrd\u00fcrm\u00fc\u015ft\u00fc \u201cB\u00fcy\u00fck S\u00f6ylevi\u201dni:<\/p>\n<p>\u201cBirtak\u0131m \u015feyhlerin, dedelerin, seyyidlerin, \u00e7e-lebilerin, babalar\u0131n, emirlerin arkas\u0131ndan s\u00fc-r\u00fcklenen, kaderlerini ve hayatlar\u0131n\u0131 falc\u0131lara, b\u00fcy\u00fcc\u00fclere, \u00fcf\u00fcr\u00fck\u00e7\u00fclere, muskac\u0131lar\u0131n elleri-ne b\u0131rakan insanlardan meydana gelmi\u015f bir toplulu\u011fa bir millet g\u00f6z\u00fcyle bak\u0131labilir mi?<\/p>\n<p>Milletimizin kendine has niteli\u011fini yanl\u0131\u015f \u015fekil-de g\u00f6sterebilen ve y\u00fczy\u0131llarca g\u00f6stermi\u015f olan bu gibi unsurlar ve kurulu\u015flar, yeni T\u00fcrk Dev-leti&#8217;nde T\u00fcrkiye Cumhuriyeti&#8217;nde devam etti-rilmeli miydi?\u201d<\/p>\n<p>Gazi, bu s\u00f6zleri, isyanlar\u0131 (1919-1927) anlatt\u0131ktan sonra s\u00f6y-lemi\u015f; gericili\u011fin, istibdad\u0131n&nbsp; (bask\u0131n\u0131n) kald\u0131r\u0131lmas\u0131ndan s\u00f6z etmi\u015f ve ba\u015f\u0131n\u0131 kald\u0131rm\u0131\u015f; \u201cEfendiler!\u201d diyerek sesini y\u00fckselt-mi\u015fti:<\/p>\n<p>&#8220;Bu beyanat\u0131mla, milli hayat\u0131 hitam (son) bul-mu\u015f farz edilen (san\u0131lan) b\u00fcy\u00fck bir mille-tin, istikl\u00e2lini nas\u0131l kazand\u0131\u011f\u0131n\u0131 ve ilim ve fen-nin en son esaslar\u0131na m\u00fcstenit (dayanan), milli ve asri bir devletin, nas\u0131l kuruldu\u011funu ifadeye&nbsp; (anlatmaya) \u00e7al\u0131\u015ft\u0131m.<\/p>\n<p>Bug\u00fcn vas\u0131l oldu\u011fumuz (ula\u015ft\u0131\u011f\u0131m\u0131z) netice, as\u0131rlardan beri \u00e7ekilen milli musibetlerin inti-hab\u0131n&nbsp; (felaketlerin yaratt\u0131\u011f\u0131 bilincin) eseri ve bu aziz vatan\u0131n her k\u00f6\u015fesini sulayan kanlar\u0131n bedelidir. Bu neticeyi, T\u00fcrk gen\u00e7li\u011fine emanet ediyorum.&#8221;<\/p>\n<p>Gazi, yine duraklam\u0131\u015ft\u0131. Bak\u0131\u015flar\u0131 \u00f6nden arkaya, dinleyenlerin g\u00f6zlerinde gezinmi\u015f ve yine ufuklara dal\u0131p gitmi\u015f gibiydi. &#8220;Ey T\u00fcrk gen\u00e7li\u011fi!&#8221; diye ba\u015flam\u0131\u015ft\u0131. Okuduk\u00e7a sesi bu\u011fulan\u0131yor; s\u00f6zc\u00fckler dudaklar\u0131ndan d\u00f6k\u00fcl\u00fcrken g\u00f6zya\u015flar\u0131 da yanaklar\u0131n-dan s\u00fcz\u00fcl\u00fcyordu.&nbsp; Salondaki Cumhuriyet Halk F\u0131rkas\u0131 dele-geleri heyecanla aya\u011fa kalkm\u0131\u015flard\u0131. Hepsinin g\u00f6zlerinden ya\u015flar iniyordu.<\/p>\n<p>Be\u015f g\u00fcnd\u00fcr Gazi\u2019yi izleyen ve yay\u0131n organlar\u0131na g\u00fcn\u00fc g\u00fcn\u00fcne haber ge\u00e7en Avrupal\u0131, Asyal\u0131 gazeteciler \u015fa\u015fk\u0131nl\u0131k i\u00e7indeydiler. O ak\u015fam,&nbsp; &#8220;S\u00f6ylev&#8217;in son an\u0131n\u0131, gazetelerine&nbsp; heyecanla ge\u00e7tiler. O gazetelerden Daily Telgraph&#8217;\u0131n (22 Ekim 1927) man\u015feti:<\/p>\n<p>&#8220;Mustafa K\u00e9mal En Larmes&#8221;<\/p>\n<p>&#8220;Mustafa Kemal g\u00f6zya\u015flar\u0131 i\u00e7inde&#8221;<\/p>\n<p>\u0130ngiliz B\u00fcy\u00fckel\u00e7isi de olanlar\u0131 raporunda D\u0131\u015fi\u015fleri\u2019ne \u015f\u00f6yle bildi-riyordu:<\/p>\n<p>&#8220;Mr. Helms&#8217;in bildirdi\u011fine g\u00f6re, toplant\u0131n\u0131n so-nuna do\u011fru Gazi&#8217;nin sesi neredeyse duyulmaz oldu. Fakat O, bitirmek i\u00e7in kendine h\u00e2kim olarak, \u00fclke gen\u00e7li\u011fine seslendi. Onlara i\u015fgalcilerle kar\u015f\u0131la\u015fsalar bile cumhuriyeti ko-ruma g\u00f6revini verdi. Ve bu [s\u00f6zler] dinleyicileri<\/p>\n<p>ve kendisini \u00f6ylesine etkiledi ki, Gazi ve dinle-yenlerin \u00e7o\u011fu g\u00f6zya\u015flar\u0131n\u0131 tutamad\u0131lar.&#8221;(*)<\/p>\n<p>\u201cGen\u00e7li\u011fe Sesleni\u015f\u201d o uzun Ba\u011f\u0131ms\u0131zl\u0131k ve Kurulu\u015f sava\u015f\u0131m\u0131 tarihinin anlat\u0131ld\u0131\u011f\u0131 B\u00fcy\u00fck S\u00f6ylev\u2019in ayr\u0131lmaz par\u00e7as\u0131d\u0131r!<\/p>\n<p>Sald\u0131ranlar,&nbsp; bilin\u00e7sizce savunanlar ve \u201cGen\u00e7li\u011fe Sesleni\u015f\u201di ucuz siyasal tart\u0131\u015fmalar\u0131na sokak a\u011fz\u0131yla malzeme yapmaya kalk\u0131\u015fan-lar da bu ger\u00e7e\u011fi unutmasalar yeridir!<\/p>\n<p>Tekkelerin, zaviyelerin a\u00e7\u0131lmas\u0131na, E\u015fk\u0131ya Seyyidlerin \u201citibarla-r\u0131n\u0131n\u201d iadesine, \u201ciyi cemaat\u201d \u2013 \u201ck\u00f6t\u00fc cemaat\u201d ayr\u0131mc\u0131l\u0131\u011f\u0131na pek merakl\u0131 K. K. K\u0131l\u0131\u00e7daro\u011flu da, Orhan Pamuk-TESEV &#8211; At-lantik merak\u0131n\u0131 bir yana b\u0131raksa; S\u00f6ylev\u2019in son sayfalar\u0131n\u0131 okusa ve sonra Alevi Bilgeleri A\u015f\u0131k Veysel\u2019in, A\u015f\u0131k Mahsuni \u015eerif\u2019in Atat\u00fcrk\u2019e sevgi &#8211; yobazl\u0131\u011fa ele\u015ftiri sesleni\u015flerine kulak verse daha iyi olmaz m\u0131?<\/p>\n<p>Mustafa Y\u0131ld\u0131r\u0131m<\/p>\n<p>(*) B\u00fcy\u00fckel\u00e7i Sir G. Clerk, \u0130ngiltere D\u0131\u015fi\u015fleri Bakan\u0131 Austen Chamberlain&#8217;e Ekim 26, 1928 tarihli raporu. (Atat\u00fcrk&#8217;\u00fcn B\u00fcy\u00fck S\u00f6ylevi \u00dczerine belgeler, Bilal N. \u015eim\u015fir, TTK Yay\u0131nlar\u0131, XVI. Dizi-Say\u0131: 61, s.67)&nbsp; Belgeleri bize tan\u0131tan Say\u0131n Bilal N. \u015eim-\u015fir\u2019e sonsuz te\u015fekk\u00fcrler. 8 \u015eubat 2012<\/p>\n<p><strong><span style=\"color: #ff0000;\">&#8220;Gen\u00e7li\u011fe Hitabenin neresi bat\u0131yor, s\u00f6yle!&#8221;dedi&#8230; &#8220;Gen\u00e7li\u011fe Hitabe&#8221;, Nutuk&#8217;un son sayfas\u0131d\u0131r!<\/span><\/strong><\/p>\n<p><strong><br \/>\n<\/strong><strong>&#8220;Gen\u00e7li\u011fe Hitabenin neresi bat\u0131yor, s\u00f6yle!&#8221;<br \/>\n<\/strong><strong>dedi&#8230;<br \/>\n<\/strong><strong>&#8220;Gen\u00e7li\u011fe Hitabe&#8221;, Nutuk&#8217;un son sayfas\u0131d\u0131r!<br \/>\n<\/strong><strong>&#8220;Nutuk&#8217;un neresi sizi rahats\u0131z ediyor?&#8221; diye sorsalar, ne buyuracaks\u0131n\u0131z?<br \/>\n<\/strong><strong>\u00c7i\u00e7ekten \u00e7i\u00e7e\u011fe u\u00e7up durmak, bir a\u015fa\u011f\u0131 bir yukar\u0131 z\u0131plamak&#8230;<br \/>\n<\/strong>Yani &#8220;Cumhuriyet Devletimizi savunur gibi yapmak; sonra da &#8220;katliam&#8221; demeyi s\u00fcrd\u00fcrmek!..<br \/>\n<strong>Bu z\u0131plamay\u0131 &#8220;kurtulu\u015f&#8221; sanalar da yan\u0131lg\u0131 i\u00e7indedirler. Ba\u011f\u0131ms\u0131zl\u0131\u011f\u0131m\u0131z, onurumuz tehlikedeyken ucuz politikac\u0131l\u0131kla onu y\u0131pratanlar da, yar\u0131n yan\u0131lt\u0131ld\u0131k diyerek i\u015fin i\u00e7inden s\u0131yr\u0131laca\u011f\u0131n\u0131 sananlar da &#8220;ihanete&#8221; e\u015fde\u011fer i\u015flere ara\u00e7 olduklar\u0131n\u0131 unutmamal\u0131lar!<br \/>\n<\/strong><strong>Cumhuriyet Halk F\u0131rka&#8217;s\u0131n\u0131 70 y\u0131ld\u0131r, i\u015fgalcilerin, soyguncular\u0131n, e\u015fk\u0131ya devletlerin yede\u011fine \u00e7ekenler, i\u00e7lerindeki T\u00fcrk kar\u015f\u0131tl\u0131\u011f\u0131n\u0131-etnik h\u0131rslar\u0131n\u0131 gizleyerek F\u0131rka&#8217;y\u0131 y\u0131karken &#8220;Atat\u00fcrk&#8221; ad\u0131na s\u0131\u011f\u0131nan cambazlar da ihanet \u00e7\u00f6pl\u00fc\u011f\u00fcne at\u0131lacaklard\u0131r!<br \/>\n<\/strong><strong>Ama \u015fimdi, ama yar\u0131n!<br \/>\n<\/strong><strong>Tarih yine onurlu ba\u011f\u0131ms\u0131zl\u0131k sava\u015f\u00e7\u0131lar\u0131n\u0131n y\u0131ld\u0131z\u0131n\u0131 g\u00f6klerde parlat\u0131rken onlar kimbilir hangi lekelerini torunlar\u0131na miras b\u0131rakacaklard\u0131r!<br \/>\n<\/strong><strong>Ne Amerika, ne Bat\u0131 Avrupa, ne Humeyni \u0130ran&#8217;\u0131, ne de \u0130srail!<br \/>\n<\/strong><strong>Ya\u015fas\u0131n Ba\u011f\u0131ms\u0131zl\u0131k sava\u015f\u0131m\u0131m\u0131z!<br \/>\n<\/strong><strong>Ya\u015fas\u0131n onurlu Ba\u011f\u0131ms\u0131z T\u00fcrk Cumhuriyeti Devleti&#8217;miz!<br \/>\n<\/strong><strong>Haydi i\u015fba\u015f\u0131na!<br \/>\n<\/strong><strong>Haydi yitirilecek zaman kalmad\u0131!<br \/>\n<\/strong><strong>Mustafa Y\u0131ld\u0131r\u0131m<\/strong><\/p>\n<p>K\u0131l\u0131\u00e7daro\u011flu \u201cAtat\u00fcrk\u2019\u00fc \u00f6zel bir kanunla korunmas\u0131n\u0131n anlam\u0131 yoktur\u201d dedi.<br \/>\nParti y\u00f6netimi Libya teskeresine evet diyerek emperyalistlerden taraf olmu\u015ftur.<br \/>\nCHPlilerin, CHPli olmayan darbecileri 1 g\u00fcn dahi y\u00f6netimde tutmalar\u0131 partiye ihanettir. Atat\u00fcrk\u2019\u00fcn Emaneti CHP, 27 \u015fubatta geri al\u0131nmal\u0131d\u0131r. Sava\u015f parti ile verilir. CHP, Mustafa Kemalin yolundan giden Kemalistler taraf\u0131ndan y\u00f6netilirse, memleketi kurtarman\u0131n umudu olur. CHPli Kemalistleri y\u00f6netime getirmek hepimizin \u00f6ncelikli g\u00f6revi olmal\u0131d\u0131r.<br \/>\n27 \u015eubatta Kurultay \u00fcyelerinin sadece onurlu bir se\u00e7ene\u011fi var.<br \/>\nGAZI MUSTAFA KEMAL ATAT\u00dcRK\u2019\u00dc asmaya \u00e7al\u0131\u015fanlar\u0131 asacak. Asmal\u0131d\u0131r.<br \/>\nchpuye<\/p>\n","protected":false},"excerpt":{"rendered":"<p>Gen\u00e7li\u011fe Hitabe\u201d Ucuz Politika Malzemesi De\u011fildir! Mustafa Y\u0131ld\u0131r\u0131m MUSTAFA KEMAL EN LARMES \u201cMUSTAFA KEMAL G\u00d6ZYA\u015eLARI \u0130\u00c7\u0130NDE\u201d Gen\u00e7li\u011fe Hitabe\u201d Ucuz Politika Malzemesi De\u011fildir! \u201cGen\u00e7li\u011fe Hitabe\u201dyi ortadan kald\u0131rmak isteyenler ku\u015fkusuz biliyorlard\u0131r, Cumhurba\u015fkan\u0131 Gazi Mustafa Kemal\u2019in nerede ve hangi a\u00e7\u0131klamalardan sonra gen\u00e7li\u011fe seslendi\u011fini.&nbsp; &hellip; <a href=\"https:\/\/www.chpuye.com\/?page_id=2246\">Okumaya devam et <span class=\"meta-nav\">&rarr;<\/span><\/a><\/p>\n","protected":false},"author":1,"featured_media":0,"parent":2099,"menu_order":0,"comment_status":"closed","ping_status":"closed","template":"","meta":[],"_links":{"self":[{"href":"https:\/\/www.chpuye.com\/index.php?rest_route=\/wp\/v2\/pages\/2246"}],"collection":[{"href":"https:\/\/www.chpuye.com\/index.php?rest_route=\/wp\/v2\/pages"}],"about":[{"href":"https:\/\/www.chpuye.com\/index.php?rest_route=\/wp\/v2\/types\/page"}],"author":[{"embeddable":true,"href":"https:\/\/www.chpuye.com\/index.php?rest_route=\/wp\/v2\/users\/1"}],"replies":[{"embeddable":true,"href":"https:\/\/www.chpuye.com\/index.php?rest_route=%2Fwp%2Fv2%2Fcomments&post=2246"}],"version-history":[{"count":0,"href":"https:\/\/www.chpuye.com\/index.php?rest_route=\/wp\/v2\/pages\/2246\/revisions"}],"up":[{"embeddable":true,"href":"https:\/\/www.chpuye.com\/index.php?rest_route=\/wp\/v2\/pages\/2099"}],"wp:attachment":[{"href":"https:\/\/www.chpuye.com\/index.php?rest_route=%2Fwp%2Fv2%2Fmedia&parent=2246"}],"curies":[{"name":"wp","href":"https:\/\/api.w.org\/{rel}","templated":true}]}}