{"id":224,"date":"2011-03-15T06:37:04","date_gmt":"2011-03-15T06:37:04","guid":{"rendered":"http:\/\/www.chpuye.com\/?page_id=224"},"modified":"2011-03-15T06:37:04","modified_gmt":"2011-03-15T06:37:04","slug":"davetli-atanmis-vekiller-hayir","status":"publish","type":"page","link":"https:\/\/www.chpuye.com\/?page_id=224","title":{"rendered":"Davetli atanm\u0131\u015f vekillere Hay\u0131r"},"content":{"rendered":"<p>Hangi vekil iyi \u00e7al\u0131\u015fm\u0131\u015f takdir sizin.<br \/>\n\u0130lhan kesici istifa etti\u011finde TBMM de yapt\u0131\u011f\u0131 \u00e7al\u0131\u015fmalara bakt\u0131m.<br \/>\nG\u00f6rd\u00fc\u011f\u00fcm su,varsa bi \u00e7antas\u0131 alm\u0131\u015f gitmi\u015f<br \/>\nKimler \u00e7al\u0131\u015fmalar\u0131yla partiye ve \u00fclkeye faydal\u0131 olmu\u015f g\u00f6r\u00fcn.<br \/>\n2007 se\u00e7imlerinde adaylar merkez yoklamas\u0131yla belirlendi.<br \/>\nPartide eme\u011fi ge\u00e7mi\u015f secimle \u00e7e\u015fitli g\u00f6revlerde bulunalar.<br \/>\nPartide eme\u011fi ge\u00e7mi\u015f atamayla g\u00f6revlere gelmi\u015f\u00a0 ki\u015filer<br \/>\nParti ile hi\u00e7 ili\u015fkisi olmam\u0131\u015f ki\u015filer. Aday yap\u0131ld\u0131.<br \/>\nBu \u00f6zelliklere g\u00f6re k\u0131yaslamay\u0131 yapmakta yarar var.<br \/>\nG\u00f6r\u00fclecektir ki Partide eme\u011fi ge\u00e7mi\u015f secimle\u00a0 g\u00f6revler \u00fcstlenmi\u015f g\u00fcc\u00fcn\u00fc direkt \u00fcyelerden se\u00e7menlerinde alanlar daha \u00e7al\u0131\u015fkan.<br \/>\nbirka\u00e7 \u00f6rnekle ba\u015flayal\u0131m, sonrada 101 vekilin \u00e7al\u0131\u015fmalar\u0131n\u0131\u00a0 verelim<\/p>\n<p>\u0130LHAN KES\u0130C\u0130<strong> <\/strong><span style=\"color: #ff0000;\">\u0130STANBUL o simdi BA\u011eIMSIZ<br \/>\n<\/span>Milletvekilinin \u0130lk \u0130mza Sahibi Oldu\u011fu Kanun Teklifleri<br \/>\nMilletvekilinin \u0130mzas\u0131n\u0131n Bulundu\u011fu Teklifler \u00a0\u00a0\u00a01<br \/>\nS\u00f6zl\u00fc Soru \u00d6nergeleri<br \/>\nYaz\u0131l\u0131 Soru \u00d6nergeleri<br \/>\nYILMAZ ATE\u015e<strong> <\/strong>CHP \u00a0<span style=\"color: #ff0000;\">ANKARA\u00a0 2010 may\u0131s \u00f6ncesi MYK&#8217;da idi<\/span><br \/>\nMilletvekilinin \u0130lk \u0130mza Sahibi Oldu\u011fu Kanun Teklifleri 16<br \/>\nMilletvekilinin \u0130mzas\u0131n\u0131n Bulundu\u011fu Teklifler 21<br \/>\nS\u00f6zl\u00fc Soru \u00d6nergeleri<br \/>\nYaz\u0131l\u0131 Soru \u00d6nergeleri 167<br \/>\nMEHMET EMREHAN HALICI\u00a0\u00a0 <span style=\"color: #ff0000;\">CHP-ANKARA MYK&#8217;da<\/span><br \/>\nMilletvekilinin \u0130lk \u0130mza Sahibi Oldu\u011fu Kanun Teklifleri<br \/>\nMilletvekilinin \u0130mzas\u0131n\u0131n Bulundu\u011fu Teklifler 1<br \/>\nS\u00f6zl\u00fc Soru \u00d6nergeleri<br \/>\nYaz\u0131l\u0131 Soru \u00d6nergeleri\u00a0 1<br \/>\nMUSTAFA \u015e\u00dcKR\u00dc ELEKDA\u011e\u00a0\u00a0 <span style=\"color: #ff0000;\">CHP-\u0130STANBUL<\/span><br \/>\nMilletvekilinin \u0130lk \u0130mza Sahibi Oldu\u011fu Kanun Teklifleri<br \/>\nMilletvekilinin \u0130mzas\u0131n\u0131n Bulundu\u011fu Teklifler \u00a02<br \/>\nS\u00f6zl\u00fc Soru \u00d6nergeleri<br \/>\nYaz\u0131l\u0131 Soru \u00d6nergeleri\u00a0\u00a0 3<br \/>\n<em>chpuye<\/em><\/p>\n","protected":false},"excerpt":{"rendered":"<p>Hangi vekil iyi \u00e7al\u0131\u015fm\u0131\u015f takdir sizin. \u0130lhan kesici istifa etti\u011finde TBMM de yapt\u0131\u011f\u0131 \u00e7al\u0131\u015fmalara bakt\u0131m. G\u00f6rd\u00fc\u011f\u00fcm su,varsa bi \u00e7antas\u0131 alm\u0131\u015f gitmi\u015f Kimler \u00e7al\u0131\u015fmalar\u0131yla partiye ve \u00fclkeye faydal\u0131 olmu\u015f g\u00f6r\u00fcn. 2007 se\u00e7imlerinde adaylar merkez yoklamas\u0131yla belirlendi. Partide eme\u011fi ge\u00e7mi\u015f secimle \u00e7e\u015fitli &hellip; <a href=\"https:\/\/www.chpuye.com\/?page_id=224\">Okumaya devam et <span class=\"meta-nav\">&rarr;<\/span><\/a><\/p>\n","protected":false},"author":1,"featured_media":0,"parent":250,"menu_order":0,"comment_status":"open","ping_status":"open","template":"","meta":[],"_links":{"self":[{"href":"https:\/\/www.chpuye.com\/index.php?rest_route=\/wp\/v2\/pages\/224"}],"collection":[{"href":"https:\/\/www.chpuye.com\/index.php?rest_route=\/wp\/v2\/pages"}],"about":[{"href":"https:\/\/www.chpuye.com\/index.php?rest_route=\/wp\/v2\/types\/page"}],"author":[{"embeddable":true,"href":"https:\/\/www.chpuye.com\/index.php?rest_route=\/wp\/v2\/users\/1"}],"replies":[{"embeddable":true,"href":"https:\/\/www.chpuye.com\/index.php?rest_route=%2Fwp%2Fv2%2Fcomments&post=224"}],"version-history":[{"count":0,"href":"https:\/\/www.chpuye.com\/index.php?rest_route=\/wp\/v2\/pages\/224\/revisions"}],"up":[{"embeddable":true,"href":"https:\/\/www.chpuye.com\/index.php?rest_route=\/wp\/v2\/pages\/250"}],"wp:attachment":[{"href":"https:\/\/www.chpuye.com\/index.php?rest_route=%2Fwp%2Fv2%2Fmedia&parent=224"}],"curies":[{"name":"wp","href":"https:\/\/api.w.org\/{rel}","templated":true}]}}