{"id":2148,"date":"2014-10-09T21:42:55","date_gmt":"2014-10-09T18:42:55","guid":{"rendered":"http:\/\/www.chpuye.com\/?page_id=2148"},"modified":"2014-10-09T21:42:55","modified_gmt":"2014-10-09T18:42:55","slug":"hursit-gunes-turuncu-cetenin-sozcusu-mu","status":"publish","type":"page","link":"https:\/\/www.chpuye.com\/?page_id=2148","title":{"rendered":"HUR\u015e\u0130T G\u00dcNE\u015e TURUNCU \u00c7ETEN\u0130N S\u00d6ZC\u00dcS\u00dc M\u00dc?"},"content":{"rendered":"<p><strong>HUR\u015e\u0130T G\u00dcNE\u015e TURUNCU \u00c7ETEN\u0130N S\u00d6ZC\u00dcS\u00dc M\u00dc?<\/strong>&nbsp;Mustafa Y\u0131ld\u0131r\u0131m<br \/>\nNaci Kaptan imzal\u0131 bir ileti ald\u0131m. Yaln\u0131z bana de\u011fil, \u00e7ok say\u0131da ki\u015fiye g\u00f6nderildi\u011fi anla\u015f\u0131l\u0131yor.<br \/>\n\u0130leti \u201cCHP Milletvekili Hur\u015fit G\u00fcne\u015f<br \/>\nNe Yapmak \u0130stiyor?\u201d ba\u015fl\u0131\u011f\u0131yla Y-CHP Genel Ba\u015fkan\u0131\u2019na g\u00f6nderilen bir mektup.&nbsp; Yer darl\u0131\u011f\u0131 nedeniyle baz\u0131 b\u00f6l\u00fcmlerini k\u0131saltarak ald\u0131m. S\u00f6z Naci Kaptan\u2019\u0131n:<\/p>\n<p>\u201cCHP Genel Ba\u015fkan\u0131 Say\u0131n Kemal K\u0131l\u0131\u00e7daro\u011flu, CHP y\u00f6netimi ve Milletvekillerine<br \/>\nSizlere uzunca zamand\u0131r yaz\u0131yoruz. Partinin ger\u00e7ek taban\u0131na kulaklar\u0131n\u0131z\u0131 t\u0131k\u0131yorsunuz!<br \/>\nSay\u0131n K\u0131l\u0131\u00e7daro\u011flu&#8217;nun CHP&#8217;ye \u201cYeni\u201d s\u0131fat\u0131n\u0131 yap\u0131\u015ft\u0131rmas\u0131yla, CHP&#8217;nin k\u00f6k\u00fcnden kopar\u0131ld\u0131, melezle\u015ftirildi.<br \/>\nParti\u2019ye d\u0131\u015far\u0131dan bir gecede ithal edilenler, parti ilkelerine uymak yerine, partiyi geldikleri kayna\u011f\u0131n isteklerine g\u00f6re tepetaklak ettiler. ( K\u0131l\u0131\u00e7daro\u011flu ba\u015fta olmak \u00fczere.)<br \/>\n&#8211; B\u00f6l\u00fcc\u00fc K\u00fcrt\u00e7\u00fcl\u00fc\u011fe, siyaset\u00e7ili\u011fi elden b\u0131rakmayan din kisveli cemaat ve tarikatlara, Atat\u00fcrk devrimleri kar\u015f\u0131tl\u0131\u011f\u0131na, federasyonculu\u011fa yol a\u00e7an \u201c\u00f6zerk y\u00f6netim\u201d (asl\u0131nda ba\u011f\u0131ms\u0131z devlet\u00e7iliktir) modeline secde edilmektedir.<br \/>\nSay\u0131n Kemal K\u0131l\u0131\u00e7daro\u011flu,<br \/>\nSoros cephesinden (Quantum Yahudi Bankerler \u015eirketi s\u00f6zc\u00fcs\u00fc Soros) ki\u015filere selam \u00e7ak\u0131yorsunuz.<br \/>\nCIA bula\u015f\u0131\u011f\u0131 sivil toplumculara el vermi\u015flere, emperyalizmin yeni yetmesi \u201cK\u00fcreselci liberalleri\u201d ba\u015f tac\u0131 etmektesiniz.<br \/>\nS\u0131rf milletvekilli\u011fi ve genel ba\u015fkanl\u0131k fiyakas\u0131 u\u011fruna partiyi ve ba\u011f\u0131ms\u0131z devletimizi \u00e7\u00fcr\u00fctmektesiniz! (Dersim intikamc\u0131l\u0131\u011f\u0131 ve eyalet\u00e7ili\u011fi de cabas\u0131!)<br \/>\n2007\u2019de Emniyet Genel M\u00fcd\u00fcrl\u00fc\u011f\u00fc d\u00f6nemin \u0130\u00e7i\u015fleri Bakan\u0131n\u0131 bilgilendirirken \u201culusalc\u0131lar\u0131\u201d toplumsal tehdit olarak s\u0131n\u0131fland\u0131r\u0131lm\u0131\u015f ve ter\u00f6r gruplar\u0131 aras\u0131nda saym\u0131\u015ft\u0131. (ABD\u2019liler de son 30 y\u0131ld\u0131r b\u00f6yle \u00f6\u011fretmi\u015fti.)<br \/>\nSay\u0131n K\u0131l\u0131\u00e7daro\u011flu, siz ne derseniz deyiniz bize g\u00f6re \u201cUlusalc\u0131\u201d olmak, \u00fclkenin ba\u011f\u0131ms\u0131zl\u0131\u011f\u0131na-b\u00fct\u00fcnl\u00fc\u011f\u00fcne-\u00f6zg\u00fcrl\u00fc\u011f\u00fcne, ulus devlete, laik Cumhuriyete, Atat\u00fcrk&#8217;\u00fcn ayd\u0131nlanma devrimlerine sahip \u00e7\u0131kmakt\u0131r.<br \/>\nKesinlikle s\u00f6m\u00fcr\u00fcye ve ekonomik i\u015fgale, her t\u00fcrden emperyalist sald\u0131r\u0131ya direnmektir.<br \/>\nG\u00f6stermelik de\u011fil, \u00f6zde yurtseverliktir!<br \/>\nSay\u0131n Kemal K\u0131l\u0131\u00e7daro\u011flu,<br \/>\nMilletvekiliniz Hur\u015fit G\u00fcne\u015f diyor ki:<br \/>\n\u201cSilivri&#8217;ye gitmedi\u011fimiz g\u00fcn bu parti d\u00fczelecek\u2026 Listeyi delip giren savc\u0131 \u0130lhan Cihaner&#8217;in tutumuna da \u00e7ok \u015fa\u015f\u0131rd\u0131m. Ben onu solcu biliyordum, me\u011fer o ulusalc\u0131ym\u0131\u015f!&#8221;<br \/>\nSald\u0131rgan Amerikan y\u00f6netiminden cesaret \u00f6d\u00fcl\u00fc alan, \u201c\u00d6calan\u2019la g\u00f6r\u00fc\u015f\u00fclmesi de\u011ferlidir\u201d diyen vekillerinizle birlikte ulusal orduya sald\u0131ranlar\u0131n yede\u011fine girdi\u011finiz art\u0131k tart\u0131\u015fmas\u0131zd\u0131r!<br \/>\nNe mutlu sizlere Say\u0131n K\u0131l\u0131\u00e7daro\u011flu!<br \/>\nAKP D\u0131\u015fi\u015fleri Bakan\u0131 Davuto\u011flu ile ayn\u0131 yoldas\u0131n\u0131z!<br \/>\nDavuto\u011flu 17 Eyl\u00fcl 2012\u2019de H\u00fcrriyet\u2019te buyurmu\u015ftu ki: \u201c\u00d6ncelikle temel tespit yapmak laz\u0131m. 19. yy ideolojisi olan ulus\u00e7uluk, Avrupa\u2019da feodalite ile b\u00f6l\u00fcnm\u00fc\u015f yap\u0131lar\u0131 bir araya getirip ulus devletleri do\u011furdu. Bizde ise tarihten gelmi\u015f organik yap\u0131lar\u0131 da\u011f\u0131tarak ge\u00e7ici ve suni (yapay) kar\u015f\u0131tl\u0131klar ve kimlikler ortaya \u00e7\u0131kard\u0131. Hepimizin bu ayr\u0131\u015ft\u0131r\u0131c\u0131 k\u00fclt\u00fcrle hesapla\u015fma zaman\u0131 geldi!\u201d (Alman ve Amerikan tezidir.)<br \/>\nSay\u0131n K\u0131l\u0131\u00e7daro\u011flu,<br \/>\nU\u011fra\u015fa u\u011fra\u015fa eri\u015fti\u011finiz y\u00fccelik, i\u015fte budur! Y-CHP\u2019niz ulusalc\u0131l\u0131k d\u00fc\u015fmanl\u0131\u011f\u0131nda AKP ile birle\u015fmi\u015ftir.\u201d<br \/>\nNaci Kaptan, mektubunu \u201cKayg\u0131lar\u0131mla\u201d diyerek bitirirken bir de partiden istifa mektubu eklemi\u015f.<br \/>\nY-CHP\u2019nin yapma muhalefet\u00e7ili\u011finin, g\u00f6stermelik sokak a\u011fz\u0131yla g\u00fcn\u00fc ge\u00e7irmesinin nedeni de Kaptan\u2019\u0131n belirtti\u011fi g\u00f6r\u00fcn\u00fcrde ayr\u0131l\u0131kt\u0131r! Zoraki Genel Ba\u015fkan K\u0131l\u0131\u00e7daro\u011flu\u2019nun kelebek gibi oradan oraya u\u00e7up durmas\u0131 da bundand\u0131r.<br \/>\nS\u00f6z\u00fc k\u0131v\u0131r\u0131p durman\u0131n s\u0131ras\u0131 de\u011fil!<br \/>\nDerdimiz ba\u011f\u0131ms\u0131zl\u0131\u011f\u0131n eski oca\u011f\u0131 CHP\u2019nin y\u0131k\u0131lmas\u0131 de\u011fildir. Altan karde\u015flerin, Dervi\u015flerin, Boynerlerin YDH (Yeni Demokrasi Hareketi) art\u0131\u011f\u0131, orta\u011f\u0131n \u00e7ocuklar\u0131n\u0131n CHP\u2019den temizlenmesi ve yeniden ba\u011f\u0131ms\u0131zl\u0131k-\u00f6zg\u00fcrl\u00fck bayra\u011f\u0131n\u0131 y\u00fckseltmesidir!<br \/>\nBu arada IMF Ba\u015fkan\u0131 Stanley Fischer\u2019in yak\u0131n arkada\u015f\u0131 Hur\u015fit Efendi, \u201cturuncu \u00e7etenin\u201d gizli g\u00fcndemini de bu denli kiriyle ortaya d\u00f6k\u00fcverdi.<br \/>\nBelki TESEV\u2019ci Hur\u015fit Efendi sayesinde TBMM divan\u0131nda yer alan CHP temsilcileri de suskunluklar\u0131n\u0131 y\u0131karlar da y\u00fcreklere umut ve g\u00fc\u00e7 verirler!<\/p>\n<p>17 Eyl\u00fcl 2012&nbsp; Mustafa Y\u0131ld\u0131r\u0131m<\/p>\n<p><strong>26 A\u011eUSTOS KURTKAYASI S\u00dcVAR\u0130LER\u0130<\/strong>&nbsp;&nbsp;Mustafa YILDIRIM<br \/>\nB\u00fcy\u00fck taarruza haz\u0131rlan\u0131lmaktad\u0131r. Mecliste de y\u00fcreklendirici konu\u015fmalar yap\u0131lmas\u0131 kararla\u015ft\u0131r\u0131l\u0131r. Hamdullah Suphi Bey, ulusal kurtulu\u015f sava\u015f\u0131n\u0131 de\u011ferlendirirken \u201cmukaddes cinnet\u201d der. T\u00fcrk\u00e7esi: \u201cKutsal \u00e7\u0131lg\u0131nl\u0131k.\u201d<br \/>\nBa\u015fkumandan Mustafa Kemal, yan\u0131nda oturana k\u0131zg\u0131nl\u0131kla \u201cNe diyor bu?\u201d der ve sesini y\u00fckseltir:<br \/>\n\u201cNe cinneti? Mill\u00ee m\u00fccadele hesap i\u015fidir, hesap!\u201d<br \/>\nDilerseniz bu s\u00f6z\u00fc de T\u00fcrk\u00e7esiyle yazal\u0131m:<br \/>\n\u201cNe \u00e7\u0131lg\u0131nl\u0131\u011f\u0131? Ulusal sava\u015f hesap i\u015fidir hesap!\u201d<\/p>\n<p>Mecliste Mustafa Kemal\u2019in Ba\u015fkumandanl\u0131\u011f\u0131\u2019na kar\u015f\u0131 \u00e7\u0131kanlar da \u00e7oktu. Sava\u015f\u0131n hesaplar\u0131n\u0131 \u00e7\u00f6z\u00fcmleyebilmek i\u00e7in g\u00fcn\u00fcm\u00fcz\u00fcn de\u011fme bilgisayar programlar\u0131 yetmez! Hem i\u00e7erde hem d\u0131\u015far\u0131da s\u00fcrd\u00fcr\u00fclen al\u00e7akl\u0131\u011fa kar\u015f\u0131, Meclisteki sinsi darbecilere kar\u015f\u0131 s\u00fcrd\u00fcr\u00fclen sava\u015f.<\/p>\n<p>Moudros anla\u015fmas\u0131yla ordunun, haberle\u015fmenin (bug\u00fcnk\u00fc Telekom), demiryollar\u0131n\u0131n, yurdun topraklar\u0131n\u0131n ve jandarmas\u0131n\u0131n teslim edilmi\u015ftir. Sava\u015f\u00e7\u0131lara halk deste\u011finin neredeyse yok denecek denli azd\u0131r. Teslimiyet\u00e7ilik ve ihanet \u00f6nde gitmektedir.<\/p>\n<p>Yokluk ve yoksullukta gecelerce ve g\u00fcnd\u00fczlerce akl\u0131n yolundan ayr\u0131lmadan ince ince \u00f6r\u00fclen bir sava\u015ft\u0131r Ba\u011f\u0131ms\u0131zl\u0131k Sava\u015f\u0131.<br \/>\nEn k\u0131sa sava\u015f hatt\u0131nda bile eldeki olanaklar\u0131n ve t\u00fcm ko\u015fullar\u0131n hesap edildi\u011fi; her bir sava\u015f\u00e7\u0131n\u0131n, her bir merminin bile hesapland\u0131\u011f\u0131 sava\u015ft\u0131r.<br \/>\n26 A\u011fustos sabah\u0131na gelince: \u00d6yle \u201cCrazy Turks\u201d birden \u015fahlanm\u0131\u015f da, \u00f6ne at\u0131lm\u0131\u015f de\u011fildir. En k\u00fc\u00e7\u00fck birli\u011fin sald\u0131r\u0131 ya da savunma yeri, say\u0131s\u0131, g\u00f6rev s\u0131n\u0131rlar\u0131 \u00f6nceden belirlenmi\u015ftir.<br \/>\nSava\u015f\u00e7\u0131lar\u0131n say\u0131lar\u0131 azd\u0131r; ama komutanlar\u0131 akl\u0131 ba\u015f\u0131nda, 20-24 ya\u015f\u0131nda gen\u00e7lerdir. En kilit g\u00f6revi, tam zaman\u0131nda yerine getirenlere bir \u00f6rnektir Kocatepe\u2019ye birka\u00e7 Km uzakl\u0131ktaki Kurtkayas\u0131\u2019nda sava\u015fanlar.<\/p>\n<p>KOCATEPE\u2019N\u0130N \u00c7OCUKLARI TAM ZAMANINDA<\/p>\n<p>Bundan tam 11 y\u0131l \u00f6nceydi. Afyon-\u00c7ay-Ak\u015fehir yoluna \u00e7\u0131kt\u0131ktan 3 km sonra sa\u011fa (Bat\u0131) d\u00f6nd\u00fck. D\u00fcz ovada da\u011flara \u00e7\u0131kan yola sapt\u0131k.<br \/>\nBat\u0131ya do\u011fru birbirinin ard\u0131na s\u0131ralanm\u0131\u015f sivri tepeler, vadiler&#8230; Uzaklarda, karl\u0131 zirveleri g\u00f6r\u00fcnen Sultanda\u011f\u0131, \u00f6n\u00fcm\u00fczde, yama\u00e7larda y\u0131lan gibi k\u0131vr\u0131l\u0131p y\u00fckselen yol&#8230;<br \/>\nAfyon \u00e7ok gerilerde. Son d\u00f6nemeci ge\u00e7ince sol yan\u0131m\u0131zda ilgin\u00e7 kayalar: G\u00f6kten yere at\u0131l\u0131p da oturtulmu\u015f ve birbirinin s\u0131rt\u0131na binmi\u015f, birbirlerine bakarak yar\u0131lm\u0131\u015f gibi duran, y\u00fcksek, keskin kenarl\u0131u, dipleri ye\u015fil-mor yosunla kapl\u0131 k\u0131z\u0131l kayalar\u2026<br \/>\nOrtalardaki en b\u00fcy\u00fck kayan\u0131n tepesi t\u0131ra\u015flanm\u0131\u015f gibi d\u00fcz. O d\u00fczl\u00fc\u011fe sonradan konulmu\u015f gibi duran, kal\u0131n levha bi\u00e7iminde bir ba\u015fka kaya&#8230; \u0130\u015fte o kaya uzaktan, yere oturmu\u015f, ba\u015f\u0131n\u0131 g\u00f6\u011fe kald\u0131rm\u0131\u015f, uluyan, kahverengi bir kurda benziyor. Bu nedenledir ki y\u00f6renin insanlar\u0131 o kayal\u0131\u011fa \u201cKurtkayas\u0131\u201d demi\u015fler.<br \/>\nKar\u015f\u0131m\u0131zdaki tepelerin aras\u0131nda, eteklere yerle\u015fmi\u015f, k\u0131rm\u0131z\u0131 kiremitli evleriyle B\u00fcy\u00fckkalecik. Kurtkayas\u0131\u2019n\u0131 y\u00fcz metre ge\u00e7ince solumuzda d\u00fczg\u00fcn duvarl\u0131 \u00fcst \u00fcste yerle\u015fmi\u015f \u00fc\u00e7 teras. Teraslarda al\u00e7ak boylu \u00e7amlar.<br \/>\nYola bakan duvarda \u00fc\u00e7 metreye bir bu\u00e7uk metre boyutlar\u0131nda bir mermer levha. Levhaya yaz\u0131 oyulmu\u015f;&nbsp; 26-27 A\u011fustos 1922\u2019de bo\u011faz\u0131 tutan 2500 ki\u015filik Yunan garnizonunun tel \u00f6rg\u00fclerini par\u00e7alayarak, i\u015fgalcileri bo\u011fazdan Afyon\u2019a do\u011fru s\u00fcren 8. T\u00fcmen, 131 Alay, 36. S\u00fcvari B\u00f6l\u00fc\u011f\u00fcn\u00fcn \u00f6yk\u00fcs\u00fc anlat\u0131yor.<br \/>\nS\u00fcvarilerin g\u00f6revi, 26 A\u011fustos 1922 sabah\u0131 Kurtkayas\u0131\u2019ndaki tel \u00f6rg\u00fclerden B\u00fcy\u00fckkalecik\u2019e do\u011fru yerle\u015fmi\u015f 2.500 ki\u015filik Yunan garnizonuna sald\u0131rmakt\u0131r. \u0130lk top sesinden ne bir dakika ge\u00e7 ne de bir dakika erken sald\u0131rmak!<br \/>\nB\u00f6l\u00fc\u011f\u00fcn komutan\u0131 Bayburtlu \u00dcste\u011fmen (sava\u015f sonras\u0131nda Y\u00fczba\u015f\u0131) Agah Efendidir. Kumandan yard\u0131mc\u0131s\u0131 Te\u011fmen (Sonra \u00dcste\u011fmen) Feyzullah\u2019t\u0131r. B\u00f6l\u00fckte 150 s\u00fcvari vard\u0131r.<br \/>\nKumandan Agah Efendi, Kurtkayas\u0131\u2019ndaki tel \u00f6rg\u00fclere do\u011fru at\u0131l\u0131p ge\u00e7erken vurulmu\u015f; ama kayan\u0131n alt\u0131na ilerlemi\u015f, ince yoldan bo\u011faza y\u00fcr\u00fcd\u00fc ve i\u015fte orada, derenin \u00fcst yan\u0131nda, \u201c\u0130leri!\u201d diye ba\u011f\u0131r\u0131rken aln\u0131ndan vurulup d\u00fc\u015ft\u00fc.<br \/>\nDestek alarak yeniden bo\u011faz\u0131 tutmaya \u00e7al\u0131\u015fan Yunan birli\u011fini ge\u00e7irmemek i\u00e7in 26-27 A\u011fustos gecesi ve izleyen g\u00fcn boyu sava\u015fan s\u00fcvariler, tepelerin yama\u00e7lar\u0131nda, \u00e7al\u0131 diplerinde topra\u011fa d\u00fc\u015ft\u00fcler.<br \/>\n27 A\u011fustos \u00f6\u011fleden sonra yeti\u015fen 131. Alay\u0131n yard\u0131mc\u0131 g\u00fc\u00e7leriyle a\u015fa\u011f\u0131lara s\u00fcr\u00fclen Yunan birli\u011fi Afyon\u2019a do\u011fru kovaland\u0131.<br \/>\nB\u00fcy\u00fckkalecik\u2019ten ko\u015fup gelen ya\u015fl\u0131lar ve kad\u0131nlar, Kumandan Agah Efendi ve onun yard\u0131mc\u0131s\u0131 Feyzullah Efendi ile 100 s\u00fcvariyi o yama\u00e7ta topra\u011fa verdiler.<br \/>\nDaha sonralar\u0131 \u015fehitlerin k\u00fcnyeleri kabirlerinin ba\u015f\u0131na konan ak mermerlere yaz\u0131ld\u0131. \u015eehit s\u00fcvarilerden 16-21 ya\u015f\u0131nda olanlar \u00e7o\u011funluktayd\u0131. K\u0131rkl\u0131 ya\u015flar\u0131nda olanlar da vard\u0131.<br \/>\n\u015eimdi terasta \u00e7amlar\u0131n g\u00f6lgesinde, Karadenizliler, Do\u011fu Anadolular, Halepliler, Egeliler, Akdenizliler, koyun koyuna; \u201cYerel tarih\u201d safsatalar\u0131n\u0131 yalanlarcas\u0131na, bu yurdun moda deyimle \u201cco\u011frafya\u201d de\u011fil, tarihin de ulusal tarih oldu\u011funu kan\u0131tlarcas\u0131na, yan yana, arka arkaya yat\u0131yorlar.<br \/>\nEn \u00fcst terasta, birka\u00e7 basamak merdivenle eri\u015filen, d\u00f6rt direkli, \u00fcstleri mi\u011ffer bi\u00e7imli kemerli, Sel\u00e7uk mimarisinde, g\u00f6\u011fe do\u011fru sivrilen kubbe ve kubbenin \u00fcst\u00fcnde yukar\u0131 a\u00e7\u0131lan k\u00fc\u00e7\u00fck bir ay var. Kubbenin alt\u0131nda, yerde yan yana iki kabir, kabirlerin aras\u0131nda bir direk. Direkte, r\u00fczg\u00e2rda dalgalanan ay y\u0131ld\u0131zl\u0131 bayrak&#8230; Kabirlerin birinin ba\u015f\u0131ndaki mermerde Bayburtlu Ziver O\u011flu Yzb. Agah (24), \u00f6tekinin ba\u015f\u0131ndakinde de Sinoplu Ahmet O\u011flu Feyzullah (22) yaz\u0131lm\u0131\u015f.<\/p>\n<p>KURTKAYASI\u2019NDAN KOCATEPE\u2019YE<\/p>\n<p>B\u00fcy\u00fckkalecik, \u00e7ok eski bir k\u00f6y oldu\u011funu uzun yalakl\u0131, yosun ba\u011flam\u0131\u015f, ta\u015f \u00e7e\u015fmeleriyle anlat\u0131yor. K\u00f6y\u00fcn k\u0131y\u0131s\u0131ndan k\u0131vr\u0131larak y\u00fckselen yolda ilerlerken, solumuzda, k\u0131rk ad\u0131m \u00f6tedeki \u00e7e\u015fmenin yala\u011f\u0131ndan su i\u00e7en kara s\u0131\u011f\u0131rlar\u0131n ba\u015f\u0131nda 13-14 ya\u015flar\u0131ndaki k\u00fc\u00e7\u00fck \u00e7obana sesleniyorum:<br \/>\n\u201cSelam\u00fcnaleyk\u00fcm arkada\u015f! Kocatepe bu yanda m\u0131?\u201d<br \/>\n\u00d6ne do\u011fru iki ad\u0131m atarak ba\u011f\u0131r\u0131yor:<br \/>\n\u201c\u015eu tepelerin aras\u0131ndan \u00e7\u0131k! Sonra yol ayr\u0131ld\u0131\u011f\u0131nda soldakine gir. Kar\u015f\u0131nda, g\u00f6\u011fe do\u011fru Kocatepe!\u201d<br \/>\n\u201cAnla\u015f\u0131lm\u0131\u015ft\u0131r! Sa\u011fol!\u201d<br \/>\nKurtkayas\u0131 ile Kocatepe aras\u0131 6-7 km. Bu \u015fu anlama geliyor. Ba\u015fkumandanl\u0131k\u2019\u0131n zirvedeki karargah\u0131 ile Yunan garnizonunun aras\u0131 da 6-7 kilometreymi\u015f. \u00dcste\u011fmen Agah ve Te\u011fmen Feyzullah Efendilerin komutas\u0131ndaki s\u00fcvarilerin \u00f6l\u00fcm\u00fcne sava\u015fmalar\u0131 i\u015fte bu y\u00fczden.<br \/>\nKocatepe\u2019den bak\u0131nca H\u0131d\u0131rl\u0131k tepesi, Afyon y\u00f6n\u00fcnde de\u011fil. Akar\u00e7ay, uzaklarda Afyon ovas\u0131nda \u00c7ay y\u00f6n\u00fcnde ilerliyor; daha sonra Eber g\u00f6l\u00fcne d\u00f6k\u00fclecek. U\u015fak da\u011flar\u0131 da ufukta se\u00e7iliyor.<br \/>\nDa\u011flar\u0131n arkas\u0131nda g\u00f6r\u00fcnmeyen tek yer \u0130zmir. Akl\u0131nda binbir hesap, Kocatepe\u2019nin sivrisine do\u011fru \u00f6ne e\u011filerek y\u00fcr\u00fcyen Mustafa Kemal, y\u00fcre\u011fiyle g\u00f6r\u00fcyor olmal\u0131yd\u0131 Akdeniz\u2019i.<br \/>\nBuz kapl\u0131yd\u0131 Kocatepe\u2019nin ete\u011fi. B\u00fcy\u00fckkalecik Kasabas\u0131\u2019na inerken, yine \u00e7oban\u0131m\u0131za rastlad\u0131k. I\u015f\u0131lt\u0131l\u0131 \u00e7ak\u0131r g\u00f6zlerini k\u0131sarak seslendi:<br \/>\n\u201cYollarda kar vard\u0131r&#8230;\u201d<br \/>\n\u201cEvet, karl\u0131yd\u0131 yama\u00e7lar. Ad\u0131n nedir?\u201d<br \/>\n\u201cAli Tokdemir!\u201d<br \/>\nKocatepe\u2019ye \u00e7\u0131kamay\u0131\u015f\u0131m\u0131za \u00fcz\u00fcld\u00fc\u011f\u00fcnden mi nedir, ince dudaklar\u0131n\u0131 b\u00fcz\u00fcyor, ka\u015flar\u0131 \u00e7at\u0131l\u0131yor, g\u00fcne\u015f yan\u0131\u011f\u0131 aln\u0131nda iki ince \u00e7izgi beliriyor.&nbsp; Ya\u015f\u0131ndan b\u00fcy\u00fck g\u00f6steren bir gen\u00e7 \u00f6\u011fretmeni gibi:<br \/>\n\u201cKarlar eriyince gel de, ben atlarla seni \u00e7\u0131kar\u0131r\u0131m!\u201d<br \/>\nS\u00f6z dinleyen bir \u00f6\u011frenci gibi \u201cOlur\u201d diyorum, \u201c\u015e\u00f6yle bir iki ad\u0131m git de boydan foto\u011fraf\u0131n\u0131 \u00e7ekeyim!\u201d<br \/>\n\u00c7oban Ali Tokdemir\u2019in g\u00f6zleri \u0131\u015f\u0131ld\u0131yor, dudaklar\u0131 aralan\u0131yor, \u00fc\u00e7 ad\u0131m geriliyor; sol kolunu a\u00e7\u0131yor ve elindeki de\u011fne\u011fi bir m\u0131zrak gibi yere dayay\u0131p, ba\u015f\u0131n\u0131 yukar\u0131 kald\u0131r\u0131yor, g\u00f6\u011fs\u00fc \u00f6ne \u00e7\u0131k\u0131yor. Deklan\u015f\u00f6re bas\u0131yorum.<br \/>\n\u201cSa\u011fol Ali! Sen okuyor musun?\u201d<br \/>\n\u201cBen Kuran kursuna gidiyorum!\u201d<br \/>\n\u201cTamam Ali, baharlardan birinde gelece\u011fim. Senin at\u0131nla Ba\u015fkumandan\u2019\u0131n Kocatepe\u2019sine \u00e7\u0131kaca\u011f\u0131z!\u201d<br \/>\n\u201c\u00c7\u0131kal\u0131m!\u201d<br \/>\nAli\u2019den ayr\u0131l\u0131rken i\u00e7imdeki o bildik eski ses:<br \/>\n\u201c\u015euralarda \u00f6\u011fretmen olmak vard\u0131&#8230;\u201d<br \/>\nAli\u2019nin arkadan gelen sesiyle i\u00e7imdeki hesapla\u015fma kesiliyor:<br \/>\n\u201cYolun a\u00e7\u0131k olsun!\u201d<br \/>\nA\u015fa\u011f\u0131daki \u015fehitlikte yatan 16-20 ya\u015flar\u0131ndaki s\u00fcvarileri selamlarken Ba\u015fkumadan\u2019\u0131n Ba\u011f\u0131ms\u0131zl\u0131k Sava\u015f\u0131n\u0131n bir \u201c\u00e7\u0131lg\u0131nl\u0131k\u201d de\u011fil, ince hesapla kazan\u0131ld\u0131\u011f\u0131n\u0131 hayk\u0131ran sesini duyuyor ve \u201c\u0130yi ki s\u00fcvariler, ak\u0131ll\u0131 ve sab\u0131rl\u0131ym\u0131\u015flar\u201d diye m\u0131r\u0131ldan\u0131yorum.<br \/>\nKocatepe arkalarda kald\u0131. O g\u00fcnlerden bug\u00fcnlere d\u00f6nmek ac\u0131 veriyor; ama bo\u015f umutlarla avunmak yerine daha \u00e7ok \u00e7al\u0131\u015fmak, \u00e7al\u0131\u015fmak!<br \/>\nTela\u015fa gerek yok! Akl\u0131m\u0131z\u0131 kullanaca\u011f\u0131z. Yanl\u0131\u015f yollara sapmadan yabanc\u0131lardan asla medet ummadan, sab\u0131rla y\u00fcr\u00fcyece\u011fiz ve onurlu zaferlere haz\u0131rlanaca\u011f\u0131z!<br \/>\nMustafa YILDIRIM&nbsp;<a href=\"http:\/\/www.guncelmersin.com\/EditorNews.asp?ID=1742\">http:\/\/www.guncelmersin.com\/EditorNews.asp?ID=1742<\/a><\/p>\n<p>15 Eyl\u00fcl 2008 ve 26 A\u011fustos 2012<\/p>\n","protected":false},"excerpt":{"rendered":"<p>HUR\u015e\u0130T G\u00dcNE\u015e TURUNCU \u00c7ETEN\u0130N S\u00d6ZC\u00dcS\u00dc M\u00dc?&nbsp;Mustafa Y\u0131ld\u0131r\u0131m Naci Kaptan imzal\u0131 bir ileti ald\u0131m. Yaln\u0131z bana de\u011fil, \u00e7ok say\u0131da ki\u015fiye g\u00f6nderildi\u011fi anla\u015f\u0131l\u0131yor. \u0130leti \u201cCHP Milletvekili Hur\u015fit G\u00fcne\u015f Ne Yapmak \u0130stiyor?\u201d ba\u015fl\u0131\u011f\u0131yla Y-CHP Genel Ba\u015fkan\u0131\u2019na g\u00f6nderilen bir mektup.&nbsp; Yer darl\u0131\u011f\u0131 nedeniyle baz\u0131 &hellip; <a href=\"https:\/\/www.chpuye.com\/?page_id=2148\">Okumaya devam et <span class=\"meta-nav\">&rarr;<\/span><\/a><\/p>\n","protected":false},"author":1,"featured_media":0,"parent":2099,"menu_order":0,"comment_status":"closed","ping_status":"open","template":"","meta":[],"_links":{"self":[{"href":"https:\/\/www.chpuye.com\/index.php?rest_route=\/wp\/v2\/pages\/2148"}],"collection":[{"href":"https:\/\/www.chpuye.com\/index.php?rest_route=\/wp\/v2\/pages"}],"about":[{"href":"https:\/\/www.chpuye.com\/index.php?rest_route=\/wp\/v2\/types\/page"}],"author":[{"embeddable":true,"href":"https:\/\/www.chpuye.com\/index.php?rest_route=\/wp\/v2\/users\/1"}],"replies":[{"embeddable":true,"href":"https:\/\/www.chpuye.com\/index.php?rest_route=%2Fwp%2Fv2%2Fcomments&post=2148"}],"version-history":[{"count":0,"href":"https:\/\/www.chpuye.com\/index.php?rest_route=\/wp\/v2\/pages\/2148\/revisions"}],"up":[{"embeddable":true,"href":"https:\/\/www.chpuye.com\/index.php?rest_route=\/wp\/v2\/pages\/2099"}],"wp:attachment":[{"href":"https:\/\/www.chpuye.com\/index.php?rest_route=%2Fwp%2Fv2%2Fmedia&parent=2148"}],"curies":[{"name":"wp","href":"https:\/\/api.w.org\/{rel}","templated":true}]}}