{"id":2142,"date":"2014-10-09T21:30:12","date_gmt":"2014-10-09T18:30:12","guid":{"rendered":"http:\/\/www.chpuye.com\/?page_id=2142"},"modified":"2014-10-09T21:30:12","modified_gmt":"2014-10-09T18:30:12","slug":"94-yil-sonra-eskiya-devletlere-tam-ortaklik","status":"publish","type":"page","link":"https:\/\/www.chpuye.com\/?page_id=2142","title":{"rendered":"94 YIL SONRA E\u015eKIYA DEVLETLERE TAM ORTAKLIK"},"content":{"rendered":"<p><strong>94 YIL SONRA E\u015eKIYA DEVLETLERE TAM ORTAKLIK &nbsp;<\/strong>&nbsp;Mustafa Y\u0131ld\u0131r\u0131m<br \/>\nTam 9 y\u0131l \u00f6nce T\u00fcrkleri Irak i\u015fgaline ortak ettikleri yazd\u0131\u011f\u0131m sat\u0131rlar\u0131 de\u011fi\u015ftirmeye gerek yok! Suriye de i\u015fgal ve par\u00e7alanma d\u00f6nemine girdi.&nbsp; Pazarl\u0131klar ve kanl\u0131 \u00e7at\u0131\u015fmalar!.. T\u00fcrkiye\u2019de ABD ile ortakl\u0131k yar\u0131\u015f\u0131na giren AKP ve Atlantik\u00e7i CHP\u2019nin Atlantik\u00e7i Turuncu Cuntas\u0131\u2026<\/p>\n<p>Ekleyecek ne kald\u0131 ki?! Dokuz y\u0131l \u00f6ncesi gelece\u011fimizi de belirliyor. 2003\u2019te yazd\u0131klar\u0131m\u0131 yineliyorum:<\/p>\n<p>\u201c 85 y\u0131l \u00f6nce, \u0130ngiltere, Fransa, \u0130talya, Rusya ve ABD&#8217;den olu\u015fan devletler grubu, yedeklerinde Yunanistan, Pontus ve Ermeni Ta\u015fnak S\u00fctyun cemiyetleri, Al-Ahd ve el Fetat gibi gizli Arap cemiyetleri, H\u00fcseyin bin Ha\u015fimi-Faysal bin H\u00fcseyin bin Ha\u015fimi, Abdullah bin H\u00fcseyin bin Ha\u015fimi kuvvetleri ve Sion-Nili Yahudi \u0131rk\u00e7\u0131lar\u0131 ile Afrika&#8217;ya, Ortado\u011fu&#8217;ya, Do\u011fu Avrupa&#8217;ya, Kafkasya&#8217;ya sald\u0131rm\u0131\u015ft\u0131.<\/p>\n<p>Kafkasya ile T\u00fcrkiye&#8217;nin do\u011fusu Rusya&#8217;ya ve Ermenilere, Karadeniz k\u0131y\u0131lar\u0131 Rusya-Amerika himayesinde Yunana, g\u00fcneydo\u011fusu \u0130ngiltere ve Fransa&#8217;ya, bat\u0131s\u0131 Yunanistan&#8217;a, g\u00fcneyi \u0130talya ve Fransa&#8217;ya verilmi\u015fti.<\/p>\n<p>\u0130ngiltere-Fransa ve ABD aras\u0131ndaki gizli anla\u015fmaya g\u00f6re, Basra-Amara-Ba\u011fdat-Musul ve Siirt&#8217;e dek uzanan topraklar ve Akdeniz k\u0131y\u0131lar\u0131ndan ba\u015flayarak Filistin, \u015eeria \u0131rma\u011f\u0131 do\u011fusundaki (\u015fimdi \u00dcrd\u00fcn) topraklar, \u0130ngiltere&#8217;nin oldu.<\/p>\n<p>N\u00fcfusa oranlar\u0131 % 10&#8217;u ge\u00e7meyen Yahudi g\u00f6\u00e7menlere, Bat\u0131 Avrupa ve ABD deste\u011fiyle, Filistin sonradan ba\u011f\u0131\u015flanacakt\u0131.<\/p>\n<p>Mekkeli Ha\u015fimi s\u00fclalesinin son temsilcisi H\u00fcseyin bin Ha\u015fimi ve o\u011flu Faysal, Suriye\u2019nin, \u00c7ukurova\u2019n\u0131n, Mersin\u2019e dek uzanan k\u0131y\u0131larda b\u00fcy\u00fck Arap devleti kurmak i\u00e7in \u0130ngilizlerle anla\u015fm\u0131\u015flard\u0131; ancak sonunda L\u00fcbnan, \u015eam, Hama, Humus, Halep, Antakya, Adana, Mara\u015f, Antep, Fransa&#8217;n\u0131n oldu.<\/p>\n<p>ABD ise, T\u00fcrkiye&#8217;deki 60 y\u0131ll\u0131k misyoner, kolej, mektep ve imtiyazl\u0131 t\u00fcccarl\u0131k derken, Ermenileri kendi uyru\u011fu yapm\u0131\u015ft\u0131. 85 y\u0131l \u00f6nce T\u00fcrkiye&#8217;nin kuzeydo\u011fusundan ba\u015flayarak Adana&#8217;y\u0131 i\u00e7ine alacak bir Ermeni devleti, ABD&#8217;nin b\u00f6lgedeki ma\u015fas\u0131 olacakt\u0131.<\/p>\n<p>\u0130\u015fgalciler sald\u0131rd\u0131lar. Pakistan&#8217;dan Ke\u015fmir&#8217;den getirilmi\u015f tugaylar, Yahudi g\u00f6\u00e7menlerden olu\u015fmu\u015f bir Yahudi Tugay\u0131, \u0130ngiltere i\u015fgali alt\u0131ndaki Avustralya&#8217;dan, Kanada&#8217;dan getirilen t\u00fcmenler, Arabistan&#8217;daki Ha\u015fimi a\u015firetinin ba\u015f\u0131n\u0131 \u00e7ekti\u011fi baz\u0131 Bedevi a\u015firetleri, \u015eam, Beyrut ve Ba\u011fdat&#8217;ta i\u015fbirlik\u00e7i Arap dernekleri (\u015fimdi onlara sivil toplum \u00f6rg\u00fct\u00fc diyorlar) ile \u0130ngiliz-Amerikan destekli Siyonist Derne\u011fi i\u015fbirli\u011fiyle kurulmu\u015f militan \u00f6rg\u00fctler bulunuyordu.<\/p>\n<p>Osmanl\u0131 Hanedanl\u0131\u011f\u0131\u2019nca Almanlar\u0131n kumandas\u0131na verilmi\u015f olmas\u0131n\u0131n a\u011f\u0131r sonu\u00e7lar\u0131na kar\u015f\u0131n T\u00fcrk ordusu, o zaman\u0131n H\u0131ristiyan-M\u00fcsl\u00fcman i\u015fgal koalisyonuna kar\u015f\u0131 direndi. Basra&#8217;da, Amara&#8217;da, Ba\u011fdat&#8217;ta, Kerk\u00fck&#8217;te, S\u00fcleymaniye&#8217;de, Necef&#8217;te, Musul&#8217;da direndiler. Gazze&#8217;de, t\u00fcm Filistin&#8217;de, Beyrut&#8217;ta, Halep&#8217;te, Antakya&#8217;da direndiler. Aden&#8217;de, Asir&#8217;de, Taif&#8217;te, Mekke&#8217;de, Cidde&#8217;de, Medine&#8217;de, Akabe&#8217;de, Maan&#8217;da, Amman&#8217;da, Lut g\u00f6l\u00fc \u00e7evresinde sava\u015ft\u0131lar.<\/p>\n<p>Ya\u015flar\u0131 16-24 aras\u0131nda, \u00f6\u011fretmenler, t\u0131p \u00f6\u011frencileri, m\u00fchendislik \u00f6\u011frencileri, ziraat mektebi \u00f6\u011frencileri, hukuk, m\u00fclkiye \u00f6\u011frencileri\u2026 Halepli, Hamal\u0131, Edirneli, \u015eumnulu, Serezli, Selanikli, Karsl\u0131, Batmanl\u0131, \u015eirnakl\u0131, Ordulu, Rizeli, \u0130stanbullu, \u0130zmirli gen\u00e7ler, Helen sald\u0131r\u0131lar\u0131ndan, Roma i\u015fgallerinden 1500 y\u0131l ve Bat\u0131 Avrupa&#8217;dan gelen Ha\u00e7l\u0131 sald\u0131r\u0131lar\u0131ndan 1000 y\u0131l sonra yeni i\u015fgale kar\u015f\u0131 sava\u015ft\u0131lar. Y\u00fcz binlercesi \u015fehit, gazi ve esir oldu. Ama sava\u015ft\u0131lar!<\/p>\n<p>Onlar\u0131n aras\u0131ndan sa\u011f ve sa\u011flam kalanlar yurtlar\u0131na d\u00f6n\u00fcp ayn\u0131 i\u015fgalcilere kar\u015f\u0131 sava\u015fmay\u0131 s\u00fcrd\u00fcrd\u00fcler ve emperyalizmi 1922 sonunda pes ettirdiler.<\/p>\n<p>Ortado\u011fu&#8217;nun b\u00fcy\u00fck b\u00f6l\u00fcm\u00fc i\u015fgalcilerin s\u00f6m\u00fcrgesi oldu. Onlarla i\u015fbirli\u011fi yapanlara krall\u0131klar ba\u011f\u0131\u015fland\u0131. Yahudiler ise i\u015fgalcinin kanatlar\u0131 aras\u0131nda Filistin&#8217;e gelip yeni sald\u0131r\u0131lara giri\u015ftiler ve h\u00e2l\u00e2 sald\u0131r\u0131yorlar!<\/p>\n<p>85 y\u0131l sonra, i\u015fgalciye kar\u015f\u0131 sava\u015fm\u0131\u015f o T\u00fcrklerin \u00e7ocuklar\u0131n\u0131 i\u015fgalcinin k\u00fc\u00e7\u00fck orta\u011f\u0131 olarak Basra&#8217;ya, Necef&#8217;e, Amara&#8217;ya, Ba\u011fdat&#8217;a s\u00fcrmeye \u00e7al\u0131\u015ft\u0131lar. Bir yandan i\u015fgalci soygun d\u00fczenini peki\u015ftirecek, bir yandan da i\u015fgalcilerin b\u00fcy\u00fck parasal ve askeri deste\u011fini alan \u0130srail sald\u0131racak! S\u0131rada Suriye, s\u0131rada \u00dcrd\u00fcn, s\u0131rada M\u0131s\u0131r, s\u0131rada \u0130ran, pek yak\u0131nda Azerbaycan, G\u00fcrcistan, Ermenistan ve Hazar&#8217;\u0131n \u00f6tesi s\u00f6m\u00fcrge olacak!<\/p>\n<p>Ve oralarda topra\u011fa d\u00fc\u015fm\u00fc\u015flerin \u00e7ocuklar\u0131, s\u00f6m\u00fcrgecilerin \u00fc\u00e7 bu\u00e7uk dolara kiralanm\u0131\u015f bar\u0131\u015f(!) g\u00fcc\u00fc olacak! S\u00f6m\u00fcrgeciler, 85 y\u0131l \u00f6nce oldu\u011fu gibi, oralarda kukla y\u00f6netimler kuracaklar, Irak&#8217;ta par\u00e7alanm\u0131\u015f din devleti, kukla K\u00fcrt devleti kuracaklar! Ve o topraklara d\u00fc\u015fm\u00fc\u015flerin torunlar\u0131, o kuklalar\u0131n can g\u00fcvenli\u011fini sa\u011flamak \u00fczere, bar\u0131\u015f(!) askeri olacak!<\/p>\n<p>\u0130\u015fte o g\u00fcn tezkereyi onaylamak i\u00e7in TBMM\u2019de kalkan 358 elin ve onlara destek veren Stratejik Ortakl\u0131k askerlerinin yapt\u0131\u011f\u0131 budur!<\/p>\n<p>Hi\u00e7 kimsenin ku\u015fkusu olmas\u0131n; bu hesap tutmayacak!<\/p>\n<p>O zamanlarda da i\u015fgalciye ortak olan naz\u0131rlar, Alman ve \u0130ngiliz sevdal\u0131s\u0131 Erkan-\u0131 Harb zabitleri, Bat\u0131&#8217;dan gelecek krediye tamah eden b\u00fcy\u00fck devlet y\u00f6neticileri ve kumandanlar\u0131 vard\u0131.<\/p>\n<p>O zamanlarda da, devlet par\u00e7alamaya aday i\u015fbirlik\u00e7i Meclisi Mebusan azalar\u0131, merkez devlet kar\u015f\u0131t\u0131 Adem-i Merkeziyet\u00e7i az\u0131nl\u0131k cemiyetleri, patrikhaneler, Arap-K\u00fcrt-\u0130slam cemiyetleri vard\u0131.<\/p>\n<p>Ve bu hesap, 85 y\u0131l \u00f6nce \u0130zmir&#8217;in, Band\u0131rma&#8217;n\u0131n, Trabzon&#8217;un, Mersin&#8217;in mavi sular\u0131nda, \u00c7ukurova&#8217;n\u0131n ye\u015filliklerinde, Kilis&#8217;in, Antep&#8217;in Diyarbak\u0131r&#8217;\u0131n d\u00fczl\u00fcklerinde, Kars&#8217;\u0131n yaylalar\u0131nda g\u00f6r\u00fclm\u00fc\u015ft\u00fc.<\/p>\n<p>Tarih u\u015fakl\u0131\u011f\u0131 ve ma\u015fal\u0131\u011f\u0131 se\u00e7enlerin say\u0131s\u0131n\u0131n hep az oldu\u011funu yazar! \u00d6yle uzun d\u00f6nemler olur ki, o e\u015fk\u0131yalar ve yedekleri kazan\u0131r gibi g\u00f6r\u00fcn\u00fcrler, ama onlar\u0131n hepsi tarihin kirli \u00e7\u00f6pl\u00fc\u011f\u00fcnde yerlerini al\u0131rlar!<\/p>\n<p>\u00c7\u00fcnk\u00fc insanl\u0131k iyiye, g\u00fczele ve karde\u015fli\u011fe y\u00fcr\u00fcmektedir. Bu yolda can verenlerse tarihin \u00e7\u00f6pl\u00fc\u011f\u00fcnde de\u011fil alt\u0131n sayfalar\u0131nda, halk\u0131n t\u00fcrk\u00fclerinde, efsanelerinde onurlu yerlerini al\u0131rlar!<\/p>\n<p>8.10.2003 (M. Y\u0131ld\u0131r\u0131m, Sava\u015fmadan Yenilmek, UDY, 2007 kitab\u0131ndan)<\/p>\n<p>Parti y\u00f6netim,i partinin program ve t\u00fcz\u00fc\u011f\u00fcne uymadan partiyi y\u00f6netmektedir. Yurtta bar\u0131\u015f d\u00fcnyada bar\u0131\u015f\u0131 savunmak, gere\u011fini yapmak CHPli olman\u0131n \u015fart\u0131d\u0131r. Darbeci y\u00f6netim, Libya teskeresine verdi\u011fi destekle sava\u015f politikas\u0131 izlemektedir. Partiye, kurumlar\u0131 PM, kurultaya, il ve ilce \u00f6rg\u00fctlerinin g\u00f6revden al\u0131narak darbe vurulmas\u0131, sava\u015fa kars\u0131 \u00e7\u0131kacak kadrolar\u0131n tasfiyesi de parti i\u00e7indeki sava\u015ft\u0131r. Partinin program ve ilkelerine uymayanlara CHPli denmez.&nbsp; Parti y\u00f6netimi 1918 y\u0131l\u0131n\u0131n i\u015fgale kars\u0131 yap\u0131lan mitingler gibi mitingler yapmayacak.&nbsp; Hak hukuk tan\u0131madan partiyi y\u00f6neten ilkelerine g\u00f6re hareket etmeyen kadrolar\u0131n tamam\u0131 y\u00f6netimden uzakla\u015ft\u0131r\u0131lmadan CHP\u2019nin kurulu\u015f \u00e7izgisine gelmesi zordur. CHP, Gazi Mustafa Kemal Atat\u00fcrk\u2019\u00fcn yolundan gidecek kadrolar taraf\u0131ndan y\u00f6netilmelidir. \u0130\u015fgale kar\u015f\u0131 direnmek, \u00fclkemizin problemlerinin \u00e7\u00f6z\u00fcm\u00fc, T\u00fcrk Milletinin ba\u011f\u0131ms\u0131z \u00f6zg\u00fcr yasamas\u0131 parti ile m\u00fcmk\u00fcnd\u00fcr. CHPlilerin \u00f6ncelikli g\u00f6revi partiyi halk\u0131m\u0131z\u0131n g\u00fcvenini kazanacak hale getirmek olmal\u0131d\u0131r. Parti mutlaka CHPliler taraf\u0131ndan y\u00f6netilmelidir.<\/p>\n<p>Hay\u0131r\u2026Hay\u0131r\u2026diyen bir Mustafa Kemal \u00e7\u0131kmad\u0131<br \/>\n<a href=\"http:\/\/www.chpuye.com\/?page_id=521\">http:\/\/www.chpuye.com\/?page_id=521<\/a><br \/>\nchpuye<\/p>\n<p>AMER\u0130KA -\u0130SRA\u0130L-\u0130RAN-\u0130HVAN ULUSLARA D\u00dc\u015eMAN-MUSTAFA YILDIRIM<br \/>\nYay\u0131lmac\u0131 \u0130srail y\u00f6netimleri neler istemiyor ki:<br \/>\n\u00d6ncelikle ba\u011f\u0131ms\u0131z, birle\u015fik bir Filistin devleti kurulmamal\u0131! \u0130srail\u2019e kom\u015fu ulusal devletler zay\u0131flamal\u0131 ve i\u00e7ten par\u00e7alanmal\u0131!<br \/>\nM\u0131s\u0131r, Tunus, Libya, Suriye, Irak, k\u00f6kten y\u0131k\u0131lmal\u0131!<br \/>\nS\u00f6zde M\u00fcsl\u00fcmanlar,&nbsp; b\u0131rak\u0131n\u0131z \u0130srail\u2019in yay\u0131lmac\u0131l\u0131\u011f\u0131na kar\u015f\u0131 olmay\u0131, \u0130srail devletinin varl\u0131\u011f\u0131n\u0131 bile kabul etmiyorlar. Kutsal kitaptan ayetleri de s\u0131ralayarak Yahudilerin k\u00f6k\u00fcn\u00fc kaz\u0131maya yemin bill\u00e2h ediyorlar.<br \/>\nOrtado\u011fu\u2019da \u0130srail yay\u0131lmac\u0131l\u0131\u011f\u0131na kar\u015f\u0131 koyan devletlerde i\u00e7 isyanlar\u0131 k\u00f6r\u00fckleyenlerin en g\u00fcvenilir yolda\u015f\u0131 k\u00f6ktenci M\u00fcsl\u00fcman \u00f6rg\u00fctleri!<\/p>\n<p>Ortado\u011fu\u2019da \u0130srail egemenli\u011fine kar\u015f\u0131 -bazen do\u011fru bazen yanl\u0131\u015f y\u00f6ntemlerle olsa da \u2013 Filistinlileri destekleyen ulusal devletleri y\u0131kanlar\u0131n ba\u015f\u0131nda da \u0130hvan geliyor.<br \/>\nBa\u011f\u0131ms\u0131zl\u0131\u011f\u0131n\u0131 sava\u015farak kazanm\u0131\u015f M\u0131s\u0131r devletini y\u0131kmak i\u00e7in alanlara d\u00f6k\u00fclenleri y\u00f6nlendiren \u0130hvan\u2019\u0131 e\u015fk\u0131ya devletler (ABD, Bat\u0131 Avrupa) destekliyor.<br \/>\nRehber \u0130mam Ali Hameney, Kum\u2019dan M\u0131s\u0131r ulusal ordusuna sesleniyor ve silahlar\u0131n\u0131 Takrir meydan\u0131nda toplananlara de\u011fil, \u0130srail\u2019e \u00e7evirmesini istiyor.<br \/>\n\u0130srail de, Takrir meydan\u0131nda toplanan isyanc\u0131lar\u0131, Libya ulusal devletini NATO ile birlikte y\u0131kan s\u00f6zde M\u00fcsl\u00fcmanlar\u0131 alk\u0131\u015fl\u0131yor.<\/p>\n<p>S\u0131ra geliyor Suriye\u2019ye ve i\u015fler kar\u0131\u015f\u0131yor. E\u015fk\u0131ya devletler g\u00fcd\u00fcm\u00fcndeki \u0130hvan ve K\u00fcrtler ayaklan\u0131yor, kan d\u00f6k\u00fcyor, k\u0131\u015fk\u0131rt\u0131yor\u2026<br \/>\nNe var ki \u0130ran\u2019\u0131n tiranlar\u0131 bu kez \u0130hvan\u2019\u0131n yan\u0131nda de\u011fil, tam da kar\u015f\u0131s\u0131nda!<br \/>\nB\u00f6ylece din penceresinden bakarak olaylar\u0131 \u015f\u0131ppadanak \u00e7\u00f6zd\u00fcklerini sananlar \u015fa\u015f\u0131r\u0131yor.<br \/>\n\u015ea\u015f\u0131rmalar\u0131 ola\u011fan, M\u0131s\u0131r, Libya ulusal devletlerinin ba\u011f\u0131ms\u0131zl\u0131\u011f\u0131na ve b\u00fct\u00fcnl\u00fc\u011f\u00fcne kar\u015f\u0131 \u0130hvan ve \u0130ngilizci M\u00fcsl\u00fcmanlar \u00fcst\u00fcnden hem e\u015fk\u0131ya devletlerle hem \u0130srail egemenleriyle, hem de \u0130ran tiranlar\u0131yla \u201cm\u00fcttefik\u201d olmu\u015flar!<br \/>\nS\u0131ra Suriye\u2019ye gelince \u015fa\u015fk\u0131nl\u0131ktan d\u00f6n\u00fcp duruyorlar! \u0130hvan ile birlikteler, e\u015fk\u0131ya devletler ve \u0130srail\u2019le ayn\u0131 saftalar; ama \u0130ran\u2019a kar\u015f\u0131lar!<br \/>\n\u015ea\u015fk\u0131nl\u0131\u011fa d\u00fc\u015fmeyen tek y\u00f6netim, T\u00fcrkiye\u2019nin h\u00fck\u00fcmetidir. Tunus\u2019ta, Libya\u2019da, M\u0131s\u0131r\u2019da, Irak\u2019ta ve Suriye\u2019de, NATO m\u00fcttefiklerine kar\u015f\u0131 s\u00f6z\u00fcn\u00fcn eridir! \u0130srail\u2019e kar\u015f\u0131 arada bir \u201chot-zot\u201d ise g\u00f6z boyama gere\u011fidir.<\/p>\n<p>T\u00fcrkiye\u2019de e\u015fk\u0131ya devletlerin piyonlar\u0131, \u0130ran tiranlar\u0131n\u0131n m\u00fcritleri, \u0130ngiliz M\u00fcsl\u00fcmanlar\u0131, ulusal orduyu zay\u0131flatmak, mezhep a\u011fal\u0131klar\u0131na, tarikat \u015firketlerine d\u00f6n\u00fc\u015ft\u00fcrerek T\u00fcrklerin egemenli\u011fini silmek i\u00e7in birlikte u\u011fra\u015f\u0131yorlar!<br \/>\nBa\u011f\u0131ms\u0131z T\u00fcrkiye Cumhuriyeti devletini savunmakla y\u00fck\u00fcml\u00fc san\u0131lan kurucu partiyi ele ge\u00e7iren \u201cTuruncu Darbeciler\u201d de \u201cuzla\u015fma\u201d, \u201chesapla\u015fma\u201d diyerek devletin k\u00f6klerini s\u00f6kmeye \u00e7al\u0131\u015f\u0131yorlar. Arada bir sokak a\u011fz\u0131yla olaylara kar\u015f\u0131 \u00e7\u0131kar gibi yap\u0131yorlar, sonra da \u201cArap Bahar\u0131\u201d diyerek y\u0131k\u0131ma alk\u0131\u015f tutuyorlar!<br \/>\nAnla\u015f\u0131lan odur ki, konu ne din ne de imand\u0131r! Yaln\u0131zca soyguncular\u0131n, Ortado\u011fu ve T\u00fcrkiye \u00fcst\u00fcnde s\u00fcrd\u00fcrd\u00fckleri kanl\u0131 petrol-gaz sava\u015f\u0131d\u0131r!<\/p>\n<p>Bu kanl\u0131 sava\u015fta T\u00fcrklere d\u00fc\u015fen, e\u015fk\u0131yalara, tiranlara ortak olmak de\u011fil, ba\u011f\u0131ms\u0131zl\u0131k ve \u00f6zg\u00fcrl\u00fck sava\u015flar\u0131na \u00f6nc\u00fcl\u00fck etmektir.<br \/>\nNerden ba\u015flanaca\u011f\u0131 da a\u00e7\u0131kt\u0131r: \u00d6ncelikle kurucu partideki e\u015fk\u0131ya devlet piyonlar\u0131 temizlemekle ba\u015flanmal\u0131d\u0131r!<\/p>\n<p>Halk\u0131n sempatik bulaca\u011f\u0131, g\u00f6z boyama ustas\u0131 \u201cyapma-liderler\u201d aramak yerine gelece\u011fimizi, namusumuzu, onurumuzu koruyacak, tarih bilincine sahip; d\u00fcnyay\u0131 do\u011fru anlay\u0131p, do\u011fru ad\u0131mlar atma bilgisine ve yetene\u011fine sahip, a\u00e7\u0131k s\u00f6zl\u00fc \u00f6nderleri \u00f6ne \u00e7\u0131karmak en temel g\u00f6rev de\u011fil midir? 21 Mart 2012 MUSTAFA YILDIRIM<\/p>\n<p>T\u00fcrk\u00e7e cinayetleri yaz\u0131lar\u0131 ve destek i\u00e7in bkz. www.10dakika.tv<\/p>\n","protected":false},"excerpt":{"rendered":"<p>94 YIL SONRA E\u015eKIYA DEVLETLERE TAM ORTAKLIK &nbsp;&nbsp;Mustafa Y\u0131ld\u0131r\u0131m Tam 9 y\u0131l \u00f6nce T\u00fcrkleri Irak i\u015fgaline ortak ettikleri yazd\u0131\u011f\u0131m sat\u0131rlar\u0131 de\u011fi\u015ftirmeye gerek yok! Suriye de i\u015fgal ve par\u00e7alanma d\u00f6nemine girdi.&nbsp; Pazarl\u0131klar ve kanl\u0131 \u00e7at\u0131\u015fmalar!.. T\u00fcrkiye\u2019de ABD ile ortakl\u0131k yar\u0131\u015f\u0131na giren &hellip; <a href=\"https:\/\/www.chpuye.com\/?page_id=2142\">Okumaya devam et <span class=\"meta-nav\">&rarr;<\/span><\/a><\/p>\n","protected":false},"author":1,"featured_media":0,"parent":2099,"menu_order":0,"comment_status":"closed","ping_status":"open","template":"","meta":[],"_links":{"self":[{"href":"https:\/\/www.chpuye.com\/index.php?rest_route=\/wp\/v2\/pages\/2142"}],"collection":[{"href":"https:\/\/www.chpuye.com\/index.php?rest_route=\/wp\/v2\/pages"}],"about":[{"href":"https:\/\/www.chpuye.com\/index.php?rest_route=\/wp\/v2\/types\/page"}],"author":[{"embeddable":true,"href":"https:\/\/www.chpuye.com\/index.php?rest_route=\/wp\/v2\/users\/1"}],"replies":[{"embeddable":true,"href":"https:\/\/www.chpuye.com\/index.php?rest_route=%2Fwp%2Fv2%2Fcomments&post=2142"}],"version-history":[{"count":0,"href":"https:\/\/www.chpuye.com\/index.php?rest_route=\/wp\/v2\/pages\/2142\/revisions"}],"up":[{"embeddable":true,"href":"https:\/\/www.chpuye.com\/index.php?rest_route=\/wp\/v2\/pages\/2099"}],"wp:attachment":[{"href":"https:\/\/www.chpuye.com\/index.php?rest_route=%2Fwp%2Fv2%2Fmedia&parent=2142"}],"curies":[{"name":"wp","href":"https:\/\/api.w.org\/{rel}","templated":true}]}}