{"id":1487,"date":"2013-01-27T23:15:42","date_gmt":"2013-01-27T21:15:42","guid":{"rendered":"http:\/\/www.chpuye.com\/?page_id=1487"},"modified":"2022-07-26T23:42:16","modified_gmt":"2022-07-26T20:42:16","slug":"oneri-kimi-nereyi","status":"publish","type":"page","link":"https:\/\/www.chpuye.com\/?page_id=1487","title":{"rendered":"\u00d6neri Kimi, nereyi"},"content":{"rendered":"<p>Ulusal kurtulu\u015f savas\u0131 sonras\u0131 kurulan cumhuriyetimize sahip \u00e7\u0131kan, T\u00fcrk milletinin \u00e7\u0131karlar\u0131n\u0131 d\u00fc\u015f\u00fcnen milletimizin yarar\u0131na \u00e7al\u0131\u015fmalar yapan, bilgili \u00e7al\u0131\u015fkan insanlar\u0131na sahip \u00e7\u0131kmak onlardan yararlanmak bizler i\u00e7in g\u00f6rev olmal\u0131d\u0131r. G\u00f6r\u00fc\u015flerine yer verdi\u011fimiz. \u00f6nerdigimiz\u00a0ki\u015filerle her konuda ayn\u0131 g\u00f6r\u00fc\u015fte oldu\u011fumuz anlam\u0131 \u00e7\u0131kar\u0131lmamal\u0131.<\/p>\n<p>Bug\u00fcn gazetelerde k\u00f6se yaz\u0131s\u0131 yazanlara \u00e7ok dikkat edilmeli. Herkes her yaz\u0131 sorgulanmal\u0131. <strong>Bunlar 8 do\u011fru \u015feyin yan\u0131na 2 yanl\u0131\u015f bilgiyi koyup okuyucuya yutturmaktad\u0131rlar. Bir\u00e7o\u011fu ilkesiz ve tutars\u0131zd\u0131r<\/strong>. Bask\u0131n\u0131n yasaklanman\u0131n oldu\u011fu \u00fclkemizde \u00d6zg\u00fcr ve ba\u011f\u0131ms\u0131z gazetenin. TV\u2019nin varl\u0131\u011f\u0131n\u0131 s\u00fcrd\u00fcrmesi sordur.<\/p>\n<p>Maalesef bu gazeteler iktidar\u0131n genel politikalar\u0131na kars\u0131 bir haber ve yaz\u0131 g\u00f6remezsiniz. Kimse sava\u015f kar\u015f\u0131t\u0131, AB kar\u015f\u0131t\u0131 haber vermez. Ki\u015filerin bu konularda yar\u0131m a\u011f\u0131zla s\u00f6yleyip yazd\u0131klar\u0131 vard\u0131r.<br \/>\nchpuye.com<br \/>\n<strong>\u00d6neriler: kimi, hangisini, nereyi, neyi\u2026<br \/>\n<\/strong><\/p>\n<p><a title=\"Bekir Co\u015fkun kategorisindeki t\u00fcm yaz\u0131lar\u0131 g\u00f6ster\" href=\"http:\/\/www.ilk-kursun.com\/konu\/cumhuriyet\/bekir-coskun\/\" rel=\"category tag\">Bekir Co\u015fkun<\/a><small>\u00a0<\/small><br \/>\nFaruk\u00a0Haksal\u00a0\u00a0\u00a0 <a href=\"http:\/\/www.soruyusormak.com\/\">www.soruyusormak.com<\/a><br \/>\nMustafa YILDIRIM<br \/>\n<a href=\"https:\/\/www.sozgazetesi.org\/category\/koese-yazarlari\/mustafa-yildirim\/\">https:\/\/www.sozgazetesi.org\/category\/koese-yazarlari\/mustafa-yildirim\/<\/a><\/p>\n<p><a href=\"http:\/\/www.guncelmeydan.com\/pano\/paslasarak-parlamentolarini-kurdular-ya-sonra-mahiye-morgul-t28747.html#p146951\">Mahiye MORG\u00dcL<\/a>\u00a0\u00a0\u00a0\u00a0 <a href=\"http:\/\/www.mahiye.net\/\">www.mahiye.com<\/a><\/p>\n<p><a href=\"http:\/\/www.guncelmeydan.com\/pano\/paslasarak-parlamentolarini-kurdular-ya-sonra-mahiye-morgul-t28747.html#p146951\">https:\/\/www.sozgazetesi.org\/category\/koese-yazarlari\/mahiye-morguel\/<\/a><\/p>\n<p><strong>Sava\u015f S\u00fczal<br \/>\n<\/strong>Y\u0131lmaz Dikba\u015f\u00a0\u00a0\u00a0\u00a0 <a href=\"http:\/\/www.kalinka.com.tr\/\">www.kalinka.com.tr<\/a><br \/>\n<a title=\"Erol Bilbilik kategorisi alt\u0131ndaki t\u00fcm yaz\u0131lar\u0131 g\u00f6ster\" href=\"http:\/\/www.ilk-kursun.com\/konu\/ilk-kursun\/erolbilbilik\">Erol Bilbilik<\/a><br \/>\n<a title=\"Necati Do\u011fru kategorisindeki t\u00fcm yaz\u0131lar\u0131 g\u00f6ster\" href=\"http:\/\/www.ilk-kursun.com\/konu\/sozcu\/necatidogru\" rel=\"category tag\">Necati Do\u011fru<\/a><br \/>\n<a title=\"Arslan Bulut kategorisindeki t\u00fcm yaz\u0131lar\u0131 g\u00f6ster\" href=\"http:\/\/www.ilk-kursun.com\/konu\/yenicag\/arslan-bulut\" rel=\"category tag\">Arslan Bulut<\/a><br \/>\n<a href=\"http:\/\/www.cemilcan.av.tr\/guncel-syf5.htm\">http:\/\/www.cemilcan.av.tr\/guncel-syf5.htm<\/a><br \/>\n<a href=\"http:\/\/www.guncelmersin.com\/\">http:\/\/www.guncelmersin.com\/<\/a><\/p>\n<p>Vural Sava\u015f<br \/>\nProf. DR. Ahmet Taner K\u0131\u015flal\u0131<br \/>\n<strong>Do\u011fan Avc\u0131o\u011flu<\/strong><br \/>\n<strong>U\u011fur Mumcu<\/strong><br \/>\nOktay Sinano\u011flu<br \/>\n<strong>Prof. Dr.\u00a0\u00c7etin Yetkin<br \/>\nProf. Dr. Muammer Aksoy<br \/>\nCavit Orhan T\u00fctengil<br \/>\nBahriye \u00dc\u00e7ok<\/strong><\/p>\n<h1><a href=\"https:\/\/www.nadirkitap.com\/kitapara.php?ara=kitaplari&amp;tip=kitap&amp;yazar=PROF.DR.+HIFZI+VELDET+VEL%DDDEDEO%D0LU\">Prof. Dr. HIFZI VELDET VEL\u0130DEDEO\u011eLU<\/a> S\u00d6YLEV &#8211; nutuk<\/h1>\n<h1><a href=\"https:\/\/www.nadirkitap.com\/kitapara.php?ara=kitaplari&amp;tip=kitap&amp;yazar=PROF.DR.+HIFZI+VELDET+VEL%DDDEDEO%D0LU\">\u00a0<\/a><\/h1>\n<p class=\"a14\">\n","protected":false},"excerpt":{"rendered":"<p>Ulusal kurtulu\u015f savas\u0131 sonras\u0131 kurulan cumhuriyetimize sahip \u00e7\u0131kan, T\u00fcrk milletinin \u00e7\u0131karlar\u0131n\u0131 d\u00fc\u015f\u00fcnen milletimizin yarar\u0131na \u00e7al\u0131\u015fmalar yapan, bilgili \u00e7al\u0131\u015fkan insanlar\u0131na sahip \u00e7\u0131kmak onlardan yararlanmak bizler i\u00e7in g\u00f6rev olmal\u0131d\u0131r. G\u00f6r\u00fc\u015flerine yer verdi\u011fimiz. \u00f6nerdigimiz\u00a0ki\u015filerle her konuda ayn\u0131 g\u00f6r\u00fc\u015fte oldu\u011fumuz anlam\u0131 \u00e7\u0131kar\u0131lmamal\u0131. Bug\u00fcn gazetelerde &hellip; <a href=\"https:\/\/www.chpuye.com\/?page_id=1487\">Okumaya devam et <span class=\"meta-nav\">&rarr;<\/span><\/a><\/p>\n","protected":false},"author":1,"featured_media":0,"parent":0,"menu_order":0,"comment_status":"closed","ping_status":"open","template":"","meta":[],"_links":{"self":[{"href":"https:\/\/www.chpuye.com\/index.php?rest_route=\/wp\/v2\/pages\/1487"}],"collection":[{"href":"https:\/\/www.chpuye.com\/index.php?rest_route=\/wp\/v2\/pages"}],"about":[{"href":"https:\/\/www.chpuye.com\/index.php?rest_route=\/wp\/v2\/types\/page"}],"author":[{"embeddable":true,"href":"https:\/\/www.chpuye.com\/index.php?rest_route=\/wp\/v2\/users\/1"}],"replies":[{"embeddable":true,"href":"https:\/\/www.chpuye.com\/index.php?rest_route=%2Fwp%2Fv2%2Fcomments&post=1487"}],"version-history":[{"count":4,"href":"https:\/\/www.chpuye.com\/index.php?rest_route=\/wp\/v2\/pages\/1487\/revisions"}],"predecessor-version":[{"id":3012,"href":"https:\/\/www.chpuye.com\/index.php?rest_route=\/wp\/v2\/pages\/1487\/revisions\/3012"}],"wp:attachment":[{"href":"https:\/\/www.chpuye.com\/index.php?rest_route=%2Fwp%2Fv2%2Fmedia&parent=1487"}],"curies":[{"name":"wp","href":"https:\/\/api.w.org\/{rel}","templated":true}]}}