{"id":1088,"date":"2012-04-06T20:46:28","date_gmt":"2012-04-06T20:46:28","guid":{"rendered":"http:\/\/www.chpuye.com\/?page_id=1088"},"modified":"2012-04-06T20:46:28","modified_gmt":"2012-04-06T20:46:28","slug":"vicdanli-kapitalizm-yoktur-ucuncu-yol-mumkun","status":"publish","type":"page","link":"https:\/\/www.chpuye.com\/?page_id=1088","title":{"rendered":"\u201cV\u0130CDANLI KAP\u0130TAL\u0130ZM YOKTUR!\u201d \u201c\u00dc\u00c7\u00dcNC\u00dc YOL M\u00dcMK\u00dcN!\u201d*"},"content":{"rendered":"<p>Neydi de\u011fil o \u201ck\u00fcreselle\u015fme\u201dnin kutsand\u0131\u011f\u0131 g\u00fcnleri. Bilgi ve s\u0131cak ilgi \u00e7a\u011f\u0131ndayd\u0131k onlara g\u00f6re. \u00dclke s\u0131n\u0131rlar\u0131 ak-kara, s\u0131cak-so\u011fuk her t\u00fcrl\u00fc paraya a\u00e7\u0131ld\u0131k\u00e7a d\u00fcnya cennete d\u00f6n\u00fc\u015fecek; demokrasi y\u0131ld\u0131z\u0131 evreni ayd\u0131nlatacakt\u0131.<\/p>\n<p>Soldan s\u0131y\u0131rtma ayd\u0131n\u0131ms\u0131lar da bayram \u00e7ocuklar\u0131 gibiydiler; \u201ca\u00e7\u0131l\u0131m\u201ddan yanayd\u0131lar, Art\u0131k emperyalizm falan yoktu, a\u00e7\u0131l\u0131m-sa\u00e7\u0131l\u0131m-saydaml\u0131k \u00e7a\u011f\u0131 ba\u015flad\u0131 diye hoplay\u0131p duruyorlard\u0131.<\/p>\n<p>Baz\u0131lar\u0131 ABD hazinesinden dolarlar\u0131 ald\u0131lar;\u00a0 kendilerine \u201c<strong><em>k\u0131z\u0131l feminsitler<\/em><\/strong>\u201d deyip \u201cAmerikan ba\u015fkan\u0131n\u0131n yan\u0131na t\u00fcnediler. (<em>Bak\u0131n\u0131z Sivil \u00d6r\u00fcmce\u011fin A\u011f\u0131nda, Orta\u011f\u0131n \u00c7ocuklar\u0131, anahtar s\u00f6zc\u00fck Ka-Der.)<\/em><\/p>\n<p>Bu ge\u00e7mi\u015fin s\u00f6zde \u201cdevrimcileri\u201d Stratejik Orta\u011f\u0131n \u00c7ocuklar\u0131yla el ele verdiler; \u00e7\u00f6pl\u00fc\u011f\u00fcn soytar\u0131s\u0131 oldular. Yetinmediler \u015feyhlerin-\u015f\u0131hlar\u0131n mahkemeleri el ge\u00e7irmelerine \u201cG\u00f6n\u00fcl rahatl\u0131\u011f\u0131yla evet!\u201d dediler. Ortado\u011fulu, Kuzey Afrikal\u0131 \u00e7ocuklar\u0131na bulanan Barrak Obama\u2019y\u0131 kurtar\u0131c\u0131 diye tan\u0131tan o sosyalistler(!), sevin\u00e7ten a\u011flad\u0131lar.<\/p>\n<p>O s\u0131ralarda kara vicdanl\u0131 bankerler, petrol-gaz vurguncular\u0131, cennetlerini b\u00fcy\u00fctt\u00fck\u00e7e b\u00fcy\u00fctt\u00fcler. Kahverengi-ye\u015fil vicdanl\u0131 yerliler de i\u00e7 piyasay\u0131 ele ge\u00e7irdiler.<\/p>\n<p>Karanl\u0131k ve kanl\u0131 geli\u015fmeleri, bu yeni kolonicilik d\u00f6nemini \u00f6nce anlamak, sonra sava\u015f\u0131m i\u00e7in kafa yormak gerekiyor; \u00e7\u00fcnk\u00fc \u00e7\u00f6z\u00fcm \u00fcretmezsek yok olup gidece\u011fiz.<\/p>\n<p>\u0130ktisat\u00e7\u0131 Say\u0131n Ufuk S\u00f6ylemez de hi\u00e7 bo\u015f durmuyor; kesintisiz izliyor, inceliyor, d\u00fc\u015f\u00fcn\u00fcyor ve sloganlarla u\u011fra\u015fmak yerine \u201c<strong><em>Ekonomimizi IMF olmadan, ate\u015fi y\u00fcksek bor\u00e7lar almadan da d\u00fczl\u00fc\u011fe \u00e7\u0131karabiliriz<\/em><\/strong>\u201d diyor ve sa\u011flam verilerle somut \u00e7\u00f6z\u00fcmleri s\u0131ral\u0131yor.<\/p>\n<p>Kemal Dervi\u015f\u2019ten medet uman s\u00f6zde halk\u00e7\u0131lar\u0131n yapt\u0131\u011f\u0131 gibi ezbercilik ve taklit\u00e7ilik kolayc\u0131l\u0131\u011f\u0131na ka\u00e7m\u0131yor Say\u0131n S\u00f6ylemez; acil \u00e7\u00f6z\u00fcmleri madde madde s\u0131ral\u0131yor; program\u0131 birlikte geli\u015ftirelim, diyor. 14 maddelik \u00f6neriden baz\u0131lar\u0131:<\/p>\n<p>\u201c<strong><em>S\u0131n\u0131rs\u0131z ve kontrols\u00fcz bir yabanc\u0131la\u015fman\u0131n, t\u00fcm sekt\u00f6rlerde \u00f6n\u00fcn\u00fc a\u00e7an, \u2018B\u0131rak\u0131n\u0131z yaps\u0131nlar, b\u0131rak\u0131n\u0131z ge\u00e7sinler\u2019 \u015feklindeki finansal de-reg\u00fclasyon politikalar\u0131na<\/em><\/strong>\u201d ayar verilmelidir.<\/p>\n<p>\u201c<strong><em>Belli sekt\u00f6rlerde yabanc\u0131 pay\u0131n\u0131n belirlenen oranlar\u0131 a\u015fmamas\u0131 i\u00e7in tarife d\u0131\u015f\u0131 \u00f6nlemlerle birlikte kontrol ve s\u0131n\u0131rlar<\/em><\/strong>\u201d getirilmelidir.<\/p>\n<p>\u201c<strong><em>Ekonomiyi s\u0131cak para cennetine d\u00f6n\u00fc\u015ft\u00fcren, \u00fcretimi ve istihdam\u0131 da yok eden denetimsiz k\u0131sa vadeli spek\u00fclatif yabanc\u0131 sermayeye<\/em>\u201d<\/strong>\u00a0vergi konmal\u0131 ve \u00fclkede kal\u0131\u015f \u201c<strong><em>s\u00fcre ve miktar\u0131na g\u00f6re de\u011fi\u015fen s\u0131cak para vergisi<\/em><\/strong>\u201d al\u0131nmal\u0131d\u0131r.<\/p>\n<p>\u201c<strong><em>\u00d6zelle\u015ftirmede karl\u0131 ve tekel konumundaki kurulu\u015flar\u0131n hara\u00e7-mezat yabanc\u0131lara sat\u0131\u015f\u0131 durdurulmal\u0131<\/em><\/strong>\u201d ve \u201c<strong><em>i\u015f\u00e7ilere kar\u015f\u0131 haks\u0131z uygulamalara son verilmeli<\/em><\/strong>.\u201d<\/p>\n<p>\u201c<strong><em>Do\u011fu ve G\u00fcneydo\u011fu\u2019da i\u015fsizli\u011fi \u00f6nlemek i\u00e7in devletin \u00f6nc\u00fcl\u00fc\u011f\u00fcnde, b\u00f6lge insan\u0131n\u0131n da ortak edilece\u011fi i\u015fletmeler a\u00e7\u0131lmal\u0131, Tar\u0131m Birlikleri yeniden \u00f6rg\u00fctlenmeli.<\/em><\/strong>\u201d<\/p>\n<p>Maliyeden sorumlu Devlet Bakanl\u0131\u011f\u0131 deneyiminden ge\u00e7en, geli\u015fmelerden dersler \u00e7\u0131karan Say\u0131n S\u00f6ylemez, T\u00fcrkiye\u2019nin dolar milyarderi say\u0131s\u0131n\u0131n Japonya, \u0130ngiltere, Fransa, \u0130talya, Kanada, Arabistan\u2019dakilerden \u00e7ok daha y\u00fcksek oldu\u011funu sapt\u0131yor. \u00dcstelik ki\u015fi ba\u015f\u0131na ulusal gelir bu zengin \u00fclkelerdekilerden kat be kat d\u00fc\u015f\u00fck!<\/p>\n<p>\u201c<em>Liberal<\/em>\u201d g\u00f6r\u00fc\u015fl\u00fc diye de nitelenen Say\u0131n S\u00f6ylemez, \u00a0\u201c<strong><em>1 May\u0131s<\/em><\/strong>\u201d \u0131 yaz\u0131yor; \u201c<strong><em>Bu \u00fclkede ne zamangeni\u015f halk kitleleri<\/em><\/strong><em>\u201d<\/em>\u00a0diyor, \u201c<strong><em>demokratik-bar\u0131\u015f\u00e7\u0131 ve vatansever, halktan, emekten yana, ba\u011f\u0131ms\u0131zl\u0131ktan ve \u00fclke \u00e7\u0131karlar\u0131ndan yana, kitlesel hareketler yapsalar, kanla, bask\u0131yla, tertiple, zorbal\u0131kla ve \u015fiddetle bast\u0131r\u0131ld\u0131lar<\/em><\/strong>\u201d diye de ekliyor.<\/p>\n<p>Bir yanda TESEV-TUS\u0130AD-NED-QUANTUM Bankerleri\u2019nin \u00f6r\u00fcmcek a\u011f\u0131na kap\u0131l\u0131p giden, Avrupa\u2019n\u0131n kolonici sosyalistlerine \u201cYolda\u015flar\u0131m!\u201d diye seslenen parti ba\u015fkan\u0131; Ba\u011f\u0131ms\u0131z Cumhuriyet Devleti\u2019ni kuranlar\u0131 katliamc\u0131l\u0131kla karalayan CHP Ba\u015fkan\u0131, \u00f6te yanda yurdun kaynaklar\u0131n\u0131 pe\u015fke\u015f \u00e7ektirmemek i\u00e7in ulusal akl\u0131yla ba\u011f\u0131ms\u0131zl\u0131k i\u00e7in sava\u015fanlar.<\/p>\n<p>Say\u0131n Ufuk S\u00f6ylemez\u2019in \u201c<strong><em>Vicdanl\u0131 Kapitalizm Yoktur<\/em><\/strong>\u201d adl\u0131 kitab\u0131ndan yaralanarak emperyalizme ve i\u00e7erdeki ortaklar\u0131na kar\u015f\u0131 bir acil ekonomik-siyasal eylem plan\u0131 \u00e7\u0131karmak olanakl\u0131d\u0131r.<\/p>\n<p>Kitab\u0131 okuduktan sonra, Say\u0131n Ufuk S\u00f6ylemez, yurdun kentlerini dola\u015fsa, esnafa, sanayiciye, \u00e7ift\u00e7iye, i\u015f\u00e7ilere ve \u00f6zellikle Anadolu gazetecilerine ger\u00e7ekleri ve acil program\u0131n\u0131 anlatsa, \u00e7\u00f6z\u00fcm\u00fc onlarla birlikte geli\u015ftirse, demekten kendimi alamad\u0131m.<em>\u00a0<\/em><em>Ankara, 1 Nisan 2012<\/em><\/p>\n<p><strong><em>(*)<\/em><\/strong><em>\u00a0<\/em><em>Ufuk S\u00f6ylemez, V\u0130CDANLI KAP\u0130TAL\u0130ZM YOKTUR, Ekonomide ve Siyasette \u00dc\u00e7\u00fcnc\u00fc Yol M\u00fcmk\u00fcn<strong>,<\/strong>Destek Yay\u0131nevi, \u0130stanbul, \u015eubat 2012<\/em><\/p>\n<p><em>Not: T\u00fcrklerin T\u00fcrk\u00e7eyi \u00f6ld\u00fcrme giri\u015fimlerine kar\u015f\u0131 sava\u015f\u0131n\u0131z! Yazarlar\u0131, yay\u0131nc\u0131lar\u0131, televizyoncular\u0131, \u00f6\u011fretmenleri uyar\u0131n\u0131z! Konuyla ilgili yaz\u0131lar i\u00e7in bak\u0131n\u0131z:\u00a0<strong><a href=\"http:\/\/www.10dakika.tv\/\" target=\"_blank\" rel=\"noopener\">www.10dakika.tv<\/a><\/strong>\u00a0\u00a0<\/em><\/p>\n","protected":false},"excerpt":{"rendered":"<p>Neydi de\u011fil o \u201ck\u00fcreselle\u015fme\u201dnin kutsand\u0131\u011f\u0131 g\u00fcnleri. Bilgi ve s\u0131cak ilgi \u00e7a\u011f\u0131ndayd\u0131k onlara g\u00f6re. \u00dclke s\u0131n\u0131rlar\u0131 ak-kara, s\u0131cak-so\u011fuk her t\u00fcrl\u00fc paraya a\u00e7\u0131ld\u0131k\u00e7a d\u00fcnya cennete d\u00f6n\u00fc\u015fecek; demokrasi y\u0131ld\u0131z\u0131 evreni ayd\u0131nlatacakt\u0131. Soldan s\u0131y\u0131rtma ayd\u0131n\u0131ms\u0131lar da bayram \u00e7ocuklar\u0131 gibiydiler; \u201ca\u00e7\u0131l\u0131m\u201ddan yanayd\u0131lar, Art\u0131k emperyalizm falan &hellip; <a href=\"https:\/\/www.chpuye.com\/?page_id=1088\">Okumaya devam et <span class=\"meta-nav\">&rarr;<\/span><\/a><\/p>\n","protected":false},"author":1,"featured_media":0,"parent":1072,"menu_order":0,"comment_status":"closed","ping_status":"open","template":"","meta":[],"_links":{"self":[{"href":"https:\/\/www.chpuye.com\/index.php?rest_route=\/wp\/v2\/pages\/1088"}],"collection":[{"href":"https:\/\/www.chpuye.com\/index.php?rest_route=\/wp\/v2\/pages"}],"about":[{"href":"https:\/\/www.chpuye.com\/index.php?rest_route=\/wp\/v2\/types\/page"}],"author":[{"embeddable":true,"href":"https:\/\/www.chpuye.com\/index.php?rest_route=\/wp\/v2\/users\/1"}],"replies":[{"embeddable":true,"href":"https:\/\/www.chpuye.com\/index.php?rest_route=%2Fwp%2Fv2%2Fcomments&post=1088"}],"version-history":[{"count":0,"href":"https:\/\/www.chpuye.com\/index.php?rest_route=\/wp\/v2\/pages\/1088\/revisions"}],"up":[{"embeddable":true,"href":"https:\/\/www.chpuye.com\/index.php?rest_route=\/wp\/v2\/pages\/1072"}],"wp:attachment":[{"href":"https:\/\/www.chpuye.com\/index.php?rest_route=%2Fwp%2Fv2%2Fmedia&parent=1088"}],"curies":[{"name":"wp","href":"https:\/\/api.w.org\/{rel}","templated":true}]}}