{"id":1072,"date":"2012-03-21T11:34:50","date_gmt":"2012-03-21T11:34:50","guid":{"rendered":"http:\/\/www.chpuye.com\/?page_id=1072"},"modified":"2012-03-21T11:34:50","modified_gmt":"2012-03-21T11:34:50","slug":"sinsi-gozboyama-muhalefetciligi-mustafa-yildirim","status":"publish","type":"page","link":"https:\/\/www.chpuye.com\/?page_id=1072","title":{"rendered":"S\u0130NS\u0130 G\u00d6ZBOYAMA MUHALEFET\u00c7\u0130L\u0130\u011e\u0130 MUSTAFA YILDIRIM"},"content":{"rendered":"<p>Sorular\u0131 s\u0131ralamak, k\u0131sa yoldan sonuca ula\u015fman\u0131n yar\u0131s\u0131d\u0131r:<br \/>\nHerhangi bir d\u00f6nemdeki gibi \u00f6zg\u00fcrce yazabiliyor musun?<br \/>\nYurt k\u00f6\u015felerinde ger\u00e7ekleri anlatabiliyor musun?<br \/>\nYurdun gelece\u011fi \u00fcst\u00fcne d\u00fc\u015f\u00fcnce geli\u015ftirebilmek i\u00e7in konferanslar verebilir misin ve a\u00e7\u0131k\u00e7a konu\u015fabilir misiniz?<br \/>\nYurtta\u015flar\u0131n\u0131z\u0131n iyili\u011fine olsun diye yeni bir siyasal \u00f6rg\u00fct \u00e7al\u0131\u015fmalar\u0131 i\u00e7in toplant\u0131lar d\u00fczenleyebilir misiniz?<br \/>\nK\u00f6y, k\u00f6y dola\u015f\u0131p yurt topraklar\u0131n\u0131n yabanc\u0131lara, Ege\u2019de Yunanl\u0131lara, k\u0131y\u0131larda \u0130ngilizlere teslim edildi\u011fini\u2026<br \/>\nK\u00f6y, kasaba dola\u015f\u0131p \u015feker fabrikalar\u0131n\u0131n, S\u00fcmerbank\u2019\u0131n, k\u00e2\u011f\u0131t fabrikalar\u0131n\u0131n, Tekel fabrikalar\u0131n\u0131n kapat\u0131lma nedenlerini\u2026<br \/>\nSiyasette ve iktisadi alanda kendilerine \u201ccemaat\u201d edinen \u015feyhlerin, \u015f\u0131hlar\u0131n patronla\u015ft\u0131\u011f\u0131n\u0131\u2026<br \/>\nYurdun d\u00f6rt bir k\u00f6\u015fesinde yabanc\u0131 e\u015fk\u0131ya devletlerin, yerli i\u015fbirlik\u00e7ileriyle b\u00f6lgemizi kana bulad\u0131\u011f\u0131n\u0131, masum insanlara k\u0131yd\u0131klar\u0131n\u0131\u2026<br \/>\nDaha 90 y\u0131l \u00f6nce savunmak i\u00e7in y\u00fcz binlerce \u015fehit verilen Ortado\u011fu topraklar\u0131n\u0131 bu kez e\u015fk\u0131ya devletlerle ac\u0131ya-kana bo\u011fmak i\u00e7in iktidar\u0131yla-muhalefetiyle \u00e7\u0131rp\u0131nanlar\u0131\u2026\u00a0<br \/>\n\u0130nsanlar\u0131m\u0131z\u0131n dinsel inan\u00e7lar\u0131n\u0131 s\u00f6m\u00fcrerek, onlar\u0131 kutsallar\u0131yla aldatarak yurdumuzu yeni Ha\u00e7l\u0131lara teslim ettiklerini\u2026<br \/>\nK\u00fclt\u00fcrel mozaik diye diye mezhep-\u0131rk ayr\u0131l\u0131klar\u0131n\u0131n y\u00fcceltilerek yurtta\u015flar\u0131n aras\u0131na nifak sokuldu\u011funu\u2026<br \/>\nKendi ba\u011f\u0131ms\u0131z devletlerini \u201cArap bahar\u0131\u201d ve \u201c\u0130slamiyet\u201d diye diye e\u015fk\u0131ya devletlere teslim edenlerin yerlilerle ili\u015fkilerini\u2026<br \/>\nTarafl\u0131 mahkemeler kuruldu\u011funu ve adil olmayan h\u00fck\u00fcmlerle yurtta\u015flar\u0131m\u0131z\u0131 haks\u0131zl\u0131\u011fa u\u011fratan g\u00f6revlilerin adlar\u0131n\u0131, ili\u015fkilerini\u2026<\/p>\n<p>Daha iki y\u0131l \u00f6nce Anayasa de\u011fi\u015ftirilirken halka ger\u00e7ekleri anlatma \u00f6zg\u00fcrl\u00fc\u011f\u00fcn yokken, \u015fimdi T\u00fcrk devletinin temel ta\u015flar\u0131n\u0131 s\u00f6kme i\u015fini kitab\u0131na uydurmak i\u00e7in Anayasay\u0131 bir daha de\u011fi\u015ftirme oyununda fig\u00fcran olanlar\u0131\u2026<br \/>\n\u00d6zellikle az\u0131nl\u0131k milliyet\u00e7ili\u011fiyle yurtta\u015flar\u0131m\u0131z\u0131 e\u015fk\u0131yan\u0131n askeri yapmaya \u00e7al\u0131\u015ft\u0131klar\u0131n\u0131\u2026<br \/>\nGe\u00e7mi\u015fin yaralar\u0131n\u0131 yeniden kanatarak, yurtta\u015flar\u0131n ulusal inan\u00e7lar\u0131n\u0131 y\u0131karak T\u00fcrk devletini zay\u0131flatmaya \u00e7al\u0131\u015fanlar\u0131\u2026<br \/>\nB\u0131rak\u0131n\u0131z a\u00e7\u0131ktan toplant\u0131larda anlatmay\u0131, telefonda bile g\u00f6r\u00fc\u015f al\u0131\u015fveri\u015finde bulunam\u0131yorsan\u0131z\u2026<br \/>\n\u201cYanda\u015f\u201d ve \u201cK\u0131l\u0131\u00e7da\u015f\u201d medyay\u0131 a\u015farak bildi\u011fin ger\u00e7ekleri halka, milletvekillerine, y\u00f6neticilere anlatma \u00f6zg\u00fcrl\u00fc\u011f\u00fcn yoksa\u2026\u00a0<\/p>\n<p>Devletin kurulu\u015f yasalar\u0131n\u0131 iki tarafl\u0131 m\u00fcritler eliyle de\u011fi\u015ftirmek i\u00e7in nerede, kimin i\u00e7in, kimlere yaranmak i\u00e7in \u201cuzla\u015fmaya\u201d \u00e7a\u011f\u0131r\u0131p duruyorsunuz? \u201cTanklar\u0131yla gelseler de\u201d diyorsun! Tank\u0131 b\u0131rak, panzerler y\u0131k\u0131p ge\u00e7ti, sen ar\u015fivlerdesin!<\/p>\n<p>10 Eyl\u00fcl 2010\u2019da devletin k\u00f6kleri kopar\u0131l\u0131rken sokak a\u011fz\u0131 dala\u015f\u0131yla muhalefet eder gibi yapanlar\u0131n federasyona \u00f6rt\u00fcl\u00fc hizmetleri unutulacak m\u0131d\u0131r?\u00a0<\/p>\n<p>Unutulmayacak elbet! Arslan Bulut\u2019un uyar\u0131s\u0131 da, gelece\u011fin yarg\u0131s\u0131n\u0131 \u015fimdiden a\u00e7\u0131kl\u0131yor:<br \/>\n\u201cG\u00f6r\u00fcld\u00fc\u011f\u00fc gibi kamuoyu, 12 Eyl\u00fcl, 28 \u015eubat veya Dersim, Menemen, 31 Mart gibi siyasi manevralarla me\u015fgul edilirken, diren\u00e7 g\u00f6sterenler iftiralarla tutuklanarak susturulmakta, bu arada vatan\u0131n tapusu, Anglo-Amerikan tekellerine teslim edilmekte, bu durumu me\u015frula\u015ft\u0131racak \u2018Yeni Anayasa\u2019 da CHP ve MHP\u2019nin katk\u0131lar\u0131yla haz\u0131rlanmaktad\u0131r!\u00a0<br \/>\nCHP veya MHP milletvekilleri, meseleyi ni\u00e7in bu \u015fekilde g\u00fcndeme getirmiyor? Sopayla engelleyen mi var? Vatan elden giderse bu ucuz muhalefetin ne anlam\u0131 olur?\u201d (Arslan Bulut, \u201cCHP ve MHP\u2019nin ucuz muhalefeti vatan\u0131 kurtar\u0131r m\u0131?\u201d, Yeni\u00e7a\u011f, 13 Mart 2012)<br \/>\nArslan Bulut\u2019un belirtti\u011fi \u201cucuz muhalefet\u201dle \u201csopa\u201d aras\u0131nda ciddi bir ili\u015fki var: Kendi milletvekilini, kendi kurultay\u0131nda d\u00f6vd\u00fcrenlerin, \u201cBeni susturamazs\u0131n\u0131z!\u201d diye ba\u011f\u0131rmas\u0131nda oldu\u011fu gibi!\u00a0<\/p>\n<p>\u00c7a\u011fda\u015fm\u0131\u015f, sosyaldemokratm\u0131\u015f! Cumhuriyet bo\u011fulurken karanl\u0131kta \u0131sl\u0131k \u00e7al\u0131p dur bakal\u0131m sen \u201cgizli sopac\u0131!\u201d 13 Mart 2012<\/p>\n","protected":false},"excerpt":{"rendered":"<p>Sorular\u0131 s\u0131ralamak, k\u0131sa yoldan sonuca ula\u015fman\u0131n yar\u0131s\u0131d\u0131r: Herhangi bir d\u00f6nemdeki gibi \u00f6zg\u00fcrce yazabiliyor musun? Yurt k\u00f6\u015felerinde ger\u00e7ekleri anlatabiliyor musun? Yurdun gelece\u011fi \u00fcst\u00fcne d\u00fc\u015f\u00fcnce geli\u015ftirebilmek i\u00e7in konferanslar verebilir misin ve a\u00e7\u0131k\u00e7a konu\u015fabilir misiniz? Yurtta\u015flar\u0131n\u0131z\u0131n iyili\u011fine olsun diye yeni bir siyasal \u00f6rg\u00fct &hellip; <a href=\"https:\/\/www.chpuye.com\/?page_id=1072\">Okumaya devam et <span class=\"meta-nav\">&rarr;<\/span><\/a><\/p>\n","protected":false},"author":1,"featured_media":0,"parent":90,"menu_order":0,"comment_status":"closed","ping_status":"open","template":"","meta":[],"_links":{"self":[{"href":"https:\/\/www.chpuye.com\/index.php?rest_route=\/wp\/v2\/pages\/1072"}],"collection":[{"href":"https:\/\/www.chpuye.com\/index.php?rest_route=\/wp\/v2\/pages"}],"about":[{"href":"https:\/\/www.chpuye.com\/index.php?rest_route=\/wp\/v2\/types\/page"}],"author":[{"embeddable":true,"href":"https:\/\/www.chpuye.com\/index.php?rest_route=\/wp\/v2\/users\/1"}],"replies":[{"embeddable":true,"href":"https:\/\/www.chpuye.com\/index.php?rest_route=%2Fwp%2Fv2%2Fcomments&post=1072"}],"version-history":[{"count":0,"href":"https:\/\/www.chpuye.com\/index.php?rest_route=\/wp\/v2\/pages\/1072\/revisions"}],"up":[{"embeddable":true,"href":"https:\/\/www.chpuye.com\/index.php?rest_route=\/wp\/v2\/pages\/90"}],"wp:attachment":[{"href":"https:\/\/www.chpuye.com\/index.php?rest_route=%2Fwp%2Fv2%2Fmedia&parent=1072"}],"curies":[{"name":"wp","href":"https:\/\/api.w.org\/{rel}","templated":true}]}}