{"id":103,"date":"2011-03-11T10:41:09","date_gmt":"2011-03-11T10:41:09","guid":{"rendered":"http:\/\/www.chpuye.com\/?page_id=103"},"modified":"2011-03-11T10:41:09","modified_gmt":"2011-03-11T10:41:09","slug":"nasil-katilacagiz","status":"publish","type":"page","link":"https:\/\/www.chpuye.com\/?page_id=103","title":{"rendered":"Nas\u0131l kat\u0131laca\u011f\u0131z"},"content":{"rendered":"<p>Chpuye.com g\u00fcndelik haberlerin yer ald\u0131\u011f\u0131 bir site de\u011fildir. \u00c7<span style=\"color: #ff00ff;\">al\u0131\u015f tay\u0131m\u0131z\u0131 takip ederken bug\u00fcn yeni bir \u015fey yok diye k\u0131zmay\u0131n<\/span>. 3-4 g\u00fcnde bir, haftada bir takip ederek katk\u0131da bulunman\u0131z yeterli olabilir. \u00c7al\u0131\u015ftay\u0131m\u0131z da&nbsp; bilgi, haber ve tart\u0131\u015fmalar yer alacakt\u0131r.<br \/>\n\u00dcyeler&nbsp; \u00fcye olarak, se\u00e7menler \u00fcye olmadan direkt g\u00f6r\u00fc\u015flerini yazabilecek.<br \/>\n\u00dcyeler isim ve soyad\u0131, \u0130l\u00e7esini belirtmeli, daha sonra kullan\u0131c\u0131 ismi kullanarak g\u00f6r\u00fc\u015flerini yazabilirler.<br \/>\n<strong>ILKELER<br \/>\n<\/strong>G\u00f6r\u00fc\u015flerimizi yazarken T\u00fcrkiye Cumhuriyeti kanunlar\u0131n\u0131 dikkate alaca\u011f\u0131z. Partimizi ve y\u00f6neticilerimizi T\u00fcz\u00fc\u011f\u00fcm\u00fcze ve program\u0131na uyarak ele\u015ftiri ve \u00f6nerimizi yapaca\u011f\u0131z.<\/p>\n<p>Esas olan partinin ve ki\u015filerin \u00e7\u0131kar\u0131 de\u011fil \u00fclkenin ve halk\u0131m\u0131z\u0131n \u00e7\u0131karlar\u0131d\u0131r.Tam ba\u011f\u0131ms\u0131z T\u00fcrkiye\u2019den yanay\u0131z<\/p>\n<p>Y\u00f6neticilerimizin program ve t\u00fcz\u00fc\u011fe uyup uymad\u0131klar\u0131n\u0131 takip edece\u011fiz.<\/p>\n<p>\u00dcyeler \u00f6zg\u00fcrce parti hukukuna uyarak ele\u015ftiri ve \u00f6nerilerini ifade edecektir.<\/p>\n<p>T\u00fcrk gelenek ve g\u00f6reneklerine ayk\u0131r\u0131 yaz\u0131lar yay\u0131nlamak; sald\u0131rgan, ba\u015fkalar\u0131n\u0131n ki\u015fisel haklar\u0131n\u0131 zedeleyen, cinsellik i\u00e7eren din, dil, \u0131rk ayr\u0131m\u0131na y\u00f6nelik iletiler g\u00f6ndermek; kaba, kin dolu,yaz\u0131lar yazmak ve bu konularda gere\u00e7ler yay\u0131nlamak, k\u00fcf\u00fcrl\u00fc yaz\u0131\u015fmak, k\u00fc\u00e7\u00fck d\u00fc\u015f\u00fcr\u00fcc\u00fc iletiler g\u00f6ndermek yasakt\u0131r.<\/p>\n<p>Etnik ve mezhepsel&nbsp; ayr\u0131l\u0131klar\u0131 a\u015f\u0131lamak, yurt b\u00fct\u00fcnl\u00fc\u011f\u00fcne tehlike olu\u015fturacak \u015fekilde ilgili farkl\u0131l\u0131klar tart\u0131\u015f\u0131lamaz.<\/p>\n<p>Demokrasi kar\u015f\u0131t\u0131 , Cumhuriyetin temel de\u011ferlerine&nbsp; kars\u0131, hi\u00e7 bir g\u00f6r\u00fc\u015fe yer verilmez.<\/p>\n<p>\u00c7al\u0131\u015ftay da dedikodular, \u00f6ncelikli olmayan sorunlar, yapay g\u00fcndem&nbsp; konular\u0131 konu\u015fulmaz.<\/p>\n<p>\u00c7al\u0131\u015ftay da,ba\u015fka bir site kat\u0131l\u0131mc\u0131s\u0131n\u0131 veya \u00fc\u00e7\u00fcnc\u00fc bir \u015fahs\u0131 veya bir kurumu k\u00fc\u00e7\u00fclt\u00fcc\u00fc veya hakaret edici yaz\u0131lar yaz\u0131lamaz.<\/p>\n<p>Ki\u015fisel sorunlar ve anla\u015fmazl\u0131klar konu\u015fulmaz. ki\u015fisel sald\u0131r\u0131lara izin verilmez.<\/p>\n<p>Hangi \u00e7al\u0131\u015f tayda g\u00f6r\u00fc\u015flerinizi ifade etmek istiyorsan\u0131z ilgili ana ba\u015fl\u0131k alt\u0131nda yazmal\u0131s\u0131n\u0131z.G\u00f6r\u00fc\u015fler olmas\u0131 gereken yerde de\u011filse ilgili yere ta\u015f\u0131nacakt\u0131r.<\/p>\n<p>Kendi g\u00f6r\u00fc\u015flerinizin d\u0131\u015f\u0131nda g\u00f6r\u00fc\u015flerinizi yazarken mutlaka kaynak belirtilecektir..<\/p>\n<p>Kaynak bildirmek \u015fart\u0131 ile ki\u015filer yada kurumlar\u0131n, \u00e7al\u0131\u015f tay\u0131m\u0131za faydal\u0131 olacak g\u00f6r\u00fc\u015flerini&nbsp; yazmak serbesttir.<\/p>\n<p>Yaz\u0131lar\u0131m\u0131z\u0131 kullan\u0131c\u0131 isimler dahil T\u00fcrk\u00e7e yazaca\u011f\u0131z.<br \/>\nYaz\u0131 d\u00fczenini bozdu\u011fu i\u00e7in yaz\u0131lar k\u00fc\u00e7\u00fck harfle yaz\u0131lmal\u0131d\u0131r<br \/>\nYaz\u0131lar\u0131n k\u0131sa ve \u00f6z olmas\u0131na dikkat edilmelidir<\/p>\n<p>Yaz\u0131lar\u0131m\u0131z\u0131 en sade bi\u00e7imde yazaca\u011f\u0131z, Yaz\u0131 d\u00fczenini bozmayacak bi\u00e7imde \u00f6zel&nbsp; olarak vurgulanmas\u0131 gereken yerler renklendirme, kal\u0131nla\u015ft\u0131rma boyutu b\u00fcy\u00fclt\u00fcl\u00fcp k\u00fc\u00e7\u00fclt\u00fclebilir.<\/p>\n<p>\u00c7al\u0131\u015ftay da T\u00fcrk\u00e7e olmayan s\u00f6zc\u00fckler tespit edildi\u011finde&nbsp; bizleri uyararak&nbsp; T\u00fcrk\u00e7e kar\u015f\u0131l\u0131\u011f\u0131n\u0131 da yazarak d\u00fczeltilmesini sa\u011flay\u0131n.<\/p>\n<p>Site y\u00f6neticileri uygun olmayan iletileri silme, d\u00fczenleme, (konular\u0131 yahut iletileri) ta\u015f\u0131ma, konular\u0131 kilitleme ve ileti sahibi \u00fcyeyi uyarma yetkisine sahiptir; itiraz edilemez.<\/p>\n<p>\u00c7al\u0131\u015ftaya&nbsp; \u00fcyeler Makale yazarak ta katk\u0131da bulunabilirler. Zamanlamaya dikkat edilerek&nbsp; yer durumuna g\u00f6re yer verilecektir.K\u0131sa ve \u00f6z olmas\u0131nda yarar vard\u0131r.<\/p>\n<p>\u00c7al\u0131\u015f tay\u0131m\u0131z yeni oldu\u011fu i\u00e7in&nbsp; kurallar&nbsp; de\u011fi\u015febilir. Yeni kurallar&nbsp; ilave edilebilir. De\u011fi\u015ftikten sonra hemen ge\u00e7erli olaca\u011f\u0131 i\u00e7in l\u00fctfen zaman zaman bak\u0131n<\/p>\n<p>Sitemize her \u00fcye olan ki\u015fi bu kurallar\u0131 kabul etmi\u015f say\u0131l\u0131r.<\/p>\n","protected":false},"excerpt":{"rendered":"<p>Chpuye.com g\u00fcndelik haberlerin yer ald\u0131\u011f\u0131 bir site de\u011fildir. \u00c7al\u0131\u015f tay\u0131m\u0131z\u0131 takip ederken bug\u00fcn yeni bir \u015fey yok diye k\u0131zmay\u0131n. 3-4 g\u00fcnde bir, haftada bir takip ederek katk\u0131da bulunman\u0131z yeterli olabilir. \u00c7al\u0131\u015ftay\u0131m\u0131z da&nbsp; bilgi, haber ve tart\u0131\u015fmalar yer alacakt\u0131r. \u00dcyeler&nbsp; \u00fcye &hellip; <a href=\"https:\/\/www.chpuye.com\/?page_id=103\">Okumaya devam et <span class=\"meta-nav\">&rarr;<\/span><\/a><\/p>\n","protected":false},"author":1,"featured_media":0,"parent":0,"menu_order":0,"comment_status":"closed","ping_status":"open","template":"","meta":[],"_links":{"self":[{"href":"https:\/\/www.chpuye.com\/index.php?rest_route=\/wp\/v2\/pages\/103"}],"collection":[{"href":"https:\/\/www.chpuye.com\/index.php?rest_route=\/wp\/v2\/pages"}],"about":[{"href":"https:\/\/www.chpuye.com\/index.php?rest_route=\/wp\/v2\/types\/page"}],"author":[{"embeddable":true,"href":"https:\/\/www.chpuye.com\/index.php?rest_route=\/wp\/v2\/users\/1"}],"replies":[{"embeddable":true,"href":"https:\/\/www.chpuye.com\/index.php?rest_route=%2Fwp%2Fv2%2Fcomments&post=103"}],"version-history":[{"count":0,"href":"https:\/\/www.chpuye.com\/index.php?rest_route=\/wp\/v2\/pages\/103\/revisions"}],"wp:attachment":[{"href":"https:\/\/www.chpuye.com\/index.php?rest_route=%2Fwp%2Fv2%2Fmedia&parent=103"}],"curies":[{"name":"wp","href":"https:\/\/api.w.org\/{rel}","templated":true}]}}